{"id":16007,"date":"2025-04-28T13:57:40","date_gmt":"2025-04-28T13:57:40","guid":{"rendered":"https:\/\/www.sealand.com.mx\/guadalajara\/?page_id=16007"},"modified":"2025-04-29T16:02:36","modified_gmt":"2025-04-29T16:02:36","slug":"promo-ninos","status":"publish","type":"page","link":"https:\/\/www.sealand.com.mx\/guadalajara\/promo-ninos\/","title":{"rendered":"Promo Ni\u00f1os"},"content":{"rendered":"\t\t<div data-elementor-type=\"wp-page\" data-elementor-id=\"16007\" class=\"elementor elementor-16007\" data-elementor-post-type=\"page\">\n\t\t\t\t\t\t<section class=\"elementor-section elementor-top-section elementor-element elementor-element-7cda14b elementor-section-full_width elementor-hidden-mobile elementor-section-height-default elementor-section-height-default\" data-id=\"7cda14b\" data-element_type=\"section\">\n\t\t\t\t\t\t<div class=\"elementor-container elementor-column-gap-no\">\n\t\t\t\t\t<div class=\"elementor-column elementor-col-100 elementor-top-column elementor-element elementor-element-c39fd23\" data-id=\"c39fd23\" data-element_type=\"column\">\n\t\t\t<div class=\"elementor-widget-wrap elementor-element-populated\">\n\t\t\t\t\t\t<div class=\"elementor-element elementor-element-8c899a6 elementor-widget__width-initial elementor-hidden-tablet elementor-hidden-mobile elementor--h-position-center elementor--v-position-middle elementor-arrows-position-inside elementor-pagination-position-inside elementor-widget elementor-widget-slides\" data-id=\"8c899a6\" data-element_type=\"widget\" data-settings=\"{&quot;autoplay_speed&quot;:&quot;4000&quot;,&quot;navigation&quot;:&quot;both&quot;,&quot;autoplay&quot;:&quot;yes&quot;,&quot;pause_on_hover&quot;:&quot;yes&quot;,&quot;pause_on_interaction&quot;:&quot;yes&quot;,&quot;infinite&quot;:&quot;yes&quot;,&quot;transition&quot;:&quot;slide&quot;,&quot;transition_speed&quot;:500}\" data-widget_type=\"slides.default\">\n\t\t\t\t<div class=\"elementor-widget-container\">\n\t\t\t\t\t<div class=\"elementor-swiper\">\n\t\t\t<div class=\"elementor-slides-wrapper elementor-main-swiper swiper\" dir=\"ltr\" data-animation=\"fadeInLeft\">\n\t\t\t\t<div class=\"swiper-wrapper elementor-slides\">\n\t\t\t\t\t\t\t\t\t\t<div class=\"elementor-repeater-item-b69411a swiper-slide\"><div class=\"swiper-slide-bg\" role=\"img\"><\/div><div class=\"swiper-slide-inner\" ><div class=\"swiper-slide-contents\"><\/div><\/div><\/div>\t\t\t\t<\/div>\n\t\t\t\t\t\t\t<\/div>\n\t\t<\/div>\n\t\t\t\t<\/div>\n\t\t\t\t<\/div>\n\t\t\t\t\t<\/div>\n\t\t<\/div>\n\t\t\t\t\t<\/div>\n\t\t<\/section>\n\t\t\t\t<section class=\"elementor-section elementor-top-section elementor-element elementor-element-fb15b93 elementor-section-full_width elementor-section-stretched elementor-hidden-desktop elementor-hidden-laptop elementor-hidden-tablet elementor-section-height-default elementor-section-height-default\" data-id=\"fb15b93\" data-element_type=\"section\" data-settings=\"{&quot;stretch_section&quot;:&quot;section-stretched&quot;}\">\n\t\t\t\t\t\t<div class=\"elementor-container elementor-column-gap-no\">\n\t\t\t\t\t<div class=\"elementor-column elementor-col-100 elementor-top-column elementor-element elementor-element-d470798\" data-id=\"d470798\" data-element_type=\"column\">\n\t\t\t<div class=\"elementor-widget-wrap elementor-element-populated\">\n\t\t\t\t\t\t<div class=\"elementor-element elementor-element-ff674da elementor-pagination-position-inside elementor-hidden-desktop elementor-hidden-tablet elementor-arrows-position-inside elementor-widget elementor-widget-image-carousel\" data-id=\"ff674da\" data-element_type=\"widget\" data-settings=\"{&quot;slides_to_show&quot;:&quot;1&quot;,&quot;navigation&quot;:&quot;both&quot;,&quot;autoplay&quot;:&quot;yes&quot;,&quot;pause_on_hover&quot;:&quot;yes&quot;,&quot;pause_on_interaction&quot;:&quot;yes&quot;,&quot;autoplay_speed&quot;:5000,&quot;infinite&quot;:&quot;yes&quot;,&quot;effect&quot;:&quot;slide&quot;,&quot;speed&quot;:500}\" data-widget_type=\"image-carousel.default\">\n\t\t\t\t<div class=\"elementor-widget-container\">\n\t\t\t\t\t<div class=\"elementor-image-carousel-wrapper swiper\" dir=\"ltr\">\n\t\t\t<div class=\"elementor-image-carousel swiper-wrapper swiper-image-stretch\" aria-live=\"off\">\n\t\t\t\t\t\t\t\t<div class=\"swiper-slide\" role=\"group\" aria-roledescription=\"slide\" aria-label=\"1 de 1\"><figure class=\"swiper-slide-inner\"><img decoding=\"async\" class=\"swiper-slide-image\" src=\"https:\/\/www.sealand.com.mx\/guadalajara\/wp-content\/uploads\/sites\/6\/2025\/04\/GDLMOB-PROMONINOS.jpg\" alt=\"\" \/><\/figure><\/div>\t\t\t<\/div>\n\t\t\t\t\t<\/div>\n\t\t\t\t<\/div>\n\t\t\t\t<\/div>\n\t\t\t\t\t<\/div>\n\t\t<\/div>\n\t\t\t\t\t<\/div>\n\t\t<\/section>\n\t\t<div data-dce-background-hover-color=\"#0538FF\" data-dce-background-overlay-color=\"#071B8B\" data-dce-background-image-url=\"https:\/\/www.sealand.com.mx\/guadalajara\/wp-content\/uploads\/sites\/6\/2025\/04\/FONDO-PROMOCIONES-1.png\" class=\"elementor-element elementor-element-74a75b1 e-con-full e-flex e-con e-parent\" data-id=\"74a75b1\" data-element_type=\"container\" data-settings=\"{&quot;background_background&quot;:&quot;classic&quot;}\">\n\t\t<div class=\"elementor-element elementor-element-ccc4917 e-flex e-con-boxed e-con e-child\" data-id=\"ccc4917\" data-element_type=\"container\">\n\t\t\t\t\t<div class=\"e-con-inner\">\n\t\t<div class=\"elementor-element elementor-element-beb6c40 e-con-full e-flex e-con e-child\" data-id=\"beb6c40\" data-element_type=\"container\">\n\t\t\t\t<div class=\"elementor-element elementor-element-7278140 elementor-widget elementor-widget-heading\" data-id=\"7278140\" data-element_type=\"widget\" data-widget_type=\"heading.default\">\n\t\t\t\t<div class=\"elementor-widget-container\">\n\t\t\t<h2 class=\"elementor-heading-title elementor-size-default\"><B>\u00a1Celebra el D\u00eda del Ni\u00f1o en Sealand!<\/B> <\/h2>\t\t<\/div>\n\t\t\t\t<\/div>\n\t\t\t\t<div class=\"elementor-element elementor-element-7b27836 elementor-widget elementor-widget-heading\" data-id=\"7b27836\" data-element_type=\"widget\" data-widget_type=\"heading.default\">\n\t\t\t\t<div class=\"elementor-widget-container\">\n\t\t\t<h2 class=\"elementor-heading-title elementor-size-default\"><B> Un Regalo especial bajo el mar\u2026<BR> \n\u00a1Solo este 30 de abril!<\/B> <\/h2>\t\t<\/div>\n\t\t\t\t<\/div>\n\t\t\t\t<div class=\"elementor-element elementor-element-b374997 elementor-widget elementor-widget-text-editor\" data-id=\"b374997\" data-element_type=\"widget\" data-widget_type=\"text-editor.default\">\n\t\t\t\t<div class=\"elementor-widget-container\">\n\t\t\t\t\t\t\t<p>Este D\u00eda del Ni\u00f1o, en Sealand queremos festejar a lo grande a quienes viven la aventura con m\u00e1s imaginaci\u00f3n:<br \/>Todos los ni\u00f1os entran GRATIS por cada adulto con boleto pagado.<\/p><p><span style=\"color: #ffcc00;\"><strong>Prep\u00e1rate para un recorrido lleno de emoci\u00f3n, aprendizaje y descubrimiento donde podr\u00e1n<\/strong>:<\/span><\/p><ul><li>Ver tiburones cara a cara<\/li><li>Conocer a los adorables ping\u00fcinos<\/li><li>Descubrir ajolotes, rayas y muchas especies m\u00e1s<\/li><li>Jugar con nieve real en Snow Play<\/li><li>Deslizarse por la rampa helada Cold Quest<\/li><\/ul><p><span style=\"color: #ffcc00;\"><strong>\u00bfQu\u00e9 incluye esta promoci\u00f3n?<\/strong><\/span><\/p><ul><li><strong>Entrada a la Expedici\u00f3n General<\/strong><\/li><li><strong>Acceso a las salas de exhibici\u00f3n marinas y terrestres<\/strong><\/li><li><strong>\u00a0Zona de nieve\u00a0 Snow Play<\/strong><\/li><li><strong>Rampa de hielo\u00a0 Cold Quest<\/strong><\/li><\/ul><p>\u00a0<\/p><p>\ud83d\udcc5<strong> V\u00e1lido solo el 30 de abril<\/strong><\/p><p>\ud83d\udccd \u00a1En Sealand Guadalajara, dentro de <strong>Galer\u00edas Santa Anita<\/strong>!<\/p>\t\t\t\t\t\t<\/div>\n\t\t\t\t<\/div>\n\t\t\t\t<\/div>\n\t\t<div class=\"elementor-element elementor-element-5533153 e-con-full e-flex e-con e-child\" data-id=\"5533153\" data-element_type=\"container\">\n\t\t\t\t<div class=\"elementor-element elementor-element-ca15625 elementor-arrows-position-inside elementor-pagination-position-outside elementor-widget elementor-widget-image-carousel\" data-id=\"ca15625\" data-element_type=\"widget\" data-settings=\"{&quot;slides_to_show&quot;:&quot;1&quot;,&quot;navigation&quot;:&quot;both&quot;,&quot;autoplay&quot;:&quot;yes&quot;,&quot;pause_on_hover&quot;:&quot;yes&quot;,&quot;pause_on_interaction&quot;:&quot;yes&quot;,&quot;autoplay_speed&quot;:5000,&quot;infinite&quot;:&quot;yes&quot;,&quot;effect&quot;:&quot;slide&quot;,&quot;speed&quot;:500}\" data-widget_type=\"image-carousel.default\">\n\t\t\t\t<div class=\"elementor-widget-container\">\n\t\t\t\t\t<div class=\"elementor-image-carousel-wrapper swiper\" dir=\"ltr\">\n\t\t\t<div class=\"elementor-image-carousel swiper-wrapper swiper-image-stretch\" aria-live=\"off\">\n\t\t\t\t\t\t\t\t<div class=\"swiper-slide\" role=\"group\" aria-roledescription=\"slide\" aria-label=\"1 de 5\"><figure class=\"swiper-slide-inner\"><img decoding=\"async\" class=\"swiper-slide-image\" src=\"https:\/\/www.sealand.com.mx\/guadalajara\/wp-content\/uploads\/sites\/6\/2025\/04\/SL-GDL-3X2-GALLERY03.jpg\" alt=\"\" \/><\/figure><\/div><div class=\"swiper-slide\" role=\"group\" aria-roledescription=\"slide\" aria-label=\"2 de 5\"><figure class=\"swiper-slide-inner\"><img decoding=\"async\" class=\"swiper-slide-image\" src=\"https:\/\/www.sealand.com.mx\/guadalajara\/wp-content\/uploads\/sites\/6\/2025\/04\/SL-GDL-3X2-GALLERY04.jpg\" alt=\"\" \/><\/figure><\/div><div class=\"swiper-slide\" role=\"group\" aria-roledescription=\"slide\" aria-label=\"3 de 5\"><figure class=\"swiper-slide-inner\"><img decoding=\"async\" class=\"swiper-slide-image\" src=\"https:\/\/www.sealand.com.mx\/guadalajara\/wp-content\/uploads\/sites\/6\/2025\/04\/SL-GDL-3X2-GALLERY02.jpg\" alt=\"\" \/><\/figure><\/div><div class=\"swiper-slide\" role=\"group\" aria-roledescription=\"slide\" aria-label=\"4 de 5\"><figure class=\"swiper-slide-inner\"><img decoding=\"async\" class=\"swiper-slide-image\" src=\"https:\/\/www.sealand.com.mx\/guadalajara\/wp-content\/uploads\/sites\/6\/2025\/04\/SL-GDL-3X2-GALLERY05.jpg\" alt=\"\" \/><\/figure><\/div><div class=\"swiper-slide\" role=\"group\" aria-roledescription=\"slide\" aria-label=\"5 de 5\"><figure class=\"swiper-slide-inner\"><img decoding=\"async\" class=\"swiper-slide-image\" src=\"https:\/\/www.sealand.com.mx\/guadalajara\/wp-content\/uploads\/sites\/6\/2025\/04\/SL-GDL-3X2-GALLERY01.jpg\" alt=\"\" \/><\/figure><\/div>\t\t\t<\/div>\n\t\t\t\t\t\t\t\t\t\t\t\t<div class=\"elementor-swiper-button elementor-swiper-button-prev\" role=\"button\" tabindex=\"0\">\n\t\t\t\t\t\t<i aria-hidden=\"true\" class=\"eicon-chevron-left\"><\/i>\t\t\t\t\t<\/div>\n\t\t\t\t\t<div class=\"elementor-swiper-button elementor-swiper-button-next\" role=\"button\" tabindex=\"0\">\n\t\t\t\t\t\t<i aria-hidden=\"true\" class=\"eicon-chevron-right\"><\/i>\t\t\t\t\t<\/div>\n\t\t\t\t\n\t\t\t\t\t\t\t\t\t<div class=\"swiper-pagination\"><\/div>\n\t\t\t\t\t\t\t\t\t<\/div>\n\t\t\t\t<\/div>\n\t\t\t\t<\/div>\n\t\t\t\t<\/div>\n\t\t\t\t\t<\/div>\n\t\t\t\t<\/div>\n\t\t<div data-dce-background-color=\"#0F084E\" class=\"elementor-element elementor-element-a69b927 e-flex e-con-boxed e-con e-child\" data-id=\"a69b927\" data-element_type=\"container\" data-settings=\"{&quot;background_background&quot;:&quot;classic&quot;}\">\n\t\t\t\t\t<div class=\"e-con-inner\">\n\t\t<div class=\"elementor-element elementor-element-024212d e-con-full e-flex e-con e-child\" data-id=\"024212d\" data-element_type=\"container\">\n\t\t\t\t<div class=\"elementor-element elementor-element-af2c1e1 elementor-widget elementor-widget-heading\" data-id=\"af2c1e1\" data-element_type=\"widget\" data-widget_type=\"heading.default\">\n\t\t\t\t<div class=\"elementor-widget-container\">\n\t\t\t<h2 class=\"elementor-heading-title elementor-size-default\">Compra en preventa exclusiva el 28 y 29 de abril del 2025, para redimir el 30 de abril del 2025.<\/h2>\t\t<\/div>\n\t\t\t\t<\/div>\n\t\t\t\t<div class=\"elementor-element elementor-element-0d9e668 elementor-widget elementor-widget-heading\" data-id=\"0d9e668\" data-element_type=\"widget\" data-widget_type=\"heading.default\">\n\t\t\t\t<div class=\"elementor-widget-container\">\n\t\t\t<h2 class=\"elementor-heading-title elementor-size-default\">Importante: Las dos personas seleccionadas en la promoci\u00f3n corresponden a un adulto y un menor de hasta 12 a\u00f1os<\/h2>\t\t<\/div>\n\t\t\t\t<\/div>\n\t\t\t\t<div class=\"elementor-element elementor-element-c0a263e elementor-widget elementor-widget-html\" data-id=\"c0a263e\" data-element_type=\"widget\" data-widget_type=\"html.default\">\n\t\t\t\t<div class=\"elementor-widget-container\">\n\t\t\t<div class=\"row w-100 \">\n<div class=\"container \">\n<div class=\"col-sm-12 col-md-12 col-lg-12 plugin-selvamagica pb-2 pt-5 style=margin-top: 80px\">\n    <div id=\"vmg-plugin-load\"><\/div>\n<div id=\"vmgplugin-area-booking_full\" data-area=\"booking_full\" class=\"vmgplugin-area vmgplugin-booking_full \">\n    <input type=\"hidden\" id=\"funcion_booking_full\" data-name=\"funcion\" class=\"vmgplugin-parameter funcion\" value=\"booking_full\">\n<input type=\"hidden\" id=\"type_booking_full\" data-name=\"type\" class=\"vmgplugin-parameter type\" value=\"booking\">\n<input type=\"hidden\" id=\"promocode_booking_full\" data-name=\"promocode\" class=\"vmgplugin-parameter promocode\" value=\"KIDS2x1\">\n<input type=\"hidden\" id=\"locacion_id_booking_full\" data-name=\"locacion_id\" class=\"vmgplugin-parameter locacion_id\" value=\"22\">\n<input type=\"hidden\" id=\"vendedor_id_booking_full\" data-name=\"vendedor_id\" class=\"vmgplugin-parameter vendedor_id\" value=\"11713\">\n<input type=\"hidden\" id=\"pax_max_booking_full\" data-name=\"pax_max\" class=\"vmgplugin-parameter pax_max\" value=\"10\">\n<input type=\"hidden\" id=\"producto_id_booking_full\" data-name=\"producto_id\" class=\"vmgplugin-parameter producto_id\" value=\"1115\">\n<input type=\"hidden\" id=\"set_moneda_id_booking_full\" data-name=\"set_moneda_id\" class=\"vmgplugin-parameter set_moneda_id\" value=\"2\">\n<input type=\"hidden\" id=\"mostrar_insuficientes_booking_full\" data-name=\"mostrar_insuficientes\" class=\"vmgplugin-parameter mostrar_insuficientes\" value=\"5\">\n<input type=\"hidden\" id=\"user_language_booking_full\" data-name=\"user_language\" class=\"vmgplugin-parameter user_language\" value=\"es\">\n<\/div>\n    <div id=\"vmgplugin-html-booking_full\" >\n        \n         <div class=\"row\">\n             <div class=\"col-12 d-flex justify-content-center align-items-center\">\n                 <div class=\"vmg-loader\"><\/div> \n             <\/div>\n         <\/div>\n    <\/div>\n<\/div>\n<\/div>\n<\/div>\t\t<\/div>\n\t\t\t\t<\/div>\n\t\t\t\t<\/div>\n\t\t\t\t\t<\/div>\n\t\t\t\t<\/div>\n\t\t<div class=\"elementor-element elementor-element-1607c65 e-flex e-con-boxed e-con e-child\" data-id=\"1607c65\" data-element_type=\"container\">\n\t\t\t\t\t<div class=\"e-con-inner\">\n\t\t\t\t<div class=\"elementor-element elementor-element-7c805bf elementor-widget elementor-widget-accordion\" data-id=\"7c805bf\" data-element_type=\"widget\" data-widget_type=\"accordion.default\">\n\t\t\t\t<div class=\"elementor-widget-container\">\n\t\t\t\t\t<div class=\"elementor-accordion\">\n\t\t\t\t\t\t\t<div class=\"elementor-accordion-item\">\n\t\t\t\t\t<div id=\"elementor-tab-title-1301\" class=\"elementor-tab-title\" data-tab=\"1\" role=\"button\" aria-controls=\"elementor-tab-content-1301\" aria-expanded=\"false\">\n\t\t\t\t\t\t\t\t\t\t\t\t\t<span class=\"elementor-accordion-icon elementor-accordion-icon-left\" aria-hidden=\"true\">\n\t\t\t\t\t\t\t\t\t\t\t\t\t\t\t<span class=\"elementor-accordion-icon-closed\"><i class=\"fas fa-plus\"><\/i><\/span>\n\t\t\t\t\t\t\t\t<span class=\"elementor-accordion-icon-opened\"><i class=\"fas fa-minus\"><\/i><\/span>\n\t\t\t\t\t\t\t\t\t\t\t\t\t\t<\/span>\n\t\t\t\t\t\t\t\t\t\t\t\t<a class=\"elementor-accordion-title\" tabindex=\"0\">T\u00c9RMINOS Y CONDICIONES<\/a>\n\t\t\t\t\t<\/div>\n\t\t\t\t\t<div id=\"elementor-tab-content-1301\" class=\"elementor-tab-content elementor-clearfix\" data-tab=\"1\" role=\"region\" aria-labelledby=\"elementor-tab-title-1301\"><ul><li>Vigencia del 28 al 30 de abril del 2025.<\/li><li>V\u00e1lido en compra web usando el codigo KIDS2x1<\/li><li><strong>Importante: Las dos personas seleccionadas en la promoci\u00f3n corresponden a un adulto y un menor de hasta 12 a\u00f1os.<\/strong><\/li><li>Adultos pagan Expedici\u00f3n General al costo de $269 mxn, ni\u00f1os $0 mxn<\/li><li>V\u00e1lido edades de 3 a 12 a\u00f1os cumplidos.<\/li><li>V\u00e1lido \u00fanicamente en Expedici\u00f3n General.<\/li><li><span style=\"color: #ffff00;\"><strong>Indispensable presentar CURP o identificaci\u00f3n oficial que avale la edad del menor de 12 a\u00f1os.<\/strong><\/span><\/li><li>NO acumulable con otras promociones y\/o descuentos.<\/li><li>\u00a0En la compra de 1 entrada en Expedici\u00f3n General recibe 1 expedici\u00f3n General sin costo para un menor de hasta 12 a\u00f1os.<\/li><\/ul><\/div>\n\t\t\t\t<\/div>\n\t\t\t\t\t\t\t\t<\/div>\n\t\t\t\t<\/div>\n\t\t\t\t<\/div>\n\t\t\t\t\t<\/div>\n\t\t\t\t<\/div>\n\t\t\t\t<\/div>\n\t\t\t\t<\/div>\n\t\t","protected":false},"excerpt":{"rendered":"<p>\u00a1Celebra el D\u00eda del Ni\u00f1o en Sealand! Un Regalo especial bajo el mar\u2026 \u00a1Solo este 30 de abril! Este D\u00eda del Ni\u00f1o, en Sealand queremos festejar a lo grande a quienes viven la aventura con m\u00e1s imaginaci\u00f3n:Todos los ni\u00f1os entran GRATIS por cada adulto con boleto pagado. Prep\u00e1rate para un recorrido lleno de emoci\u00f3n, aprendizaje [&hellip;]<\/p>\n","protected":false},"author":17,"featured_media":0,"parent":0,"menu_order":0,"comment_status":"closed","ping_status":"closed","template":"elementor_header_footer","meta":{"rank_math_lock_modified_date":false,"footnotes":""},"_links":{"self":[{"href":"https:\/\/www.sealand.com.mx\/guadalajara\/wp-json\/wp\/v2\/pages\/16007"}],"collection":[{"href":"https:\/\/www.sealand.com.mx\/guadalajara\/wp-json\/wp\/v2\/pages"}],"about":[{"href":"https:\/\/www.sealand.com.mx\/guadalajara\/wp-json\/wp\/v2\/types\/page"}],"author":[{"embeddable":true,"href":"https:\/\/www.sealand.com.mx\/guadalajara\/wp-json\/wp\/v2\/users\/17"}],"replies":[{"embeddable":true,"href":"https:\/\/www.sealand.com.mx\/guadalajara\/wp-json\/wp\/v2\/comments?post=16007"}],"version-history":[{"count":47,"href":"https:\/\/www.sealand.com.mx\/guadalajara\/wp-json\/wp\/v2\/pages\/16007\/revisions"}],"predecessor-version":[{"id":16090,"href":"https:\/\/www.sealand.com.mx\/guadalajara\/wp-json\/wp\/v2\/pages\/16007\/revisions\/16090"}],"wp:attachment":[{"href":"https:\/\/www.sealand.com.mx\/guadalajara\/wp-json\/wp\/v2\/media?parent=16007"}],"curies":[{"name":"wp","href":"https:\/\/api.w.org\/{rel}","templated":true}]}}