{"id":1699,"date":"2022-08-20T18:57:48","date_gmt":"2022-08-20T18:57:48","guid":{"rendered":"https:\/\/www.sealand.com.mx\/guadalajara\/?page_id=1699"},"modified":"2022-08-20T19:02:02","modified_gmt":"2022-08-20T19:02:02","slug":"marketing","status":"publish","type":"page","link":"https:\/\/www.sealand.com.mx\/guadalajara\/marketing\/","title":{"rendered":"marketing"},"content":{"rendered":"\t\t<div data-elementor-type=\"wp-page\" data-elementor-id=\"1699\" class=\"elementor elementor-1699\" data-elementor-post-type=\"page\">\n\t\t\t\t\t\t<section class=\"elementor-section elementor-top-section elementor-element elementor-element-59ff697 elementor-section-boxed elementor-section-height-default elementor-section-height-default\" data-id=\"59ff697\" data-element_type=\"section\">\n\t\t\t\t\t\t<div class=\"elementor-container elementor-column-gap-default\">\n\t\t\t\t\t<div class=\"elementor-column elementor-col-100 elementor-top-column elementor-element elementor-element-5759c2c\" data-id=\"5759c2c\" data-element_type=\"column\">\n\t\t\t<div class=\"elementor-widget-wrap elementor-element-populated\">\n\t\t\t\t\t\t<div class=\"elementor-element elementor-element-06d421f elementor--h-position-center elementor--v-position-middle elementor-arrows-position-inside elementor-pagination-position-inside elementor-widget elementor-widget-slides\" data-id=\"06d421f\" data-element_type=\"widget\" data-settings=\"{&quot;navigation&quot;:&quot;both&quot;,&quot;autoplay&quot;:&quot;yes&quot;,&quot;pause_on_hover&quot;:&quot;yes&quot;,&quot;pause_on_interaction&quot;:&quot;yes&quot;,&quot;autoplay_speed&quot;:5000,&quot;infinite&quot;:&quot;yes&quot;,&quot;transition&quot;:&quot;slide&quot;,&quot;transition_speed&quot;:500}\" data-widget_type=\"slides.default\">\n\t\t\t\t<div class=\"elementor-widget-container\">\n\t\t\t\t\t<div class=\"elementor-swiper\">\n\t\t\t<div class=\"elementor-slides-wrapper elementor-main-swiper swiper\" dir=\"ltr\" data-animation=\"fadeInUp\">\n\t\t\t\t<div class=\"swiper-wrapper elementor-slides\">\n\t\t\t\t\t\t\t\t\t\t<div class=\"elementor-repeater-item-a86d9f7 swiper-slide\"><div class=\"swiper-slide-bg\" role=\"img\"><\/div><div class=\"swiper-slide-inner\" ><div class=\"swiper-slide-contents\"><\/div><\/div><\/div>\t\t\t\t<\/div>\n\t\t\t\t\t\t\t<\/div>\n\t\t<\/div>\n\t\t\t\t<\/div>\n\t\t\t\t<\/div>\n\t\t\t\t\t<\/div>\n\t\t<\/div>\n\t\t\t\t\t<\/div>\n\t\t<\/section>\n\t\t\t\t<section class=\"elementor-section elementor-top-section elementor-element elementor-element-0e72393 elementor-section-boxed elementor-section-height-default elementor-section-height-default\" data-id=\"0e72393\" data-element_type=\"section\">\n\t\t\t\t\t\t<div class=\"elementor-container elementor-column-gap-default\">\n\t\t\t\t\t<div class=\"elementor-column elementor-col-100 elementor-top-column elementor-element elementor-element-972b7e2\" data-id=\"972b7e2\" data-element_type=\"column\">\n\t\t\t<div class=\"elementor-widget-wrap elementor-element-populated\">\n\t\t\t\t\t\t<div class=\"elementor-element elementor-element-035e104 elementor-widget elementor-widget-heading\" data-id=\"035e104\" data-element_type=\"widget\" data-widget_type=\"heading.default\">\n\t\t\t\t<div class=\"elementor-widget-container\">\n\t\t\t<h2 class=\"elementor-heading-title elementor-size-default\">\u00a1Canj\u00e9a tu expedici\u00f3n hacia Sealand!<\/h2>\t\t<\/div>\n\t\t\t\t<\/div>\n\t\t\t\t\t<\/div>\n\t\t<\/div>\n\t\t\t\t\t<\/div>\n\t\t<\/section>\n\t\t\t\t<section class=\"elementor-section elementor-top-section elementor-element elementor-element-ac8b98b elementor-section-boxed elementor-section-height-default elementor-section-height-default\" data-id=\"ac8b98b\" data-element_type=\"section\">\n\t\t\t\t\t\t<div class=\"elementor-container elementor-column-gap-default\">\n\t\t\t\t\t<div class=\"elementor-column elementor-col-100 elementor-top-column elementor-element elementor-element-fdf11f6\" data-id=\"fdf11f6\" data-element_type=\"column\">\n\t\t\t<div class=\"elementor-widget-wrap elementor-element-populated\">\n\t\t\t\t\t\t<div class=\"elementor-element elementor-element-65fc9ba elementor-widget elementor-widget-text-editor\" data-id=\"65fc9ba\" data-element_type=\"widget\" data-widget_type=\"text-editor.default\">\n\t\t\t\t<div class=\"elementor-widget-container\">\n\t\t\t\t\t\t\t<div><p>Solo tienes que:<\/p><\/div><ol><li>Ingresar tus datos y c\u00f3digo de cortes\u00eda.<\/li><li>Selecciona \u201cCanjear c\u00f3digo\u201d y recibe tus boletos por correo electr\u00f3nico.<\/li><li>Pres\u00e9ntalos desde tu celular en el acceso.<\/li><\/ol>\t\t\t\t\t\t<\/div>\n\t\t\t\t<\/div>\n\t\t\t\t<div class=\"elementor-element elementor-element-45a0634 elementor-widget elementor-widget-html\" data-id=\"45a0634\" data-element_type=\"widget\" data-widget_type=\"html.default\">\n\t\t\t\t<div class=\"elementor-widget-container\">\n\t\t\t<div id=\"vmg-plugin-load\"><\/div>\n<div id=\"vmgplugin-area-codeexchange\" data-area=\"codeexchange\" class=\"vmgplugin-area vmgplugin-codeexchange \">\n    <input type=\"hidden\" id=\"funcion_codeexchange\" data-name=\"funcion\" class=\"vmgplugin-parameter funcion\" value=\"codeexchange\">\n<input type=\"hidden\" id=\"type_codeexchange\" data-name=\"type\" class=\"vmgplugin-parameter type\" value=\"booking\">\n<input type=\"hidden\" id=\"user_language_codeexchange\" data-name=\"user_language\" class=\"vmgplugin-parameter user_language\" value=\"es\">\n<\/div>\n    <div id=\"vmgplugin-html-codeexchange\" >\n        \n         <div class=\"row\">\n             <div class=\"col-12 d-flex justify-content-center align-items-center\">\n                 <div class=\"vmg-loader\"><\/div> \n             <\/div>\n         <\/div>\n    <\/div>\n<style>\n    .row {\n    display: flex;\n    flex-wrap: wrap;\n    margin-right: -15px;\n    margin-left: -15px;\n}\n.btn-primary{\ntext-shadow: 0px 0px 10px rgb(0 0 0 \/ 30%) !important;\n    fill: #FFFFFF !important;\n    color: #FFFFFF !important;\n    background-color: #FD7E14 !important;\n    border-radius: 20px 20px 20px 20px !important;\n    box-shadow: 0px 3px 4px 0px rgb(0 0 0 \/ 12%) !important;\n        font-size: 18px;\n    border-radius: 5px;\n}\n\n.form-control, .wpcf7 .wpcf7-validation-errors, .wpcf7 input[type=text], .wpcf7 input[type=search], .wpcf7 input[type=url], .wpcf7 input[type=tel], .wpcf7 input[type=number], .wpcf7 input[type=range], .wpcf7 input[type=date], .wpcf7 input[type=month], .wpcf7 input[type=week], .wpcf7 input[type=time], .wpcf7 input[type=datetime], .wpcf7 input[type=datetime-local], .wpcf7 input[type=color], .wpcf7 input[type=email], .wpcf7 input[type=file], .wpcf7 input[type=submit], .wpcf7 select, .wpcf7 textarea {\n    display: block;\n    width: 100%;\n    height: calc(1.5em + 0.75rem + 2px);\n    padding: .375rem .75rem;\n    font-size: 1rem;\n    font-weight: 400;\n    line-height: 1.5;\n    color: #495057;\n    background-color: #fff;\n    background-clip: padding-box;\n    border: 1px solid #ced4da;\n    border-radius: .25rem;\n    transition: border-color .15s ease-in-out,box-shadow .15s ease-in-out;\n}\n.p-1 {\n    padding: .25rem !important;\n}\n.col-12 {\n    flex: 0 0 100%;\n    max-width: 100%;\n}\n<\/style>\t\t<\/div>\n\t\t\t\t<\/div>\n\t\t\t\t\t<\/div>\n\t\t<\/div>\n\t\t\t\t\t<\/div>\n\t\t<\/section>\n\t\t\t\t<section class=\"elementor-section elementor-top-section elementor-element elementor-element-2717624 elementor-section-boxed elementor-section-height-default elementor-section-height-default\" data-id=\"2717624\" data-element_type=\"section\">\n\t\t\t\t\t\t<div class=\"elementor-container elementor-column-gap-default\">\n\t\t\t\t\t<div class=\"elementor-column elementor-col-100 elementor-top-column elementor-element elementor-element-62e0a65\" data-id=\"62e0a65\" data-element_type=\"column\">\n\t\t\t<div class=\"elementor-widget-wrap elementor-element-populated\">\n\t\t\t\t\t\t<div class=\"elementor-element elementor-element-ca6acd2 elementor-widget elementor-widget-text-editor\" data-id=\"ca6acd2\" data-element_type=\"widget\" data-widget_type=\"text-editor.default\">\n\t\t\t\t<div class=\"elementor-widget-container\">\n\t\t\t\t\t\t\t<p><strong>*Si tus boletos no se muestran en la bandeja de entrada, revisa la carpeta de &#8220;no deseados&#8221; o &#8220;spam&#8221; de tu correo electr\u00f3nico.<\/strong><\/p>\t\t\t\t\t\t<\/div>\n\t\t\t\t<\/div>\n\t\t\t\t\t<\/div>\n\t\t<\/div>\n\t\t\t\t\t<\/div>\n\t\t<\/section>\n\t\t\t\t<section class=\"elementor-section elementor-top-section elementor-element elementor-element-073eae4 elementor-section-boxed elementor-section-height-default elementor-section-height-default\" data-id=\"073eae4\" data-element_type=\"section\">\n\t\t\t\t\t\t<div class=\"elementor-container elementor-column-gap-default\">\n\t\t\t\t\t<div class=\"elementor-column elementor-col-100 elementor-top-column elementor-element elementor-element-d507b61\" data-id=\"d507b61\" data-element_type=\"column\">\n\t\t\t<div class=\"elementor-widget-wrap elementor-element-populated\">\n\t\t\t\t\t\t<div class=\"elementor-element elementor-element-93c38f2 elementor-widget elementor-widget-text-editor\" data-id=\"93c38f2\" data-element_type=\"widget\" data-widget_type=\"text-editor.default\">\n\t\t\t\t<div class=\"elementor-widget-container\">\n\t\t\t\t\t\t\t<p><strong>Importante:<\/strong><\/p><p>Tu expedici\u00f3n general incluye exhibici\u00f3n de especies, touching pools, Abismo Kraken (Tobog\u00e1n), V\u00e9rtigo (Puentes Colgantes), Cold Quest (Rampa de nieve), Snow Play, Ac\u00fasticos Rapa Nui<\/p>\t\t\t\t\t\t<\/div>\n\t\t\t\t<\/div>\n\t\t\t\t\t<\/div>\n\t\t<\/div>\n\t\t\t\t\t<\/div>\n\t\t<\/section>\n\t\t\t\t<\/div>\n\t\t","protected":false},"excerpt":{"rendered":"<p>\u00a1Canj\u00e9a tu expedici\u00f3n hacia Sealand! Solo tienes que: Ingresar tus datos y c\u00f3digo de cortes\u00eda. Selecciona \u201cCanjear c\u00f3digo\u201d y recibe tus boletos por correo electr\u00f3nico. Pres\u00e9ntalos desde tu celular en el acceso. *Si tus boletos no se muestran en la bandeja de entrada, revisa la carpeta de &#8220;no deseados&#8221; o &#8220;spam&#8221; de tu correo electr\u00f3nico. [&hellip;]<\/p>\n","protected":false},"author":2,"featured_media":0,"parent":0,"menu_order":0,"comment_status":"closed","ping_status":"closed","template":"page-full.php","meta":{"rank_math_lock_modified_date":false,"footnotes":""},"_links":{"self":[{"href":"https:\/\/www.sealand.com.mx\/guadalajara\/wp-json\/wp\/v2\/pages\/1699"}],"collection":[{"href":"https:\/\/www.sealand.com.mx\/guadalajara\/wp-json\/wp\/v2\/pages"}],"about":[{"href":"https:\/\/www.sealand.com.mx\/guadalajara\/wp-json\/wp\/v2\/types\/page"}],"author":[{"embeddable":true,"href":"https:\/\/www.sealand.com.mx\/guadalajara\/wp-json\/wp\/v2\/users\/2"}],"replies":[{"embeddable":true,"href":"https:\/\/www.sealand.com.mx\/guadalajara\/wp-json\/wp\/v2\/comments?post=1699"}],"version-history":[{"count":34,"href":"https:\/\/www.sealand.com.mx\/guadalajara\/wp-json\/wp\/v2\/pages\/1699\/revisions"}],"predecessor-version":[{"id":1763,"href":"https:\/\/www.sealand.com.mx\/guadalajara\/wp-json\/wp\/v2\/pages\/1699\/revisions\/1763"}],"wp:attachment":[{"href":"https:\/\/www.sealand.com.mx\/guadalajara\/wp-json\/wp\/v2\/media?parent=1699"}],"curies":[{"name":"wp","href":"https:\/\/api.w.org\/{rel}","templated":true}]}}