{"id":4461,"date":"2023-04-03T21:49:09","date_gmt":"2023-04-03T21:49:09","guid":{"rendered":"https:\/\/www.sealand.com.mx\/guadalajara\/?page_id=4461"},"modified":"2024-10-24T22:59:13","modified_gmt":"2024-10-24T22:59:13","slug":"expedicion-vip-interaccion-con-pinguinos","status":"publish","type":"page","link":"https:\/\/www.sealand.com.mx\/guadalajara\/expedicion-vip-interaccion-con-pinguinos\/","title":{"rendered":"Producto Encuentro con Pinguinos"},"content":{"rendered":"\t\t<div data-elementor-type=\"wp-page\" data-elementor-id=\"4461\" class=\"elementor elementor-4461\" data-elementor-post-type=\"page\">\n\t\t\t\t\t\t<section class=\"elementor-section elementor-top-section elementor-element elementor-element-9eb1d64 elementor-section-full_width elementor-section-stretched elementor-hidden-mobile elementor-section-height-default elementor-section-height-default\" data-id=\"9eb1d64\" data-element_type=\"section\" data-settings=\"{&quot;stretch_section&quot;:&quot;section-stretched&quot;}\">\n\t\t\t\t\t\t<div class=\"elementor-container elementor-column-gap-no\">\n\t\t\t\t\t<div class=\"elementor-column elementor-col-100 elementor-top-column elementor-element elementor-element-e18497f\" data-id=\"e18497f\" data-element_type=\"column\">\n\t\t\t<div class=\"elementor-widget-wrap elementor-element-populated\">\n\t\t\t\t\t\t<div class=\"elementor-element elementor-element-a58561d elementor-pagination-position-inside elementor-arrows-position-inside elementor-widget elementor-widget-image-carousel\" data-id=\"a58561d\" data-element_type=\"widget\" data-settings=\"{&quot;slides_to_show&quot;:&quot;1&quot;,&quot;navigation&quot;:&quot;both&quot;,&quot;autoplay&quot;:&quot;yes&quot;,&quot;pause_on_hover&quot;:&quot;yes&quot;,&quot;pause_on_interaction&quot;:&quot;yes&quot;,&quot;autoplay_speed&quot;:5000,&quot;infinite&quot;:&quot;yes&quot;,&quot;effect&quot;:&quot;slide&quot;,&quot;speed&quot;:500}\" data-widget_type=\"image-carousel.default\">\n\t\t\t\t<div class=\"elementor-widget-container\">\n\t\t\t\t\t<div class=\"elementor-image-carousel-wrapper swiper\" dir=\"ltr\">\n\t\t\t<div class=\"elementor-image-carousel swiper-wrapper swiper-image-stretch\" aria-live=\"off\">\n\t\t\t\t\t\t\t\t<div class=\"swiper-slide\" role=\"group\" aria-roledescription=\"slide\" aria-label=\"1 de 1\"><figure class=\"swiper-slide-inner\"><img decoding=\"async\" class=\"swiper-slide-image\" src=\"https:\/\/www.sealand.com.mx\/guadalajara\/wp-content\/uploads\/sites\/6\/2023\/08\/EXPEDICION-VIP-PINGUINOS-2.jpg\" alt=\"\" \/><\/figure><\/div>\t\t\t<\/div>\n\t\t\t\t\t<\/div>\n\t\t\t\t<\/div>\n\t\t\t\t<\/div>\n\t\t\t\t\t<\/div>\n\t\t<\/div>\n\t\t\t\t\t<\/div>\n\t\t<\/section>\n\t\t\t\t<section class=\"elementor-section elementor-top-section elementor-element elementor-element-8a956eb elementor-section-full_width elementor-section-stretched elementor-section-height-default elementor-section-height-default\" data-id=\"8a956eb\" data-element_type=\"section\" data-settings=\"{&quot;stretch_section&quot;:&quot;section-stretched&quot;}\">\n\t\t\t\t\t\t<div class=\"elementor-container elementor-column-gap-no\">\n\t\t\t\t\t<div class=\"elementor-column elementor-col-100 elementor-top-column elementor-element elementor-element-d44c0fa\" data-id=\"d44c0fa\" data-element_type=\"column\">\n\t\t\t<div class=\"elementor-widget-wrap elementor-element-populated\">\n\t\t\t\t\t\t<div class=\"elementor-element elementor-element-af090be elementor-pagination-position-inside elementor-hidden-desktop elementor-hidden-tablet elementor-hidden-laptop elementor-arrows-position-inside elementor-widget elementor-widget-image-carousel\" data-id=\"af090be\" data-element_type=\"widget\" data-settings=\"{&quot;slides_to_show&quot;:&quot;1&quot;,&quot;navigation&quot;:&quot;both&quot;,&quot;autoplay&quot;:&quot;yes&quot;,&quot;pause_on_hover&quot;:&quot;yes&quot;,&quot;pause_on_interaction&quot;:&quot;yes&quot;,&quot;autoplay_speed&quot;:5000,&quot;infinite&quot;:&quot;yes&quot;,&quot;effect&quot;:&quot;slide&quot;,&quot;speed&quot;:500}\" data-widget_type=\"image-carousel.default\">\n\t\t\t\t<div class=\"elementor-widget-container\">\n\t\t\t\t\t<div class=\"elementor-image-carousel-wrapper swiper\" dir=\"ltr\">\n\t\t\t<div class=\"elementor-image-carousel swiper-wrapper swiper-image-stretch\" aria-live=\"off\">\n\t\t\t\t\t\t\t\t<div class=\"swiper-slide\" role=\"group\" aria-roledescription=\"slide\" aria-label=\"1 de 1\"><figure class=\"swiper-slide-inner\"><img decoding=\"async\" class=\"swiper-slide-image\" src=\"https:\/\/www.sealand.com.mx\/guadalajara\/wp-content\/uploads\/sites\/6\/2023\/08\/EXP-VIP-PINGUINOS-MOVIL-2.jpg\" alt=\"\" \/><\/figure><\/div>\t\t\t<\/div>\n\t\t\t\t\t<\/div>\n\t\t\t\t<\/div>\n\t\t\t\t<\/div>\n\t\t\t\t\t<\/div>\n\t\t<\/div>\n\t\t\t\t\t<\/div>\n\t\t<\/section>\n\t\t\t\t<section data-dce-background-image-url=\"https:\/\/www.sealand.com.mx\/guadalajara\/wp-content\/uploads\/2023\/03\/FONDO-SINGLE-PRODUCTO-1-1.png\" class=\"elementor-section elementor-top-section elementor-element elementor-element-8b1ff33 elementor-section-full_width elementor-section-height-default elementor-section-height-default\" data-id=\"8b1ff33\" data-element_type=\"section\" data-settings=\"{&quot;background_background&quot;:&quot;classic&quot;}\">\n\t\t\t\t\t\t<div class=\"elementor-container elementor-column-gap-no\">\n\t\t\t\t\t<div class=\"elementor-column elementor-col-100 elementor-top-column elementor-element elementor-element-c3c2831\" data-id=\"c3c2831\" data-element_type=\"column\">\n\t\t\t<div class=\"elementor-widget-wrap elementor-element-populated\">\n\t\t\t\t\t\t<div class=\"elementor-element elementor-element-a044829 elementor-widget elementor-widget-shortcode\" data-id=\"a044829\" data-element_type=\"widget\" data-widget_type=\"shortcode.default\">\n\t\t\t\t<div class=\"elementor-widget-container\">\n\t\t\t\t\t<div class=\"elementor-shortcode\">\t\t<div data-elementor-type=\"page\" data-elementor-id=\"12752\" class=\"elementor elementor-12752\" data-elementor-post-type=\"elementor_library\">\n\t\t\t\t\t\t<section data-dce-background-color=\"#1549E000\" class=\"elementor-section elementor-top-section elementor-element elementor-element-2e5c8545 elementor-section-boxed elementor-section-height-default elementor-section-height-default\" data-id=\"2e5c8545\" data-element_type=\"section\" data-settings=\"{&quot;background_background&quot;:&quot;classic&quot;}\">\n\t\t\t\t\t\t<div class=\"elementor-container elementor-column-gap-default\">\n\t\t\t\t\t<div class=\"elementor-column elementor-col-50 elementor-top-column elementor-element elementor-element-66bfc605\" data-id=\"66bfc605\" data-element_type=\"column\">\n\t\t\t<div class=\"elementor-widget-wrap elementor-element-populated\">\n\t\t\t\t<div class=\"elementor-element elementor-element-568ac1ea e-flex e-con-boxed e-con e-child\" data-id=\"568ac1ea\" data-element_type=\"container\">\n\t\t\t\t\t<div class=\"e-con-inner\">\n\t\t\t\t<div class=\"elementor-element elementor-element-145991e4 elementor-widget elementor-widget-spacer\" data-id=\"145991e4\" data-element_type=\"widget\" data-widget_type=\"spacer.default\">\n\t\t\t\t<div class=\"elementor-widget-container\">\n\t\t\t\t\t<div class=\"elementor-spacer\">\n\t\t\t<div class=\"elementor-spacer-inner\"><\/div>\n\t\t<\/div>\n\t\t\t\t<\/div>\n\t\t\t\t<\/div>\n\t\t\t\t<div class=\"elementor-element elementor-element-1668e6a0 elementor-widget elementor-widget-heading\" data-id=\"1668e6a0\" data-element_type=\"widget\" data-widget_type=\"heading.default\">\n\t\t\t\t<div class=\"elementor-widget-container\">\n\t\t\t<h1 class=\"elementor-heading-title elementor-size-default\">\u00a1VIVE LA MAGIA DEL \u00c1RTICO! <\/h1>\t\t<\/div>\n\t\t\t\t<\/div>\n\t\t\t\t<div class=\"elementor-element elementor-element-5ff17019 elementor-widget elementor-widget-heading\" data-id=\"5ff17019\" data-element_type=\"widget\" data-widget_type=\"heading.default\">\n\t\t\t\t<div class=\"elementor-widget-container\">\n\t\t\t<h2 class=\"elementor-heading-title elementor-size-default\">Interact\u00faa con Ping\u00fcinos en Sealand Guadalajara<\/h2>\t\t<\/div>\n\t\t\t\t<\/div>\n\t\t\t\t<div class=\"elementor-element elementor-element-66382121 elementor-widget elementor-widget-text-editor\" data-id=\"66382121\" data-element_type=\"widget\" data-widget_type=\"text-editor.default\">\n\t\t\t\t<div class=\"elementor-widget-container\">\n\t\t\t\t\t\t\tSi eres un amante de los ping\u00fcinos y te apasiona la naturaleza, no puedes perderte la oportunidad de vivir una experiencia incre\u00edble en <a href=\"https:\/\/www.sealand.com.mx\/guadalajara\/\"<b style=\"color: #ffff\"><strong>Sealand Guadalajara,<\/strong><\/a> donde tendr\u00e1s la oportunidad de interactuar con estos fascinantes animales de una forma inolvidable.\n\nPodr\u00e1s tocarlos, jugar con ellos y conocer de cerca su comportamiento. Pero la aventura no termina ah\u00ed, ya que adem\u00e1s de la <strong>interacci\u00f3n con los ping\u00fcinos,<\/strong> nuestro paquete incluye una <strong>Expedici\u00f3n VIP<\/strong> donde explorar\u00e1s los rincones m\u00e1s sorprendentes de Sealand Guadalajara.\n\nEn definitiva, si quieres vivir una experiencia inolvidable y \u00fanica en la vida, no puedes dejar pasar esta oportunidad.\t\t\t\t\t\t<\/div>\n\t\t\t\t<\/div>\n\t\t\t\t<div class=\"elementor-element elementor-element-138dcd03 elementor-widget elementor-widget-heading\" data-id=\"138dcd03\" data-element_type=\"widget\" data-widget_type=\"heading.default\">\n\t\t\t\t<div class=\"elementor-widget-container\">\n\t\t\t<h2 class=\"elementor-heading-title elementor-size-default\">\u00bfQu\u00e9 vas a disfrutar?<\/h2>\t\t<\/div>\n\t\t\t\t<\/div>\n\t\t\t\t<div class=\"elementor-element elementor-element-6ae9b513 elementor-widget elementor-widget-heading\" data-id=\"6ae9b513\" data-element_type=\"widget\" data-widget_type=\"heading.default\">\n\t\t\t\t<div class=\"elementor-widget-container\">\n\t\t\t<h2 class=\"elementor-heading-title elementor-size-default\">Con tu boleto tienes acceso a un d\u00eda lleno de diversi\u00f3n.<\/h2>\t\t<\/div>\n\t\t\t\t<\/div>\n\t\t\t\t<div class=\"elementor-element elementor-element-6c09af26 elementor-position-left dce_masking-none elementor-vertical-align-top elementor-widget elementor-widget-image-box\" data-id=\"6c09af26\" data-element_type=\"widget\" data-widget_type=\"image-box.default\">\n\t\t\t\t<div class=\"elementor-widget-container\">\n\t\t\t<div class=\"elementor-image-box-wrapper\"><figure class=\"elementor-image-box-img\"><img decoding=\"async\" width=\"39\" height=\"28\" src=\"https:\/\/www.sealand.com.mx\/guadalajara\/wp-content\/uploads\/sites\/6\/2024\/10\/ENTRADA-VIP.png\" class=\"attachment-full size-full wp-image-12746\" alt=\"\" \/><\/figure><div class=\"elementor-image-box-content\"><p class=\"elementor-image-box-description\"><b> Entrada VIP + Interacci\u00f3n con Ping\u00fcinos incluye:<\/b>\n<ul style=\"color:#ffff\">\n    <li>Seamapp <\/li>\n    <li>Exhibici\u00f3n de especies (M\u00e1s de 300 especies)<\/li>\n    <li>Puentes V\u00e9rtigo ( \u00a1Una aventura por las alturas!)<\/li>\n    <li>Cold Quest (rampa deslizante)<\/li>\n    <li>Snow Play (Juega con nieve real)<\/li>\n   <li>Tobog\u00e1n Kraken <\/li>\n   <li>Ac\u00fasticos Rapa Nui<\/li>\n<li>Arenero Poco Poco <\/li>\n<li>Touching Pool (Amazonia)\n<\/li>\n<li>+ Interacci\u00f3n con Ping\u00fcinos<\/li><\/p><\/div><\/div>\t\t<\/div>\n\t\t\t\t<\/div>\n\t\t\t\t<div class=\"elementor-element elementor-element-118574b2 elementor-position-left dce_masking-none elementor-vertical-align-top elementor-widget elementor-widget-image-box\" data-id=\"118574b2\" data-element_type=\"widget\" data-widget_type=\"image-box.default\">\n\t\t\t\t<div class=\"elementor-widget-container\">\n\t\t\t<div class=\"elementor-image-box-wrapper\"><figure class=\"elementor-image-box-img\"><img decoding=\"async\" width=\"41\" height=\"41\" src=\"https:\/\/www.sealand.com.mx\/guadalajara\/wp-content\/uploads\/sites\/6\/2024\/10\/information_2139-fe0f.png\" class=\"attachment-full size-full wp-image-12748\" alt=\"\" \/><\/figure><div class=\"elementor-image-box-content\"><p class=\"elementor-image-box-description\"><b> Importante:<\/b>\n<ul style=\"color:#ffff\">\n    <li>El ingreso se encuentra en Boutique \n<\/li>\n    <li>La interacci\u00f3n con ping\u00fcinos es una actividad para ni\u00f1os de 4 a\u00f1os en adelante.<\/li>\n<li>S\u00e9 puntual, es indispensable presentarse 15 min antes de tu Encuentro con Ping\u00fcinos.\n<\/li> \n<li>Mostrar tu boleto de acceso a Encuentro con Ping\u00fcinos antes de ingresar a la interacci\u00f3n.\n<\/li> \n<li>No se permite ingresar a la interacci\u00f3n con ning\u00fan dispositivo electr\u00f3nico.<\/li>\n<li>Contamos con Lockers para guardar las pertenencias.<\/li>\n<li>No se permite ingresar a la interacci\u00f3n con accesorios.<\/li> \n<li>En la interacci\u00f3n con ping\u00fcinos podr\u00e1s alimentarlos, hacer give five entre otras actividades mientras conoces m\u00e1s acerca de estas adorables especies.<\/li> \n <li>Atender en todo momento las indicaciones de la tripulaci\u00f3n.<\/li>\n <li>En el caso del encuentro con Ping\u00fcinos es necesario reservar con 24hrs de antelaci\u00f3n, los espacios son limitados por interacci\u00f3n.<\/li><\/ul>\n<\/p><\/div><\/div>\t\t<\/div>\n\t\t\t\t<\/div>\n\t\t\t\t\t<\/div>\n\t\t\t\t<\/div>\n\t\t\t\t\t<\/div>\n\t\t<\/div>\n\t\t\t\t<div class=\"elementor-column elementor-col-50 elementor-top-column elementor-element elementor-element-3b94332a\" data-id=\"3b94332a\" data-element_type=\"column\">\n\t\t\t<div class=\"elementor-widget-wrap elementor-element-populated\">\n\t\t\t\t\t\t<div class=\"elementor-element elementor-element-44635c9 elementor-widget__width-inherit elementor-invisible elementor-widget elementor-widget-ucaddon_cover_flow_carousel\" data-id=\"44635c9\" data-element_type=\"widget\" data-settings=\"{&quot;_animation&quot;:&quot;fadeInRight&quot;}\" data-widget_type=\"ucaddon_cover_flow_carousel.default\">\n\t\t\t\t<div class=\"elementor-widget-container\">\n\t\t\t<!-- start Coverflow Carousel -->\n\t\t<link id='uc_ac_assets_file_jquery_flipster_css_16350-css' href='https:\/\/www.sealand.com.mx\/guadalajara\/wp-content\/uploads\/sites\/6\/ac_assets\/cover_flow_carousel\/jquery.flipster.css' type='text\/css' rel='stylesheet' >\n\n\t\t\t<style type=\"text\/css\">\/* widget: Coverflow Carousel *\/\n\n#uc_cover_flow_carousel_elementor_44635c9{\ndisplay: none;\n}\n#uc_cover_flow_carousel_elementor_44635c9 .flipster__item img\n{\n  \n  display:block;\n  width:100%;\n}\n#uc_cover_flow_carousel_elementor_44635c9 .flipster__item__content\n{\n  overflow:hidden;\n  position:relative;  \n      -webkit-box-reflect: unset;\n    box-reflect: unset;\n  }\n\n#uc_cover_flow_carousel_elementor_44635c9 .flipster__nav__item a\n{\n  z-index:1;\n}\n\n.ue-flip-item-title\n{\n  font-size:21px;\n}\n\n#uc_cover_flow_carousel_elementor_44635c9 .ue-item-btn a\n{\n  text-decoration:none;\n  text-align:center;\n  transition:0.3s;\n}\n\n\n\n\n#uc_cover_flow_carousel_elementor_44635c9 .flipster__button\n{\n  line-height:1em;\n  margin:0;\n}\n\n#uc_cover_flow_carousel_elementor_44635c9 .ue-flip-item-icon\n{\n  line-height:1em;\n  display:inline-flex;\n  justify-content:center;\n  align-items:center;\n  \n}\n\n#uc_cover_flow_carousel_elementor_44635c9 .ue-flip-item-icon svg\n{\n  height:1em;\n  width:1em;\n}\n\n#uc_cover_flow_carousel_elementor_44635c9 .flipster__container, #uc_cover_flow_carousel_elementor_44635c9 .flipster__item, #uc_cover_flow_carousel_elementor_44635c9 .flipster__item__content\n{\n  transition:500ms;\n}\n\n#uc_cover_flow_carousel_elementor_44635c9 .flipster__nav__link::after\n{\n  background-color:#141414;\n}\n\n#uc_cover_flow_carousel_elementor_44635c9 .flipster__nav__item a\n{\n  color:#141414;\n}\n\n#uc_cover_flow_carousel_elementor_44635c9 .flipster__nav__item--current>.flipster__nav__link\n{\n  color:#ffffff;\n}\n\n<\/style>\n\n\t\t\t<div class=\"ue-coverflow  \" id=\"uc_cover_flow_carousel_elementor_44635c9\"  >\n        <ul class=\"flip-items uc-items-wrapper\">\n            <li class=\"ue-coverflow-item\" data-flip-title=\"\">\n\n  \n  \n  \n     <div class=\"ue-item-image\">\n   <a href=\"#\" >\n       \n          <img fetchpriority=\"high\" decoding=\"async\" src=\"https:\/\/www.sealand.com.mx\/guadalajara\/wp-content\/uploads\/sites\/6\/2024\/10\/VIPPINGUINOStouching-pools.jpg\" class=\"elementor-repeater-item-b8730d7 ue-coverflow-image\"  src=\"https:\/\/www.sealand.com.mx\/guadalajara\/wp-content\/uploads\/sites\/6\/2024\/10\/VIPPINGUINOStouching-pools.jpg\" alt=\"VIP+PINGU\u0308INOS(touching pools)\" width=\"448\" height=\"546\"> \n      \t   \n   <\/a>\n    <\/div>\n     \n  <\/li>\n<li class=\"ue-coverflow-item\" data-flip-title=\"\">\n\n  \n  \n  \n     <div class=\"ue-item-image\">\n   <a href=\"#\" >\n       \n          <img loading=\"lazy\" decoding=\"async\" src=\"https:\/\/www.sealand.com.mx\/guadalajara\/wp-content\/uploads\/sites\/6\/2024\/10\/VIPPINGUINOSespecie.jpg\" class=\"elementor-repeater-item-0c04e9a ue-coverflow-image\"  src=\"https:\/\/www.sealand.com.mx\/guadalajara\/wp-content\/uploads\/sites\/6\/2024\/10\/VIPPINGUINOSespecie.jpg\" alt=\"VIP+PINGU\u0308INOS(especie)\" width=\"448\" height=\"546\"> \n      \t   \n   <\/a>\n    <\/div>\n     \n  <\/li>\n<li class=\"ue-coverflow-item\" data-flip-title=\"\">\n\n  \n  \n  \n     <div class=\"ue-item-image\">\n   <a href=\"#\" >\n       \n          <img loading=\"lazy\" decoding=\"async\" src=\"https:\/\/www.sealand.com.mx\/guadalajara\/wp-content\/uploads\/sites\/6\/2024\/10\/VIPPINGUINOSPinguinos.jpg\" class=\"elementor-repeater-item-78566e2 ue-coverflow-image\"  src=\"https:\/\/www.sealand.com.mx\/guadalajara\/wp-content\/uploads\/sites\/6\/2024\/10\/VIPPINGUINOSPinguinos.jpg\" alt=\"VIP+PINGU\u0308INOS(Pingu\u0308inos)\" width=\"448\" height=\"546\"> \n      \t   \n   <\/a>\n    <\/div>\n     \n  <\/li>\n<li class=\"ue-coverflow-item\" data-flip-title=\"\">\n\n  \n  \n  \n     <div class=\"ue-item-image\">\n   <a href=\"#\" >\n       \n          <img loading=\"lazy\" decoding=\"async\" src=\"https:\/\/www.sealand.com.mx\/guadalajara\/wp-content\/uploads\/sites\/6\/2024\/10\/VIPPINGUINOSRealidad-virtual.jpg\" class=\"elementor-repeater-item-32dddd0 ue-coverflow-image\"  src=\"https:\/\/www.sealand.com.mx\/guadalajara\/wp-content\/uploads\/sites\/6\/2024\/10\/VIPPINGUINOSRealidad-virtual.jpg\" alt=\"VIP+PINGU\u0308INOS(Realidad virtual)\" width=\"448\" height=\"546\"> \n      \t   \n   <\/a>\n    <\/div>\n     \n  <\/li>\n<li class=\"ue-coverflow-item\" data-flip-title=\"\">\n\n  \n  \n  \n     <div class=\"ue-item-image\">\n   <a href=\"#\" >\n       \n          <img loading=\"lazy\" decoding=\"async\" src=\"https:\/\/www.sealand.com.mx\/guadalajara\/wp-content\/uploads\/sites\/6\/2024\/07\/PINGUINAVIDAD-3.jpg\" class=\"elementor-repeater-item-bb5dec3 ue-coverflow-image\"  src=\"https:\/\/www.sealand.com.mx\/guadalajara\/wp-content\/uploads\/sites\/6\/2024\/07\/PINGUINAVIDAD-3.jpg\" alt=\"PINGUINAVIDAD-3\" width=\"450\" height=\"546\"> \n      \t   \n   <\/a>\n    <\/div>\n     \n  <\/li>\n\n        <\/ul>\n<\/div>\n\t\t\t<!-- end Coverflow Carousel -->\t\t<\/div>\n\t\t\t\t<\/div>\n\t\t\t\t\t<\/div>\n\t\t<\/div>\n\t\t\t\t\t<\/div>\n\t\t<\/section>\n\t\t\t\t<section data-dce-background-color=\"#0B397F\" class=\"elementor-section elementor-top-section elementor-element elementor-element-4cf170fc elementor-section-stretched elementor-section-boxed elementor-section-height-default elementor-section-height-default\" data-id=\"4cf170fc\" data-element_type=\"section\" data-settings=\"{&quot;background_background&quot;:&quot;classic&quot;,&quot;stretch_section&quot;:&quot;section-stretched&quot;}\">\n\t\t\t\t\t\t<div class=\"elementor-container elementor-column-gap-default\">\n\t\t\t\t\t<div class=\"elementor-column elementor-col-100 elementor-top-column elementor-element elementor-element-3d9e02de\" data-id=\"3d9e02de\" data-element_type=\"column\">\n\t\t\t<div class=\"elementor-widget-wrap elementor-element-populated\">\n\t\t\t\t\t\t<div class=\"elementor-element elementor-element-688afa7f elementor-widget elementor-widget-text-editor\" data-id=\"688afa7f\" data-element_type=\"widget\" data-widget_type=\"text-editor.default\">\n\t\t\t\t<div class=\"elementor-widget-container\">\n\t\t\t\t\t\t\t<b>IMPORTANTE<\/b>\n<ul>\n \t<li><p>Es indispensable que los visitantes <strong><span style=\"color: #fff600;\">lleguen 15 minutos antes de la hora indicada para el encuentro con ping\u00fcinos.<\/strong> En caso de no presentarse puntualmente podr\u00e1 perder su lugar.<\/li>\n<\/ul>\t\t\t\t\t\t<\/div>\n\t\t\t\t<\/div>\n\t\t\t\t<div class=\"elementor-element elementor-element-8e05a06 elementor-widget elementor-widget-html\" data-id=\"8e05a06\" data-element_type=\"widget\" data-widget_type=\"html.default\">\n\t\t\t\t<div class=\"elementor-widget-container\">\n\t\t\t<style>\n#promocode{\n    color:#01466C !important;\n}\n<\/style>\n\n<div class=\"row w-100 \">\n<div class=\"container \">\n<div class=\"col-sm-12 col-md-12 col-lg-12 plugin-selvamagica pb-2 pt-5 style=margin-top: 80px\">\n    <div id=\"vmg-plugin-load\"><\/div>\n<div id=\"vmgplugin-area-booking_full\" data-area=\"booking_full\" class=\"vmgplugin-area vmgplugin-booking_full \">\n    <input type=\"hidden\" id=\"funcion_booking_full\" data-name=\"funcion\" class=\"vmgplugin-parameter funcion\" value=\"booking_full\">\n<input type=\"hidden\" id=\"type_booking_full\" data-name=\"type\" class=\"vmgplugin-parameter type\" value=\"booking\">\n<input type=\"hidden\" id=\"locacion_id_booking_full\" data-name=\"locacion_id\" class=\"vmgplugin-parameter locacion_id\" value=\"22\">\n<input type=\"hidden\" id=\"moneda_id_booking_full\" data-name=\"moneda_id\" class=\"vmgplugin-parameter moneda_id\" value=\"2\">\n<input type=\"hidden\" id=\"set_moneda_id_booking_full\" data-name=\"set_moneda_id\" class=\"vmgplugin-parameter set_moneda_id\" value=\"2\">\n<input type=\"hidden\" id=\"mostrar_insuficientes_booking_full\" data-name=\"mostrar_insuficientes\" class=\"vmgplugin-parameter mostrar_insuficientes\" value=\"5\">\n<input type=\"hidden\" id=\"user_language_booking_full\" data-name=\"user_language\" class=\"vmgplugin-parameter user_language\" value=\"es\">\n<\/div>\n    <div id=\"vmgplugin-html-booking_full\" >\n        \n         <div class=\"row\">\n             <div class=\"col-12 d-flex justify-content-center align-items-center\">\n                 <div class=\"vmg-loader\"><\/div> \n             <\/div>\n         <\/div>\n    <\/div>\n<\/div>\n<\/div>\n<\/div>\n<style>\n@media (max-width: 767px){\n#vmgplugin-area-shoppingCart {\n    margin: 15px 0px 0;\n}\n.plugin-selvamagica #mobileCart {\n    top: 80px!important;\n}\n}\n\n.qtyplus, .qtyminus {\n    color:#105A6B!important;\n}\n.tx-p{\n    color:#fff !important;\n}\n.form-check-label{\n    color:#fff !important;\n}\n.payment_button{\n    background-color: #fff !important;\n}\n.load-frame {\n    background: #ffffff !important;\n}\n#promocode{\n    color:#01466C !important;\n}\n<\/style>\t\t<\/div>\n\t\t\t\t<\/div>\n\t\t\t\t\t<\/div>\n\t\t<\/div>\n\t\t\t\t\t<\/div>\n\t\t<\/section>\n\t\t\t\t<section class=\"elementor-section elementor-top-section elementor-element elementor-element-59555342 elementor-section-boxed elementor-section-height-default elementor-section-height-default\" data-id=\"59555342\" data-element_type=\"section\">\n\t\t\t\t\t\t<div class=\"elementor-container elementor-column-gap-default\">\n\t\t\t\t\t<div class=\"elementor-column elementor-col-100 elementor-top-column elementor-element elementor-element-23f2b8af\" data-id=\"23f2b8af\" data-element_type=\"column\">\n\t\t\t<div class=\"elementor-widget-wrap elementor-element-populated\">\n\t\t\t\t\t\t<div class=\"elementor-element elementor-element-425564ec elementor-widget elementor-widget-heading\" data-id=\"425564ec\" data-element_type=\"widget\" data-widget_type=\"heading.default\">\n\t\t\t\t<div class=\"elementor-widget-container\">\n\t\t\t<h2 class=\"elementor-heading-title elementor-size-default\">CONOCE  NUESTROS PASES<\/h2>\t\t<\/div>\n\t\t\t\t<\/div>\n\t\t\t\t<div class=\"elementor-element elementor-element-235c5b1b elementor-widget elementor-widget-shortcode\" data-id=\"235c5b1b\" data-element_type=\"widget\" data-widget_type=\"shortcode.default\">\n\t\t\t\t<div class=\"elementor-widget-container\">\n\t\t\t\t\t<div class=\"elementor-shortcode\"><\/div>\n\t\t\t\t<\/div>\n\t\t\t\t<\/div>\n\t\t\t\t\t<\/div>\n\t\t<\/div>\n\t\t\t\t\t<\/div>\n\t\t<\/section>\n\t\t\t\t<section class=\"elementor-section elementor-top-section elementor-element elementor-element-572af88a elementor-section-boxed elementor-section-height-default elementor-section-height-default\" data-id=\"572af88a\" data-element_type=\"section\">\n\t\t\t\t\t\t<div class=\"elementor-container elementor-column-gap-default\">\n\t\t\t\t\t<div class=\"elementor-column elementor-col-100 elementor-top-column elementor-element elementor-element-29303e9c\" data-id=\"29303e9c\" data-element_type=\"column\">\n\t\t\t<div class=\"elementor-widget-wrap elementor-element-populated\">\n\t\t\t\t\t\t<div class=\"elementor-element elementor-element-6b15bcc8 elementor-widget elementor-widget-spacer\" data-id=\"6b15bcc8\" data-element_type=\"widget\" data-widget_type=\"spacer.default\">\n\t\t\t\t<div class=\"elementor-widget-container\">\n\t\t\t\t\t<div class=\"elementor-spacer\">\n\t\t\t<div class=\"elementor-spacer-inner\"><\/div>\n\t\t<\/div>\n\t\t\t\t<\/div>\n\t\t\t\t<\/div>\n\t\t\t\t\t<\/div>\n\t\t<\/div>\n\t\t\t\t\t<\/div>\n\t\t<\/section>\n\t\t\t\t<\/div>\n\t\t<\/div>\n\t\t\t\t<\/div>\n\t\t\t\t<\/div>\n\t\t\t\t\t<\/div>\n\t\t<\/div>\n\t\t\t\t\t<\/div>\n\t\t<\/section>\n\t\t\t\t<\/div>\n\t\t","protected":false},"excerpt":{"rendered":"","protected":false},"author":3,"featured_media":0,"parent":0,"menu_order":0,"comment_status":"closed","ping_status":"closed","template":"elementor_header_footer","meta":{"rank_math_lock_modified_date":false,"footnotes":""},"_links":{"self":[{"href":"https:\/\/www.sealand.com.mx\/guadalajara\/wp-json\/wp\/v2\/pages\/4461"}],"collection":[{"href":"https:\/\/www.sealand.com.mx\/guadalajara\/wp-json\/wp\/v2\/pages"}],"about":[{"href":"https:\/\/www.sealand.com.mx\/guadalajara\/wp-json\/wp\/v2\/types\/page"}],"author":[{"embeddable":true,"href":"https:\/\/www.sealand.com.mx\/guadalajara\/wp-json\/wp\/v2\/users\/3"}],"replies":[{"embeddable":true,"href":"https:\/\/www.sealand.com.mx\/guadalajara\/wp-json\/wp\/v2\/comments?post=4461"}],"version-history":[{"count":20,"href":"https:\/\/www.sealand.com.mx\/guadalajara\/wp-json\/wp\/v2\/pages\/4461\/revisions"}],"predecessor-version":[{"id":12841,"href":"https:\/\/www.sealand.com.mx\/guadalajara\/wp-json\/wp\/v2\/pages\/4461\/revisions\/12841"}],"wp:attachment":[{"href":"https:\/\/www.sealand.com.mx\/guadalajara\/wp-json\/wp\/v2\/media?parent=4461"}],"curies":[{"name":"wp","href":"https:\/\/api.w.org\/{rel}","templated":true}]}}