{"id":5222,"date":"2023-07-26T21:28:28","date_gmt":"2023-07-26T21:28:28","guid":{"rendered":"https:\/\/www.sealand.com.mx\/guadalajara\/?page_id=5222"},"modified":"2025-11-15T00:23:28","modified_gmt":"2025-11-15T00:23:28","slug":"pinguinos-vip","status":"publish","type":"page","link":"https:\/\/www.sealand.com.mx\/guadalajara\/pinguinos-vip\/","title":{"rendered":"Ping\u00fcinos + VIP"},"content":{"rendered":"\t\t<div data-elementor-type=\"wp-page\" data-elementor-id=\"5222\" class=\"elementor elementor-5222\" data-elementor-post-type=\"page\">\n\t\t\t\t\t\t<section class=\"elementor-section elementor-top-section elementor-element elementor-element-62b2d04 elementor-section-full_width elementor-section-height-default elementor-section-height-default\" data-id=\"62b2d04\" data-element_type=\"section\">\n\t\t\t\t\t\t<div class=\"elementor-container elementor-column-gap-no\">\n\t\t\t\t\t<div class=\"elementor-column elementor-col-100 elementor-top-column elementor-element elementor-element-2099a17\" data-id=\"2099a17\" data-element_type=\"column\">\n\t\t\t<div class=\"elementor-widget-wrap elementor-element-populated\">\n\t\t\t\t\t\t<div class=\"elementor-element elementor-element-1ef0c87 dce_masking-none elementor-widget elementor-widget-image\" data-id=\"1ef0c87\" data-element_type=\"widget\" data-widget_type=\"image.default\">\n\t\t\t\t<div class=\"elementor-widget-container\">\n\t\t\t\t\t\t\t\t\t\t\t\t\t<img fetchpriority=\"high\" decoding=\"async\" width=\"800\" height=\"310\" src=\"https:\/\/www.sealand.com.mx\/guadalajara\/wp-content\/uploads\/sites\/6\/2025\/11\/VIP-SEALANDGDL-NOV25-DESK-NVO-1024x397.jpg\" class=\"attachment-large size-large wp-image-19666\" alt=\"\" srcset=\"https:\/\/www.sealand.com.mx\/guadalajara\/wp-content\/uploads\/sites\/6\/2025\/11\/VIP-SEALANDGDL-NOV25-DESK-NVO-1024x397.jpg 1024w, https:\/\/www.sealand.com.mx\/guadalajara\/wp-content\/uploads\/sites\/6\/2025\/11\/VIP-SEALANDGDL-NOV25-DESK-NVO-300x116.jpg 300w, https:\/\/www.sealand.com.mx\/guadalajara\/wp-content\/uploads\/sites\/6\/2025\/11\/VIP-SEALANDGDL-NOV25-DESK-NVO-768x298.jpg 768w, https:\/\/www.sealand.com.mx\/guadalajara\/wp-content\/uploads\/sites\/6\/2025\/11\/VIP-SEALANDGDL-NOV25-DESK-NVO-1536x595.jpg 1536w, https:\/\/www.sealand.com.mx\/guadalajara\/wp-content\/uploads\/sites\/6\/2025\/11\/VIP-SEALANDGDL-NOV25-DESK-NVO.jpg 1620w\" sizes=\"(max-width: 800px) 100vw, 800px\" \/>\t\t\t\t\t\t\t\t\t\t\t\t\t<\/div>\n\t\t\t\t<\/div>\n\t\t\t\t<div class=\"elementor-element elementor-element-2f487f2 elementor-hidden-desktop elementor-hidden-laptop dce_masking-none elementor-widget elementor-widget-image\" data-id=\"2f487f2\" data-element_type=\"widget\" data-widget_type=\"image.default\">\n\t\t\t\t<div class=\"elementor-widget-container\">\n\t\t\t\t\t\t\t\t\t\t\t\t\t<img decoding=\"async\" width=\"428\" height=\"500\" src=\"https:\/\/www.sealand.com.mx\/guadalajara\/wp-content\/uploads\/sites\/6\/2025\/11\/VIP-SEALANDGDL-NOV25-MOVIL-NVO.jpg\" class=\"attachment-large size-large wp-image-19667\" alt=\"\" srcset=\"https:\/\/www.sealand.com.mx\/guadalajara\/wp-content\/uploads\/sites\/6\/2025\/11\/VIP-SEALANDGDL-NOV25-MOVIL-NVO.jpg 428w, https:\/\/www.sealand.com.mx\/guadalajara\/wp-content\/uploads\/sites\/6\/2025\/11\/VIP-SEALANDGDL-NOV25-MOVIL-NVO-257x300.jpg 257w\" sizes=\"(max-width: 428px) 100vw, 428px\" \/>\t\t\t\t\t\t\t\t\t\t\t\t\t<\/div>\n\t\t\t\t<\/div>\n\t\t\t\t\t<\/div>\n\t\t<\/div>\n\t\t\t\t\t<\/div>\n\t\t<\/section>\n\t\t\t\t<section data-dce-background-overlay-color=\"#2A36A3\" data-dce-background-image-url=\"https:\/\/www.sealand.com.mx\/guadalajara\/wp-content\/uploads\/2023\/03\/FONDO-PROMOCIONES.png\" class=\"elementor-section elementor-top-section elementor-element elementor-element-1b3beac elementor-section-full_width elementor-section-stretched elementor-section-height-default elementor-section-height-default\" data-id=\"1b3beac\" data-element_type=\"section\" data-settings=\"{&quot;stretch_section&quot;:&quot;section-stretched&quot;,&quot;background_background&quot;:&quot;classic&quot;}\">\n\t\t\t\t\t\t\t<div class=\"elementor-background-overlay\"><\/div>\n\t\t\t\t\t\t\t<div class=\"elementor-container elementor-column-gap-no\">\n\t\t\t\t\t<div class=\"elementor-column elementor-col-100 elementor-top-column elementor-element elementor-element-02f51ab\" data-id=\"02f51ab\" data-element_type=\"column\">\n\t\t\t<div class=\"elementor-widget-wrap elementor-element-populated\">\n\t\t\t\t\t\t<section class=\"elementor-section elementor-inner-section elementor-element elementor-element-028c643 elementor-section-boxed elementor-section-height-default elementor-section-height-default\" data-id=\"028c643\" data-element_type=\"section\">\n\t\t\t\t\t\t<div class=\"elementor-container elementor-column-gap-default\">\n\t\t\t\t\t<div class=\"elementor-column elementor-col-50 elementor-inner-column elementor-element elementor-element-de16efb\" data-id=\"de16efb\" data-element_type=\"column\">\n\t\t\t<div class=\"elementor-widget-wrap elementor-element-populated\">\n\t\t\t\t\t\t<div class=\"elementor-element elementor-element-1ebb0d8 elementor-widget elementor-widget-heading\" data-id=\"1ebb0d8\" data-element_type=\"widget\" data-widget_type=\"heading.default\">\n\t\t\t\t<div class=\"elementor-widget-container\">\n\t\t\t<h2 class=\"elementor-heading-title elementor-size-default\">\u00a1Conexi\u00f3n Total con Ping\u00fcinos a un precio especial!<\/h2>\t\t<\/div>\n\t\t\t\t<\/div>\n\t\t\t\t<div class=\"elementor-element elementor-element-af4040d elementor-widget elementor-widget-heading\" data-id=\"af4040d\" data-element_type=\"widget\" data-widget_type=\"heading.default\">\n\t\t\t\t<div class=\"elementor-widget-container\">\n\t\t\t<h2 class=\"elementor-heading-title elementor-size-default\">Interacci\u00f3n con Ping\u00fcinos a $999 por persona<\/h2>\t\t<\/div>\n\t\t\t\t<\/div>\n\t\t\t\t<div class=\"elementor-element elementor-element-a3d4942 elementor-widget elementor-widget-text-editor\" data-id=\"a3d4942\" data-element_type=\"widget\" data-widget_type=\"text-editor.default\">\n\t\t\t\t<div class=\"elementor-widget-container\">\n\t\t\t\t\t\t\t<p>Observa c\u00f3mo nuestra familia de ping\u00fcinos explora, juega y brinca cerca de ti en una convivencia con ellos. Adem\u00e1s, obt\u00e9n expedici\u00f3n VIP donde podr\u00e1s vivir una acuarioventura que incluye paquete de snacks.<\/p><p>Recuerda que esta experiencia incluye exhibici\u00f3n de especies, Touching Pools, Ac\u00fasticos Rapa Nui, Tobog\u00e1n Kraken, Rampa de Nieve, Snow Play, V\u00e9rtigo puentes colgantes, alimentaci\u00f3n de Rayas Marinas y m\u00e1s*.<br \/>\u00a1No lo pienses m\u00e1s y reserva en l\u00ednea esta expedici\u00f3n!<\/p><p>V\u00e1lido de lunes a domingo comprando con 24hrs de anticipaci\u00f3n.<\/p><p><strong>*Consulta t\u00e9rminos y condiciones<\/strong><\/p>\t\t\t\t\t\t<\/div>\n\t\t\t\t<\/div>\n\t\t\t\t\t<\/div>\n\t\t<\/div>\n\t\t\t\t<div class=\"elementor-column elementor-col-50 elementor-inner-column elementor-element elementor-element-ae9a254\" data-id=\"ae9a254\" data-element_type=\"column\">\n\t\t\t<div class=\"elementor-widget-wrap elementor-element-populated\">\n\t\t\t\t\t\t<div class=\"elementor-element elementor-element-02eebe1 elementor-arrows-position-inside elementor-widget elementor-widget-image-carousel\" data-id=\"02eebe1\" data-element_type=\"widget\" data-settings=\"{&quot;slides_to_show&quot;:&quot;1&quot;,&quot;navigation&quot;:&quot;arrows&quot;,&quot;autoplay&quot;:&quot;yes&quot;,&quot;pause_on_hover&quot;:&quot;yes&quot;,&quot;pause_on_interaction&quot;:&quot;yes&quot;,&quot;autoplay_speed&quot;:5000,&quot;infinite&quot;:&quot;yes&quot;,&quot;effect&quot;:&quot;slide&quot;,&quot;speed&quot;:500}\" data-widget_type=\"image-carousel.default\">\n\t\t\t\t<div class=\"elementor-widget-container\">\n\t\t\t\t\t<div class=\"elementor-image-carousel-wrapper swiper\" dir=\"ltr\">\n\t\t\t<div class=\"elementor-image-carousel swiper-wrapper\" aria-live=\"off\">\n\t\t\t\t\t\t\t\t<div class=\"swiper-slide\" role=\"group\" aria-roledescription=\"slide\" aria-label=\"1 de 7\"><figure class=\"swiper-slide-inner\"><img decoding=\"async\" class=\"swiper-slide-image\" src=\"https:\/\/www.sealand.com.mx\/guadalajara\/wp-content\/uploads\/sites\/6\/2023\/11\/PINVP-4.jpg\" alt=\"\" \/><\/figure><\/div><div class=\"swiper-slide\" role=\"group\" aria-roledescription=\"slide\" aria-label=\"2 de 7\"><figure class=\"swiper-slide-inner\"><img decoding=\"async\" class=\"swiper-slide-image\" src=\"https:\/\/www.sealand.com.mx\/guadalajara\/wp-content\/uploads\/sites\/6\/2023\/03\/GALERIA-5-PROMO.png\" alt=\"\" \/><\/figure><\/div><div class=\"swiper-slide\" role=\"group\" aria-roledescription=\"slide\" aria-label=\"3 de 7\"><figure class=\"swiper-slide-inner\"><img decoding=\"async\" class=\"swiper-slide-image\" src=\"https:\/\/www.sealand.com.mx\/guadalajara\/wp-content\/uploads\/sites\/6\/2024\/10\/FAMILIACOCA-SEALAND.png\" alt=\"\" \/><\/figure><\/div><div class=\"swiper-slide\" role=\"group\" aria-roledescription=\"slide\" aria-label=\"4 de 7\"><figure class=\"swiper-slide-inner\"><img decoding=\"async\" class=\"swiper-slide-image\" src=\"https:\/\/www.sealand.com.mx\/guadalajara\/wp-content\/uploads\/sites\/6\/2023\/11\/PINVP-2.jpg\" alt=\"\" \/><\/figure><\/div><div class=\"swiper-slide\" role=\"group\" aria-roledescription=\"slide\" aria-label=\"5 de 7\"><figure class=\"swiper-slide-inner\"><img decoding=\"async\" class=\"swiper-slide-image\" src=\"https:\/\/www.sealand.com.mx\/guadalajara\/wp-content\/uploads\/sites\/6\/2023\/03\/GALERIA-3-PROMO.png\" alt=\"\" \/><\/figure><\/div><div class=\"swiper-slide\" role=\"group\" aria-roledescription=\"slide\" aria-label=\"6 de 7\"><figure class=\"swiper-slide-inner\"><img decoding=\"async\" class=\"swiper-slide-image\" src=\"https:\/\/www.sealand.com.mx\/guadalajara\/wp-content\/uploads\/sites\/6\/2023\/03\/GALERIA-2-PROMO.png\" alt=\"\" \/><\/figure><\/div><div class=\"swiper-slide\" role=\"group\" aria-roledescription=\"slide\" aria-label=\"7 de 7\"><figure class=\"swiper-slide-inner\"><img decoding=\"async\" class=\"swiper-slide-image\" src=\"https:\/\/www.sealand.com.mx\/guadalajara\/wp-content\/uploads\/sites\/6\/2023\/03\/GALERIA-1-PROMO.png\" alt=\"\" \/><\/figure><\/div>\t\t\t<\/div>\n\t\t\t\t\t\t\t\t\t\t\t\t<div class=\"elementor-swiper-button elementor-swiper-button-prev\" role=\"button\" tabindex=\"0\">\n\t\t\t\t\t\t<i aria-hidden=\"true\" class=\"eicon-chevron-left\"><\/i>\t\t\t\t\t<\/div>\n\t\t\t\t\t<div class=\"elementor-swiper-button elementor-swiper-button-next\" role=\"button\" tabindex=\"0\">\n\t\t\t\t\t\t<i aria-hidden=\"true\" class=\"eicon-chevron-right\"><\/i>\t\t\t\t\t<\/div>\n\t\t\t\t\n\t\t\t\t\t\t\t\t\t<\/div>\n\t\t\t\t<\/div>\n\t\t\t\t<\/div>\n\t\t\t\t\t<\/div>\n\t\t<\/div>\n\t\t\t\t\t<\/div>\n\t\t<\/section>\n\t\t\t\t<section class=\"elementor-section elementor-inner-section elementor-element elementor-element-1198caa elementor-section-boxed elementor-section-height-default elementor-section-height-default\" data-id=\"1198caa\" data-element_type=\"section\" data-settings=\"{&quot;background_background&quot;:&quot;classic&quot;}\">\n\t\t\t\t\t\t<div class=\"elementor-container elementor-column-gap-no\">\n\t\t\t\t\t<div class=\"elementor-column elementor-col-100 elementor-inner-column elementor-element elementor-element-f0002b0\" data-id=\"f0002b0\" data-element_type=\"column\">\n\t\t\t<div class=\"elementor-widget-wrap elementor-element-populated\">\n\t\t\t\t\t\t<div class=\"elementor-element elementor-element-e46bfa0 elementor-widget elementor-widget-spacer\" data-id=\"e46bfa0\" data-element_type=\"widget\" data-widget_type=\"spacer.default\">\n\t\t\t\t<div class=\"elementor-widget-container\">\n\t\t\t\t\t<div class=\"elementor-spacer\">\n\t\t\t<div class=\"elementor-spacer-inner\"><\/div>\n\t\t<\/div>\n\t\t\t\t<\/div>\n\t\t\t\t<\/div>\n\t\t\t\t<div class=\"elementor-element elementor-element-ba37135 elementor-widget elementor-widget-shortcode\" data-id=\"ba37135\" data-element_type=\"widget\" data-widget_type=\"shortcode.default\">\n\t\t\t\t<div class=\"elementor-widget-container\">\n\t\t\t\t\t<div class=\"elementor-shortcode\"><input type=\"hidden\" id=\"vmg_plugin_id\" value=\"17\">\n<input type=\"hidden\" id=\"vmg_plugin_url\" value=\"plugin.venturae.com.mx\">\n<div  id=\"pluginContainer\" class=\"container\"><\/div>\n<link href=\"https:\/\/cdnjs.cloudflare.com\/ajax\/libs\/font-awesome\/5.10.2\/css\/all.min.css\" rel=\"stylesheet\">\n<script src=\"https:\/\/ajax.googleapis.com\/ajax\/libs\/jquery\/3.7.1\/jquery.min.js\"><\/script>\n<script>\n\tjQuery(document).ready(function($){\n\t\tvar vmg_plugin_id = $('#vmg_plugin_id').val();\n\t\tvar vmg_plugin_url = $('#vmg_plugin_url').val();\n\n\t\t$.getScript( `https:\/\/${vmg_plugin_url}\/js\/pluginscripts.js`, function(jd) {\n\t\t\t\"use strict\";\n\t\t\t$.pluginUrl = `https:\/\/${vmg_plugin_url}\/requesterv2.php`;\n\t\t\tvar params = {\n\t\t\t\t\t\t\t\t\t\t\t\t\t\t\t\t\t\t\t\t\t\t\t\t\t\t\t\t\t\t\t\t\t\t\t\t\t\t\t\t'plugin_id': \"17\",\n\t\t\t\t\t\t\t\t\t\t\t\t'producto_id': \"-1774\",\n\t\t\t\t\t\t\t\t\t\t\t\t\t\t\t\t\t\t\t\t\t\t\t\t'user_language': \"es\",\n\t\t\t\t\t\t\t\t\t\t\t\t\t\t\t\t\n\t\t\t\t\n\t\t\t\t'plugin_id': vmg_plugin_id\n\t\t\t};\n\t\t\tconst urlParams = new URLSearchParams(window.location.search);\n\t\t\turlParams.forEach((value, key) => {\n\t\t\t\tparams[key] = value;\n\t\t\t});\n\t\t\t$.post($.pluginUrl,params,function(data, status){\n\t\t\t\tjQuery( \"#pluginContainer\" ).html(data);\n\t\t\t});\n\n\t\t});\n\n\t});\n<\/script><\/div>\n\t\t\t\t<\/div>\n\t\t\t\t<\/div>\n\t\t\t\t<div class=\"elementor-element elementor-element-33835e4 elementor-widget elementor-widget-accordion\" data-id=\"33835e4\" data-element_type=\"widget\" data-widget_type=\"accordion.default\">\n\t\t\t\t<div class=\"elementor-widget-container\">\n\t\t\t\t\t<div class=\"elementor-accordion\">\n\t\t\t\t\t\t\t<div class=\"elementor-accordion-item\">\n\t\t\t\t\t<div id=\"elementor-tab-title-5401\" class=\"elementor-tab-title\" data-tab=\"1\" role=\"button\" aria-controls=\"elementor-tab-content-5401\" aria-expanded=\"false\">\n\t\t\t\t\t\t\t\t\t\t\t\t\t<span class=\"elementor-accordion-icon elementor-accordion-icon-right\" aria-hidden=\"true\">\n\t\t\t\t\t\t\t\t\t\t\t\t\t\t\t<span class=\"elementor-accordion-icon-closed\"><i class=\"fas fa-plus\"><\/i><\/span>\n\t\t\t\t\t\t\t\t<span class=\"elementor-accordion-icon-opened\"><i class=\"fas fa-minus\"><\/i><\/span>\n\t\t\t\t\t\t\t\t\t\t\t\t\t\t<\/span>\n\t\t\t\t\t\t\t\t\t\t\t\t<a class=\"elementor-accordion-title\" tabindex=\"0\">T\u00e9rminos de uso<\/a>\n\t\t\t\t\t<\/div>\n\t\t\t\t\t<div id=\"elementor-tab-content-5401\" class=\"elementor-tab-content elementor-clearfix\" data-tab=\"1\" role=\"region\" aria-labelledby=\"elementor-tab-title-5401\"><ul><li><strong>S\u00e9 puntual<\/strong>.\u00a0<strong>Presentarse 15 min antes de tu Encuentro con Ping\u00fcinos en el acceso de interacci\u00f3n en Sealand<\/strong><\/li><li>Mostrar tu boleto de acceso a Encuentro con Ping\u00fcinos antes de ingresar a la interacci\u00f3n.<\/li><li>Atender en todo momento las indicaciones de la tripulaci\u00f3n.<\/li><li>A partir de 4 a\u00f1os podr\u00e1s realizar la interacci\u00f3n acompa\u00f1ado de un adulto.<\/li><li>A partir de 12 a\u00f1os pueden ingresar solos al Encuentro con Ping\u00fcinos.<\/li><li>No se permite ingresar a la interacci\u00f3n con ning\u00fan dispositivo electr\u00f3nico.<\/li><li>Promoci\u00f3n v\u00e1lida hasta 31 de diciembre de 2025.<\/li><\/ul><\/div>\n\t\t\t\t<\/div>\n\t\t\t\t\t\t\t<div class=\"elementor-accordion-item\">\n\t\t\t\t\t<div id=\"elementor-tab-title-5402\" class=\"elementor-tab-title\" data-tab=\"2\" role=\"button\" aria-controls=\"elementor-tab-content-5402\" aria-expanded=\"false\">\n\t\t\t\t\t\t\t\t\t\t\t\t\t<span class=\"elementor-accordion-icon elementor-accordion-icon-right\" aria-hidden=\"true\">\n\t\t\t\t\t\t\t\t\t\t\t\t\t\t\t<span class=\"elementor-accordion-icon-closed\"><i class=\"fas fa-plus\"><\/i><\/span>\n\t\t\t\t\t\t\t\t<span class=\"elementor-accordion-icon-opened\"><i class=\"fas fa-minus\"><\/i><\/span>\n\t\t\t\t\t\t\t\t\t\t\t\t\t\t<\/span>\n\t\t\t\t\t\t\t\t\t\t\t\t<a class=\"elementor-accordion-title\" tabindex=\"0\">\u00bfQu\u00e9 incluye mi pase?<\/a>\n\t\t\t\t\t<\/div>\n\t\t\t\t\t<div id=\"elementor-tab-content-5402\" class=\"elementor-tab-content elementor-clearfix\" data-tab=\"2\" role=\"region\" aria-labelledby=\"elementor-tab-title-5402\"><ul><li>Exhibici\u00f3n de especies (4 mundos: Tri\u00e1ngulo de las Bermudas, Isla de Pascua, Amazonia y Ant\u00e1rtida).<\/li><li>Touching pools (Peces doctor): Interacci\u00f3n con los peces doctor donde podr\u00e1n meter las manos. dentro de su estanque y ellos comer\u00e1n la piel muerta de sus manos. Ni\u00f1os a partir de 3 a\u00f1os.<\/li><li>Ac\u00fasticos rapa nui (Tambores ac\u00fasticos): \u00c1rea interactiva ac\u00fastica donde podr\u00e1n tocar a su propio ritmo tambores inspirados en la tribu Rapa Nui. Todas las edades.<\/li><li><span class=\"selectable-text copyable-text\">Tobog\u00e1n Kraken: Tobog\u00e1n donde se podr\u00e1n lanzarse solos o acompa\u00f1ados desde lo m\u00e1s alto del tri\u00e1ngulo de las bermudas. Podr\u00e1n utilizar los sacos de mezclilla para poderse deslizar. Todas las edades.<\/span><\/li><li>Cold Quest (Rampa para deslizarse): Rampa donde podr\u00e1n deslizarse encima de una dona inflable.Para todas las edades. Ni\u00f1os menores de 6 a\u00f1os deber\u00e1n ingresar acompa\u00f1ados de un adulto. En todo momento se deben seguir las indicaciones de nuestro personal.<\/li><li>Snow play (Area de juego con nieve real): Para todas las edades. Ni\u00f1os menores de 6 a\u00f1os deber\u00e1n ingresar acompa\u00f1ados de un adulto.<\/li><li><span class=\"selectable-text copyable-text\">V\u00e9rtigo (Puentes colgantes): Recorrido a\u00e9reo por diferentes zonas en un recorrido por las alturas. No se permite el ingreso con alimentos. Todas las edades.<\/span><\/li><li>Drag\u00f3n Negro (Experiencia en realidad virtual): Sala interactiva y tematizada con escafandras donde a trav\u00e9s de lentes de realidad virtual se vive la experiencia de bajar a 853mts de profundidad guiados por el capit\u00e1n Hopelander para encontrar el tesoro perdido. A partir de los 3 a\u00f1os de edad. En todo momento se deben seguir las indicaciones de nuestro personal.<\/li><li>Laser Scape: Sala interactiva donde se juegan desaf\u00edos en dos modos diferentes, esquivar o tocar todos los l\u00e1seres. A partir de 3 a\u00f1os de edad.<br \/>No se permite el ingreso de alimentos.<\/li><li><strong>Paquete de Snacks: 1 refresco de la familia Coca-Cola (650 ml) y unas frituras a elegir (Chetos, Rueditas, Papas fritas) (39.5 gr. aprox).<\/strong><\/li><\/ul><\/div>\n\t\t\t\t<\/div>\n\t\t\t\t\t\t\t<div class=\"elementor-accordion-item\">\n\t\t\t\t\t<div id=\"elementor-tab-title-5403\" class=\"elementor-tab-title\" data-tab=\"3\" role=\"button\" aria-controls=\"elementor-tab-content-5403\" aria-expanded=\"false\">\n\t\t\t\t\t\t\t\t\t\t\t\t\t<span class=\"elementor-accordion-icon elementor-accordion-icon-right\" aria-hidden=\"true\">\n\t\t\t\t\t\t\t\t\t\t\t\t\t\t\t<span class=\"elementor-accordion-icon-closed\"><i class=\"fas fa-plus\"><\/i><\/span>\n\t\t\t\t\t\t\t\t<span class=\"elementor-accordion-icon-opened\"><i class=\"fas fa-minus\"><\/i><\/span>\n\t\t\t\t\t\t\t\t\t\t\t\t\t\t<\/span>\n\t\t\t\t\t\t\t\t\t\t\t\t<a class=\"elementor-accordion-title\" tabindex=\"0\">Recomendaciones<\/a>\n\t\t\t\t\t<\/div>\n\t\t\t\t\t<div id=\"elementor-tab-content-5403\" class=\"elementor-tab-content elementor-clearfix\" data-tab=\"3\" role=\"region\" aria-labelledby=\"elementor-tab-title-5403\"><p>-Compra en l\u00ednea y ahorra m\u00e1s.<br \/>-Llega 15 minutos antes.<br \/>-Trae ropa y calzado c\u00f3modo.<\/p><\/div>\n\t\t\t\t<\/div>\n\t\t\t\t\t\t\t\t<\/div>\n\t\t\t\t<\/div>\n\t\t\t\t<\/div>\n\t\t\t\t<div class=\"elementor-element elementor-element-7468654 elementor-widget elementor-widget-spacer\" data-id=\"7468654\" data-element_type=\"widget\" data-widget_type=\"spacer.default\">\n\t\t\t\t<div class=\"elementor-widget-container\">\n\t\t\t\t\t<div class=\"elementor-spacer\">\n\t\t\t<div class=\"elementor-spacer-inner\"><\/div>\n\t\t<\/div>\n\t\t\t\t<\/div>\n\t\t\t\t<\/div>\n\t\t\t\t<div class=\"elementor-element elementor-element-b43e94a elementor-widget elementor-widget-spacer\" data-id=\"b43e94a\" data-element_type=\"widget\" data-widget_type=\"spacer.default\">\n\t\t\t\t<div class=\"elementor-widget-container\">\n\t\t\t\t\t<div class=\"elementor-spacer\">\n\t\t\t<div class=\"elementor-spacer-inner\"><\/div>\n\t\t<\/div>\n\t\t\t\t<\/div>\n\t\t\t\t<\/div>\n\t\t\t\t\t<\/div>\n\t\t<\/div>\n\t\t\t\t\t<\/div>\n\t\t<\/section>\n\t\t\t\t\t<\/div>\n\t\t<\/div>\n\t\t\t\t\t<\/div>\n\t\t<\/section>\n\t\t\t\t<\/div>\n\t\t","protected":false},"excerpt":{"rendered":"<p>\u00a1Conexi\u00f3n Total con Ping\u00fcinos a un precio especial! Interacci\u00f3n con Ping\u00fcinos a $999 por persona Observa c\u00f3mo nuestra familia de ping\u00fcinos explora, juega y brinca cerca de ti en una convivencia con ellos. Adem\u00e1s, obt\u00e9n expedici\u00f3n VIP donde podr\u00e1s vivir una acuarioventura que incluye paquete de snacks. Recuerda que esta experiencia incluye exhibici\u00f3n de especies, [&hellip;]<\/p>\n","protected":false},"author":4,"featured_media":0,"parent":0,"menu_order":0,"comment_status":"closed","ping_status":"closed","template":"","meta":{"rank_math_lock_modified_date":false,"footnotes":""},"_links":{"self":[{"href":"https:\/\/www.sealand.com.mx\/guadalajara\/wp-json\/wp\/v2\/pages\/5222"}],"collection":[{"href":"https:\/\/www.sealand.com.mx\/guadalajara\/wp-json\/wp\/v2\/pages"}],"about":[{"href":"https:\/\/www.sealand.com.mx\/guadalajara\/wp-json\/wp\/v2\/types\/page"}],"author":[{"embeddable":true,"href":"https:\/\/www.sealand.com.mx\/guadalajara\/wp-json\/wp\/v2\/users\/4"}],"replies":[{"embeddable":true,"href":"https:\/\/www.sealand.com.mx\/guadalajara\/wp-json\/wp\/v2\/comments?post=5222"}],"version-history":[{"count":268,"href":"https:\/\/www.sealand.com.mx\/guadalajara\/wp-json\/wp\/v2\/pages\/5222\/revisions"}],"predecessor-version":[{"id":19670,"href":"https:\/\/www.sealand.com.mx\/guadalajara\/wp-json\/wp\/v2\/pages\/5222\/revisions\/19670"}],"wp:attachment":[{"href":"https:\/\/www.sealand.com.mx\/guadalajara\/wp-json\/wp\/v2\/media?parent=5222"}],"curies":[{"name":"wp","href":"https:\/\/api.w.org\/{rel}","templated":true}]}}