{"id":638,"date":"2022-06-27T20:34:20","date_gmt":"2022-06-27T20:34:20","guid":{"rendered":"https:\/\/www.sealand.com.mx\/guadalajara\/?page_id=638"},"modified":"2026-01-14T20:18:55","modified_gmt":"2026-01-14T20:18:55","slug":"terminos-y-condiciones","status":"publish","type":"page","link":"https:\/\/www.sealand.com.mx\/guadalajara\/terminos-y-condiciones\/","title":{"rendered":"T\u00e9rminos y Condiciones"},"content":{"rendered":"\t\t<div data-elementor-type=\"wp-page\" data-elementor-id=\"638\" class=\"elementor elementor-638\" data-elementor-post-type=\"page\">\n\t\t\t\t\t\t<section class=\"elementor-section elementor-top-section elementor-element elementor-element-4cfc1fc8 elementor-section-boxed elementor-section-height-default elementor-section-height-default\" data-id=\"4cfc1fc8\" data-element_type=\"section\">\n\t\t\t\t\t\t<div class=\"elementor-container elementor-column-gap-default\">\n\t\t\t\t\t<div class=\"elementor-column elementor-col-100 elementor-top-column elementor-element elementor-element-22457a1\" data-id=\"22457a1\" data-element_type=\"column\">\n\t\t\t<div class=\"elementor-widget-wrap elementor-element-populated\">\n\t\t\t\t\t\t<div class=\"elementor-element elementor-element-432d9bca elementor-widget elementor-widget-spacer\" data-id=\"432d9bca\" data-element_type=\"widget\" data-widget_type=\"spacer.default\">\n\t\t\t\t<div class=\"elementor-widget-container\">\n\t\t\t\t\t<div class=\"elementor-spacer\">\n\t\t\t<div class=\"elementor-spacer-inner\"><\/div>\n\t\t<\/div>\n\t\t\t\t<\/div>\n\t\t\t\t<\/div>\n\t\t\t\t<div class=\"elementor-element elementor-element-2b54bbf9 elementor-widget elementor-widget-heading\" data-id=\"2b54bbf9\" data-element_type=\"widget\" data-widget_type=\"heading.default\">\n\t\t\t\t<div class=\"elementor-widget-container\">\n\t\t\t<h2 class=\"elementor-heading-title elementor-size-default\">T\u00e9rminos y condiciones<\/h2>\t\t<\/div>\n\t\t\t\t<\/div>\n\t\t\t\t<div class=\"elementor-element elementor-element-20aa35fa elementor-widget elementor-widget-text-editor\" data-id=\"20aa35fa\" data-element_type=\"widget\" data-widget_type=\"text-editor.default\">\n\t\t\t\t<div class=\"elementor-widget-container\">\n\t\t\t\t\t\t\t<div class=\"elementor-element elementor-element-a9cfe74 elementor-widget elementor-widget-heading\" data-id=\"a9cfe74\" data-element_type=\"widget\" data-widget_type=\"heading.default\">\u00a0<\/div><div class=\"elementor-element elementor-element-df40756 elementor-widget elementor-widget-text-editor\" data-id=\"df40756\" data-element_type=\"widget\" data-widget_type=\"text-editor.default\"><div class=\"elementor-widget-container\"><p><b>T\u00c9RMINOS Y CONDICIONES PARA EL PROCESO DE CANCELACI\u00d3N, MODIFICACI\u00d3N Y\/O\u00a0DEVOLUCI\u00d3N:<\/b><\/p><p><b>CANCELACI\u00d3N POR NO PRESENTACI\u00d3N \u2013 NO SHOW- .<\/b><\/p><p><span style=\"font-weight: 400;\">En caso de que el Consumidor no se presente en la fecha y horario de reserva para la prestaci\u00f3n del servicio se tendr\u00e1 por cancelado el mismo, sin responsabilidad para PARC MESIDOR, S.A. DE C.V. sin que dicha cancelaci\u00f3n de motivo u obligaci\u00f3n a PARC MESIDOR, S.A. DE C.V. para realizar la devoluci\u00f3n del importe pagado por el servicio.<\/span><\/p><p><b>MODIFICACI\u00d3N DE RESERVA DEL SERVICIO.<\/b><\/p><p><span style=\"font-weight: 400;\">En caso de que el Consumidor requiera modificar la fecha y horario de reserva deber\u00e1 realizar la solicitud con al menos 24 (veinticuatro) horas de antelaci\u00f3n a la fecha y hora de reservaci\u00f3n original, para tal efecto, el Consumidor deber\u00e1 comunicarse al n\u00famero telef\u00f3nico 33 2713 3368 y\/o enviar un correo electr\u00f3nico a la direcci\u00f3n electr\u00f3nica <\/span><b>contacto@gdl.sealand.com.mx<\/b><span style=\"font-weight: 400;\">, detallando el n\u00famero de reserva, correo electr\u00f3nico con el que se efectu\u00f3 la compra e indicar la nueva fecha y horario en que requiera la prestaci\u00f3n del servicio, la cual no deber\u00e1 exceder de un plazo de 6 (seis) meses calendario a partir de la fecha de la solicitud de cambio.<\/span><\/p><p><b>DEVOLUCI\u00d3N DEL COSTO DEL SERVICIO.\u00a0<\/b><\/p><p><span style=\"font-weight: 400;\">En el supuesto de que el Consumidor requiera la devoluci\u00f3n del pago efectuado por la reserva del servicio deber\u00e1 realizar la solicitud con al menos 24 (veinticuatro) horas de antelaci\u00f3n a la fecha y hora de reservaci\u00f3n original, para tal efecto, el Consumidor deber\u00e1 comunicarse al n\u00famero telef\u00f3nico 33 2713 3368 y\/o enviar un correo electr\u00f3nico a la direcci\u00f3n electr\u00f3nica <\/span><b>contacto@gdl.sealand.com.mx<\/b><span style=\"font-weight: 400;\">, detallando el n\u00famero de reserva, correo electr\u00f3nico con el que se efectu\u00f3 la compra, el n\u00famero de cuenta clabe interbancaria para traspaso de fondos o los datos de tarjeta de cr\u00e9dito o d\u00e9bito, banco emisor y titular de la tarjeta en la que se llevar\u00e1 a cabo la devoluci\u00f3n del importe de la compra a nombre del titular de la reserva, incluyendo la car\u00e1tula del estado de cuenta.<\/span><\/p><p><span style=\"font-weight: 400;\">Toda devoluci\u00f3n implicar\u00e1 un cargo del 5% (cinco por ciento) del monto total de la compra por conceptos de comisiones bancarias y cargos administrativos.<\/span><\/p><p><b>DEVOLUCI\u00d3N DEL COSTO DEL SERVICIO POR CUESTIONES IMPUTABLES A PARC MESIDOR, S.A. DE C.V.<\/b><\/p><p><span style=\"font-weight: 400;\">En el supuesto de que PARC MESIDOR, S.A. DE C.V. no pueda efectuar la prestaci\u00f3n del servicio por causas de fuerza mayor o caso fortuito, incluyendo de manera enunciativa m\u00e1s no limitativa contingencias econ\u00f3micas, sanitarias, clim\u00e1ticas, administrativas o cualquier otra situaci\u00f3n imprevista que afecte significativamente la operaci\u00f3n del establecimiento mercantil, PARC MESIDOR, S.A. DE C.V. emitir\u00e1 la devoluci\u00f3n correspondiente sin cargos administrativos, debiendo el Consumidor enviar un correo electr\u00f3nico a la direcci\u00f3n electr\u00f3nic<\/span><span style=\"font-weight: 400;\">a <\/span><b>contacto@gdl.sealand.com.mx<\/b><span style=\"font-weight: 400;\">, detallando el n\u00famero de reserva, correo electr\u00f3nico con el que se efectu\u00f3 la compra, el n\u00famero de cuenta clabe interbancaria para traspaso de fondos o los datos de tarjeta de cr\u00e9dito o d\u00e9bito, banco emisor y titular de la tarjeta en la que se llevar\u00e1 a cabo la devoluci\u00f3n del importe de la compra a nombre del titular de la reserva, incluyendo la car\u00e1tula del estado de cuenta.<\/span><\/p><p><a href=\"https:\/\/www.sealand.com.mx\/guadalajara\/aviso-de-privacidad\/\">Consulte el Aviso de Privacidad.<\/a>\u00a0<\/p><\/div><\/div>\t\t\t\t\t\t<\/div>\n\t\t\t\t<\/div>\n\t\t\t\t<div class=\"elementor-element elementor-element-a0d288b elementor-widget elementor-widget-spacer\" data-id=\"a0d288b\" data-element_type=\"widget\" data-widget_type=\"spacer.default\">\n\t\t\t\t<div class=\"elementor-widget-container\">\n\t\t\t\t\t<div class=\"elementor-spacer\">\n\t\t\t<div class=\"elementor-spacer-inner\"><\/div>\n\t\t<\/div>\n\t\t\t\t<\/div>\n\t\t\t\t<\/div>\n\t\t\t\t<div class=\"elementor-element elementor-element-38db4d6b elementor-widget elementor-widget-spacer\" data-id=\"38db4d6b\" data-element_type=\"widget\" data-widget_type=\"spacer.default\">\n\t\t\t\t<div class=\"elementor-widget-container\">\n\t\t\t\t\t<div class=\"elementor-spacer\">\n\t\t\t<div class=\"elementor-spacer-inner\"><\/div>\n\t\t<\/div>\n\t\t\t\t<\/div>\n\t\t\t\t<\/div>\n\t\t\t\t\t<\/div>\n\t\t<\/div>\n\t\t\t\t\t<\/div>\n\t\t<\/section>\n\t\t\t\t<section class=\"elementor-section elementor-top-section elementor-element elementor-element-467f0967 elementor-section-boxed elementor-section-height-default elementor-section-height-default\" data-id=\"467f0967\" data-element_type=\"section\">\n\t\t\t\t\t\t<div class=\"elementor-container elementor-column-gap-default\">\n\t\t\t\t\t<div class=\"elementor-column elementor-col-100 elementor-top-column elementor-element elementor-element-71cc47ba\" data-id=\"71cc47ba\" data-element_type=\"column\">\n\t\t\t<div class=\"elementor-widget-wrap elementor-element-populated\">\n\t\t\t\t\t\t<div class=\"elementor-element elementor-element-42fff141 elementor-widget elementor-widget-spacer\" data-id=\"42fff141\" data-element_type=\"widget\" data-widget_type=\"spacer.default\">\n\t\t\t\t<div class=\"elementor-widget-container\">\n\t\t\t\t\t<div class=\"elementor-spacer\">\n\t\t\t<div class=\"elementor-spacer-inner\"><\/div>\n\t\t<\/div>\n\t\t\t\t<\/div>\n\t\t\t\t<\/div>\n\t\t\t\t\t<\/div>\n\t\t<\/div>\n\t\t\t\t\t<\/div>\n\t\t<\/section>\n\t\t\t\t<\/div>\n\t\t","protected":false},"excerpt":{"rendered":"<p>T\u00e9rminos y condiciones \u00a0 T\u00c9RMINOS Y CONDICIONES PARA EL PROCESO DE CANCELACI\u00d3N, MODIFICACI\u00d3N Y\/O\u00a0DEVOLUCI\u00d3N: CANCELACI\u00d3N POR NO PRESENTACI\u00d3N \u2013 NO SHOW- . En caso de que el Consumidor no se presente en la fecha y horario de reserva para la prestaci\u00f3n del servicio se tendr\u00e1 por cancelado el mismo, sin responsabilidad para PARC MESIDOR, S.A. [&hellip;]<\/p>\n","protected":false},"author":3,"featured_media":0,"parent":0,"menu_order":0,"comment_status":"closed","ping_status":"closed","template":"elementor_header_footer","meta":{"rank_math_lock_modified_date":false,"footnotes":""},"_links":{"self":[{"href":"https:\/\/www.sealand.com.mx\/guadalajara\/wp-json\/wp\/v2\/pages\/638"}],"collection":[{"href":"https:\/\/www.sealand.com.mx\/guadalajara\/wp-json\/wp\/v2\/pages"}],"about":[{"href":"https:\/\/www.sealand.com.mx\/guadalajara\/wp-json\/wp\/v2\/types\/page"}],"author":[{"embeddable":true,"href":"https:\/\/www.sealand.com.mx\/guadalajara\/wp-json\/wp\/v2\/users\/3"}],"replies":[{"embeddable":true,"href":"https:\/\/www.sealand.com.mx\/guadalajara\/wp-json\/wp\/v2\/comments?post=638"}],"version-history":[{"count":46,"href":"https:\/\/www.sealand.com.mx\/guadalajara\/wp-json\/wp\/v2\/pages\/638\/revisions"}],"predecessor-version":[{"id":20470,"href":"https:\/\/www.sealand.com.mx\/guadalajara\/wp-json\/wp\/v2\/pages\/638\/revisions\/20470"}],"wp:attachment":[{"href":"https:\/\/www.sealand.com.mx\/guadalajara\/wp-json\/wp\/v2\/media?parent=638"}],"curies":[{"name":"wp","href":"https:\/\/api.w.org\/{rel}","templated":true}]}}