{"id":6738,"date":"2023-11-17T17:47:36","date_gmt":"2023-11-17T17:47:36","guid":{"rendered":"https:\/\/www.sealand.com.mx\/guadalajara\/?page_id=6738"},"modified":"2026-03-18T22:49:54","modified_gmt":"2026-03-18T22:49:54","slug":"promo-liverpool","status":"publish","type":"page","link":"https:\/\/www.sealand.com.mx\/guadalajara\/promo-liverpool\/","title":{"rendered":"PROMO LIVERPOOL"},"content":{"rendered":"\t\t<div data-elementor-type=\"wp-page\" data-elementor-id=\"6738\" class=\"elementor elementor-6738\" data-elementor-post-type=\"page\">\n\t\t\t\t\t\t<section class=\"elementor-section elementor-top-section elementor-element elementor-element-7956d16 elementor-section-full_width elementor-section-height-default elementor-section-height-default\" data-id=\"7956d16\" data-element_type=\"section\">\n\t\t\t\t\t\t<div class=\"elementor-container elementor-column-gap-no\">\n\t\t\t\t\t<div class=\"elementor-column elementor-col-100 elementor-top-column elementor-element elementor-element-df81b56\" data-id=\"df81b56\" data-element_type=\"column\">\n\t\t\t<div class=\"elementor-widget-wrap elementor-element-populated\">\n\t\t\t\t\t\t<div class=\"elementor-element elementor-element-609b55f elementor-hidden-mobile dce_masking-none elementor-widget elementor-widget-image\" data-id=\"609b55f\" data-element_type=\"widget\" data-widget_type=\"image.default\">\n\t\t\t\t<div class=\"elementor-widget-container\">\n\t\t\t\t\t\t\t\t\t\t\t\t\t<img fetchpriority=\"high\" decoding=\"async\" width=\"1620\" height=\"628\" src=\"https:\/\/www.sealand.com.mx\/guadalajara\/wp-content\/uploads\/sites\/6\/2026\/03\/LIVERPOOL-SEALANDGDL-MARZO26-DESK.jpg\" class=\"attachment-full size-full wp-image-21210\" alt=\"\" srcset=\"https:\/\/www.sealand.com.mx\/guadalajara\/wp-content\/uploads\/sites\/6\/2026\/03\/LIVERPOOL-SEALANDGDL-MARZO26-DESK.jpg 1620w, https:\/\/www.sealand.com.mx\/guadalajara\/wp-content\/uploads\/sites\/6\/2026\/03\/LIVERPOOL-SEALANDGDL-MARZO26-DESK-300x116.jpg 300w, https:\/\/www.sealand.com.mx\/guadalajara\/wp-content\/uploads\/sites\/6\/2026\/03\/LIVERPOOL-SEALANDGDL-MARZO26-DESK-1024x397.jpg 1024w, https:\/\/www.sealand.com.mx\/guadalajara\/wp-content\/uploads\/sites\/6\/2026\/03\/LIVERPOOL-SEALANDGDL-MARZO26-DESK-768x298.jpg 768w, https:\/\/www.sealand.com.mx\/guadalajara\/wp-content\/uploads\/sites\/6\/2026\/03\/LIVERPOOL-SEALANDGDL-MARZO26-DESK-1536x595.jpg 1536w\" sizes=\"(max-width: 1620px) 100vw, 1620px\" \/>\t\t\t\t\t\t\t\t\t\t\t\t\t<\/div>\n\t\t\t\t<\/div>\n\t\t\t\t<div class=\"elementor-element elementor-element-2603d00 elementor-hidden-desktop elementor-hidden-laptop elementor-hidden-tablet dce_masking-none elementor-widget elementor-widget-image\" data-id=\"2603d00\" data-element_type=\"widget\" data-widget_type=\"image.default\">\n\t\t\t\t<div class=\"elementor-widget-container\">\n\t\t\t\t\t\t\t\t\t\t\t\t\t<img decoding=\"async\" width=\"428\" height=\"500\" src=\"https:\/\/www.sealand.com.mx\/guadalajara\/wp-content\/uploads\/sites\/6\/2026\/03\/LIVERPOOL-SEALANDGDL-MARZO26-MOVIL.jpg\" class=\"attachment-full size-full wp-image-21209\" alt=\"\" srcset=\"https:\/\/www.sealand.com.mx\/guadalajara\/wp-content\/uploads\/sites\/6\/2026\/03\/LIVERPOOL-SEALANDGDL-MARZO26-MOVIL.jpg 428w, https:\/\/www.sealand.com.mx\/guadalajara\/wp-content\/uploads\/sites\/6\/2026\/03\/LIVERPOOL-SEALANDGDL-MARZO26-MOVIL-257x300.jpg 257w\" sizes=\"(max-width: 428px) 100vw, 428px\" \/>\t\t\t\t\t\t\t\t\t\t\t\t\t<\/div>\n\t\t\t\t<\/div>\n\t\t\t\t\t<\/div>\n\t\t<\/div>\n\t\t\t\t\t<\/div>\n\t\t<\/section>\n\t\t\t\t<section data-dce-background-overlay-color=\"#00110F\" data-dce-background-image-url=\"https:\/\/www.sealand.com.mx\/guadalajara\/wp-content\/uploads\/2023\/03\/FONDO-PROMOCIONES.png\" class=\"elementor-section elementor-top-section elementor-element elementor-element-367f236 elementor-section-full_width elementor-section-stretched elementor-section-height-default elementor-section-height-default\" data-id=\"367f236\" data-element_type=\"section\" data-settings=\"{&quot;stretch_section&quot;:&quot;section-stretched&quot;,&quot;background_background&quot;:&quot;classic&quot;}\">\n\t\t\t\t\t\t\t<div class=\"elementor-background-overlay\"><\/div>\n\t\t\t\t\t\t\t<div class=\"elementor-container elementor-column-gap-no\">\n\t\t\t\t\t<div class=\"elementor-column elementor-col-100 elementor-top-column elementor-element elementor-element-390f9c5\" data-id=\"390f9c5\" data-element_type=\"column\">\n\t\t\t<div class=\"elementor-widget-wrap elementor-element-populated\">\n\t\t\t\t\t\t<section class=\"elementor-section elementor-inner-section elementor-element elementor-element-dad149a elementor-section-boxed elementor-section-height-default elementor-section-height-default\" data-id=\"dad149a\" data-element_type=\"section\">\n\t\t\t\t\t\t<div class=\"elementor-container elementor-column-gap-default\">\n\t\t\t\t\t<div class=\"elementor-column elementor-col-50 elementor-inner-column elementor-element elementor-element-da22be7\" data-id=\"da22be7\" data-element_type=\"column\">\n\t\t\t<div class=\"elementor-widget-wrap elementor-element-populated\">\n\t\t\t\t\t\t<div class=\"elementor-element elementor-element-4fd9728 elementor-widget elementor-widget-spacer\" data-id=\"4fd9728\" data-element_type=\"widget\" data-widget_type=\"spacer.default\">\n\t\t\t\t<div class=\"elementor-widget-container\">\n\t\t\t\t\t<div class=\"elementor-spacer\">\n\t\t\t<div class=\"elementor-spacer-inner\"><\/div>\n\t\t<\/div>\n\t\t\t\t<\/div>\n\t\t\t\t<\/div>\n\t\t\t\t<div class=\"elementor-element elementor-element-6a1647d elementor-widget elementor-widget-heading\" data-id=\"6a1647d\" data-element_type=\"widget\" data-widget_type=\"heading.default\">\n\t\t\t\t<div class=\"elementor-widget-container\">\n\t\t\t<h2 class=\"elementor-heading-title elementor-size-default\">\u00a1Liverpool te invita a disfrutar de una<\/h2>\t\t<\/div>\n\t\t\t\t<\/div>\n\t\t\t\t<div class=\"elementor-element elementor-element-0191f46 elementor-widget elementor-widget-heading\" data-id=\"0191f46\" data-element_type=\"widget\" data-widget_type=\"heading.default\">\n\t\t\t\t<div class=\"elementor-widget-container\">\n\t\t\t<h1 class=\"elementor-heading-title elementor-size-default\">acuarioventura en sealand Guadalajara!<\/h1>\t\t<\/div>\n\t\t\t\t<\/div>\n\t\t\t\t<div class=\"elementor-element elementor-element-707572a elementor-widget elementor-widget-text-editor\" data-id=\"707572a\" data-element_type=\"widget\" data-widget_type=\"text-editor.default\">\n\t\t\t\t<div class=\"elementor-widget-container\">\n\t\t\t\t\t\t\t<div>\u00a1No te pierdas la oportunidad de embarcarte en una aventura \u00fanica con tu persona favorita!<\/div><div><strong>Solo presenta tu tarjeta Liverpool y una identificaci\u00f3n oficial en taquilla para disfrutar de una promoci\u00f3n exclusiva 2&#215;1 en nuestras expediciones VIP, Combo Ping\u00fcinos y Expedici\u00f3n General<\/strong><\/div><div>Ad\u00e9ntrate en un recorrido fascinante a trav\u00e9s de cinco mundos extraordinarios:<br \/>\ud83d\udd3a El misterioso Tri\u00e1ngulo de las Bermudas<br \/>\ud83d\uddff La enigm\u00e1tica Isla de Pascua<br \/>\ud83c\udf3f La imponente Amazonia<br \/>\u2744\u00a0 El m\u00e1gico mundo Polar<\/div><div><span class=\"x1c3i2sq x19la9d6 x1fc57z9 xexx8yu x19um543 x18d9i69 x1m6msm x6ikm8r x10wlt62 x19co3pv x1g5zs5t xfibh0p xiy17q3 x1xsqp64\"><span class=\"\">\ud83c\udff4\u200d\u2620\ufe0f Y la incre\u00edble b\u00fasqueda del tesoro en un mundo pirata<\/span><\/span><\/div>\t\t\t\t\t\t<\/div>\n\t\t\t\t<\/div>\n\t\t\t\t<div class=\"elementor-element elementor-element-f59b25d elementor-widget elementor-widget-heading\" data-id=\"f59b25d\" data-element_type=\"widget\" data-widget_type=\"heading.default\">\n\t\t\t\t<div class=\"elementor-widget-container\">\n\t\t\t<h1 class=\"elementor-heading-title elementor-size-default\"> \u00a1Aprovecha ahora y vive la emoci\u00f3n en Sealand!<\/h1>\t\t<\/div>\n\t\t\t\t<\/div>\n\t\t\t\t<div class=\"elementor-element elementor-element-85b7a3f elementor-widget elementor-widget-heading\" data-id=\"85b7a3f\" data-element_type=\"widget\" data-widget_type=\"heading.default\">\n\t\t\t\t<div class=\"elementor-widget-container\">\n\t\t\t<h1 class=\"elementor-heading-title elementor-size-default\">*Consulta tiendas y departamentos participantes<\/h1>\t\t<\/div>\n\t\t\t\t<\/div>\n\t\t\t\t\t<\/div>\n\t\t<\/div>\n\t\t\t\t<div class=\"elementor-column elementor-col-50 elementor-inner-column elementor-element elementor-element-47eb6cf\" data-id=\"47eb6cf\" data-element_type=\"column\">\n\t\t\t<div class=\"elementor-widget-wrap elementor-element-populated\">\n\t\t\t\t\t\t<div class=\"elementor-element elementor-element-11e9464 elementor-arrows-position-inside elementor-widget elementor-widget-image-carousel\" data-id=\"11e9464\" data-element_type=\"widget\" data-settings=\"{&quot;slides_to_show&quot;:&quot;1&quot;,&quot;navigation&quot;:&quot;arrows&quot;,&quot;autoplay&quot;:&quot;yes&quot;,&quot;pause_on_hover&quot;:&quot;yes&quot;,&quot;pause_on_interaction&quot;:&quot;yes&quot;,&quot;autoplay_speed&quot;:5000,&quot;infinite&quot;:&quot;yes&quot;,&quot;effect&quot;:&quot;slide&quot;,&quot;speed&quot;:500}\" data-widget_type=\"image-carousel.default\">\n\t\t\t\t<div class=\"elementor-widget-container\">\n\t\t\t\t\t<div class=\"elementor-image-carousel-wrapper swiper\" dir=\"ltr\">\n\t\t\t<div class=\"elementor-image-carousel swiper-wrapper\" aria-live=\"off\">\n\t\t\t\t\t\t\t\t<div class=\"swiper-slide\" role=\"group\" aria-roledescription=\"slide\" aria-label=\"1 de 6\"><figure class=\"swiper-slide-inner\"><img decoding=\"async\" class=\"swiper-slide-image\" src=\"https:\/\/www.sealand.com.mx\/guadalajara\/wp-content\/uploads\/sites\/6\/elementor\/thumbs\/TICKET-1-qf2byct757v5iobtoibgxhnmrem2o45z054bsp5vx0.png\" alt=\"\" \/><\/figure><\/div><div class=\"swiper-slide\" role=\"group\" aria-roledescription=\"slide\" aria-label=\"2 de 6\"><figure class=\"swiper-slide-inner\"><img decoding=\"async\" class=\"swiper-slide-image\" src=\"https:\/\/www.sealand.com.mx\/guadalajara\/wp-content\/uploads\/sites\/6\/elementor\/thumbs\/TICKET-4-qf2by76607nfl0k0lfvpij2v73dvdxjkzd7ex1e8yc.png\" alt=\"\" \/><\/figure><\/div><div class=\"swiper-slide\" role=\"group\" aria-roledescription=\"slide\" aria-label=\"3 de 6\"><figure class=\"swiper-slide-inner\"><img decoding=\"async\" class=\"swiper-slide-image\" src=\"https:\/\/www.sealand.com.mx\/guadalajara\/wp-content\/uploads\/sites\/6\/elementor\/thumbs\/TICKET-5-qf2by9zokprajufx4z3l80d8z8zz10urzr5vcva2fo.png\" alt=\"\" \/><\/figure><\/div><div class=\"swiper-slide\" role=\"group\" aria-roledescription=\"slide\" aria-label=\"4 de 6\"><figure class=\"swiper-slide-inner\"><img decoding=\"async\" class=\"swiper-slide-image\" src=\"https:\/\/www.sealand.com.mx\/guadalajara\/wp-content\/uploads\/sites\/6\/elementor\/thumbs\/TICKET-3-qf2byig8a82vgc3mrkr8cg8ebpu9yasd0x18ocxivo.png\" alt=\"\" \/><\/figure><\/div><div class=\"swiper-slide\" role=\"group\" aria-roledescription=\"slide\" aria-label=\"5 de 6\"><figure class=\"swiper-slide-inner\"><img decoding=\"async\" class=\"swiper-slide-image\" src=\"https:\/\/www.sealand.com.mx\/guadalajara\/wp-content\/uploads\/sites\/6\/elementor\/thumbs\/PASE-GNRAL2-qf2hhytchn491kdr3aiaxmak64r6a5lws4jdp374k4.png\" alt=\"\" \/><\/figure><\/div><div class=\"swiper-slide\" role=\"group\" aria-roledescription=\"slide\" aria-label=\"6 de 6\"><figure class=\"swiper-slide-inner\"><img decoding=\"async\" class=\"swiper-slide-image\" src=\"https:\/\/www.sealand.com.mx\/guadalajara\/wp-content\/uploads\/sites\/6\/elementor\/thumbs\/PASE-GNRAL1-qf2hhu45jgxtfikkuqh635h977ec7o393h9yape3f8.png\" alt=\"\" \/><\/figure><\/div>\t\t\t<\/div>\n\t\t\t\t\t\t\t\t\t\t\t\t<div class=\"elementor-swiper-button elementor-swiper-button-prev\" role=\"button\" tabindex=\"0\">\n\t\t\t\t\t\t<i aria-hidden=\"true\" class=\"eicon-chevron-left\"><\/i>\t\t\t\t\t<\/div>\n\t\t\t\t\t<div class=\"elementor-swiper-button elementor-swiper-button-next\" role=\"button\" tabindex=\"0\">\n\t\t\t\t\t\t<i aria-hidden=\"true\" class=\"eicon-chevron-right\"><\/i>\t\t\t\t\t<\/div>\n\t\t\t\t\n\t\t\t\t\t\t\t\t\t<\/div>\n\t\t\t\t<\/div>\n\t\t\t\t<\/div>\n\t\t\t\t\t<\/div>\n\t\t<\/div>\n\t\t\t\t\t<\/div>\n\t\t<\/section>\n\t\t\t\t<div class=\"elementor-element elementor-element-49d7a66 elementor-widget elementor-widget-spacer\" data-id=\"49d7a66\" data-element_type=\"widget\" data-widget_type=\"spacer.default\">\n\t\t\t\t<div class=\"elementor-widget-container\">\n\t\t\t\t\t<div class=\"elementor-spacer\">\n\t\t\t<div class=\"elementor-spacer-inner\"><\/div>\n\t\t<\/div>\n\t\t\t\t<\/div>\n\t\t\t\t<\/div>\n\t\t<div data-dce-background-color=\"#03232E\" class=\"elementor-element elementor-element-3c2c6b1 e-con-full e-flex e-con e-parent\" data-id=\"3c2c6b1\" data-element_type=\"container\" data-settings=\"{&quot;background_background&quot;:&quot;classic&quot;}\">\n\t\t<div class=\"elementor-element elementor-element-837cbe9 e-flex e-con-boxed e-con e-child\" data-id=\"837cbe9\" data-element_type=\"container\">\n\t\t\t\t\t<div class=\"e-con-inner\">\n\t\t\t\t<div class=\"elementor-element elementor-element-6ef0172 elementor-widget elementor-widget-spacer\" data-id=\"6ef0172\" data-element_type=\"widget\" data-widget_type=\"spacer.default\">\n\t\t\t\t<div class=\"elementor-widget-container\">\n\t\t\t\t\t<div class=\"elementor-spacer\">\n\t\t\t<div class=\"elementor-spacer-inner\"><\/div>\n\t\t<\/div>\n\t\t\t\t<\/div>\n\t\t\t\t<\/div>\n\t\t\t\t<div class=\"elementor-element elementor-element-df72caa elementor-widget elementor-widget-heading\" data-id=\"df72caa\" data-element_type=\"widget\" data-widget_type=\"heading.default\">\n\t\t\t\t<div class=\"elementor-widget-container\">\n\t\t\t<h2 class=\"elementor-heading-title elementor-size-default\">Adquiere tu 2x1 en expedici\u00f3n general <\/h2>\t\t<\/div>\n\t\t\t\t<\/div>\n\t\t\t\t\t<\/div>\n\t\t\t\t<\/div>\n\t\t<div class=\"elementor-element elementor-element-3224f03 e-flex e-con-boxed e-con e-child\" data-id=\"3224f03\" data-element_type=\"container\">\n\t\t\t\t\t<div class=\"e-con-inner\">\n\t\t\t\t<div class=\"elementor-element elementor-element-08b9fb4 elementor-widget elementor-widget-shortcode\" data-id=\"08b9fb4\" data-element_type=\"widget\" data-widget_type=\"shortcode.default\">\n\t\t\t\t<div class=\"elementor-widget-container\">\n\t\t\t\t\t<div class=\"elementor-shortcode\"><input type=\"hidden\" id=\"vmg_plugin_id\" value=\"17\">\n<input type=\"hidden\" id=\"vmg_plugin_url\" value=\"plugin.venturae.com.mx\">\n<div  id=\"pluginContainer\" class=\"container\"><\/div>\n<link href=\"https:\/\/cdnjs.cloudflare.com\/ajax\/libs\/font-awesome\/5.10.2\/css\/all.min.css\" rel=\"stylesheet\">\n<script src=\"https:\/\/ajax.googleapis.com\/ajax\/libs\/jquery\/3.7.1\/jquery.min.js\"><\/script>\n<script>\n\tjQuery(document).ready(function($){\n\t\tvar vmg_plugin_id = $('#vmg_plugin_id').val();\n\t\tvar vmg_plugin_url = $('#vmg_plugin_url').val();\n\n\t\t$.getScript( `https:\/\/${vmg_plugin_url}\/js\/pluginscripts.js`, function(jd) {\n\t\t\t\"use strict\";\n\t\t\t$.pluginUrl = `https:\/\/${vmg_plugin_url}\/requesterv2.php`;\n\t\t\tvar params = {\n\t\t\t\t\t\t\t\t\t\t\t\t\t\t\t\t\t\t\t\t\t\t\t\t\t\t\t\t'vendedor_id': \"13648\",\n\t\t\t\t\t\t\t\t\t\t\t\t'pax_min': \"2\",\n\t\t\t\t\t\t\t\t\t\t\t\t\t\t\t\t'plugin_id': \"17\",\n\t\t\t\t\t\t\t\t\t\t\t\t\t\t\t\t\t\t\t\t\t\t\t\t\t\t\t\t'user_language': \"es\",\n\t\t\t\t\t\t\t\t\t\t\t\t\t\t\t\t\n\t\t\t\t\n\t\t\t\t'plugin_id': vmg_plugin_id\n\t\t\t};\n\t\t\tconst urlParams = new URLSearchParams(window.location.search);\n\t\t\turlParams.forEach((value, key) => {\n\t\t\t\tparams[key] = value;\n\t\t\t});\n\t\t\t$.post($.pluginUrl,params,function(data, status){\n\t\t\t\tjQuery( \"#pluginContainer\" ).html(data);\n\t\t\t});\n\n\t\t});\n\n\t});\n<\/script><\/div>\n\t\t\t\t<\/div>\n\t\t\t\t<\/div>\n\t\t\t\t<div class=\"elementor-element elementor-element-4638580 elementor-widget elementor-widget-spacer\" data-id=\"4638580\" data-element_type=\"widget\" data-widget_type=\"spacer.default\">\n\t\t\t\t<div class=\"elementor-widget-container\">\n\t\t\t\t\t<div class=\"elementor-spacer\">\n\t\t\t<div class=\"elementor-spacer-inner\"><\/div>\n\t\t<\/div>\n\t\t\t\t<\/div>\n\t\t\t\t<\/div>\n\t\t\t\t\t<\/div>\n\t\t\t\t<\/div>\n\t\t\t\t<\/div>\n\t\t\t\t<section data-dce-background-color=\"#0C345A00\" data-dce-background-overlay-color=\"#00110F\" data-dce-background-image-url=\"https:\/\/www.sealand.com.mx\/guadalajara\/wp-content\/uploads\/sites\/6\/2025\/12\/FONDO-PROMOCIONES-2.png\" class=\"elementor-section elementor-inner-section elementor-element elementor-element-0a6fdf0 elementor-section-boxed elementor-section-height-default elementor-section-height-default\" data-id=\"0a6fdf0\" data-element_type=\"section\" data-settings=\"{&quot;background_background&quot;:&quot;classic&quot;}\">\n\t\t\t\t\t\t\t<div class=\"elementor-background-overlay\"><\/div>\n\t\t\t\t\t\t\t<div class=\"elementor-container elementor-column-gap-no\">\n\t\t\t\t\t<div class=\"elementor-column elementor-col-100 elementor-inner-column elementor-element elementor-element-046d102\" data-id=\"046d102\" data-element_type=\"column\">\n\t\t\t<div class=\"elementor-widget-wrap elementor-element-populated\">\n\t\t\t\t\t\t<div class=\"elementor-element elementor-element-7eff74d elementor-widget elementor-widget-spacer\" data-id=\"7eff74d\" data-element_type=\"widget\" data-widget_type=\"spacer.default\">\n\t\t\t\t<div class=\"elementor-widget-container\">\n\t\t\t\t\t<div class=\"elementor-spacer\">\n\t\t\t<div class=\"elementor-spacer-inner\"><\/div>\n\t\t<\/div>\n\t\t\t\t<\/div>\n\t\t\t\t<\/div>\n\t\t\t\t<div class=\"elementor-element elementor-element-d6f2a2e elementor-widget elementor-widget-accordion\" data-id=\"d6f2a2e\" data-element_type=\"widget\" data-widget_type=\"accordion.default\">\n\t\t\t\t<div class=\"elementor-widget-container\">\n\t\t\t\t\t<div class=\"elementor-accordion\">\n\t\t\t\t\t\t\t<div class=\"elementor-accordion-item\">\n\t\t\t\t\t<div id=\"elementor-tab-title-2251\" class=\"elementor-tab-title\" data-tab=\"1\" role=\"button\" aria-controls=\"elementor-tab-content-2251\" aria-expanded=\"false\">\n\t\t\t\t\t\t\t\t\t\t\t\t\t<span class=\"elementor-accordion-icon elementor-accordion-icon-right\" aria-hidden=\"true\">\n\t\t\t\t\t\t\t\t\t\t\t\t\t\t\t<span class=\"elementor-accordion-icon-closed\"><i class=\"fas fa-plus\"><\/i><\/span>\n\t\t\t\t\t\t\t\t<span class=\"elementor-accordion-icon-opened\"><i class=\"fas fa-minus\"><\/i><\/span>\n\t\t\t\t\t\t\t\t\t\t\t\t\t\t<\/span>\n\t\t\t\t\t\t\t\t\t\t\t\t<a class=\"elementor-accordion-title\" tabindex=\"0\">T\u00e9rminos de uso<\/a>\n\t\t\t\t\t<\/div>\n\t\t\t\t\t<div id=\"elementor-tab-content-2251\" class=\"elementor-tab-content elementor-clearfix\" data-tab=\"1\" role=\"region\" aria-labelledby=\"elementor-tab-title-2251\"><ul><li><strong>El precio preferencial aplica al adquirir al menos dos admisiones y es v\u00e1lido de lunes a domingo, hasta el 31 de mayo de 2026. <\/strong><\/li><li><span style=\"font-weight: 400;\">Presenta tu tarjeta Liverpool,\u00a0 y obt\u00e9n un precio especial en las admisiones a Sealand Guadalajara: Expedici\u00f3n General, Expedici\u00f3n VIP y Expedici\u00f3n General + Ping\u00fcinos (Combo Ping).<\/span><\/li><li><div>Ni\u00f1os y adultos pagan la expedici\u00f3n al mismo costo.<\/div><\/li><li>Nuestros exploradores menores de 3 a\u00f1os no pagan la expedici\u00f3n. A partir de los 3 a\u00f1os cumplidos pagan acceso.<\/li><li>No acumulable con otras promociones, descuentos de grupos empresariales, tours, escolares o convenios<\/li><li><span style=\"font-weight: 400;\">No se permiten reembolsos ni cambios de fecha u horario en compras realizadas con precio especial. <\/span> corporativos.<\/li><li><p><span style=\"font-weight: 400;\">V\u00e1lido en taquillas de Sealand Guadalajara y en l\u00ednea a trav\u00e9s de <\/span><span style=\"font-weight: 400;\">sealand.com.mx\/guadalajara\/promo-liverpool\/<\/span><\/p><\/li><\/ul><\/div>\n\t\t\t\t<\/div>\n\t\t\t\t\t\t\t<div class=\"elementor-accordion-item\">\n\t\t\t\t\t<div id=\"elementor-tab-title-2252\" class=\"elementor-tab-title\" data-tab=\"2\" role=\"button\" aria-controls=\"elementor-tab-content-2252\" aria-expanded=\"false\">\n\t\t\t\t\t\t\t\t\t\t\t\t\t<span class=\"elementor-accordion-icon elementor-accordion-icon-right\" aria-hidden=\"true\">\n\t\t\t\t\t\t\t\t\t\t\t\t\t\t\t<span class=\"elementor-accordion-icon-closed\"><i class=\"fas fa-plus\"><\/i><\/span>\n\t\t\t\t\t\t\t\t<span class=\"elementor-accordion-icon-opened\"><i class=\"fas fa-minus\"><\/i><\/span>\n\t\t\t\t\t\t\t\t\t\t\t\t\t\t<\/span>\n\t\t\t\t\t\t\t\t\t\t\t\t<a class=\"elementor-accordion-title\" tabindex=\"0\">Recomendaciones<\/a>\n\t\t\t\t\t<\/div>\n\t\t\t\t\t<div id=\"elementor-tab-content-2252\" class=\"elementor-tab-content elementor-clearfix\" data-tab=\"2\" role=\"region\" aria-labelledby=\"elementor-tab-title-2252\"><p>-Compra en l\u00ednea y ahorra m\u00e1s.<br \/>-Llega 15 minutos antes.<br \/>-Trae ropa y calzado c\u00f3modo.<\/p><\/div>\n\t\t\t\t<\/div>\n\t\t\t\t\t\t\t\t<\/div>\n\t\t\t\t<\/div>\n\t\t\t\t<\/div>\n\t\t\t\t<div class=\"elementor-element elementor-element-522968b elementor-widget elementor-widget-spacer\" data-id=\"522968b\" data-element_type=\"widget\" data-widget_type=\"spacer.default\">\n\t\t\t\t<div class=\"elementor-widget-container\">\n\t\t\t\t\t<div class=\"elementor-spacer\">\n\t\t\t<div class=\"elementor-spacer-inner\"><\/div>\n\t\t<\/div>\n\t\t\t\t<\/div>\n\t\t\t\t<\/div>\n\t\t\t\t<div class=\"elementor-element elementor-element-196e7a9 elementor-widget elementor-widget-spacer\" data-id=\"196e7a9\" data-element_type=\"widget\" data-widget_type=\"spacer.default\">\n\t\t\t\t<div class=\"elementor-widget-container\">\n\t\t\t\t\t<div class=\"elementor-spacer\">\n\t\t\t<div class=\"elementor-spacer-inner\"><\/div>\n\t\t<\/div>\n\t\t\t\t<\/div>\n\t\t\t\t<\/div>\n\t\t\t\t<div class=\"elementor-element elementor-element-775ff29 elementor-widget elementor-widget-spacer\" data-id=\"775ff29\" data-element_type=\"widget\" data-widget_type=\"spacer.default\">\n\t\t\t\t<div class=\"elementor-widget-container\">\n\t\t\t\t\t<div class=\"elementor-spacer\">\n\t\t\t<div class=\"elementor-spacer-inner\"><\/div>\n\t\t<\/div>\n\t\t\t\t<\/div>\n\t\t\t\t<\/div>\n\t\t\t\t\t<\/div>\n\t\t<\/div>\n\t\t\t\t\t<\/div>\n\t\t<\/section>\n\t\t\t\t\t<\/div>\n\t\t<\/div>\n\t\t\t\t\t<\/div>\n\t\t<\/section>\n\t\t\t\t<\/div>\n\t\t","protected":false},"excerpt":{"rendered":"<p>\u00a1Liverpool te invita a disfrutar de una acuarioventura en sealand Guadalajara! \u00a1No te pierdas la oportunidad de embarcarte en una aventura \u00fanica con tu persona favorita!Solo presenta tu tarjeta Liverpool y una identificaci\u00f3n oficial en taquilla para disfrutar de una promoci\u00f3n exclusiva 2&#215;1 en nuestras expediciones VIP, Combo Ping\u00fcinos y Expedici\u00f3n GeneralAd\u00e9ntrate en un recorrido [&hellip;]<\/p>\n","protected":false},"author":4,"featured_media":0,"parent":0,"menu_order":0,"comment_status":"closed","ping_status":"closed","template":"elementor_header_footer","meta":{"rank_math_lock_modified_date":false,"footnotes":""},"_links":{"self":[{"href":"https:\/\/www.sealand.com.mx\/guadalajara\/wp-json\/wp\/v2\/pages\/6738"}],"collection":[{"href":"https:\/\/www.sealand.com.mx\/guadalajara\/wp-json\/wp\/v2\/pages"}],"about":[{"href":"https:\/\/www.sealand.com.mx\/guadalajara\/wp-json\/wp\/v2\/types\/page"}],"author":[{"embeddable":true,"href":"https:\/\/www.sealand.com.mx\/guadalajara\/wp-json\/wp\/v2\/users\/4"}],"replies":[{"embeddable":true,"href":"https:\/\/www.sealand.com.mx\/guadalajara\/wp-json\/wp\/v2\/comments?post=6738"}],"version-history":[{"count":298,"href":"https:\/\/www.sealand.com.mx\/guadalajara\/wp-json\/wp\/v2\/pages\/6738\/revisions"}],"predecessor-version":[{"id":21226,"href":"https:\/\/www.sealand.com.mx\/guadalajara\/wp-json\/wp\/v2\/pages\/6738\/revisions\/21226"}],"wp:attachment":[{"href":"https:\/\/www.sealand.com.mx\/guadalajara\/wp-json\/wp\/v2\/media?parent=6738"}],"curies":[{"name":"wp","href":"https:\/\/api.w.org\/{rel}","templated":true}]}}