{"id":21101,"date":"2026-04-07T17:44:12","date_gmt":"2026-04-07T17:44:12","guid":{"rendered":"https:\/\/www.sealand.com.mx\/leon\/?page_id=21101"},"modified":"2026-04-07T23:05:21","modified_gmt":"2026-04-07T23:05:21","slug":"leones","status":"publish","type":"page","link":"https:\/\/www.sealand.com.mx\/leon\/leones\/","title":{"rendered":"Leones"},"content":{"rendered":"\t\t<div data-elementor-type=\"wp-page\" data-elementor-id=\"21101\" class=\"elementor elementor-21101\" data-elementor-post-type=\"page\">\n\t\t\t\t\t\t<section class=\"elementor-section elementor-top-section elementor-element elementor-element-b7ceb42 elementor-section-full_width elementor-section-height-default elementor-section-height-default\" data-id=\"b7ceb42\" data-element_type=\"section\">\n\t\t\t\t\t\t<div class=\"elementor-container elementor-column-gap-no\">\n\t\t\t\t\t<div class=\"elementor-column elementor-col-100 elementor-top-column elementor-element elementor-element-f18081c\" data-id=\"f18081c\" data-element_type=\"column\">\n\t\t\t<div class=\"elementor-widget-wrap elementor-element-populated\">\n\t\t\t\t\t\t<div class=\"elementor-element elementor-element-d88e38b elementor-hidden-tablet elementor-hidden-mobile dce_masking-none elementor-widget elementor-widget-image\" data-id=\"d88e38b\" data-element_type=\"widget\" data-widget_type=\"image.default\">\n\t\t\t\t<div class=\"elementor-widget-container\">\n\t\t\t\t\t\t\t\t\t\t\t\t\t<img fetchpriority=\"high\" decoding=\"async\" width=\"1620\" height=\"628\" src=\"https:\/\/www.sealand.com.mx\/leon\/wp-content\/uploads\/sites\/5\/2026\/04\/PROMO-LEONES-SEALANDLEON-DESK.webp\" class=\"attachment-full size-full wp-image-21158\" alt=\"\" srcset=\"https:\/\/www.sealand.com.mx\/leon\/wp-content\/uploads\/sites\/5\/2026\/04\/PROMO-LEONES-SEALANDLEON-DESK.webp 1620w, https:\/\/www.sealand.com.mx\/leon\/wp-content\/uploads\/sites\/5\/2026\/04\/PROMO-LEONES-SEALANDLEON-DESK-300x116.webp 300w, https:\/\/www.sealand.com.mx\/leon\/wp-content\/uploads\/sites\/5\/2026\/04\/PROMO-LEONES-SEALANDLEON-DESK-1024x397.webp 1024w, https:\/\/www.sealand.com.mx\/leon\/wp-content\/uploads\/sites\/5\/2026\/04\/PROMO-LEONES-SEALANDLEON-DESK-768x298.webp 768w, https:\/\/www.sealand.com.mx\/leon\/wp-content\/uploads\/sites\/5\/2026\/04\/PROMO-LEONES-SEALANDLEON-DESK-1536x595.webp 1536w\" sizes=\"(max-width: 1620px) 100vw, 1620px\" \/>\t\t\t\t\t\t\t\t\t\t\t\t\t<\/div>\n\t\t\t\t<\/div>\n\t\t\t\t<div class=\"elementor-element elementor-element-0e4fdb5 elementor-hidden-desktop elementor-hidden-tablet dce_masking-none elementor-widget elementor-widget-image\" data-id=\"0e4fdb5\" data-element_type=\"widget\" data-widget_type=\"image.default\">\n\t\t\t\t<div class=\"elementor-widget-container\">\n\t\t\t\t\t\t\t\t\t\t\t\t\t<img decoding=\"async\" width=\"600\" height=\"750\" src=\"https:\/\/www.sealand.com.mx\/leon\/wp-content\/uploads\/sites\/5\/2026\/04\/PROMO-LEONES-SEALANDLEON-MOVIL.webp\" class=\"attachment-full size-full wp-image-21160\" alt=\"\" srcset=\"https:\/\/www.sealand.com.mx\/leon\/wp-content\/uploads\/sites\/5\/2026\/04\/PROMO-LEONES-SEALANDLEON-MOVIL.webp 600w, https:\/\/www.sealand.com.mx\/leon\/wp-content\/uploads\/sites\/5\/2026\/04\/PROMO-LEONES-SEALANDLEON-MOVIL-240x300.webp 240w\" sizes=\"(max-width: 600px) 100vw, 600px\" \/>\t\t\t\t\t\t\t\t\t\t\t\t\t<\/div>\n\t\t\t\t<\/div>\n\t\t\t\t\t<\/div>\n\t\t<\/div>\n\t\t\t\t\t<\/div>\n\t\t<\/section>\n\t\t\t\t<section data-dce-background-overlay-color=\"#05237C\" data-dce-background-image-url=\"https:\/\/www.sealand.com.mx\/leon\/wp-content\/uploads\/sites\/5\/2024\/04\/FONDO-PROMOCIONES.png\" class=\"elementor-section elementor-top-section elementor-element elementor-element-1805cda elementor-section-full_width elementor-section-stretched elementor-section-height-default elementor-section-height-default\" data-id=\"1805cda\" data-element_type=\"section\" data-settings=\"{&quot;stretch_section&quot;:&quot;section-stretched&quot;,&quot;background_background&quot;:&quot;classic&quot;}\">\n\t\t\t\t\t\t\t<div class=\"elementor-background-overlay\"><\/div>\n\t\t\t\t\t\t\t<div class=\"elementor-container elementor-column-gap-no\">\n\t\t\t\t\t<div class=\"elementor-column elementor-col-100 elementor-top-column elementor-element elementor-element-94fb86f\" data-id=\"94fb86f\" data-element_type=\"column\">\n\t\t\t<div class=\"elementor-widget-wrap elementor-element-populated\">\n\t\t\t\t\t\t<section class=\"elementor-section elementor-inner-section elementor-element elementor-element-43e7aa5 elementor-section-boxed elementor-section-height-default elementor-section-height-default\" data-id=\"43e7aa5\" data-element_type=\"section\">\n\t\t\t\t\t\t<div class=\"elementor-container elementor-column-gap-default\">\n\t\t\t\t\t<div class=\"elementor-column elementor-col-50 elementor-inner-column elementor-element elementor-element-cb74c7b\" data-id=\"cb74c7b\" data-element_type=\"column\">\n\t\t\t<div class=\"elementor-widget-wrap elementor-element-populated\">\n\t\t\t\t\t\t<div class=\"elementor-element elementor-element-044694f elementor-widget elementor-widget-spacer\" data-id=\"044694f\" data-element_type=\"widget\" data-widget_type=\"spacer.default\">\n\t\t\t\t<div class=\"elementor-widget-container\">\n\t\t\t\t\t<div class=\"elementor-spacer\">\n\t\t\t<div class=\"elementor-spacer-inner\"><\/div>\n\t\t<\/div>\n\t\t\t\t<\/div>\n\t\t\t\t<\/div>\n\t\t\t\t<div class=\"elementor-element elementor-element-6cd56bc elementor-widget elementor-widget-heading\" data-id=\"6cd56bc\" data-element_type=\"widget\" data-widget_type=\"heading.default\">\n\t\t\t\t<div class=\"elementor-widget-container\">\n\t\t\t<h1 class=\"elementor-heading-title elementor-size-default\">Tu mar est\u00e1 en Sealand Le\u00f3n<\/h1>\t\t<\/div>\n\t\t\t\t<\/div>\n\t\t\t\t<div class=\"elementor-element elementor-element-cc5b1a6 elementor-widget elementor-widget-text-editor\" data-id=\"cc5b1a6\" data-element_type=\"widget\" data-widget_type=\"text-editor.default\">\n\t\t\t\t<div class=\"elementor-widget-container\">\n\t\t\t\t\t\t\t<p>En Sealand Le\u00f3n sabemos que las familias leonesas buscan experiencias cercanas, accesibles y seguras para disfrutar juntos.<\/p><p>Por eso, hoy queremos tener un gesto especial contigo.<\/p><p><strong>Por tiempo limitado, los residentes de Le\u00f3n pueden vivir la Expedici\u00f3n General por solo $199.<\/strong><\/p><p>\ud83d\udc20 <strong>BENEFICIOS<\/strong><\/p><p>Lo que vas a vivir:<br \/>\u2022\u00a0\u00a0\u00a0Especies marinas sorprendentes<br \/>\u2022\u00a0\u00a0\u00a0Espacios interactivos<br \/>\u2022\u00a0\u00a0\u00a0Momentos memorables en familia<br \/>\u2022\u00a0\u00a0\u00a0Una experiencia diferente sin salir de Le\u00f3n<\/p><p class=\"p2\">\u26a1 <strong>C\u00d3MO FUNCIONA<\/strong><\/p><p>\u2705 Compra tu acceso <b>en l\u00ednea o en taquilla<\/b><b><\/b><\/p><p>\u2705 Presenta el anuncio o comunicado.<\/p><p><b><\/b>\u2705 Muestra <b>una identificaci\u00f3n oficial con residencia en Le\u00f3n<\/b><b><\/b><\/p><h5><b style=\"color: #fbf21a;\"><strong>\u00a1No lo dejes para despu\u00e9s!<\/strong><\/b><\/h5><p class=\"p1\">En <b>Sealand Le\u00f3n<\/b> queremos seguir siendo un espacio cercano para la ciudad, donde ni\u00f1as, ni\u00f1os y familias puedan aprender, divertirse y vivir momentos inolvidables.<\/p>\t\t\t\t\t\t<\/div>\n\t\t\t\t<\/div>\n\t\t\t\t<div class=\"elementor-element elementor-element-c5133ae elementor-widget elementor-widget-heading\" data-id=\"c5133ae\" data-element_type=\"widget\" data-widget_type=\"heading.default\">\n\t\t\t\t<div class=\"elementor-widget-container\">\n\t\t\t<h6 class=\"elementor-heading-title elementor-size-default\">Porque el mar\u2026\ntambi\u00e9n es parte de Le\u00f3n.<\/h6>\t\t<\/div>\n\t\t\t\t<\/div>\n\t\t\t\t\t<\/div>\n\t\t<\/div>\n\t\t\t\t<div class=\"elementor-column elementor-col-50 elementor-inner-column elementor-element elementor-element-2236ec5\" data-id=\"2236ec5\" data-element_type=\"column\">\n\t\t\t<div class=\"elementor-widget-wrap elementor-element-populated\">\n\t\t\t\t\t\t<div class=\"elementor-element elementor-element-bb0cc5b elementor-arrows-position-inside elementor-widget elementor-widget-image-carousel\" data-id=\"bb0cc5b\" data-element_type=\"widget\" data-settings=\"{&quot;slides_to_show&quot;:&quot;1&quot;,&quot;navigation&quot;:&quot;arrows&quot;,&quot;autoplay&quot;:&quot;yes&quot;,&quot;pause_on_hover&quot;:&quot;yes&quot;,&quot;pause_on_interaction&quot;:&quot;yes&quot;,&quot;autoplay_speed&quot;:5000,&quot;infinite&quot;:&quot;yes&quot;,&quot;effect&quot;:&quot;slide&quot;,&quot;speed&quot;:500}\" data-widget_type=\"image-carousel.default\">\n\t\t\t\t<div class=\"elementor-widget-container\">\n\t\t\t\t\t<div class=\"elementor-image-carousel-wrapper swiper\" dir=\"ltr\">\n\t\t\t<div class=\"elementor-image-carousel swiper-wrapper\" aria-live=\"off\">\n\t\t\t\t\t\t\t\t<div class=\"swiper-slide\" role=\"group\" aria-roledescription=\"slide\" aria-label=\"1 de 6\"><figure class=\"swiper-slide-inner\"><img decoding=\"async\" class=\"swiper-slide-image\" src=\"https:\/\/www.sealand.com.mx\/leon\/wp-content\/uploads\/sites\/5\/elementor\/thumbs\/TICKET-5-ria5wrgw9gbull0hv9togdwhuam84exhgm4u9npw44.png\" alt=\"\" \/><\/figure><\/div><div class=\"swiper-slide\" role=\"group\" aria-roledescription=\"slide\" aria-label=\"2 de 6\"><figure class=\"swiper-slide-inner\"><img decoding=\"async\" class=\"swiper-slide-image\" src=\"https:\/\/www.sealand.com.mx\/leon\/wp-content\/uploads\/sites\/5\/elementor\/thumbs\/PASE-GNRAL2-ria5xc5cft45p06giirgz8omwrsatr7kvghitqv8b8.png\" alt=\"\" \/><\/figure><\/div><div class=\"swiper-slide\" role=\"group\" aria-roledescription=\"slide\" aria-label=\"3 de 6\"><figure class=\"swiper-slide-inner\"><img decoding=\"async\" class=\"swiper-slide-image\" src=\"https:\/\/www.sealand.com.mx\/leon\/wp-content\/uploads\/sites\/5\/elementor\/thumbs\/TICKET-4-ria5xpb33hm67jncdog8y5d385zftintl9mbjmbpw4.png\" alt=\"\" \/><\/figure><\/div><div class=\"swiper-slide\" role=\"group\" aria-roledescription=\"slide\" aria-label=\"4 de 6\"><figure class=\"swiper-slide-inner\"><img decoding=\"async\" class=\"swiper-slide-image\" src=\"https:\/\/www.sealand.com.mx\/leon\/wp-content\/uploads\/sites\/5\/elementor\/thumbs\/TICKET-1-ria5y2gtr646q3488u50x21jjk6kta42b2r49hs7h0.png\" alt=\"\" \/><\/figure><\/div><div class=\"swiper-slide\" role=\"group\" aria-roledescription=\"slide\" aria-label=\"5 de 6\"><figure class=\"swiper-slide-inner\"><img decoding=\"async\" class=\"swiper-slide-image\" src=\"https:\/\/www.sealand.com.mx\/leon\/wp-content\/uploads\/sites\/5\/elementor\/thumbs\/TICKET-3-ria5yfmkeum78ml43ztsvypzuydpt1kb0vvwzd8p1w.png\" alt=\"\" \/><\/figure><\/div><div class=\"swiper-slide\" role=\"group\" aria-roledescription=\"slide\" aria-label=\"6 de 6\"><figure class=\"swiper-slide-inner\"><img decoding=\"async\" class=\"swiper-slide-image\" src=\"https:\/\/www.sealand.com.mx\/leon\/wp-content\/uploads\/sites\/5\/elementor\/thumbs\/PASE-GNRAL1-ria5yo344cxs548tqlhg0el57f80qbhw21raauw5hw.png\" alt=\"\" \/><\/figure><\/div>\t\t\t<\/div>\n\t\t\t\t\t\t\t\t\t\t\t\t<div class=\"elementor-swiper-button elementor-swiper-button-prev\" role=\"button\" tabindex=\"0\">\n\t\t\t\t\t\t<i aria-hidden=\"true\" class=\"eicon-chevron-left\"><\/i>\t\t\t\t\t<\/div>\n\t\t\t\t\t<div class=\"elementor-swiper-button elementor-swiper-button-next\" role=\"button\" tabindex=\"0\">\n\t\t\t\t\t\t<i aria-hidden=\"true\" class=\"eicon-chevron-right\"><\/i>\t\t\t\t\t<\/div>\n\t\t\t\t\n\t\t\t\t\t\t\t\t\t<\/div>\n\t\t\t\t<\/div>\n\t\t\t\t<\/div>\n\t\t\t\t\t<\/div>\n\t\t<\/div>\n\t\t\t\t\t<\/div>\n\t\t<\/section>\n\t\t\t\t<div class=\"elementor-element elementor-element-38570d4 elementor-widget elementor-widget-spacer\" data-id=\"38570d4\" data-element_type=\"widget\" data-widget_type=\"spacer.default\">\n\t\t\t\t<div class=\"elementor-widget-container\">\n\t\t\t\t\t<div class=\"elementor-spacer\">\n\t\t\t<div class=\"elementor-spacer-inner\"><\/div>\n\t\t<\/div>\n\t\t\t\t<\/div>\n\t\t\t\t<\/div>\n\t\t<div data-dce-background-color=\"#051C41\" class=\"elementor-element elementor-element-b794606 e-con-full e-flex e-con e-parent\" data-id=\"b794606\" data-element_type=\"container\" data-settings=\"{&quot;background_background&quot;:&quot;classic&quot;}\">\n\t\t<div class=\"elementor-element elementor-element-fe5c8f0 e-flex e-con-boxed e-con e-child\" data-id=\"fe5c8f0\" data-element_type=\"container\">\n\t\t\t\t\t<div class=\"e-con-inner\">\n\t\t\t\t<div class=\"elementor-element elementor-element-64f881c elementor-widget elementor-widget-spacer\" data-id=\"64f881c\" data-element_type=\"widget\" data-widget_type=\"spacer.default\">\n\t\t\t\t<div class=\"elementor-widget-container\">\n\t\t\t\t\t<div class=\"elementor-spacer\">\n\t\t\t<div class=\"elementor-spacer-inner\"><\/div>\n\t\t<\/div>\n\t\t\t\t<\/div>\n\t\t\t\t<\/div>\n\t\t\t\t<div class=\"elementor-element elementor-element-363e0ca elementor-widget elementor-widget-heading\" data-id=\"363e0ca\" data-element_type=\"widget\" data-widget_type=\"heading.default\">\n\t\t\t\t<div class=\"elementor-widget-container\">\n\t\t\t<div class=\"elementor-heading-title elementor-size-default\">pOMOCI\u00d3N V\u00c1LIDA AL 15 DE ABRIL DEL 2026<\/div>\t\t<\/div>\n\t\t\t\t<\/div>\n\t\t\t\t\t<\/div>\n\t\t\t\t<\/div>\n\t\t<div class=\"elementor-element elementor-element-ea24f0b e-flex e-con-boxed e-con e-child\" data-id=\"ea24f0b\" data-element_type=\"container\">\n\t\t\t\t\t<div class=\"e-con-inner\">\n\t\t\t\t<div class=\"elementor-element elementor-element-26dbb8e elementor-widget elementor-widget-shortcode\" data-id=\"26dbb8e\" data-element_type=\"widget\" data-widget_type=\"shortcode.default\">\n\t\t\t\t<div class=\"elementor-widget-container\">\n\t\t\t\t\t<div class=\"elementor-shortcode\"><input type=\"hidden\" id=\"vmg_plugin_id\" value=\"19\">\n<input type=\"hidden\" id=\"vmg_plugin_url\" value=\"plugin.venturae.com.mx\">\n<div  id=\"pluginContainer\" class=\"container\"><\/div>\n<link href=\"https:\/\/cdnjs.cloudflare.com\/ajax\/libs\/font-awesome\/5.10.2\/css\/all.min.css\" rel=\"stylesheet\">\n<script src=\"https:\/\/ajax.googleapis.com\/ajax\/libs\/jquery\/3.7.1\/jquery.min.js\"><\/script>\n<script>\n\tjQuery(document).ready(function($){\n\t\tvar vmg_plugin_id = $('#vmg_plugin_id').val();\n\t\tvar vmg_plugin_url = $('#vmg_plugin_url').val();\n\n\t\t$.getScript( `https:\/\/${vmg_plugin_url}\/js\/pluginscripts.js`, function(jd) {\n\t\t\t\"use strict\";\n\t\t\t$.pluginUrl = `https:\/\/${vmg_plugin_url}\/requesterv2.php`;\n\t\t\tvar params = {\n\t\t\t\t\t\t\t\t\t\t\t\t'promocode': \"PREVLEON\",\n\t\t\t\t\t\t\t\t\t\t\t\t\t\t\t\t\t\t\t\t\t\t\t\t\t\t\t\t\t\t\t\t\t\t\t\t'plugin_id': \"19\",\n\t\t\t\t\t\t\t\t\t\t\t\t\t\t\t\t\t\t\t\t\t\t\t\t\t\t\t\t'user_language': \"es\",\n\t\t\t\t\t\t\t\t\t\t\t\t\t\t\t\t\n\t\t\t\t\n\t\t\t\t'plugin_id': vmg_plugin_id\n\t\t\t};\n\t\t\tconst urlParams = new URLSearchParams(window.location.search);\n\t\t\turlParams.forEach((value, key) => {\n\t\t\t\tparams[key] = value;\n\t\t\t});\n\t\t\t$.post($.pluginUrl,params,function(data, status){\n\t\t\t\tjQuery( \"#pluginContainer\" ).html(data);\n\t\t\t});\n\n\t\t});\n\n\t});\n<\/script><\/div>\n\t\t\t\t<\/div>\n\t\t\t\t<\/div>\n\t\t\t\t<div class=\"elementor-element elementor-element-eebc932 elementor-widget elementor-widget-spacer\" data-id=\"eebc932\" data-element_type=\"widget\" data-widget_type=\"spacer.default\">\n\t\t\t\t<div class=\"elementor-widget-container\">\n\t\t\t\t\t<div class=\"elementor-spacer\">\n\t\t\t<div class=\"elementor-spacer-inner\"><\/div>\n\t\t<\/div>\n\t\t\t\t<\/div>\n\t\t\t\t<\/div>\n\t\t\t\t\t<\/div>\n\t\t\t\t<\/div>\n\t\t\t\t<\/div>\n\t\t<div data-dce-background-color=\"#033381\" class=\"elementor-element elementor-element-0b49ab8 elementor-hidden-desktop elementor-hidden-tablet elementor-hidden-mobile e-flex e-con-boxed e-con e-parent\" data-id=\"0b49ab8\" data-element_type=\"container\" data-settings=\"{&quot;background_background&quot;:&quot;classic&quot;}\">\n\t\t\t\t\t<div class=\"e-con-inner\">\n\t\t<div data-dce-background-color=\"#033381\" class=\"elementor-element elementor-element-dffadc7 e-con-full e-flex e-con e-child\" data-id=\"dffadc7\" data-element_type=\"container\" data-settings=\"{&quot;background_background&quot;:&quot;classic&quot;}\">\n\t\t<div class=\"elementor-element elementor-element-f4ebc83 e-con-full e-flex e-con e-child\" data-id=\"f4ebc83\" data-element_type=\"container\">\n\t\t\t\t<div class=\"elementor-element elementor-element-61bea78 elementor-widget elementor-widget-heading\" data-id=\"61bea78\" data-element_type=\"widget\" data-widget_type=\"heading.default\">\n\t\t\t\t<div class=\"elementor-widget-container\">\n\t\t\t<h2 class=\"elementor-heading-title elementor-size-default\">\u00bfQuieres obtener una<\/h2>\t\t<\/div>\n\t\t\t\t<\/div>\n\t\t\t\t<div class=\"elementor-element elementor-element-1cd3b7c elementor-widget elementor-widget-heading\" data-id=\"1cd3b7c\" data-element_type=\"widget\" data-widget_type=\"heading.default\">\n\t\t\t\t<div class=\"elementor-widget-container\">\n\t\t\t<h2 class=\"elementor-heading-title elementor-size-default\">experiencia 2x1 VIP? <\/h2>\t\t<\/div>\n\t\t\t\t<\/div>\n\t\t\t\t<\/div>\n\t\t<div class=\"elementor-element elementor-element-7d6b7b7 e-con-full e-flex e-con e-child\" data-id=\"7d6b7b7\" data-element_type=\"container\">\n\t\t\t\t<div class=\"elementor-element elementor-element-a931af9 elementor-align-left elementor-widget elementor-widget-button\" data-id=\"a931af9\" data-element_type=\"widget\" data-widget_type=\"button.default\">\n\t\t\t\t<div class=\"elementor-widget-container\">\n\t\t\t\t\t<div class=\"elementor-button-wrapper\">\n\t\t\t<a class=\"elementor-button elementor-button-link elementor-size-sm\" href=\"https:\/\/api.whatsapp.com\/send?phone=5219902368824&#038;utm_source=website&#038;utm_medium=whatsapp&#038;utm_campaign=chat#\" target=\"_blank\" rel=\"noopener\">\n\t\t\t\t\t\t<span class=\"elementor-button-content-wrapper\">\n\t\t\t\t\t\t\t\t\t<span class=\"elementor-button-text\">RESERVA AQU\u00cd<\/span>\n\t\t\t\t\t<\/span>\n\t\t\t\t\t<\/a>\n\t\t<\/div>\n\t\t\t\t<\/div>\n\t\t\t\t<\/div>\n\t\t\t\t<\/div>\n\t\t\t\t<\/div>\n\t\t\t\t\t<\/div>\n\t\t\t\t<\/div>\n\t\t\t\t<section data-dce-background-color=\"#0C345A00\" class=\"elementor-section elementor-inner-section elementor-element elementor-element-d735344 elementor-section-boxed elementor-section-height-default elementor-section-height-default\" data-id=\"d735344\" data-element_type=\"section\" data-settings=\"{&quot;background_background&quot;:&quot;classic&quot;}\">\n\t\t\t\t\t\t<div class=\"elementor-container elementor-column-gap-no\">\n\t\t\t\t\t<div class=\"elementor-column elementor-col-100 elementor-inner-column elementor-element elementor-element-f36b817\" data-id=\"f36b817\" data-element_type=\"column\">\n\t\t\t<div class=\"elementor-widget-wrap elementor-element-populated\">\n\t\t\t\t\t\t<div class=\"elementor-element elementor-element-86207bd elementor-widget elementor-widget-spacer\" data-id=\"86207bd\" data-element_type=\"widget\" data-widget_type=\"spacer.default\">\n\t\t\t\t<div class=\"elementor-widget-container\">\n\t\t\t\t\t<div class=\"elementor-spacer\">\n\t\t\t<div class=\"elementor-spacer-inner\"><\/div>\n\t\t<\/div>\n\t\t\t\t<\/div>\n\t\t\t\t<\/div>\n\t\t\t\t<div class=\"elementor-element elementor-element-79eeb64 elementor-widget elementor-widget-accordion\" data-id=\"79eeb64\" data-element_type=\"widget\" data-widget_type=\"accordion.default\">\n\t\t\t\t<div class=\"elementor-widget-container\">\n\t\t\t\t\t<div class=\"elementor-accordion\">\n\t\t\t\t\t\t\t<div class=\"elementor-accordion-item\">\n\t\t\t\t\t<div id=\"elementor-tab-title-1271\" class=\"elementor-tab-title\" data-tab=\"1\" role=\"button\" aria-controls=\"elementor-tab-content-1271\" aria-expanded=\"false\">\n\t\t\t\t\t\t\t\t\t\t\t\t\t<span class=\"elementor-accordion-icon elementor-accordion-icon-right\" aria-hidden=\"true\">\n\t\t\t\t\t\t\t\t\t\t\t\t\t\t\t<span class=\"elementor-accordion-icon-closed\"><i class=\"fas fa-plus\"><\/i><\/span>\n\t\t\t\t\t\t\t\t<span class=\"elementor-accordion-icon-opened\"><i class=\"fas fa-minus\"><\/i><\/span>\n\t\t\t\t\t\t\t\t\t\t\t\t\t\t<\/span>\n\t\t\t\t\t\t\t\t\t\t\t\t<a class=\"elementor-accordion-title\" tabindex=\"0\">T\u00e9rminos de uso<\/a>\n\t\t\t\t\t<\/div>\n\t\t\t\t\t<div id=\"elementor-tab-content-1271\" class=\"elementor-tab-content elementor-clearfix\" data-tab=\"1\" role=\"region\" aria-labelledby=\"elementor-tab-title-1271\"><ul><li><strong>Promoci\u00f3n v\u00e1lida hasta el 15 de abril de 2026.<\/strong><\/li><li>Promoci\u00f3n v\u00e1lida comprando tu acceso a trav\u00e9s de nuestra p\u00e1gina web y taquilla.<\/li><li>Promoci\u00f3n exclusiva para residentes de Le\u00f3n, Guanajuato. Ser\u00e1 obligatorio presentar INE o identificaci\u00f3n oficial vigente que acredite domicilio en Le\u00f3n al momento de ingresar a Sealand Le\u00f3n.<\/li><li><strong>V\u00e1lido en la compra de m\u00ednimo 1 y m\u00e1ximo 9 accesos de expedici\u00f3n general.<\/strong><\/li><li>No acumulable con otras promociones, descuentos, convenios o grupos.<\/li><li>No aplica en experiencias adicionales, interacciones, paquetes especiales ni productos complementarios.<\/li><\/ul><\/div>\n\t\t\t\t<\/div>\n\t\t\t\t\t\t\t\t<\/div>\n\t\t\t\t<\/div>\n\t\t\t\t<\/div>\n\t\t\t\t<div class=\"elementor-element elementor-element-f8141a0 elementor-widget elementor-widget-spacer\" data-id=\"f8141a0\" data-element_type=\"widget\" data-widget_type=\"spacer.default\">\n\t\t\t\t<div class=\"elementor-widget-container\">\n\t\t\t\t\t<div class=\"elementor-spacer\">\n\t\t\t<div class=\"elementor-spacer-inner\"><\/div>\n\t\t<\/div>\n\t\t\t\t<\/div>\n\t\t\t\t<\/div>\n\t\t\t\t<div class=\"elementor-element elementor-element-8cb23c2 elementor-widget elementor-widget-spacer\" data-id=\"8cb23c2\" data-element_type=\"widget\" data-widget_type=\"spacer.default\">\n\t\t\t\t<div class=\"elementor-widget-container\">\n\t\t\t\t\t<div class=\"elementor-spacer\">\n\t\t\t<div class=\"elementor-spacer-inner\"><\/div>\n\t\t<\/div>\n\t\t\t\t<\/div>\n\t\t\t\t<\/div>\n\t\t\t\t\t<\/div>\n\t\t<\/div>\n\t\t\t\t\t<\/div>\n\t\t<\/section>\n\t\t\t\t\t<\/div>\n\t\t<\/div>\n\t\t\t\t\t<\/div>\n\t\t<\/section>\n\t\t\t\t<\/div>\n\t\t","protected":false},"excerpt":{"rendered":"<p>Tu mar est\u00e1 en Sealand Le\u00f3n En Sealand Le\u00f3n sabemos que las familias leonesas buscan experiencias cercanas, accesibles y seguras para disfrutar juntos. Por eso, hoy queremos tener un gesto especial contigo. Por tiempo limitado, los residentes de Le\u00f3n pueden vivir la Expedici\u00f3n General por solo $199. \ud83d\udc20 BENEFICIOS Lo que vas a vivir:\u2022\u00a0\u00a0\u00a0Especies marinas [&hellip;]<\/p>\n","protected":false},"author":4,"featured_media":21158,"parent":0,"menu_order":0,"comment_status":"closed","ping_status":"closed","template":"elementor_header_footer","meta":{"rank_math_lock_modified_date":false,"footnotes":""},"acf":[],"_links":{"self":[{"href":"https:\/\/www.sealand.com.mx\/leon\/wp-json\/wp\/v2\/pages\/21101"}],"collection":[{"href":"https:\/\/www.sealand.com.mx\/leon\/wp-json\/wp\/v2\/pages"}],"about":[{"href":"https:\/\/www.sealand.com.mx\/leon\/wp-json\/wp\/v2\/types\/page"}],"author":[{"embeddable":true,"href":"https:\/\/www.sealand.com.mx\/leon\/wp-json\/wp\/v2\/users\/4"}],"replies":[{"embeddable":true,"href":"https:\/\/www.sealand.com.mx\/leon\/wp-json\/wp\/v2\/comments?post=21101"}],"version-history":[{"count":43,"href":"https:\/\/www.sealand.com.mx\/leon\/wp-json\/wp\/v2\/pages\/21101\/revisions"}],"predecessor-version":[{"id":21247,"href":"https:\/\/www.sealand.com.mx\/leon\/wp-json\/wp\/v2\/pages\/21101\/revisions\/21247"}],"wp:featuredmedia":[{"embeddable":true,"href":"https:\/\/www.sealand.com.mx\/leon\/wp-json\/wp\/v2\/media\/21158"}],"wp:attachment":[{"href":"https:\/\/www.sealand.com.mx\/leon\/wp-json\/wp\/v2\/media?parent=21101"}],"curies":[{"name":"wp","href":"https:\/\/api.w.org\/{rel}","templated":true}]}}