{"id":21498,"date":"2026-04-29T21:22:58","date_gmt":"2026-04-29T21:22:58","guid":{"rendered":"https:\/\/www.sealand.com.mx\/leon\/?page_id=21498"},"modified":"2026-04-30T16:15:07","modified_gmt":"2026-04-30T16:15:07","slug":"promo-mama","status":"publish","type":"page","link":"https:\/\/www.sealand.com.mx\/leon\/promo-mama\/","title":{"rendered":"Promo mam\u00e1"},"content":{"rendered":"\t\t<div data-elementor-type=\"wp-page\" data-elementor-id=\"21498\" class=\"elementor elementor-21498\" data-elementor-post-type=\"page\">\n\t\t\t\t\t\t<section class=\"elementor-section elementor-top-section elementor-element elementor-element-6c89e4d elementor-section-full_width elementor-section-height-default elementor-section-height-default\" data-id=\"6c89e4d\" data-element_type=\"section\">\n\t\t\t\t\t\t<div class=\"elementor-container elementor-column-gap-no\">\n\t\t\t\t\t<div class=\"elementor-column elementor-col-100 elementor-top-column elementor-element elementor-element-efaaace\" data-id=\"efaaace\" data-element_type=\"column\">\n\t\t\t<div class=\"elementor-widget-wrap elementor-element-populated\">\n\t\t\t\t\t\t<div class=\"elementor-element elementor-element-4f0a779 elementor-hidden-mobile dce_masking-none elementor-widget elementor-widget-image\" data-id=\"4f0a779\" data-element_type=\"widget\" data-widget_type=\"image.default\">\n\t\t\t\t<div class=\"elementor-widget-container\">\n\t\t\t\t\t\t\t\t\t\t\t\t\t<img fetchpriority=\"high\" decoding=\"async\" width=\"1628\" height=\"500\" src=\"https:\/\/www.sealand.com.mx\/leon\/wp-content\/uploads\/sites\/5\/2026\/04\/promo-mama-sealand-leon-desktop.jpg\" class=\"attachment-full size-full wp-image-21509\" alt=\"\" srcset=\"https:\/\/www.sealand.com.mx\/leon\/wp-content\/uploads\/sites\/5\/2026\/04\/promo-mama-sealand-leon-desktop.jpg 1628w, https:\/\/www.sealand.com.mx\/leon\/wp-content\/uploads\/sites\/5\/2026\/04\/promo-mama-sealand-leon-desktop-300x92.jpg 300w, https:\/\/www.sealand.com.mx\/leon\/wp-content\/uploads\/sites\/5\/2026\/04\/promo-mama-sealand-leon-desktop-1024x314.jpg 1024w, https:\/\/www.sealand.com.mx\/leon\/wp-content\/uploads\/sites\/5\/2026\/04\/promo-mama-sealand-leon-desktop-768x236.jpg 768w, https:\/\/www.sealand.com.mx\/leon\/wp-content\/uploads\/sites\/5\/2026\/04\/promo-mama-sealand-leon-desktop-1536x472.jpg 1536w\" sizes=\"(max-width: 1628px) 100vw, 1628px\" \/>\t\t\t\t\t\t\t\t\t\t\t\t\t<\/div>\n\t\t\t\t<\/div>\n\t\t\t\t<div class=\"elementor-element elementor-element-26654f0 elementor-hidden-desktop elementor-hidden-tablet dce_masking-none elementor-widget elementor-widget-image\" data-id=\"26654f0\" data-element_type=\"widget\" data-widget_type=\"image.default\">\n\t\t\t\t<div class=\"elementor-widget-container\">\n\t\t\t\t\t\t\t\t\t\t\t\t\t<img decoding=\"async\" width=\"428\" height=\"500\" src=\"https:\/\/www.sealand.com.mx\/leon\/wp-content\/uploads\/sites\/5\/2026\/04\/promo-mama-sealand-leon-movil.jpg\" class=\"attachment-full size-full wp-image-21510\" alt=\"\" srcset=\"https:\/\/www.sealand.com.mx\/leon\/wp-content\/uploads\/sites\/5\/2026\/04\/promo-mama-sealand-leon-movil.jpg 428w, https:\/\/www.sealand.com.mx\/leon\/wp-content\/uploads\/sites\/5\/2026\/04\/promo-mama-sealand-leon-movil-257x300.jpg 257w\" sizes=\"(max-width: 428px) 100vw, 428px\" \/>\t\t\t\t\t\t\t\t\t\t\t\t\t<\/div>\n\t\t\t\t<\/div>\n\t\t\t\t\t<\/div>\n\t\t<\/div>\n\t\t\t\t\t<\/div>\n\t\t<\/section>\n\t\t\t\t<section data-dce-background-overlay-color=\"#0A003B\" data-dce-background-image-url=\"https:\/\/www.sealand.com.mx\/leon\/wp-content\/uploads\/sites\/5\/2026\/01\/FONDO-DESK.png\" class=\"elementor-section elementor-top-section elementor-element elementor-element-52f9e59 elementor-section-stretched elementor-section-full_width elementor-section-height-default elementor-section-height-default\" data-id=\"52f9e59\" data-element_type=\"section\" data-settings=\"{&quot;stretch_section&quot;:&quot;section-stretched&quot;,&quot;background_background&quot;:&quot;classic&quot;}\">\n\t\t\t\t\t\t\t<div class=\"elementor-background-overlay\"><\/div>\n\t\t\t\t\t\t\t<div class=\"elementor-container elementor-column-gap-no\">\n\t\t\t\t\t<div class=\"elementor-column elementor-col-100 elementor-top-column elementor-element elementor-element-8ba63ae\" data-id=\"8ba63ae\" data-element_type=\"column\">\n\t\t\t<div class=\"elementor-widget-wrap elementor-element-populated\">\n\t\t\t\t\t\t<section class=\"elementor-section elementor-inner-section elementor-element elementor-element-8fde17f elementor-section-boxed elementor-section-height-default elementor-section-height-default\" data-id=\"8fde17f\" data-element_type=\"section\">\n\t\t\t\t\t\t<div class=\"elementor-container elementor-column-gap-default\">\n\t\t\t\t\t<div class=\"elementor-column elementor-col-50 elementor-inner-column elementor-element elementor-element-805b75e\" data-id=\"805b75e\" data-element_type=\"column\">\n\t\t\t<div class=\"elementor-widget-wrap elementor-element-populated\">\n\t\t\t\t<div class=\"elementor-element elementor-element-950f7b3 e-flex e-con-boxed e-con e-child\" data-id=\"950f7b3\" data-element_type=\"container\">\n\t\t\t\t\t<div class=\"e-con-inner\">\n\t\t\t\t<div class=\"elementor-element elementor-element-8bb2df3 elementor-widget elementor-widget-heading\" data-id=\"8bb2df3\" data-element_type=\"widget\" data-widget_type=\"heading.default\">\n\t\t\t\t<div class=\"elementor-widget-container\">\n\t\t\t<h1 class=\"elementor-heading-title elementor-size-default\">\u00a1REGALA A MAM\u00c1 UNA ACUARIOVENTURA!<\/h1>\t\t<\/div>\n\t\t\t\t<\/div>\n\t\t\t\t<div class=\"elementor-element elementor-element-1f53e80 elementor-widget elementor-widget-heading\" data-id=\"1f53e80\" data-element_type=\"widget\" data-widget_type=\"heading.default\">\n\t\t\t\t<div class=\"elementor-widget-container\">\n\t\t\t<h2 class=\"elementor-heading-title elementor-size-default\">Este 10 de mayo, en Sealand Le\u00f3n queremos hacer de su d\u00eda algo realmente especial.<\/h2>\t\t<\/div>\n\t\t\t\t<\/div>\n\t\t\t\t<div class=\"elementor-element elementor-element-90e58a0 elementor-widget elementor-widget-text-editor\" data-id=\"90e58a0\" data-element_type=\"widget\" data-widget_type=\"text-editor.default\">\n\t\t\t\t<div class=\"elementor-widget-container\">\n\t\t\t\t\t\t\t<p><span style=\"font-weight: 400;\">Porque mam\u00e1 siempre est\u00e1 para todos, hoy es momento de consentirla y compartir juntos una experiencia diferente, llena de momentos \u00fanicos y especies fascinantes.<\/span><\/p><p><span style=\"font-weight: 400;\">Este D\u00eda de las Madres, mam\u00e1 entra GRATIS a la Expedici\u00f3n general, en la compra del boleto de hijo(a). <\/span><\/p>\t\t\t\t\t\t<\/div>\n\t\t\t\t<\/div>\n\t\t\t\t<div class=\"elementor-element elementor-element-415b290 elementor-widget elementor-widget-text-editor\" data-id=\"415b290\" data-element_type=\"widget\" data-widget_type=\"text-editor.default\">\n\t\t\t\t<div class=\"elementor-widget-container\">\n\t\t\t\t\t\t\t<p><span style=\"font-weight: 400;\">Recorran juntos nuestros mundos, descubran especies incre\u00edbles y vivan una experiencia que se convertir\u00e1 en un recuerdo inolvidable.<\/span><\/p>\t\t\t\t\t\t<\/div>\n\t\t\t\t<\/div>\n\t\t\t\t<div class=\"elementor-element elementor-element-fe1589d dce_masking-none elementor-vertical-align-top elementor-widget elementor-widget-image-box\" data-id=\"fe1589d\" data-element_type=\"widget\" data-widget_type=\"image-box.default\">\n\t\t\t\t<div class=\"elementor-widget-container\">\n\t\t\t<div class=\"elementor-image-box-wrapper\"><div class=\"elementor-image-box-content\"><p class=\"elementor-image-box-description\"><b>\u00bfC\u00f3mo funciona?<\/b>\n<ul style=\"color:#ffff\">\n    <li>Vis\u00edtanos este 10 de mayo 2026<\/li>\n    <li>Compra el boleto de Expedici\u00f3n General<\/li>\n    <li>Mam\u00e1 entra gratis en la misma compra<\/li>\n<\/p><\/div><\/div>\t\t<\/div>\n\t\t\t\t<\/div>\n\t\t\t\t<div class=\"elementor-element elementor-element-51b09db elementor-widget elementor-widget-heading\" data-id=\"51b09db\" data-element_type=\"widget\" data-widget_type=\"heading.default\">\n\t\t\t\t<div class=\"elementor-widget-container\">\n\t\t\t<h3 class=\"elementor-heading-title elementor-size-default\">Promoci\u00f3n v\u00e1lida solo en taquilla<\/h3>\t\t<\/div>\n\t\t\t\t<\/div>\n\t\t\t\t\t<\/div>\n\t\t\t\t<\/div>\n\t\t\t\t\t<\/div>\n\t\t<\/div>\n\t\t\t\t<div class=\"elementor-column elementor-col-50 elementor-inner-column elementor-element elementor-element-a40bb43\" data-id=\"a40bb43\" data-element_type=\"column\">\n\t\t\t<div class=\"elementor-widget-wrap elementor-element-populated\">\n\t\t\t\t\t\t<div class=\"elementor-element elementor-element-ebbcab6 elementor-arrows-position-inside elementor-widget elementor-widget-image-carousel\" data-id=\"ebbcab6\" data-element_type=\"widget\" data-settings=\"{&quot;slides_to_show&quot;:&quot;1&quot;,&quot;navigation&quot;:&quot;arrows&quot;,&quot;autoplay&quot;:&quot;yes&quot;,&quot;pause_on_hover&quot;:&quot;yes&quot;,&quot;pause_on_interaction&quot;:&quot;yes&quot;,&quot;autoplay_speed&quot;:5000,&quot;infinite&quot;:&quot;yes&quot;,&quot;effect&quot;:&quot;slide&quot;,&quot;speed&quot;:500}\" data-widget_type=\"image-carousel.default\">\n\t\t\t\t<div class=\"elementor-widget-container\">\n\t\t\t\t\t<div class=\"elementor-image-carousel-wrapper swiper\" dir=\"ltr\">\n\t\t\t<div class=\"elementor-image-carousel swiper-wrapper\" aria-live=\"off\">\n\t\t\t\t\t\t\t\t<div class=\"swiper-slide\" role=\"group\" aria-roledescription=\"slide\" aria-label=\"1 de 4\"><figure class=\"swiper-slide-inner\"><img decoding=\"async\" class=\"swiper-slide-image\" src=\"https:\/\/www.sealand.com.mx\/leon\/wp-content\/uploads\/sites\/5\/2025\/06\/PINGUINAVIDAD-3.jpg\" alt=\"\" \/><\/figure><\/div><div class=\"swiper-slide\" role=\"group\" aria-roledescription=\"slide\" aria-label=\"2 de 4\"><figure class=\"swiper-slide-inner\"><img decoding=\"async\" class=\"swiper-slide-image\" src=\"https:\/\/www.sealand.com.mx\/leon\/wp-content\/uploads\/sites\/5\/2026\/01\/FAST-1.png\" alt=\"\" \/><\/figure><\/div><div class=\"swiper-slide\" role=\"group\" aria-roledescription=\"slide\" aria-label=\"3 de 4\"><figure class=\"swiper-slide-inner\"><img decoding=\"async\" class=\"swiper-slide-image\" src=\"https:\/\/www.sealand.com.mx\/leon\/wp-content\/uploads\/sites\/5\/2026\/01\/Buenfin_sealandleon-galeria3.jpg\" alt=\"\" \/><\/figure><\/div><div class=\"swiper-slide\" role=\"group\" aria-roledescription=\"slide\" aria-label=\"4 de 4\"><figure class=\"swiper-slide-inner\"><img decoding=\"async\" class=\"swiper-slide-image\" src=\"https:\/\/www.sealand.com.mx\/leon\/wp-content\/uploads\/sites\/5\/2025\/11\/PINGUINAVIDAD-2.jpg\" alt=\"\" \/><\/figure><\/div>\t\t\t<\/div>\n\t\t\t\t\t\t\t\t\t\t\t\t<div class=\"elementor-swiper-button elementor-swiper-button-prev\" role=\"button\" tabindex=\"0\">\n\t\t\t\t\t\t<i aria-hidden=\"true\" class=\"eicon-chevron-left\"><\/i>\t\t\t\t\t<\/div>\n\t\t\t\t\t<div class=\"elementor-swiper-button elementor-swiper-button-next\" role=\"button\" tabindex=\"0\">\n\t\t\t\t\t\t<i aria-hidden=\"true\" class=\"eicon-chevron-right\"><\/i>\t\t\t\t\t<\/div>\n\t\t\t\t\n\t\t\t\t\t\t\t\t\t<\/div>\n\t\t\t\t<\/div>\n\t\t\t\t<\/div>\n\t\t\t\t<div class=\"elementor-element elementor-element-5a9bf02 elementor-widget__width-initial elementor-absolute elementor-hidden-mobile dce_masking-none elementor-widget elementor-widget-image\" data-id=\"5a9bf02\" data-element_type=\"widget\" data-settings=\"{&quot;_position&quot;:&quot;absolute&quot;,&quot;motion_fx_motion_fx_scrolling&quot;:&quot;yes&quot;,&quot;motion_fx_devices&quot;:[&quot;desktop&quot;,&quot;tablet&quot;,&quot;mobile&quot;]}\" data-widget_type=\"image.default\">\n\t\t\t\t<div class=\"elementor-widget-container\">\n\t\t\t\t\t\t\t\t\t\t\t\t\t<img decoding=\"async\" width=\"2560\" height=\"1414\" src=\"https:\/\/www.sealand.com.mx\/leon\/wp-content\/uploads\/sites\/5\/2026\/01\/PECES-2.png\" class=\"attachment-full size-full wp-image-19706\" alt=\"\" srcset=\"https:\/\/www.sealand.com.mx\/leon\/wp-content\/uploads\/sites\/5\/2026\/01\/PECES-2.png 2560w, https:\/\/www.sealand.com.mx\/leon\/wp-content\/uploads\/sites\/5\/2026\/01\/PECES-2-300x166.png 300w, https:\/\/www.sealand.com.mx\/leon\/wp-content\/uploads\/sites\/5\/2026\/01\/PECES-2-1024x566.png 1024w, https:\/\/www.sealand.com.mx\/leon\/wp-content\/uploads\/sites\/5\/2026\/01\/PECES-2-768x424.png 768w, https:\/\/www.sealand.com.mx\/leon\/wp-content\/uploads\/sites\/5\/2026\/01\/PECES-2-1536x848.png 1536w, https:\/\/www.sealand.com.mx\/leon\/wp-content\/uploads\/sites\/5\/2026\/01\/PECES-2-2048x1131.png 2048w\" sizes=\"(max-width: 2560px) 100vw, 2560px\" \/>\t\t\t\t\t\t\t\t\t\t\t\t\t<\/div>\n\t\t\t\t<\/div>\n\t\t\t\t\t<\/div>\n\t\t<\/div>\n\t\t\t\t\t<\/div>\n\t\t<\/section>\n\t\t\t\t<div class=\"elementor-element elementor-element-4a8efdf elementor-widget elementor-widget-spacer\" data-id=\"4a8efdf\" data-element_type=\"widget\" data-widget_type=\"spacer.default\">\n\t\t\t\t<div class=\"elementor-widget-container\">\n\t\t\t\t\t<div class=\"elementor-spacer\">\n\t\t\t<div class=\"elementor-spacer-inner\"><\/div>\n\t\t<\/div>\n\t\t\t\t<\/div>\n\t\t\t\t<\/div>\n\t\t\t\t\t<\/div>\n\t\t<\/div>\n\t\t\t\t\t<\/div>\n\t\t<\/section>\n\t\t\t\t<section data-dce-background-overlay-color=\"#0A003B\" data-dce-background-image-url=\"https:\/\/www.sealand.com.mx\/leon\/wp-content\/uploads\/sites\/5\/2026\/01\/FONDO-DESK.png\" class=\"elementor-section elementor-top-section elementor-element elementor-element-f62021a elementor-section-stretched elementor-section-boxed elementor-section-height-default elementor-section-height-default\" data-id=\"f62021a\" data-element_type=\"section\" data-settings=\"{&quot;stretch_section&quot;:&quot;section-stretched&quot;,&quot;background_background&quot;:&quot;classic&quot;}\">\n\t\t\t\t\t\t\t<div class=\"elementor-background-overlay\"><\/div>\n\t\t\t\t\t\t\t<div class=\"elementor-container elementor-column-gap-no\">\n\t\t\t\t\t<div class=\"elementor-column elementor-col-100 elementor-top-column elementor-element elementor-element-ad1e955\" data-id=\"ad1e955\" data-element_type=\"column\">\n\t\t\t<div class=\"elementor-widget-wrap elementor-element-populated\">\n\t\t\t\t\t\t<div class=\"elementor-element elementor-element-57e5ec1 elementor-widget elementor-widget-spacer\" data-id=\"57e5ec1\" data-element_type=\"widget\" data-widget_type=\"spacer.default\">\n\t\t\t\t<div class=\"elementor-widget-container\">\n\t\t\t\t\t<div class=\"elementor-spacer\">\n\t\t\t<div class=\"elementor-spacer-inner\"><\/div>\n\t\t<\/div>\n\t\t\t\t<\/div>\n\t\t\t\t<\/div>\n\t\t\t\t<div class=\"elementor-element elementor-element-36cc699 elementor-widget elementor-widget-accordion\" data-id=\"36cc699\" data-element_type=\"widget\" data-widget_type=\"accordion.default\">\n\t\t\t\t<div class=\"elementor-widget-container\">\n\t\t\t\t\t<div class=\"elementor-accordion\">\n\t\t\t\t\t\t\t<div class=\"elementor-accordion-item\">\n\t\t\t\t\t<div id=\"elementor-tab-title-5741\" class=\"elementor-tab-title\" data-tab=\"1\" role=\"button\" aria-controls=\"elementor-tab-content-5741\" aria-expanded=\"false\">\n\t\t\t\t\t\t\t\t\t\t\t\t\t<span class=\"elementor-accordion-icon elementor-accordion-icon-right\" aria-hidden=\"true\">\n\t\t\t\t\t\t\t\t\t\t\t\t\t\t\t<span class=\"elementor-accordion-icon-closed\"><i class=\"fas fa-plus\"><\/i><\/span>\n\t\t\t\t\t\t\t\t<span class=\"elementor-accordion-icon-opened\"><i class=\"fas fa-minus\"><\/i><\/span>\n\t\t\t\t\t\t\t\t\t\t\t\t\t\t<\/span>\n\t\t\t\t\t\t\t\t\t\t\t\t<a class=\"elementor-accordion-title\" tabindex=\"0\">T\u00e9rminos y condiciones<\/a>\n\t\t\t\t\t<\/div>\n\t\t\t\t\t<div id=\"elementor-tab-content-5741\" class=\"elementor-tab-content elementor-clearfix\" data-tab=\"1\" role=\"region\" aria-labelledby=\"elementor-tab-title-5741\"><div id=\"docs-editor-container\" dir=\"ltr\"><div id=\"docs-editor\" class=\"\"><div id=\"waffle-grid-container\" dir=\"ltr\"><div id=\"1752521643-grid-container\" class=\"grid-container\" dir=\"ltr\"><div id=\"1752521643-static-overlay-container\" class=\"overlay-container-ltr static-overlay-container\"><ul><li class=\"freezebar\" tabindex=\"0\"><span style=\"font-weight: 400;\">V\u00e1lido \u00fanicamente el 10 de mayo del 2026. <\/span><\/li><li class=\"freezebar\" tabindex=\"0\"><span style=\"font-weight: 400;\">El beneficio de mam\u00e1 gratis en acceso de Expedici\u00f3n General aplica en la compra de al menos un boleto de hijo (a) a precio regular. <\/span><\/li><li class=\"freezebar\" tabindex=\"0\"><span style=\"font-weight: 400;\">Promoci\u00f3n v\u00e1lida exclusivamente en taquilla. <\/span><\/li><li class=\"freezebar\" tabindex=\"0\"><span style=\"font-weight: 400;\">No acumulable con otras promociones. <\/span><\/li><li style=\"font-weight: 400;\" aria-level=\"1\"><span style=\"font-weight: 400;\">No v\u00e1lido para grupos, agencias o convenios empresariales.\u00a0<\/span><\/li><\/ul><\/div><\/div><\/div><\/div><\/div><\/div>\n\t\t\t\t<\/div>\n\t\t\t\t\t\t\t\t<\/div>\n\t\t\t\t<\/div>\n\t\t\t\t<\/div>\n\t\t\t\t<div class=\"elementor-element elementor-element-11e7a6e elementor-widget elementor-widget-spacer\" data-id=\"11e7a6e\" data-element_type=\"widget\" data-widget_type=\"spacer.default\">\n\t\t\t\t<div class=\"elementor-widget-container\">\n\t\t\t\t\t<div class=\"elementor-spacer\">\n\t\t\t<div class=\"elementor-spacer-inner\"><\/div>\n\t\t<\/div>\n\t\t\t\t<\/div>\n\t\t\t\t<\/div>\n\t\t\t\t\t<\/div>\n\t\t<\/div>\n\t\t\t\t\t<\/div>\n\t\t<\/section>\n\t\t\t\t<\/div>\n\t\t","protected":false},"excerpt":{"rendered":"<p>\u00a1REGALA A MAM\u00c1 UNA ACUARIOVENTURA! Este 10 de mayo, en Sealand Le\u00f3n queremos hacer de su d\u00eda algo realmente especial. Porque mam\u00e1 siempre est\u00e1 para todos, hoy es momento de consentirla y compartir juntos una experiencia diferente, llena de momentos \u00fanicos y especies fascinantes. Este D\u00eda de las Madres, mam\u00e1 entra GRATIS a la Expedici\u00f3n [&hellip;]<\/p>\n","protected":false},"author":19,"featured_media":0,"parent":0,"menu_order":0,"comment_status":"closed","ping_status":"closed","template":"","meta":{"rank_math_lock_modified_date":false,"footnotes":""},"acf":[],"_links":{"self":[{"href":"https:\/\/www.sealand.com.mx\/leon\/wp-json\/wp\/v2\/pages\/21498"}],"collection":[{"href":"https:\/\/www.sealand.com.mx\/leon\/wp-json\/wp\/v2\/pages"}],"about":[{"href":"https:\/\/www.sealand.com.mx\/leon\/wp-json\/wp\/v2\/types\/page"}],"author":[{"embeddable":true,"href":"https:\/\/www.sealand.com.mx\/leon\/wp-json\/wp\/v2\/users\/19"}],"replies":[{"embeddable":true,"href":"https:\/\/www.sealand.com.mx\/leon\/wp-json\/wp\/v2\/comments?post=21498"}],"version-history":[{"count":13,"href":"https:\/\/www.sealand.com.mx\/leon\/wp-json\/wp\/v2\/pages\/21498\/revisions"}],"predecessor-version":[{"id":21513,"href":"https:\/\/www.sealand.com.mx\/leon\/wp-json\/wp\/v2\/pages\/21498\/revisions\/21513"}],"wp:attachment":[{"href":"https:\/\/www.sealand.com.mx\/leon\/wp-json\/wp\/v2\/media?parent=21498"}],"curies":[{"name":"wp","href":"https:\/\/api.w.org\/{rel}","templated":true}]}}