{"id":4461,"date":"2023-04-03T21:49:09","date_gmt":"2023-04-03T21:49:09","guid":{"rendered":"https:\/\/www.sealand.com.mx\/leon\/?page_id=4461"},"modified":"2026-04-13T16:20:49","modified_gmt":"2026-04-13T16:20:49","slug":"expedicion-vip-interaccion-con-pinguinos","status":"publish","type":"page","link":"https:\/\/www.sealand.com.mx\/leon\/expedicion-vip-interaccion-con-pinguinos\/","title":{"rendered":"Expedicion VIP + Ping\u00fcinos"},"content":{"rendered":"\t\t<div data-elementor-type=\"wp-page\" data-elementor-id=\"4461\" class=\"elementor elementor-4461\" data-elementor-post-type=\"page\">\n\t\t\t\t\t\t<section class=\"elementor-section elementor-top-section elementor-element elementor-element-9e20698 elementor-section-full_width elementor-section-height-default elementor-section-height-default\" data-id=\"9e20698\" data-element_type=\"section\">\n\t\t\t\t\t\t<div class=\"elementor-container elementor-column-gap-no\">\n\t\t\t\t\t<div class=\"elementor-column elementor-col-100 elementor-top-column elementor-element elementor-element-f399495\" data-id=\"f399495\" data-element_type=\"column\">\n\t\t\t<div class=\"elementor-widget-wrap elementor-element-populated\">\n\t\t\t\t\t\t<div class=\"elementor-element elementor-element-a42cb2f elementor-hidden-mobile dce_masking-none elementor-widget elementor-widget-image\" data-id=\"a42cb2f\" data-element_type=\"widget\" data-widget_type=\"image.default\">\n\t\t\t\t<div class=\"elementor-widget-container\">\n\t\t\t\t\t\t\t\t\t\t\t\t\t<img fetchpriority=\"high\" decoding=\"async\" width=\"1620\" height=\"628\" src=\"https:\/\/www.sealand.com.mx\/leon\/wp-content\/uploads\/sites\/5\/2026\/04\/INTERACCION-VIP-SEALANDLEON-ABRIL-DESK.jpg\" class=\"attachment-full size-full wp-image-21307\" alt=\"\" srcset=\"https:\/\/www.sealand.com.mx\/leon\/wp-content\/uploads\/sites\/5\/2026\/04\/INTERACCION-VIP-SEALANDLEON-ABRIL-DESK.jpg 1620w, https:\/\/www.sealand.com.mx\/leon\/wp-content\/uploads\/sites\/5\/2026\/04\/INTERACCION-VIP-SEALANDLEON-ABRIL-DESK-300x116.jpg 300w, https:\/\/www.sealand.com.mx\/leon\/wp-content\/uploads\/sites\/5\/2026\/04\/INTERACCION-VIP-SEALANDLEON-ABRIL-DESK-1024x397.jpg 1024w, https:\/\/www.sealand.com.mx\/leon\/wp-content\/uploads\/sites\/5\/2026\/04\/INTERACCION-VIP-SEALANDLEON-ABRIL-DESK-768x298.jpg 768w, https:\/\/www.sealand.com.mx\/leon\/wp-content\/uploads\/sites\/5\/2026\/04\/INTERACCION-VIP-SEALANDLEON-ABRIL-DESK-1536x595.jpg 1536w\" sizes=\"(max-width: 1620px) 100vw, 1620px\" \/>\t\t\t\t\t\t\t\t\t\t\t\t\t<\/div>\n\t\t\t\t<\/div>\n\t\t\t\t<div class=\"elementor-element elementor-element-212e4ee elementor-hidden-desktop elementor-hidden-tablet dce_masking-none elementor-widget elementor-widget-image\" data-id=\"212e4ee\" data-element_type=\"widget\" data-widget_type=\"image.default\">\n\t\t\t\t<div class=\"elementor-widget-container\">\n\t\t\t\t\t\t\t\t\t\t\t\t\t<img decoding=\"async\" width=\"428\" height=\"500\" src=\"https:\/\/www.sealand.com.mx\/leon\/wp-content\/uploads\/sites\/5\/2026\/04\/INTERACCION-VIP-SEALANDLEON-ABRIL-movil.jpg\" class=\"attachment-full size-full wp-image-21308\" alt=\"\" srcset=\"https:\/\/www.sealand.com.mx\/leon\/wp-content\/uploads\/sites\/5\/2026\/04\/INTERACCION-VIP-SEALANDLEON-ABRIL-movil.jpg 428w, https:\/\/www.sealand.com.mx\/leon\/wp-content\/uploads\/sites\/5\/2026\/04\/INTERACCION-VIP-SEALANDLEON-ABRIL-movil-257x300.jpg 257w\" sizes=\"(max-width: 428px) 100vw, 428px\" \/>\t\t\t\t\t\t\t\t\t\t\t\t\t<\/div>\n\t\t\t\t<\/div>\n\t\t\t\t\t<\/div>\n\t\t<\/div>\n\t\t\t\t\t<\/div>\n\t\t<\/section>\n\t\t\t\t<section data-dce-background-overlay-color=\"#00091AFC\" data-dce-background-image-url=\"https:\/\/www.sealand.com.mx\/leon\/wp-content\/uploads\/2023\/03\/FONDO-SINGLE-PRODUCTO-1-1.png\" class=\"elementor-section elementor-top-section elementor-element elementor-element-8b1ff33 elementor-section-full_width elementor-section-height-default elementor-section-height-default\" data-id=\"8b1ff33\" data-element_type=\"section\" data-settings=\"{&quot;background_background&quot;:&quot;classic&quot;}\">\n\t\t\t\t\t\t\t<div class=\"elementor-background-overlay\"><\/div>\n\t\t\t\t\t\t\t<div class=\"elementor-container elementor-column-gap-no\">\n\t\t\t\t\t<div class=\"elementor-column elementor-col-100 elementor-top-column elementor-element elementor-element-c3c2831\" data-id=\"c3c2831\" data-element_type=\"column\">\n\t\t\t<div class=\"elementor-widget-wrap elementor-element-populated\">\n\t\t\t\t\t\t<div class=\"elementor-element elementor-element-a044829 elementor-widget elementor-widget-shortcode\" data-id=\"a044829\" data-element_type=\"widget\" data-widget_type=\"shortcode.default\">\n\t\t\t\t<div class=\"elementor-widget-container\">\n\t\t\t\t\t<div class=\"elementor-shortcode\">\t\t<div data-elementor-type=\"page\" data-elementor-id=\"4458\" class=\"elementor elementor-4458\" data-elementor-post-type=\"elementor_library\">\n\t\t\t\t\t\t<section data-dce-background-color=\"#4B9C3800\" class=\"elementor-section elementor-top-section elementor-element elementor-element-5a2fc8a elementor-section-boxed elementor-section-height-default elementor-section-height-default\" data-id=\"5a2fc8a\" data-element_type=\"section\" data-settings=\"{&quot;background_background&quot;:&quot;classic&quot;}\">\n\t\t\t\t\t\t<div class=\"elementor-container elementor-column-gap-default\">\n\t\t\t\t\t<div class=\"elementor-column elementor-col-100 elementor-top-column elementor-element elementor-element-6592969\" data-id=\"6592969\" data-element_type=\"column\">\n\t\t\t<div class=\"elementor-widget-wrap elementor-element-populated\">\n\t\t\t\t\t\t<section class=\"elementor-section elementor-inner-section elementor-element elementor-element-89849f9 elementor-section-boxed elementor-section-height-default elementor-section-height-default\" data-id=\"89849f9\" data-element_type=\"section\">\n\t\t\t\t\t\t<div class=\"elementor-container elementor-column-gap-default\">\n\t\t\t\t\t<div class=\"elementor-column elementor-col-50 elementor-inner-column elementor-element elementor-element-6369de4\" data-id=\"6369de4\" data-element_type=\"column\">\n\t\t\t<div class=\"elementor-widget-wrap elementor-element-populated\">\n\t\t\t\t\t\t<div class=\"elementor-element elementor-element-2e01cde elementor-widget elementor-widget-heading\" data-id=\"2e01cde\" data-element_type=\"widget\" data-widget_type=\"heading.default\">\n\t\t\t\t<div class=\"elementor-widget-container\">\n\t\t\t<h1 class=\"elementor-heading-title elementor-size-default\">VIVE UNA INTERACCI\u00d3N CON PING\u00dcINOS<\/h1>\t\t<\/div>\n\t\t\t\t<\/div>\n\t\t\t\t<div class=\"elementor-element elementor-element-4be8c6c elementor-widget elementor-widget-heading\" data-id=\"4be8c6c\" data-element_type=\"widget\" data-widget_type=\"heading.default\">\n\t\t\t\t<div class=\"elementor-widget-container\">\n\t\t\t<h2 class=\"elementor-heading-title elementor-size-default\">Asegura tu lugar para una experiencia inolvidable<\/h2>\t\t<\/div>\n\t\t\t\t<\/div>\n\t\t\t\t<div class=\"elementor-element elementor-element-c0d43aa elementor-widget elementor-widget-text-editor\" data-id=\"c0d43aa\" data-element_type=\"widget\" data-widget_type=\"text-editor.default\">\n\t\t\t\t<div class=\"elementor-widget-container\">\n\t\t\t\t\t\t\t<p>La interacci\u00f3n con ping\u00fcinos barbijo est\u00e1 de vuelta en Sealand Le\u00f3n, <strong>\u00a1y t\u00fa puedes ser de los primeros en vivir esta experiencia \u00fanica!<\/strong><\/p><p>Conoce sobre su fascinante mundo con un encuentro especial que te transportar\u00e1 directo a la Ant\u00e1rtida. Aprende de manera divertida y educativa sobre esta tierna especie mientras disfrutas de momentos inolvidables.<\/p>\t\t\t\t\t\t<\/div>\n\t\t\t\t<\/div>\n\t\t<div class=\"elementor-element elementor-element-61504ec e-flex e-con-boxed e-con e-child\" data-id=\"61504ec\" data-element_type=\"container\">\n\t\t\t\t\t<div class=\"e-con-inner\">\n\t\t\t\t<div class=\"elementor-element elementor-element-1aebcbe elementor-widget elementor-widget-heading\" data-id=\"1aebcbe\" data-element_type=\"widget\" data-widget_type=\"heading.default\">\n\t\t\t\t<div class=\"elementor-widget-container\">\n\t\t\t<h4 class=\"elementor-heading-title elementor-size-default\">Con tu boleto tienes acceso a un d\u00eda lleno de diversi\u00f3n.<\/h4>\t\t<\/div>\n\t\t\t\t<\/div>\n\t\t\t\t<div class=\"elementor-element elementor-element-3eeb3d5 elementor-position-left dce_masking-none elementor-vertical-align-top elementor-widget elementor-widget-image-box\" data-id=\"3eeb3d5\" data-element_type=\"widget\" data-widget_type=\"image-box.default\">\n\t\t\t\t<div class=\"elementor-widget-container\">\n\t\t\t<div class=\"elementor-image-box-wrapper\"><figure class=\"elementor-image-box-img\"><img decoding=\"async\" width=\"39\" height=\"28\" src=\"https:\/\/www.sealand.com.mx\/leon\/wp-content\/uploads\/sites\/5\/2024\/07\/ENTRADA-VIP.png\" class=\"attachment-full size-full wp-image-10554\" alt=\"\" \/><\/figure><div class=\"elementor-image-box-content\"><p class=\"elementor-image-box-description\"><b> Tu entrada incluye:<\/b>\n<ul style=\"color:#ffff\">\n    <li>Interacci\u00f3n exclusiva con ping\u00fcinos.<\/li>\n <li>Acceso a todas las salas de exhibici\u00f3n.<\/li>\n <li>Realidad Virtual (Drag\u00f3n Negro)<\/li>\n <li>Laberinto L\u00e1ser<\/li>\n <li>Snacks (Palomitas medianas, lata de refresco <\/li>\n <li>Rampa Cold Quest<\/li>\n <li>Zona de nieve - Snow Play<\/li>\n<\/p><\/div><\/div>\t\t<\/div>\n\t\t\t\t<\/div>\n\t\t\t\t<div class=\"elementor-element elementor-element-8caea15 elementor-position-left dce_masking-none elementor-vertical-align-top elementor-widget elementor-widget-image-box\" data-id=\"8caea15\" data-element_type=\"widget\" data-widget_type=\"image-box.default\">\n\t\t\t\t<div class=\"elementor-widget-container\">\n\t\t\t<div class=\"elementor-image-box-wrapper\"><figure class=\"elementor-image-box-img\"><img loading=\"lazy\" decoding=\"async\" width=\"41\" height=\"41\" src=\"https:\/\/www.sealand.com.mx\/leon\/wp-content\/uploads\/sites\/5\/2024\/07\/information_2139-fe0f.png\" class=\"attachment-full size-full wp-image-10555\" alt=\"\" \/><\/figure><div class=\"elementor-image-box-content\"><p class=\"elementor-image-box-description\"><b> Importante <\/b>\n<ul style=\"color:#ffff\">\n<li>La compra en l\u00ednea debe realizarse con al menos 24 horas de anticipaci\u00f3n.\n<li>Actividad disponible para marineros de 4 a\u00f1os en adelante (menores de 4 a 12 a\u00f1os cumplidos deben de ingresar acompa\u00f1ados de un adulto.)\n<li>Para cambios de fecha es obligatorio informar con al menos 24 hrs de anticipaci\u00f3n, sujeto a disponibilidad por razones de espacios y horarios limitados. En el producto Interacci\u00f3n Ping\u00fcinos+ VIP, no hay reembolsos ni devoluciones.\n<li>No se permite el ingreso con dispositivos electr\u00f3nicos (celulares, c\u00e1maras, etc.)<\/p><\/div><\/div>\t\t<\/div>\n\t\t\t\t<\/div>\n\t\t\t\t\t<\/div>\n\t\t\t\t<\/div>\n\t\t\t\t<div class=\"elementor-element elementor-element-c321c25 elementor-widget elementor-widget-text-editor\" data-id=\"c321c25\" data-element_type=\"widget\" data-widget_type=\"text-editor.default\">\n\t\t\t\t<div class=\"elementor-widget-container\">\n\t\t\t\t\t\t\t<p>\u00a1Vive la magia de tener un encuentro con los ping\u00fcinos antes que nadie! <br \/><br \/><\/p>\t\t\t\t\t\t<\/div>\n\t\t\t\t<\/div>\n\t\t\t\t\t<\/div>\n\t\t<\/div>\n\t\t\t\t<div class=\"elementor-column elementor-col-50 elementor-inner-column elementor-element elementor-element-0d07677\" data-id=\"0d07677\" data-element_type=\"column\">\n\t\t\t<div class=\"elementor-widget-wrap elementor-element-populated\">\n\t\t\t\t\t\t<div class=\"elementor-element elementor-element-4a5ef39 elementor-widget__width-initial elementor-arrows-position-inside elementor-widget elementor-widget-image-carousel\" data-id=\"4a5ef39\" data-element_type=\"widget\" data-settings=\"{&quot;slides_to_show&quot;:&quot;1&quot;,&quot;navigation&quot;:&quot;arrows&quot;,&quot;autoplay&quot;:&quot;yes&quot;,&quot;pause_on_hover&quot;:&quot;yes&quot;,&quot;pause_on_interaction&quot;:&quot;yes&quot;,&quot;autoplay_speed&quot;:5000,&quot;infinite&quot;:&quot;yes&quot;,&quot;effect&quot;:&quot;slide&quot;,&quot;speed&quot;:500}\" data-widget_type=\"image-carousel.default\">\n\t\t\t\t<div class=\"elementor-widget-container\">\n\t\t\t\t\t<div class=\"elementor-image-carousel-wrapper swiper\" dir=\"ltr\">\n\t\t\t<div class=\"elementor-image-carousel swiper-wrapper\" aria-live=\"off\">\n\t\t\t\t\t\t\t\t<div class=\"swiper-slide\" role=\"group\" aria-roledescription=\"slide\" aria-label=\"1 de 5\"><figure class=\"swiper-slide-inner\"><img decoding=\"async\" class=\"swiper-slide-image\" src=\"https:\/\/www.sealand.com.mx\/leon\/wp-content\/uploads\/sites\/5\/2024\/04\/Sealand-Pinguinos-Interaccion-01.png\" alt=\"\" \/><\/figure><\/div><div class=\"swiper-slide\" role=\"group\" aria-roledescription=\"slide\" aria-label=\"2 de 5\"><figure class=\"swiper-slide-inner\"><img decoding=\"async\" class=\"swiper-slide-image\" src=\"https:\/\/www.sealand.com.mx\/leon\/wp-content\/uploads\/sites\/5\/2024\/04\/Sealand-Pinguinos-Interaccion-02.png\" alt=\"\" \/><\/figure><\/div><div class=\"swiper-slide\" role=\"group\" aria-roledescription=\"slide\" aria-label=\"3 de 5\"><figure class=\"swiper-slide-inner\"><img decoding=\"async\" class=\"swiper-slide-image\" src=\"https:\/\/www.sealand.com.mx\/leon\/wp-content\/uploads\/sites\/5\/2023\/12\/PINGUINAVIDAD-1.jpg\" alt=\"\" \/><\/figure><\/div><div class=\"swiper-slide\" role=\"group\" aria-roledescription=\"slide\" aria-label=\"4 de 5\"><figure class=\"swiper-slide-inner\"><img decoding=\"async\" class=\"swiper-slide-image\" src=\"https:\/\/www.sealand.com.mx\/leon\/wp-content\/uploads\/sites\/5\/2024\/04\/Sealand-Pinguinos-Interaccion-03.png\" alt=\"\" \/><\/figure><\/div><div class=\"swiper-slide\" role=\"group\" aria-roledescription=\"slide\" aria-label=\"5 de 5\"><figure class=\"swiper-slide-inner\"><img decoding=\"async\" class=\"swiper-slide-image\" src=\"https:\/\/www.sealand.com.mx\/leon\/wp-content\/uploads\/sites\/5\/2024\/04\/Sealand-Pinguinos-Interaccion-04-1.png\" alt=\"\" \/><\/figure><\/div>\t\t\t<\/div>\n\t\t\t\t\t\t\t\t\t\t\t\t<div class=\"elementor-swiper-button elementor-swiper-button-prev\" role=\"button\" tabindex=\"0\">\n\t\t\t\t\t\t<i aria-hidden=\"true\" class=\"eicon-chevron-left\"><\/i>\t\t\t\t\t<\/div>\n\t\t\t\t\t<div class=\"elementor-swiper-button elementor-swiper-button-next\" role=\"button\" tabindex=\"0\">\n\t\t\t\t\t\t<i aria-hidden=\"true\" class=\"eicon-chevron-right\"><\/i>\t\t\t\t\t<\/div>\n\t\t\t\t\n\t\t\t\t\t\t\t\t\t<\/div>\n\t\t\t\t<\/div>\n\t\t\t\t<\/div>\n\t\t\t\t\t<\/div>\n\t\t<\/div>\n\t\t\t\t\t<\/div>\n\t\t<\/section>\n\t\t\t\t\t<\/div>\n\t\t<\/div>\n\t\t\t\t\t<\/div>\n\t\t<\/section>\n\t\t\t\t<section data-dce-background-color=\"#022E46\" class=\"elementor-section elementor-top-section elementor-element elementor-element-4bae497 elementor-section-stretched elementor-section-boxed elementor-section-height-default elementor-section-height-default\" data-id=\"4bae497\" data-element_type=\"section\" data-settings=\"{&quot;background_background&quot;:&quot;classic&quot;,&quot;stretch_section&quot;:&quot;section-stretched&quot;}\">\n\t\t\t\t\t\t<div class=\"elementor-container elementor-column-gap-default\">\n\t\t\t\t\t<div class=\"elementor-column elementor-col-100 elementor-top-column elementor-element elementor-element-f344920\" data-id=\"f344920\" data-element_type=\"column\">\n\t\t\t<div class=\"elementor-widget-wrap elementor-element-populated\">\n\t\t\t\t\t\t<div class=\"elementor-element elementor-element-dd9afac elementor-widget elementor-widget-text-editor\" data-id=\"dd9afac\" data-element_type=\"widget\" data-widget_type=\"text-editor.default\">\n\t\t\t\t<div class=\"elementor-widget-container\">\n\t\t\t\t\t\t\t<h3><strong>IMPORTANTE<\/strong><\/h3><ul><li>Estar presente en nuestras instalaciones al menos 15 minutos antes de la hora se\u00f1alada para tu interacci\u00f3n.<\/li><li>Usar ropa abrigadora y c\u00f3moda, el \u00e1rea de interacci\u00f3n maneja una temperatura de 3 a 6\u00b0 C.<\/li><li>Respetar en todo momento las indicaciones de los expertos, para realizar una actividad respetuosa para con los ping\u00fcinos.<\/li><li>Menores de 4 a\u00f1os no ingresan por seguridad.<\/li><li><strong>En interacci\u00f3n con ping\u00fcinos no hay tolerancia de tiempo, una vez iniciada la actividad no se permite el ingreso de personas<\/strong><\/li><\/ul>\t\t\t\t\t\t<\/div>\n\t\t\t\t<\/div>\n\t\t\t\t<div class=\"elementor-element elementor-element-24446f5 elementor-widget elementor-widget-shortcode\" data-id=\"24446f5\" data-element_type=\"widget\" data-widget_type=\"shortcode.default\">\n\t\t\t\t<div class=\"elementor-widget-container\">\n\t\t\t\t\t<div class=\"elementor-shortcode\"><input type=\"hidden\" id=\"vmg_plugin_id\" value=\"19\">\n<input type=\"hidden\" id=\"vmg_plugin_url\" value=\"plugin.venturae.com.mx\">\n<div  id=\"pluginContainer\" class=\"container\"><\/div>\n<link href=\"https:\/\/cdnjs.cloudflare.com\/ajax\/libs\/font-awesome\/5.10.2\/css\/all.min.css\" rel=\"stylesheet\">\n<script src=\"https:\/\/ajax.googleapis.com\/ajax\/libs\/jquery\/3.7.1\/jquery.min.js\"><\/script>\n<script>\n\tjQuery(document).ready(function($){\n\t\tvar vmg_plugin_id = $('#vmg_plugin_id').val();\n\t\tvar vmg_plugin_url = $('#vmg_plugin_url').val();\n\n\t\t$.getScript( `https:\/\/${vmg_plugin_url}\/js\/pluginscripts.js`, function(jd) {\n\t\t\t\"use strict\";\n\t\t\t$.pluginUrl = `https:\/\/${vmg_plugin_url}\/requesterv2.php`;\n\t\t\tvar params = {\n\t\t\t\t\t\t\t\t\t\t\t\t\t\t\t\t\t\t\t\t\t\t\t\t\t\t\t\t\t\t\t\t\t\t\t\t\t\t\t\t'plugin_id': \"19\",\n\t\t\t\t\t\t\t\t\t\t\t\t\t\t\t\t'set_producto_id': \"-2756\",\n\t\t\t\t\t\t\t\t\t\t\t\t\t\t\t\t\t\t\t\t'user_language': \"es\",\n\t\t\t\t\t\t\t\t\t\t\t\t\t\t\t\t\n\t\t\t\t\n\t\t\t\t'plugin_id': vmg_plugin_id\n\t\t\t};\n\t\t\tconst urlParams = new URLSearchParams(window.location.search);\n\t\t\turlParams.forEach((value, key) => {\n\t\t\t\tparams[key] = value;\n\t\t\t});\n\t\t\t$.post($.pluginUrl,params,function(data, status){\n\t\t\t\tjQuery( \"#pluginContainer\" ).html(data);\n\t\t\t});\n\n\t\t});\n\n\t});\n<\/script><\/div>\n\t\t\t\t<\/div>\n\t\t\t\t<\/div>\n\t\t\t\t\t<\/div>\n\t\t<\/div>\n\t\t\t\t\t<\/div>\n\t\t<\/section>\n\t\t\t\t<section class=\"elementor-section elementor-top-section elementor-element elementor-element-69d1519 elementor-section-boxed elementor-section-height-default elementor-section-height-default\" data-id=\"69d1519\" data-element_type=\"section\">\n\t\t\t\t\t\t<div class=\"elementor-container elementor-column-gap-default\">\n\t\t\t\t\t<div class=\"elementor-column elementor-col-100 elementor-top-column elementor-element elementor-element-98f0530\" data-id=\"98f0530\" data-element_type=\"column\">\n\t\t\t<div class=\"elementor-widget-wrap elementor-element-populated\">\n\t\t\t\t\t\t<div class=\"elementor-element elementor-element-5d6acf6 elementor-widget elementor-widget-spacer\" data-id=\"5d6acf6\" data-element_type=\"widget\" data-widget_type=\"spacer.default\">\n\t\t\t\t<div class=\"elementor-widget-container\">\n\t\t\t\t\t<div class=\"elementor-spacer\">\n\t\t\t<div class=\"elementor-spacer-inner\"><\/div>\n\t\t<\/div>\n\t\t\t\t<\/div>\n\t\t\t\t<\/div>\n\t\t\t\t\t<\/div>\n\t\t<\/div>\n\t\t\t\t\t<\/div>\n\t\t<\/section>\n\t\t\t\t<section class=\"elementor-section elementor-top-section elementor-element elementor-element-9451c53 elementor-section-boxed elementor-section-height-default elementor-section-height-default\" data-id=\"9451c53\" data-element_type=\"section\">\n\t\t\t\t\t\t<div class=\"elementor-container elementor-column-gap-default\">\n\t\t\t\t\t<div class=\"elementor-column elementor-col-100 elementor-top-column elementor-element elementor-element-4136976\" data-id=\"4136976\" data-element_type=\"column\">\n\t\t\t<div class=\"elementor-widget-wrap elementor-element-populated\">\n\t\t\t\t\t\t<div class=\"elementor-element elementor-element-c446647 elementor-widget elementor-widget-spacer\" data-id=\"c446647\" data-element_type=\"widget\" data-widget_type=\"spacer.default\">\n\t\t\t\t<div class=\"elementor-widget-container\">\n\t\t\t\t\t<div class=\"elementor-spacer\">\n\t\t\t<div class=\"elementor-spacer-inner\"><\/div>\n\t\t<\/div>\n\t\t\t\t<\/div>\n\t\t\t\t<\/div>\n\t\t\t\t\t<\/div>\n\t\t<\/div>\n\t\t\t\t\t<\/div>\n\t\t<\/section>\n\t\t\t\t<\/div>\n\t\t<\/div>\n\t\t\t\t<\/div>\n\t\t\t\t<\/div>\n\t\t\t\t\t<\/div>\n\t\t<\/div>\n\t\t\t\t\t<\/div>\n\t\t<\/section>\n\t\t\t\t<\/div>\n\t\t","protected":false},"excerpt":{"rendered":"","protected":false},"author":3,"featured_media":0,"parent":0,"menu_order":0,"comment_status":"closed","ping_status":"closed","template":"elementor_header_footer","meta":{"rank_math_lock_modified_date":false,"footnotes":""},"acf":[],"_links":{"self":[{"href":"https:\/\/www.sealand.com.mx\/leon\/wp-json\/wp\/v2\/pages\/4461"}],"collection":[{"href":"https:\/\/www.sealand.com.mx\/leon\/wp-json\/wp\/v2\/pages"}],"about":[{"href":"https:\/\/www.sealand.com.mx\/leon\/wp-json\/wp\/v2\/types\/page"}],"author":[{"embeddable":true,"href":"https:\/\/www.sealand.com.mx\/leon\/wp-json\/wp\/v2\/users\/3"}],"replies":[{"embeddable":true,"href":"https:\/\/www.sealand.com.mx\/leon\/wp-json\/wp\/v2\/comments?post=4461"}],"version-history":[{"count":66,"href":"https:\/\/www.sealand.com.mx\/leon\/wp-json\/wp\/v2\/pages\/4461\/revisions"}],"predecessor-version":[{"id":21318,"href":"https:\/\/www.sealand.com.mx\/leon\/wp-json\/wp\/v2\/pages\/4461\/revisions\/21318"}],"wp:attachment":[{"href":"https:\/\/www.sealand.com.mx\/leon\/wp-json\/wp\/v2\/media?parent=4461"}],"curies":[{"name":"wp","href":"https:\/\/api.w.org\/{rel}","templated":true}]}}