{"id":603,"date":"2022-06-27T18:27:34","date_gmt":"2022-06-27T18:27:34","guid":{"rendered":"https:\/\/www.sealand.com.mx\/leon\/?page_id=603"},"modified":"2026-01-30T15:28:28","modified_gmt":"2026-01-30T15:28:28","slug":"preguntas-frecuentes","status":"publish","type":"page","link":"https:\/\/www.sealand.com.mx\/leon\/preguntas-frecuentes\/","title":{"rendered":"Preguntas frecuentes"},"content":{"rendered":"\t\t<div data-elementor-type=\"wp-page\" data-elementor-id=\"603\" class=\"elementor elementor-603\" data-elementor-post-type=\"page\">\n\t\t\t\t\t\t<section data-dce-background-overlay-color=\"#0A2DA5\" data-dce-background-image-url=\"https:\/\/www.sealand.com.mx\/leon\/wp-content\/uploads\/2023\/03\/FONDO-FAQS.png\" class=\"elementor-section elementor-top-section elementor-element elementor-element-405453d7 elementor-section-boxed elementor-section-height-default elementor-section-height-default\" data-id=\"405453d7\" data-element_type=\"section\" id=\"faqs\" data-settings=\"{&quot;background_background&quot;:&quot;classic&quot;}\">\n\t\t\t\t\t\t\t<div class=\"elementor-background-overlay\"><\/div>\n\t\t\t\t\t\t\t<div class=\"elementor-container elementor-column-gap-default\">\n\t\t\t\t\t<div class=\"elementor-column elementor-col-100 elementor-top-column elementor-element elementor-element-51b5b849\" data-id=\"51b5b849\" data-element_type=\"column\">\n\t\t\t<div class=\"elementor-widget-wrap elementor-element-populated\">\n\t\t\t\t\t\t<div class=\"elementor-element elementor-element-1e2f29f2 elementor-widget elementor-widget-spacer\" data-id=\"1e2f29f2\" data-element_type=\"widget\" data-widget_type=\"spacer.default\">\n\t\t\t\t<div class=\"elementor-widget-container\">\n\t\t\t\t\t<div class=\"elementor-spacer\">\n\t\t\t<div class=\"elementor-spacer-inner\"><\/div>\n\t\t<\/div>\n\t\t\t\t<\/div>\n\t\t\t\t<\/div>\n\t\t\t\t<div class=\"elementor-element elementor-element-5628574 elementor-widget elementor-widget-helpie-faq-dynamic-add\" data-id=\"5628574\" data-element_type=\"widget\" data-widget_type=\"helpie-faq-dynamic-add.default\">\n\t\t\t\t<div class=\"elementor-widget-container\">\n\t\t\t<section id='' class='helpie-faq accordions faq-toggle ' data-collection='' data-pagination='0' data-search='0' data-pagination-enabled='0'><h2 class=\"collection-title\">PREGUNTAS FRECUENTES<\/h2><form class=\"search\" onSubmit=\"return false;\"><div class=\"search__wrapper\"><input type=\"text\" class=\"search__input\" placeholder=\"Busca en nuestras preguntas\"><span class=\"search__icon\"><svg class=\"svg-icon--search\" role=\"img\" xmlns=\"http:\/\/www.w3.org\/2000\/svg\" viewBox=\"0 0 22 22\">\r\n                        <g fill=\"none\" stroke=\"#171717\">\r\n                            <path stroke-linecap=\"square\" stroke-width=\"2\" d=\"M18.5 18.3l-5.4-5.4\"\/>\r\n                            <circle cx=\"8\" cy=\"8\" r=\"7\" stroke-width=\"2\"\/>\r\n                        <\/g>\r\n                    <\/svg><\/span><\/div><div class=\"search__message\"><\/div><\/form><article class=\"accordion \"><div class='helpie-faq-row'><div class='helpie-faq-col helpie-faq-col-12' ><li class=\"accordion__item \"><div class=\"accordion__header \" data-id=\"post-0\" data-item=\"hfaq-post-0\" style=\"background:transparent;\" data-tags=\"\"><div class=\"accordion__title\">Informaci\u00f3n general<\/div><\/div><div class=\"accordion__body\" style=\"background:transparent;\"><p><b>\u00bfD\u00f3nde est\u00e1 ubicado Sealand?<\/b><br \/><a style=\"color: #06fff5;\" href=\"https:\/\/maps.app.goo.gl\/qCeGokepotyF5NpJA\" target=\"_blank\" rel=\"noopener\"><span style=\"font-weight: 400;\">Estamos dentro del Centro Comercial Altacia. Blvd. Aeropuerto No. 104, Cerrito de Jerez, 37545 Le\u00f3n de los Aldama, Gto.\u00a0<\/span><\/a><\/p><p><strong>\u00bfQu\u00e9 duraci\u00f3n tiene el recorrido?\u00a0<\/strong><\/p><p><span style=\"font-weight: 400;\">El recorrido dura entre 1 y 2 horas, dependiendo de tu ritmo y si decides participar en actividades adicionales.<\/span><\/p><p><strong>\u00bfA partir de qu\u00e9 edad se puede acceder?<\/strong><br \/>\u00a1Sealand es para exploradores de 0 a 100 a\u00f1os!<\/p><p><strong>\u00bfQu\u00e9 horarios tiene Sealand?<\/strong><\/p><p><span style=\"font-weight: 400;\">Abrimos de lunes a viernes de 10:00 am a 6:00 pm. (\u00faltimo acceso 6:00 p.m.), s\u00e1bado y domingo de 11:00 am a 7:00 pm.(\u00faltimo acceso 7:00 pm) <\/span><i><span style=\"font-weight: 400;\">Sujeto a cambios en temporada alta.<\/span><\/i><\/p><p><strong>\u00bfA partir de cu\u00e1ntos a\u00f1os se paga entrada?<\/strong><\/p><p><span style=\"font-weight: 400;\">Menores de 3 a\u00f1os ingresan gratis, a partir de los 3 a\u00f1os cumplidos ya pagan entrada de acceso general.\u00a0\u00a0<\/span><\/p><p><strong>\u00bfSe puede ingresar con alimentos o bebidas?<\/strong><\/p><p><span style=\"font-weight: 400;\">Por seguridad de las especies, no se permite el ingreso con alimentos o bebidas. Contamos con \u00e1rea de snacks dentro del acuario.<\/span><\/p><p><b>\u00bfSon pet friendly?<\/b><br \/><span style=\"font-weight: 400;\">Por el momento no contamos con la modalidad de pet friendly, ya que buscamos garantizar el bienestar tanto de nuestras especies como de todos nuestros visitantes. <\/span><\/p><p><strong>\u00bfPuedo ingresar con mochila?<\/strong><br \/>\u00a1Por supuesto! Para que tu experiencia sea segura y divertida, nuestro personal de seguridad puede realizar revisiones a los visitantes y as\u00ed asegurarse de que no ingresen objetos prohibidos o peligrosos.<\/p><p><strong>\u00bfQu\u00e9 tipo de vestimenta es recomendable\/c\u00f3digo de vestimenta?<\/strong><\/p><p class=\"p1\">Para aventurarnos en un recorrido fant\u00e1stico, necesitaremos ropa y zapatos c\u00f3modos para vivir al 100% nuestra experiencia.<\/p><p><strong>\u00bfEs necesario usar cubrebocas?<\/strong><br \/>Nuestros protocolos van de acuerdo al lineamiento del gobierno del estado.<\/p><p class=\"p1\"><span class=\"s1\"><b>\u00bfD\u00f3nde puedo comprar mis entradas?<\/b><\/span><\/p><p class=\"p1\"><span style=\"font-weight: 400;\">Puedes comprar tus boletos en l\u00ednea o directamente en taquilla. Recomendamos adquirirlos con anticipaci\u00f3n en l\u00ednea para evitar filas y asegurar tu lugar.<\/span><\/p><p><b>\u00bfPuedo celebrar un cumplea\u00f1os o evento especial en Sealand?<\/b><b><br \/><\/b><span style=\"font-weight: 400;\">\u00a1S\u00ed! Tenemos paquetes especiales para fiestas infantiles, cenas rom\u00e1nticas y eventos privados. Consulta nuestra secci\u00f3n de Eventos para m\u00e1s informaci\u00f3n.<\/span><\/p><p><b>\u00bfHay estacionamiento disponible?<\/b><b><br \/><\/b><span style=\"font-weight: 400;\"> S\u00ed, el Centro Comercial Altacia cuenta con estacionamiento para los visitantes de Sealand, el costo del estacionamiento es ajeno a Sealand.\u00a0<\/span><\/p><\/div><\/li><li class=\"accordion__item \"><div class=\"accordion__header \" data-id=\"post-0\" data-item=\"hfaq-post-0\" style=\"background:transparent;\" data-tags=\"\"><div class=\"accordion__title\">Entradas<\/div><\/div><div class=\"accordion__body\" style=\"background:transparent;\"><p><b>\u00bfCu\u00e1ntos pases existen y en qu\u00e9 consisten?<\/b><\/p><p><span style=\"font-weight: 400;\">Contamos con diferentes experiencias dise\u00f1adas para ti:<\/span><span style=\"font-weight: 400;\"><br \/><\/span><strong>Admisi\u00f3n general desde $199 pesos<\/strong><\/p><ul><li style=\"font-weight: 400;\" aria-level=\"1\"><span style=\"font-weight: 400;\">Exhibici\u00f3n de especies<\/span><\/li><li style=\"font-weight: 400;\" aria-level=\"1\"><span style=\"font-weight: 400;\">Cold quest (rampa)<\/span><\/li><li style=\"font-weight: 400;\" aria-level=\"1\"><span style=\"font-weight: 400;\">Snow play<\/span><\/li><\/ul><p><strong>Admisi\u00f3n VIP desde $299 pesos<\/strong><\/p><ul><li style=\"font-weight: 400;\" aria-level=\"1\"><span style=\"font-weight: 400;\">Exhibici\u00f3n de especies<\/span><\/li><li style=\"font-weight: 400;\" aria-level=\"1\"><span style=\"font-weight: 400;\">Cold quest (rampa)<\/span><\/li><li style=\"font-weight: 400;\" aria-level=\"1\"><span style=\"font-weight: 400;\">Snow play<\/span><\/li><li style=\"font-weight: 400;\" aria-level=\"1\"><span style=\"font-weight: 400;\">Vr Drag\u00f3n Negro<\/span><\/li><li style=\"font-weight: 400;\" aria-level=\"1\"><span style=\"font-weight: 400;\">Laser scape<\/span><\/li><li style=\"font-weight: 400;\" aria-level=\"1\"><span style=\"font-weight: 400;\">Snacks (lata de refresco, bolsa de palomitas mediana y paleta l\u00e1piz de color)<\/span><\/li><\/ul><p><strong>Paquete Familiar $1099<\/strong><\/p><ul><li style=\"font-weight: 400;\" aria-level=\"1\"><span style=\"font-weight: 400;\">4 expediciones generales<\/span><\/li><li style=\"font-weight: 400;\" aria-level=\"1\"><span style=\"font-weight: 400;\">4 bolsas de palomitas medianas<\/span><\/li><li aria-level=\"1\">4 conos de helado<\/li><\/ul><p>Puedes adquirir tus entradas en: <a style=\"color: #06fff5;\" href=\"https:\/\/www.sealand.com.mx\/leon\/pases\/\"><strong>www.sealand.com.mx\/leon\/pases\/<\/strong><\/a><\/p><p><b>\u00bfAceptan tarjetas de cr\u00e9dito\/AMEX?<\/b><b><br \/><\/b><span style=\"font-weight: 400;\">Aceptamos VISA, MasterCard, American Express y pagos en efectivo con tiendas participantes.<\/span><\/p><\/div><\/li><li class=\"accordion__item \"><div class=\"accordion__header \" data-id=\"post-0\" data-item=\"hfaq-post-0\" style=\"background:transparent;\" data-tags=\"\"><div class=\"accordion__title\">Recomendaciones<\/div><\/div><div class=\"accordion__body\" style=\"background:transparent;\"><p><strong>\u00bfQu\u00e9 art\u00edculos no pueden ingresar?<\/strong><br \/>En Sealand no se permite el acceso con armas u objetos punzocortantes.<\/p><p><b>\u00bfSe puede ingresar con carriolas o sillas de ruedas?<\/b><br \/><span style=\"font-weight: 400;\">\u00a1Claro! Sealand es un espacio accesible para personas con discapacidad y para familias con carriolas. En caso de que necesites una silla de ruedas, puedes solicitarla en taquilla al momento de tu visita.<\/span><\/p><p><strong>\u00bfTienen o se necesitan lockers?<\/strong><br \/>En Sealand no contamos con \u00e1rea de lockers, por lo que recomendamos venir lo m\u00e1s c\u00f3modos posible para poder disfrutar al m\u00e1ximo de nuestro recorrido.<\/p><p><strong>\u00bfSe pueden ingresar c\u00e1maras fotogr\u00e1ficas o de video?<\/strong><br \/>\u00a1S\u00ed!, Sealand cuenta con paisajes \u00fanicos para la toma de fotograf\u00edas y videos. El uso del flash est\u00e1 prohibido por la seguridad de nuestras especies. Sin embargo no puedes ingresar con equipo extra como lentes, trip\u00ede, entre otros; solo se permitir\u00e1 hacer fotograf\u00eda para uso personal, en caso de que desees realizar alguna sesi\u00f3n de foto o video profesional, \u00e9ste deber\u00e1 ser autorizado previamente por el \u00e1rea de marketing a trav\u00e9s del correo <a style=\"color: #06fff5;\" href=\"mailto:contacto@leon.sealand.com.mx\">contacto@leon.sealand.com.mx<\/a><\/p><p><strong>\u00bfPueden ingresar mujeres embarazadas?<\/strong><br \/>\u00a1S\u00ed!, nuestro recorrido a bordo del Submarino Sealand puede recibir a mujeres embarazadas. Para actividades como: Laser Scape, Cold Quest y Drag\u00f3n Negro recomendamos que siga las indicaciones de su m\u00e9dico.<\/p><\/div><\/li><li class=\"accordion__item \"><div class=\"accordion__header \" data-id=\"post-0\" data-item=\"hfaq-post-0\" style=\"background:transparent;\" data-tags=\"\"><div class=\"accordion__title\">Interacci\u00f3n con ping\u00fcinos<\/div><\/div><div class=\"accordion__body\" style=\"background:transparent;\"><ul><li style=\"font-weight: 400;\" aria-level=\"1\"><span style=\"font-weight: 400;\">La interacci\u00f3n con ping\u00fcinos tiene un costo adicional, esta interacci\u00f3n puede adquirirse en l\u00ednea y en las taquillas de Sealand Le\u00f3n.\u00a0<\/span><\/li><li style=\"font-weight: 400;\" aria-level=\"1\"><span style=\"font-weight: 400;\">Presentarse 15 min antes de tu Encuentro con Ping\u00fcinos en el acceso de interacci\u00f3n en Sealand.<\/span><\/li><li style=\"font-weight: 400;\" aria-level=\"1\"><span style=\"font-weight: 400;\">Una vez iniciada la actividad no hay tolerancia para ingresar despu\u00e9s de la hora estipulada.\u00a0<\/span><\/li><li style=\"font-weight: 400;\" aria-level=\"1\"><span style=\"font-weight: 400;\">Atender en todo momento las indicaciones de la tripulaci\u00f3n Sealand.<\/span><\/li><li style=\"font-weight: 400;\" aria-level=\"1\"><span style=\"font-weight: 400;\">Mostrar tu boleto de acceso a Encuentro con Ping\u00fcinos antes de ingresar a la interacci\u00f3n.<\/span><\/li><li style=\"font-weight: 400;\" aria-level=\"1\"><span style=\"font-weight: 400;\">Actividad para tripulantes de 4 a\u00f1os cumplidos en adelante.<\/span><\/li><li style=\"font-weight: 400;\" aria-level=\"1\"><span style=\"font-weight: 400;\">Desde los 4 a\u00f1os podr\u00e1s realizar la interacci\u00f3n acompa\u00f1ado de un adulto y a partir de 12 a\u00f1os pueden ingresar solos al Encuentro con Ping\u00fcinos.<\/span><\/li><li style=\"font-weight: 400;\" aria-level=\"1\"><span style=\"font-weight: 400;\">No se permite ingresar a la interacci\u00f3n con ning\u00fan dispositivo electr\u00f3nico.<\/span><\/li><li style=\"font-weight: 400;\" aria-level=\"1\"><span style=\"font-weight: 400;\">Cada sesi\u00f3n del Encuentro con Ping\u00fcinos es para 9\u00a0 personas por horario.<\/span><\/li><li style=\"font-weight: 400;\" aria-level=\"1\"><span style=\"font-weight: 400;\">Sujeto a disponibilidad de horario.<\/span><\/li><\/ul><\/div><\/li><li class=\"accordion__item \"><div class=\"accordion__header \" data-id=\"post-0\" data-item=\"hfaq-post-0\" style=\"background:transparent;\" data-tags=\"\"><div class=\"accordion__title\">Reglamento<\/div><\/div><div class=\"accordion__body\" style=\"background:transparent;\"><p><strong>\u00bfCu\u00e1l es el reglamento dentro del Sealand?<\/strong><br \/>Les pedimos para que su expedici\u00f3n sea confortable y placentera deber\u00e1 seguir los siguientes puntos de seguridad:<\/p><p>\u25cf Por la seguridad de todos nuestros aventureros, les pedimos seguir siempre las indicaciones e instrucciones de nuestros tripulantes, ellos est\u00e1n capacitados para que ustedes vivan la mejor experiencia con la mayor seguridad.<br \/>\u25cf Por seguridad no est\u00e1 permitido ingresar con pelotas, armas, patines, objetos punzocortantes, alimentos y bebidas.<br \/>\u25cf No se permite el ingreso con animales.<br \/>\u25cf No est\u00e1 permitido fumar dentro de las instalaciones.<br \/>\u25cf Deber\u00e1n cuidar que los ni\u00f1os menores que los acompa\u00f1en no se extrav\u00eden. Para cuestiones de personas u objetos perdidos deber\u00e1n dirigirse a las taquillas ellos podr\u00e1n ayudarte.<br \/>\u25cf Por seguridad, ning\u00fan miembro de los tripulantes se har\u00e1 responsable por objetos dejados en los diferentes mundos de Sealand.<br \/>\u25cf La limpieza es sin\u00f3nimo de seguridad. Invitamos a nuestros aventureros a mantener el submarino limpio tirando la basura en todos los dep\u00f3sitos que se encuentran a lo largo de la expedici\u00f3n.<br \/>\u25cf Esperamos de todos nuestros aventureros un comportamiento de respeto mutuo para motivar la sana convivencia.<br \/>\u25cf El submarino cuenta con una estaci\u00f3n de primeros auxilios, cualquier situaci\u00f3n deber\u00e1 ser reportada.<\/p><\/div><\/li><li class=\"accordion__item \"><div class=\"accordion__header \" data-id=\"post-0\" data-item=\"hfaq-post-0\" style=\"background:transparent;\" data-tags=\"\"><div class=\"accordion__title\">Precios especiales y promociones<\/div><\/div><div class=\"accordion__body\" style=\"background:transparent;\"><p><b>\u00bfTienen descuentos para escuelas o grupos grandes?<\/b><b><br \/><\/b><span style=\"font-weight: 400;\">S\u00ed, ofrecemos precios especiales para grupos escolares o empresariales. Escr\u00edbenos o visita nuestra secci\u00f3n de Grupos para cotizar.<\/span><\/p><p><b>\u00bfHay descuento de INAPAM o PCD?<\/b><\/p><p><span style=\"font-weight: 400;\">El costo preferencial de la Expedici\u00f3n General para INAPAM y PCD es de $240 mxn. <\/span><\/p><\/div><\/li><li class=\"accordion__item \"><div class=\"accordion__header \" data-id=\"post-0\" data-item=\"hfaq-post-0\" style=\"background:transparent;\" data-tags=\"\"><div class=\"accordion__title\">Pol\u00edticas de cambios y cancelaci\u00f3n<\/div><\/div><div class=\"accordion__body\" style=\"background:transparent;\"><p><span style=\"font-weight: 400;\">CANCELACI\u00d3N POR NO PRESENTACI\u00d3N\u00a0<\/span><\/p><p><span style=\"font-weight: 400;\">En caso de que el Consumidor no se presente en la fecha y horario de reserva para la prestaci\u00f3n del servicio se tendr\u00e1 por cancelado el mismo, sin responsabilidad para Acuario del Baj\u00edo SA de CV, sin que dicha cancelaci\u00f3n de motivo u obligaci\u00f3n a Acuario del Baj\u00edo SA de CV para realizar la devoluci\u00f3n del importe pagado por el servicio.<\/span><\/p><p>\u00a0<\/p><p><span style=\"font-weight: 400;\">MODIFICACI\u00d3N DE RESERVA DEL SERVICIO.<\/span><\/p><p><span style=\"font-weight: 400;\">En caso de que el Consumidor requiera modificar la fecha y horario de reserva deber\u00e1 realizar la solicitud con al menos 24 (veinticuatro) horas de antelaci\u00f3n a la fecha y hora de reservaci\u00f3n original, para tal efecto, el Consumidor deber\u00e1 comunicarse al n\u00famero telef\u00f3nico 477 688 23 55 y\/o enviar un correo electr\u00f3nico a la direcci\u00f3n electr\u00f3nica contacto.leon@sealand.com.mx, detallando el n\u00famero de reserva, correo electr\u00f3nico con el que se efectu\u00f3 la compra e indicar la nueva fecha y horario en que requiera la prestaci\u00f3n del servicio, la cual no deber\u00e1 exceder de un plazo de 6 (seis) meses calendario a partir de la fecha de la solicitud de cambio.<\/span><\/p><p>\u00a0<\/p><p><span style=\"font-weight: 400;\">DEVOLUCI\u00d3N DEL COSTO DEL SERVICIO.<\/span><\/p><p><span style=\"font-weight: 400;\">En el supuesto de que el Consumidor requiera la devoluci\u00f3n del pago efectuado por la reserva del servicio deber\u00e1 realizar la solicitud con al menos 24 (veinticuatro) horas de antelaci\u00f3n a la fecha y hora de reservaci\u00f3n original, para tal efecto, el Consumidor deber\u00e1 comunicarse al n\u00famero telef\u00f3nico 477 688 23 55 y\/o enviar un correo electr\u00f3nico a la direcci\u00f3n electr\u00f3nica contacto.leon@sealand.com.mx, detallando el n\u00famero de reserva, correo electr\u00f3nico con el que se efectu\u00f3 la compra, el n\u00famero de cuenta clabe interbancaria para traspaso de fondos o los datos de tarjeta de cr\u00e9dito o d\u00e9bito, banco emisor y titular de la tarjeta en la que se llevar\u00e1 a cabo la devoluci\u00f3n del importe de la compra a nombre del titular de la reserva, incluyendo la car\u00e1tula del estado de cuenta. Toda devoluci\u00f3n implicar\u00e1 un cargo del 5% (cinco por ciento) del monto total de la compra por conceptos de comisiones bancarias y cargos administrativos.<\/span><\/p><p>\u00a0<\/p><p><span style=\"font-weight: 400;\">DEVOLUCI\u00d3N DEL COSTO DEL SERVICIO POR CUESTIONES IMPUTABLES A ACUARIO DEL BAJ\u00cdO SA DE CV .<\/span><\/p><p>\u00a0<\/p><p><span style=\"font-weight: 400;\">En el supuesto de que Acuario del Baj\u00edo SA de CV no pueda efectuar la prestaci\u00f3n del servicio por causas de fuerza mayor o caso fortuito, incluyendo de manera enunciativa m\u00e1s no limitativa contingencias econ\u00f3micas, sanitarias, clim\u00e1ticas, administrativas o cualquier otra situaci\u00f3n imprevista que afecte significativamente la operaci\u00f3n del establecimiento mercantil, Acuario del Baj\u00edo SA de CV emitir\u00e1 la devoluci\u00f3n correspondiente sin cargos administrativos, debiendo el Consumidor enviar un correo electr\u00f3nico a la direcci\u00f3n electr\u00f3nica contacto.leon@sealand.com.mx, detallando el n\u00famero de reserva, correo electr\u00f3nico con el que se efectu\u00f3 la compra, el n\u00famero de cuenta clabe interbancaria para traspaso de fondos o los datos de tarjeta de cr\u00e9dito o d\u00e9bito, banco emisor y titular de la tarjeta en la que se llevar\u00e1 a cabo la devoluci\u00f3n del importe de la compra a nombre del titular de la reserva, incluyendo la car\u00e1tula del estado de cuenta.<\/span><\/p><\/div><\/li><\/div><\/div><\/article><\/section>\t\t<\/div>\n\t\t\t\t<\/div>\n\t\t\t\t<div class=\"elementor-element elementor-element-e1e38a8 elementor-widget elementor-widget-spacer\" data-id=\"e1e38a8\" data-element_type=\"widget\" data-widget_type=\"spacer.default\">\n\t\t\t\t<div class=\"elementor-widget-container\">\n\t\t\t\t\t<div class=\"elementor-spacer\">\n\t\t\t<div class=\"elementor-spacer-inner\"><\/div>\n\t\t<\/div>\n\t\t\t\t<\/div>\n\t\t\t\t<\/div>\n\t\t\t\t\t<\/div>\n\t\t<\/div>\n\t\t\t\t\t<\/div>\n\t\t<\/section>\n\t\t\t\t<\/div>\n\t\t","protected":false},"excerpt":{"rendered":"<p>PREGUNTAS FRECUENTES Informaci\u00f3n general \u00bfD\u00f3nde est\u00e1 ubicado Sealand?Estamos dentro del Centro Comercial Altacia. Blvd. Aeropuerto No. 104, Cerrito de Jerez, 37545 Le\u00f3n de los Aldama, Gto.\u00a0 \u00bfQu\u00e9 duraci\u00f3n tiene el recorrido?\u00a0 El recorrido dura entre 1 y 2 horas, dependiendo de tu ritmo y si decides participar en actividades adicionales. \u00bfA partir de qu\u00e9 edad [&hellip;]<\/p>\n","protected":false},"author":3,"featured_media":0,"parent":0,"menu_order":0,"comment_status":"closed","ping_status":"closed","template":"elementor_header_footer","meta":{"rank_math_lock_modified_date":false,"footnotes":""},"acf":[],"_links":{"self":[{"href":"https:\/\/www.sealand.com.mx\/leon\/wp-json\/wp\/v2\/pages\/603"}],"collection":[{"href":"https:\/\/www.sealand.com.mx\/leon\/wp-json\/wp\/v2\/pages"}],"about":[{"href":"https:\/\/www.sealand.com.mx\/leon\/wp-json\/wp\/v2\/types\/page"}],"author":[{"embeddable":true,"href":"https:\/\/www.sealand.com.mx\/leon\/wp-json\/wp\/v2\/users\/3"}],"replies":[{"embeddable":true,"href":"https:\/\/www.sealand.com.mx\/leon\/wp-json\/wp\/v2\/comments?post=603"}],"version-history":[{"count":236,"href":"https:\/\/www.sealand.com.mx\/leon\/wp-json\/wp\/v2\/pages\/603\/revisions"}],"predecessor-version":[{"id":20431,"href":"https:\/\/www.sealand.com.mx\/leon\/wp-json\/wp\/v2\/pages\/603\/revisions\/20431"}],"wp:attachment":[{"href":"https:\/\/www.sealand.com.mx\/leon\/wp-json\/wp\/v2\/media?parent=603"}],"curies":[{"name":"wp","href":"https:\/\/api.w.org\/{rel}","templated":true}]}}