{"id":7477,"date":"2023-10-20T21:57:28","date_gmt":"2023-10-20T21:57:28","guid":{"rendered":"https:\/\/www.sealand.com.mx\/leon\/?page_id=7477"},"modified":"2026-01-16T17:39:46","modified_gmt":"2026-01-16T17:39:46","slug":"fast-pass","status":"publish","type":"page","link":"https:\/\/www.sealand.com.mx\/leon\/fast-pass\/","title":{"rendered":"Fast Pass"},"content":{"rendered":"\t\t<div data-elementor-type=\"wp-page\" data-elementor-id=\"7477\" class=\"elementor elementor-7477\" data-elementor-post-type=\"page\">\n\t\t\t\t\t\t<section class=\"elementor-section elementor-top-section elementor-element elementor-element-2f8ed85 elementor-section-full_width elementor-section-height-default elementor-section-height-default\" data-id=\"2f8ed85\" data-element_type=\"section\">\n\t\t\t\t\t\t<div class=\"elementor-container elementor-column-gap-no\">\n\t\t\t\t\t<div class=\"elementor-column elementor-col-100 elementor-top-column elementor-element elementor-element-aa85bce\" data-id=\"aa85bce\" data-element_type=\"column\">\n\t\t\t<div class=\"elementor-widget-wrap elementor-element-populated\">\n\t\t\t\t\t\t<div class=\"elementor-element elementor-element-77986be elementor-hidden-mobile dce_masking-none elementor-widget elementor-widget-image\" data-id=\"77986be\" data-element_type=\"widget\" data-widget_type=\"image.default\">\n\t\t\t\t<div class=\"elementor-widget-container\">\n\t\t\t\t\t\t\t\t\t\t\t\t\t<img fetchpriority=\"high\" decoding=\"async\" width=\"1620\" height=\"628\" src=\"https:\/\/www.sealand.com.mx\/leon\/wp-content\/uploads\/sites\/5\/2026\/01\/FAST-PASS-SEALANDLEON-ENERO26-DESK.jpg\" class=\"attachment-full size-full wp-image-20153\" alt=\"\" srcset=\"https:\/\/www.sealand.com.mx\/leon\/wp-content\/uploads\/sites\/5\/2026\/01\/FAST-PASS-SEALANDLEON-ENERO26-DESK.jpg 1620w, https:\/\/www.sealand.com.mx\/leon\/wp-content\/uploads\/sites\/5\/2026\/01\/FAST-PASS-SEALANDLEON-ENERO26-DESK-300x116.jpg 300w, https:\/\/www.sealand.com.mx\/leon\/wp-content\/uploads\/sites\/5\/2026\/01\/FAST-PASS-SEALANDLEON-ENERO26-DESK-1024x397.jpg 1024w, https:\/\/www.sealand.com.mx\/leon\/wp-content\/uploads\/sites\/5\/2026\/01\/FAST-PASS-SEALANDLEON-ENERO26-DESK-768x298.jpg 768w, https:\/\/www.sealand.com.mx\/leon\/wp-content\/uploads\/sites\/5\/2026\/01\/FAST-PASS-SEALANDLEON-ENERO26-DESK-1536x595.jpg 1536w\" sizes=\"(max-width: 1620px) 100vw, 1620px\" \/>\t\t\t\t\t\t\t\t\t\t\t\t\t<\/div>\n\t\t\t\t<\/div>\n\t\t\t\t<div class=\"elementor-element elementor-element-6505477 elementor-hidden-desktop elementor-hidden-tablet dce_masking-none elementor-widget elementor-widget-image\" data-id=\"6505477\" data-element_type=\"widget\" data-widget_type=\"image.default\">\n\t\t\t\t<div class=\"elementor-widget-container\">\n\t\t\t\t\t\t\t\t\t\t\t\t\t<img decoding=\"async\" width=\"428\" height=\"500\" src=\"https:\/\/www.sealand.com.mx\/leon\/wp-content\/uploads\/sites\/5\/2026\/01\/FAST-PASS-SEALANDLEON-ENERO26-MOVIL.jpg\" class=\"attachment-full size-full wp-image-20154\" alt=\"\" srcset=\"https:\/\/www.sealand.com.mx\/leon\/wp-content\/uploads\/sites\/5\/2026\/01\/FAST-PASS-SEALANDLEON-ENERO26-MOVIL.jpg 428w, https:\/\/www.sealand.com.mx\/leon\/wp-content\/uploads\/sites\/5\/2026\/01\/FAST-PASS-SEALANDLEON-ENERO26-MOVIL-257x300.jpg 257w\" sizes=\"(max-width: 428px) 100vw, 428px\" \/>\t\t\t\t\t\t\t\t\t\t\t\t\t<\/div>\n\t\t\t\t<\/div>\n\t\t\t\t\t<\/div>\n\t\t<\/div>\n\t\t\t\t\t<\/div>\n\t\t<\/section>\n\t\t\t\t<section data-dce-background-image-url=\"https:\/\/www.sealand.com.mx\/leon\/wp-content\/uploads\/sites\/5\/2023\/03\/FONDO-SINGLE-PRODUCTO-1.png\" class=\"elementor-section elementor-top-section elementor-element elementor-element-8b1ff33 elementor-section-full_width elementor-section-height-default elementor-section-height-default\" data-id=\"8b1ff33\" data-element_type=\"section\" data-settings=\"{&quot;background_background&quot;:&quot;classic&quot;}\">\n\t\t\t\t\t\t<div class=\"elementor-container elementor-column-gap-no\">\n\t\t\t\t\t<div class=\"elementor-column elementor-col-100 elementor-top-column elementor-element elementor-element-c3c2831\" data-id=\"c3c2831\" data-element_type=\"column\">\n\t\t\t<div class=\"elementor-widget-wrap elementor-element-populated\">\n\t\t\t\t\t\t<div class=\"elementor-element elementor-element-a044829 elementor-widget elementor-widget-shortcode\" data-id=\"a044829\" data-element_type=\"widget\" data-widget_type=\"shortcode.default\">\n\t\t\t\t<div class=\"elementor-widget-container\">\n\t\t\t\t\t<div class=\"elementor-shortcode\">\t\t<section data-elementor-type=\"section\" data-elementor-id=\"7480\" class=\"elementor elementor-7480\" data-elementor-post-type=\"elementor_library\">\n\t\t\t\t\t<section class=\"elementor-section elementor-top-section elementor-element elementor-element-4408a4c elementor-section-boxed elementor-section-height-default elementor-section-height-default\" data-id=\"4408a4c\" data-element_type=\"section\" data-settings=\"{&quot;background_background&quot;:&quot;classic&quot;}\">\n\t\t\t\t\t\t<div class=\"elementor-container elementor-column-gap-default\">\n\t\t\t\t\t<div class=\"elementor-column elementor-col-50 elementor-top-column elementor-element elementor-element-a2a2f5e\" data-id=\"a2a2f5e\" data-element_type=\"column\">\n\t\t\t<div class=\"elementor-widget-wrap elementor-element-populated\">\n\t\t\t\t\t\t<div class=\"elementor-element elementor-element-ffdfad8 elementor-widget__width-inherit elementor-widget-mobile__width-initial elementor-widget elementor-widget-heading\" data-id=\"ffdfad8\" data-element_type=\"widget\" data-widget_type=\"heading.default\">\n\t\t\t\t<div class=\"elementor-widget-container\">\n\t\t\t<h1 class=\"elementor-heading-title elementor-size-default\">\u00a1CON FAST PASS OLV\u00cdDATE DE LAS FILAS!<\/h1>\t\t<\/div>\n\t\t\t\t<\/div>\n\t\t\t\t<div class=\"elementor-element elementor-element-8b74f22 elementor-widget elementor-widget-heading\" data-id=\"8b74f22\" data-element_type=\"widget\" data-widget_type=\"heading.default\">\n\t\t\t\t<div class=\"elementor-widget-container\">\n\t\t\t<span class=\"elementor-heading-title elementor-size-default\">ADQUIERE TU ENTRADA HOY<\/span>\t\t<\/div>\n\t\t\t\t<\/div>\n\t\t\t\t<div class=\"elementor-element elementor-element-3f3ec9d elementor-widget__width-inherit elementor-widget-mobile__width-inherit elementor-widget elementor-widget-text-editor\" data-id=\"3f3ec9d\" data-element_type=\"widget\" data-widget_type=\"text-editor.default\">\n\t\t\t\t<div class=\"elementor-widget-container\">\n\t\t\t\t\t\t\t<p><span style=\"font-weight: 400;\">Disfruta de acceso r\u00e1pido y sin complicaciones a todas las atracciones de Sealand. No pierdas tiempo en filas y aprovecha al m\u00e1ximo tu visita con esta experiencia. El Fast Pass te ofrece la oportunidad de aventurarte en nuestra rampa de nieve (Cold Quest) y jugar con nieve real en el Snow Play.\u00a0 Adem\u00e1s, podr\u00e1s ver la exhibici\u00f3n de especies que incluye tiburones, rayas, medusas, ajolotes, cocodrilos y la exhibici\u00f3n de ping\u00fcinos.\u00a0<\/span><\/p><p><strong>\u00a1No pierdas esta oportunidad inolvidable! Vive una Acuarioventura en Sealand Le\u00f3n. <\/strong><\/p>\t\t\t\t\t\t<\/div>\n\t\t\t\t<\/div>\n\t\t\t\t\t<\/div>\n\t\t<\/div>\n\t\t\t\t<div class=\"elementor-column elementor-col-50 elementor-top-column elementor-element elementor-element-d58f26b\" data-id=\"d58f26b\" data-element_type=\"column\">\n\t\t\t<div class=\"elementor-widget-wrap elementor-element-populated\">\n\t\t\t\t\t\t<div class=\"elementor-element elementor-element-4ab6c6d elementor-widget__width-inherit elementor-widget-mobile__width-inherit elementor-pagination-position-outside elementor-widget elementor-widget-image-carousel\" data-id=\"4ab6c6d\" data-element_type=\"widget\" data-settings=\"{&quot;slides_to_show&quot;:&quot;1&quot;,&quot;navigation&quot;:&quot;dots&quot;,&quot;autoplay&quot;:&quot;yes&quot;,&quot;pause_on_hover&quot;:&quot;yes&quot;,&quot;pause_on_interaction&quot;:&quot;yes&quot;,&quot;autoplay_speed&quot;:5000,&quot;infinite&quot;:&quot;yes&quot;,&quot;effect&quot;:&quot;slide&quot;,&quot;speed&quot;:500}\" data-widget_type=\"image-carousel.default\">\n\t\t\t\t<div class=\"elementor-widget-container\">\n\t\t\t\t\t<div class=\"elementor-image-carousel-wrapper swiper\" dir=\"ltr\">\n\t\t\t<div class=\"elementor-image-carousel swiper-wrapper\" aria-live=\"off\">\n\t\t\t\t\t\t\t\t<div class=\"swiper-slide\" role=\"group\" aria-roledescription=\"slide\" aria-label=\"1 de 6\"><figure class=\"swiper-slide-inner\"><img decoding=\"async\" class=\"swiper-slide-image\" src=\"https:\/\/www.sealand.com.mx\/leon\/wp-content\/uploads\/sites\/5\/2023\/10\/FAST-1.png\" alt=\"\" \/><\/figure><\/div><div class=\"swiper-slide\" role=\"group\" aria-roledescription=\"slide\" aria-label=\"2 de 6\"><figure class=\"swiper-slide-inner\"><img decoding=\"async\" class=\"swiper-slide-image\" src=\"https:\/\/www.sealand.com.mx\/leon\/wp-content\/uploads\/sites\/5\/2023\/10\/FAST-2.png\" alt=\"\" \/><\/figure><\/div><div class=\"swiper-slide\" role=\"group\" aria-roledescription=\"slide\" aria-label=\"3 de 6\"><figure class=\"swiper-slide-inner\"><img decoding=\"async\" class=\"swiper-slide-image\" src=\"https:\/\/www.sealand.com.mx\/leon\/wp-content\/uploads\/sites\/5\/2023\/10\/FAST-3.png\" alt=\"\" \/><\/figure><\/div><div class=\"swiper-slide\" role=\"group\" aria-roledescription=\"slide\" aria-label=\"4 de 6\"><figure class=\"swiper-slide-inner\"><img decoding=\"async\" class=\"swiper-slide-image\" src=\"https:\/\/www.sealand.com.mx\/leon\/wp-content\/uploads\/sites\/5\/2023\/10\/FAST-4.png\" alt=\"\" \/><\/figure><\/div><div class=\"swiper-slide\" role=\"group\" aria-roledescription=\"slide\" aria-label=\"5 de 6\"><figure class=\"swiper-slide-inner\"><img decoding=\"async\" class=\"swiper-slide-image\" src=\"https:\/\/www.sealand.com.mx\/leon\/wp-content\/uploads\/sites\/5\/2023\/10\/FAST-5.png\" alt=\"\" \/><\/figure><\/div><div class=\"swiper-slide\" role=\"group\" aria-roledescription=\"slide\" aria-label=\"6 de 6\"><figure class=\"swiper-slide-inner\"><img decoding=\"async\" class=\"swiper-slide-image\" src=\"https:\/\/www.sealand.com.mx\/leon\/wp-content\/uploads\/sites\/5\/2023\/10\/FAST-7.png\" alt=\"\" \/><\/figure><\/div>\t\t\t<\/div>\n\t\t\t\t\t\t\t\n\t\t\t\t\t\t\t\t\t<div class=\"swiper-pagination\"><\/div>\n\t\t\t\t\t\t\t\t\t<\/div>\n\t\t\t\t<\/div>\n\t\t\t\t<\/div>\n\t\t\t\t\t<\/div>\n\t\t<\/div>\n\t\t\t\t\t<\/div>\n\t\t<\/section>\n\t\t\t\t<section data-dce-background-color=\"#0B397F\" class=\"elementor-section elementor-top-section elementor-element elementor-element-5f255a7 elementor-section-stretched elementor-section-boxed elementor-section-height-default elementor-section-height-default\" data-id=\"5f255a7\" data-element_type=\"section\" data-settings=\"{&quot;background_background&quot;:&quot;classic&quot;,&quot;stretch_section&quot;:&quot;section-stretched&quot;}\">\n\t\t\t\t\t\t<div class=\"elementor-container elementor-column-gap-default\">\n\t\t\t\t\t<div class=\"elementor-column elementor-col-100 elementor-top-column elementor-element elementor-element-b99b3cc\" data-id=\"b99b3cc\" data-element_type=\"column\">\n\t\t\t<div class=\"elementor-widget-wrap elementor-element-populated\">\n\t\t\t\t\t\t<div class=\"elementor-element elementor-element-801c882 elementor-widget elementor-widget-heading\" data-id=\"801c882\" data-element_type=\"widget\" data-widget_type=\"heading.default\">\n\t\t\t\t<div class=\"elementor-widget-container\">\n\t\t\t<h3 class=\"elementor-heading-title elementor-size-default\">Reserva aqu\u00ed tu expedici\u00f3n Fast Pass<\/h3>\t\t<\/div>\n\t\t\t\t<\/div>\n\t\t\t\t<div class=\"elementor-element elementor-element-57cd7ef elementor-widget elementor-widget-shortcode\" data-id=\"57cd7ef\" data-element_type=\"widget\" data-widget_type=\"shortcode.default\">\n\t\t\t\t<div class=\"elementor-widget-container\">\n\t\t\t\t\t<div class=\"elementor-shortcode\"><input type=\"hidden\" id=\"vmg_plugin_id\" value=\"19\">\n<input type=\"hidden\" id=\"vmg_plugin_url\" value=\"plugin.venturae.com.mx\">\n<div  id=\"pluginContainer\" class=\"container\"><\/div>\n<link href=\"https:\/\/cdnjs.cloudflare.com\/ajax\/libs\/font-awesome\/5.10.2\/css\/all.min.css\" rel=\"stylesheet\">\n<script src=\"https:\/\/ajax.googleapis.com\/ajax\/libs\/jquery\/3.7.1\/jquery.min.js\"><\/script>\n<script>\n\tjQuery(document).ready(function($){\n\t\tvar vmg_plugin_id = $('#vmg_plugin_id').val();\n\t\tvar vmg_plugin_url = $('#vmg_plugin_url').val();\n\n\t\t$.getScript( `https:\/\/${vmg_plugin_url}\/js\/pluginscripts.js`, function(jd) {\n\t\t\t\"use strict\";\n\t\t\t$.pluginUrl = `https:\/\/${vmg_plugin_url}\/requesterv2.php`;\n\t\t\tvar params = {\n\t\t\t\t\t\t\t\t\t\t\t\t\t\t\t\t\t\t\t\t\t\t\t\t\t\t\t\t\t\t\t\t\t\t\t\t\t\t\t\t'plugin_id': \"19\",\n\t\t\t\t\t\t\t\t\t\t\t\t'producto_id': \"1533\",\n\t\t\t\t\t\t\t\t\t\t\t\t\t\t\t\t\t\t\t\t\t\t\t\t'user_language': \"es\",\n\t\t\t\t\t\t\t\t\t\t\t\t\t\t\t\t\n\t\t\t\t\n\t\t\t\t'plugin_id': vmg_plugin_id\n\t\t\t};\n\t\t\tconst urlParams = new URLSearchParams(window.location.search);\n\t\t\turlParams.forEach((value, key) => {\n\t\t\t\tparams[key] = value;\n\t\t\t});\n\t\t\t$.post($.pluginUrl,params,function(data, status){\n\t\t\t\tjQuery( \"#pluginContainer\" ).html(data);\n\t\t\t});\n\n\t\t});\n\n\t});\n<\/script><\/div>\n\t\t\t\t<\/div>\n\t\t\t\t<\/div>\n\t\t\t\t<div class=\"elementor-element elementor-element-7da8517 elementor-widget elementor-widget-accordion\" data-id=\"7da8517\" data-element_type=\"widget\" data-widget_type=\"accordion.default\">\n\t\t\t\t<div class=\"elementor-widget-container\">\n\t\t\t\t\t<div class=\"elementor-accordion\">\n\t\t\t\t\t\t\t<div class=\"elementor-accordion-item\">\n\t\t\t\t\t<h6 id=\"elementor-tab-title-1311\" class=\"elementor-tab-title\" data-tab=\"1\" role=\"button\" aria-controls=\"elementor-tab-content-1311\" aria-expanded=\"false\">\n\t\t\t\t\t\t\t\t\t\t\t\t\t<span class=\"elementor-accordion-icon elementor-accordion-icon-right\" aria-hidden=\"true\">\n\t\t\t\t\t\t\t\t\t\t\t\t\t\t\t<span class=\"elementor-accordion-icon-closed\"><i class=\"fas fa-plus\"><\/i><\/span>\n\t\t\t\t\t\t\t\t<span class=\"elementor-accordion-icon-opened\"><i class=\"fas fa-minus\"><\/i><\/span>\n\t\t\t\t\t\t\t\t\t\t\t\t\t\t<\/span>\n\t\t\t\t\t\t\t\t\t\t\t\t<a class=\"elementor-accordion-title\" tabindex=\"0\">\u00bfQu\u00e9 incluye mi pase?<\/a>\n\t\t\t\t\t<\/h6>\n\t\t\t\t\t<div id=\"elementor-tab-content-1311\" class=\"elementor-tab-content elementor-clearfix\" data-tab=\"1\" role=\"region\" aria-labelledby=\"elementor-tab-title-1311\"><h4>Expedici\u00f3n general<\/h4><p><span style=\"text-decoration: underline;\">Incluye:<\/span><\/p><ul><li>Exhibici\u00f3n de especies (12 salas de exhibici\u00f3n divididas en seis mundos: Tri\u00e1ngulo de las Bermudas, Isla Tortuga, Amazonia, Des\u00e9rtika, \u00c1rtico y Ant\u00e1rtida)<\/li><li>Cold Quest (Rampa para deslizarse): Para todas las edades. Ni\u00f1os menores de 6 a\u00f1os deber\u00e1n ingresar acompa\u00f1ados de un adulto. En todo momento se deben seguir las indicaciones de nuestro personal.<\/li><li>Snow play (\u00e1rea de juego con nieve real): Para todas las edades. Ni\u00f1os menores de 6 a\u00f1os deber\u00e1n ingresar acompa\u00f1ados de un adulto.<\/li><li>Exhibici\u00f3n de ping\u00fcinos.<\/li><\/ul><p><span style=\"text-decoration: underline;\">Precio en l\u00ednea comprando con anticipaci\u00f3n:<\/span><\/p><ul><li>El precio especial en l\u00ednea ($245 pesos mexicanos) puede obtenerse reservando con al menos 1 (un) d\u00eda de anticipaci\u00f3n a la fecha reservada.<\/li><\/ul><p><span style=\"text-decoration: underline;\">Fast Pass:<\/span><\/p><ul><li>Es un adicional que aplica para la Expedici\u00f3n General y que otorga acceso por medio de una fila preferencial a la entrada de Sealand Le\u00f3n.<\/li><\/ul><h4>Expedici\u00f3n VIP\u00a0<\/h4><p><span style=\"text-decoration: underline;\">Incluye:<\/span><\/p><ul><li>Exhibici\u00f3n de especies (12 salas de exhibici\u00f3n divididas en seis mundos: Tri\u00e1ngulo de las Bermudas, Isla Tortuga, Amazonia, Des\u00e9rtika, \u00c1rtico y Ant\u00e1rtida)<\/li><li>Cold Quest (Rampa para deslizarse): Para todas las edades.\u00a0 Ni\u00f1os menores de 6 a\u00f1os deber\u00e1n ingresar acompa\u00f1ados de un adulto. En todo momento se deben seguir las indicaciones de nuestro personal.<\/li><li>Snow play (\u00e1rea de juego con nieve real): Para todas las edades. Ni\u00f1os menores de 6 a\u00f1os deber\u00e1n ingresar acompa\u00f1ados de un adulto.<\/li><li>Exhibici\u00f3n de ping\u00fcinos<\/li><li>Realidad Virtual: Sala en donde a trav\u00e9s de lentes de realidad virtual se vive la experiencia de bajar al fondo del mar guiados por el capit\u00e1n Hopelander.\u00a0 A partir de los 6 a\u00f1os. En todo momento se deben seguir las indicaciones de nuestro personal.<\/li><li>Laberinto Laser: Sala interactiva donde se juegan desaf\u00edos para esquivar l\u00e1seres<\/li><li>Alimentos: 1 refresco de lata (355 ml), 1 palomitas medianas (39.5 gr. aprox) y paleta de l\u00e1piz de color.<\/li><\/ul><\/div>\n\t\t\t\t<\/div>\n\t\t\t\t\t\t\t\t\t\t<script type=\"application\/ld+json\">{\"@context\":\"https:\\\/\\\/schema.org\",\"@type\":\"FAQPage\",\"mainEntity\":[{\"@type\":\"Question\",\"name\":\"\\u00bfQu\\u00e9 incluye mi pase?\",\"acceptedAnswer\":{\"@type\":\"Answer\",\"text\":\"<h4>Expedici\\u00f3n general<\\\/h4><p><span style=\\\"text-decoration: underline;\\\">Incluye:<\\\/span><\\\/p><ul><li>Exhibici\\u00f3n de especies (12 salas de exhibici\\u00f3n divididas en seis mundos: Tri\\u00e1ngulo de las Bermudas, Isla Tortuga, Amazonia, Des\\u00e9rtika, \\u00c1rtico y Ant\\u00e1rtida)<\\\/li><li>Cold Quest (Rampa para deslizarse): Para todas las edades. Ni\\u00f1os menores de 6 a\\u00f1os deber\\u00e1n ingresar acompa\\u00f1ados de un adulto. En todo momento se deben seguir las indicaciones de nuestro personal.<\\\/li><li>Snow play (\\u00e1rea de juego con nieve real): Para todas las edades. Ni\\u00f1os menores de 6 a\\u00f1os deber\\u00e1n ingresar acompa\\u00f1ados de un adulto.<\\\/li><li>Exhibici\\u00f3n de ping\\u00fcinos.<\\\/li><\\\/ul><p><span style=\\\"text-decoration: underline;\\\">Precio en l\\u00ednea comprando con anticipaci\\u00f3n:<\\\/span><\\\/p><ul><li>El precio especial en l\\u00ednea ($245 pesos mexicanos) puede obtenerse reservando con al menos 1 (un) d\\u00eda de anticipaci\\u00f3n a la fecha reservada.<\\\/li><\\\/ul><p><span style=\\\"text-decoration: underline;\\\">Fast Pass:<\\\/span><\\\/p><ul><li>Es un adicional que aplica para la Expedici\\u00f3n General y que otorga acceso por medio de una fila preferencial a la entrada de Sealand Le\\u00f3n.<\\\/li><\\\/ul><h4>Expedici\\u00f3n VIP\\u00a0<\\\/h4><p><span style=\\\"text-decoration: underline;\\\">Incluye:<\\\/span><\\\/p><ul><li>Exhibici\\u00f3n de especies (12 salas de exhibici\\u00f3n divididas en seis mundos: Tri\\u00e1ngulo de las Bermudas, Isla Tortuga, Amazonia, Des\\u00e9rtika, \\u00c1rtico y Ant\\u00e1rtida)<\\\/li><li>Cold Quest (Rampa para deslizarse): Para todas las edades.\\u00a0 Ni\\u00f1os menores de 6 a\\u00f1os deber\\u00e1n ingresar acompa\\u00f1ados de un adulto. En todo momento se deben seguir las indicaciones de nuestro personal.<\\\/li><li>Snow play (\\u00e1rea de juego con nieve real): Para todas las edades. Ni\\u00f1os menores de 6 a\\u00f1os deber\\u00e1n ingresar acompa\\u00f1ados de un adulto.<\\\/li><li>Exhibici\\u00f3n de ping\\u00fcinos<\\\/li><li>Realidad Virtual: Sala en donde a trav\\u00e9s de lentes de realidad virtual se vive la experiencia de bajar al fondo del mar guiados por el capit\\u00e1n Hopelander.\\u00a0 A partir de los 6 a\\u00f1os. En todo momento se deben seguir las indicaciones de nuestro personal.<\\\/li><li>Laberinto Laser: Sala interactiva donde se juegan desaf\\u00edos para esquivar l\\u00e1seres<\\\/li><li>Alimentos: 1 refresco de lata (355 ml), 1 palomitas medianas (39.5 gr. aprox) y paleta de l\\u00e1piz de color.<\\\/li><\\\/ul>\"}}]}<\/script>\n\t\t\t\t\t<\/div>\n\t\t\t\t<\/div>\n\t\t\t\t<\/div>\n\t\t\t\t<div class=\"elementor-element elementor-element-ef11e3c elementor-widget elementor-widget-html\" data-id=\"ef11e3c\" data-element_type=\"widget\" data-widget_type=\"html.default\">\n\t\t\t\t<div class=\"elementor-widget-container\">\n\t\t\t<script> \njQuery(document).ready(function($) { \nvar delay = 100; setTimeout(function() { \n$('.elementor-tab-title').removeClass('elementor-active');\n $('.elementor-tab-content').css('display', 'none'); }, delay); \n}); \n<\/script>\t\t<\/div>\n\t\t\t\t<\/div>\n\t\t\t\t\t<\/div>\n\t\t<\/div>\n\t\t\t\t\t<\/div>\n\t\t<\/section>\n\t\t\t\t<section class=\"elementor-section elementor-top-section elementor-element elementor-element-c80980f elementor-section-boxed elementor-section-height-default elementor-section-height-default\" data-id=\"c80980f\" data-element_type=\"section\">\n\t\t\t\t\t\t<div class=\"elementor-container elementor-column-gap-default\">\n\t\t\t\t\t<div class=\"elementor-column elementor-col-100 elementor-top-column elementor-element elementor-element-2ad4eb6\" data-id=\"2ad4eb6\" data-element_type=\"column\">\n\t\t\t<div class=\"elementor-widget-wrap elementor-element-populated\">\n\t\t\t\t\t\t<div class=\"elementor-element elementor-element-ad6642b elementor-widget elementor-widget-shortcode\" data-id=\"ad6642b\" data-element_type=\"widget\" data-widget_type=\"shortcode.default\">\n\t\t\t\t<div class=\"elementor-widget-container\">\n\t\t\t\t\t<div class=\"elementor-shortcode\"><\/div>\n\t\t\t\t<\/div>\n\t\t\t\t<\/div>\n\t\t\t\t\t<\/div>\n\t\t<\/div>\n\t\t\t\t\t<\/div>\n\t\t<\/section>\n\t\t\t\t<section class=\"elementor-section elementor-top-section elementor-element elementor-element-9451c53 elementor-section-boxed elementor-section-height-default elementor-section-height-default\" data-id=\"9451c53\" data-element_type=\"section\">\n\t\t\t\t\t\t<div class=\"elementor-container elementor-column-gap-default\">\n\t\t\t\t\t<div class=\"elementor-column elementor-col-100 elementor-top-column elementor-element elementor-element-4136976\" data-id=\"4136976\" data-element_type=\"column\">\n\t\t\t<div class=\"elementor-widget-wrap elementor-element-populated\">\n\t\t\t\t\t\t<div class=\"elementor-element elementor-element-c446647 elementor-widget elementor-widget-spacer\" data-id=\"c446647\" data-element_type=\"widget\" data-widget_type=\"spacer.default\">\n\t\t\t\t<div class=\"elementor-widget-container\">\n\t\t\t\t\t<div class=\"elementor-spacer\">\n\t\t\t<div class=\"elementor-spacer-inner\"><\/div>\n\t\t<\/div>\n\t\t\t\t<\/div>\n\t\t\t\t<\/div>\n\t\t\t\t\t<\/div>\n\t\t<\/div>\n\t\t\t\t\t<\/div>\n\t\t<\/section>\n\t\t\t\t<\/section>\n\t\t<\/div>\n\t\t\t\t<\/div>\n\t\t\t\t<\/div>\n\t\t\t\t\t<\/div>\n\t\t<\/div>\n\t\t\t\t\t<\/div>\n\t\t<\/section>\n\t\t\t\t<\/div>\n\t\t","protected":false},"excerpt":{"rendered":"","protected":false},"author":4,"featured_media":0,"parent":0,"menu_order":0,"comment_status":"closed","ping_status":"closed","template":"elementor_header_footer","meta":{"rank_math_lock_modified_date":false,"footnotes":""},"acf":[],"_links":{"self":[{"href":"https:\/\/www.sealand.com.mx\/leon\/wp-json\/wp\/v2\/pages\/7477"}],"collection":[{"href":"https:\/\/www.sealand.com.mx\/leon\/wp-json\/wp\/v2\/pages"}],"about":[{"href":"https:\/\/www.sealand.com.mx\/leon\/wp-json\/wp\/v2\/types\/page"}],"author":[{"embeddable":true,"href":"https:\/\/www.sealand.com.mx\/leon\/wp-json\/wp\/v2\/users\/4"}],"replies":[{"embeddable":true,"href":"https:\/\/www.sealand.com.mx\/leon\/wp-json\/wp\/v2\/comments?post=7477"}],"version-history":[{"count":24,"href":"https:\/\/www.sealand.com.mx\/leon\/wp-json\/wp\/v2\/pages\/7477\/revisions"}],"predecessor-version":[{"id":20162,"href":"https:\/\/www.sealand.com.mx\/leon\/wp-json\/wp\/v2\/pages\/7477\/revisions\/20162"}],"wp:attachment":[{"href":"https:\/\/www.sealand.com.mx\/leon\/wp-json\/wp\/v2\/media?parent=7477"}],"curies":[{"name":"wp","href":"https:\/\/api.w.org\/{rel}","templated":true}]}}