{"id":8212,"date":"2023-12-07T17:43:47","date_gmt":"2023-12-07T17:43:47","guid":{"rendered":"https:\/\/www.sealand.com.mx\/leon\/?page_id=8212"},"modified":"2025-11-19T20:53:09","modified_gmt":"2025-11-19T20:53:09","slug":"pinguinavidad","status":"publish","type":"page","link":"https:\/\/www.sealand.com.mx\/leon\/pinguinavidad\/","title":{"rendered":"Ping\u00fcinavidad"},"content":{"rendered":"\t\t<div data-elementor-type=\"wp-page\" data-elementor-id=\"8212\" class=\"elementor elementor-8212\" data-elementor-post-type=\"page\">\n\t\t\t\t\t\t<section class=\"elementor-section elementor-top-section elementor-element elementor-element-9832a1c elementor-section-full_width elementor-section-height-default elementor-section-height-default\" data-id=\"9832a1c\" data-element_type=\"section\">\n\t\t\t\t\t\t<div class=\"elementor-container elementor-column-gap-no\">\n\t\t\t\t\t<div class=\"elementor-column elementor-col-100 elementor-top-column elementor-element elementor-element-172e5fb\" data-id=\"172e5fb\" data-element_type=\"column\">\n\t\t\t<div class=\"elementor-widget-wrap elementor-element-populated\">\n\t\t\t\t\t\t<div class=\"elementor-element elementor-element-63d7c7d elementor-hidden-mobile dce_masking-none elementor-widget elementor-widget-image\" data-id=\"63d7c7d\" data-element_type=\"widget\" data-widget_type=\"image.default\">\n\t\t\t\t<div class=\"elementor-widget-container\">\n\t\t\t\t\t\t\t\t\t\t\t\t\t<img fetchpriority=\"high\" decoding=\"async\" width=\"1620\" height=\"628\" src=\"https:\/\/www.sealand.com.mx\/leon\/wp-content\/uploads\/sites\/5\/2025\/11\/PINGUINAVIDAD-SEALANDleon-NOV25-3-DESK.jpg\" class=\"attachment-full size-full wp-image-19095\" alt=\"\" srcset=\"https:\/\/www.sealand.com.mx\/leon\/wp-content\/uploads\/sites\/5\/2025\/11\/PINGUINAVIDAD-SEALANDleon-NOV25-3-DESK.jpg 1620w, https:\/\/www.sealand.com.mx\/leon\/wp-content\/uploads\/sites\/5\/2025\/11\/PINGUINAVIDAD-SEALANDleon-NOV25-3-DESK-300x116.jpg 300w, https:\/\/www.sealand.com.mx\/leon\/wp-content\/uploads\/sites\/5\/2025\/11\/PINGUINAVIDAD-SEALANDleon-NOV25-3-DESK-1024x397.jpg 1024w, https:\/\/www.sealand.com.mx\/leon\/wp-content\/uploads\/sites\/5\/2025\/11\/PINGUINAVIDAD-SEALANDleon-NOV25-3-DESK-768x298.jpg 768w, https:\/\/www.sealand.com.mx\/leon\/wp-content\/uploads\/sites\/5\/2025\/11\/PINGUINAVIDAD-SEALANDleon-NOV25-3-DESK-1536x595.jpg 1536w\" sizes=\"(max-width: 1620px) 100vw, 1620px\" \/>\t\t\t\t\t\t\t\t\t\t\t\t\t<\/div>\n\t\t\t\t<\/div>\n\t\t\t\t<div class=\"elementor-element elementor-element-88303bf elementor-hidden-desktop elementor-hidden-tablet dce_masking-none elementor-widget elementor-widget-image\" data-id=\"88303bf\" data-element_type=\"widget\" data-widget_type=\"image.default\">\n\t\t\t\t<div class=\"elementor-widget-container\">\n\t\t\t\t\t\t\t\t\t\t\t\t\t<img decoding=\"async\" width=\"428\" height=\"500\" src=\"https:\/\/www.sealand.com.mx\/leon\/wp-content\/uploads\/sites\/5\/2025\/11\/PINGUINAVIDAD-JUGUETES-SEALANDLEON-MOVIL-NOV25.jpg\" class=\"attachment-full size-full wp-image-19083\" alt=\"\" srcset=\"https:\/\/www.sealand.com.mx\/leon\/wp-content\/uploads\/sites\/5\/2025\/11\/PINGUINAVIDAD-JUGUETES-SEALANDLEON-MOVIL-NOV25.jpg 428w, https:\/\/www.sealand.com.mx\/leon\/wp-content\/uploads\/sites\/5\/2025\/11\/PINGUINAVIDAD-JUGUETES-SEALANDLEON-MOVIL-NOV25-257x300.jpg 257w\" sizes=\"(max-width: 428px) 100vw, 428px\" \/>\t\t\t\t\t\t\t\t\t\t\t\t\t<\/div>\n\t\t\t\t<\/div>\n\t\t\t\t\t<\/div>\n\t\t<\/div>\n\t\t\t\t\t<\/div>\n\t\t<\/section>\n\t\t\t\t<section data-dce-background-color=\"#051F5A\" data-dce-background-hover-color=\"#10349100\" data-dce-background-overlay-color=\"#030992\" data-dce-background-image-url=\"https:\/\/www.sealand.com.mx\/leon\/wp-content\/uploads\/sites\/5\/2024\/11\/FONDO-PROMOCIONES-scaled-2.jpg\" class=\"elementor-section elementor-top-section elementor-element elementor-element-9e38ce2 elementor-section-full_width elementor-section-stretched elementor-section-height-default elementor-section-height-default\" data-id=\"9e38ce2\" data-element_type=\"section\" data-settings=\"{&quot;stretch_section&quot;:&quot;section-stretched&quot;,&quot;background_background&quot;:&quot;classic&quot;}\">\n\t\t\t\t\t\t\t<div class=\"elementor-background-overlay\"><\/div>\n\t\t\t\t\t\t\t<div class=\"elementor-container elementor-column-gap-no\">\n\t\t\t\t\t<div class=\"elementor-column elementor-col-100 elementor-top-column elementor-element elementor-element-6e7f609\" data-id=\"6e7f609\" data-element_type=\"column\">\n\t\t\t<div class=\"elementor-widget-wrap elementor-element-populated\">\n\t\t\t\t\t\t<section class=\"elementor-section elementor-inner-section elementor-element elementor-element-af026b2 elementor-section-boxed elementor-section-height-default elementor-section-height-default\" data-id=\"af026b2\" data-element_type=\"section\">\n\t\t\t\t\t\t<div class=\"elementor-container elementor-column-gap-default\">\n\t\t\t\t\t<div class=\"elementor-column elementor-col-50 elementor-inner-column elementor-element elementor-element-c2e65e7\" data-id=\"c2e65e7\" data-element_type=\"column\">\n\t\t\t<div class=\"elementor-widget-wrap elementor-element-populated\">\n\t\t\t\t\t\t<div class=\"elementor-element elementor-element-013130d elementor-widget elementor-widget-spacer\" data-id=\"013130d\" data-element_type=\"widget\" data-widget_type=\"spacer.default\">\n\t\t\t\t<div class=\"elementor-widget-container\">\n\t\t\t\t\t<div class=\"elementor-spacer\">\n\t\t\t<div class=\"elementor-spacer-inner\"><\/div>\n\t\t<\/div>\n\t\t\t\t<\/div>\n\t\t\t\t<\/div>\n\t\t\t\t<div class=\"elementor-element elementor-element-2711dbc elementor-widget elementor-widget-heading\" data-id=\"2711dbc\" data-element_type=\"widget\" data-widget_type=\"heading.default\">\n\t\t\t\t<div class=\"elementor-widget-container\">\n\t\t\t<h1 class=\"elementor-heading-title elementor-size-default\">Esta Ping\u00fcinavidad,regala sonrisas y vive la magia en Sealand<\/h1>\t\t<\/div>\n\t\t\t\t<\/div>\n\t\t\t\t<div class=\"elementor-element elementor-element-f192b93 elementor-widget elementor-widget-text-editor\" data-id=\"f192b93\" data-element_type=\"widget\" data-widget_type=\"text-editor.default\">\n\t\t\t\t<div class=\"elementor-widget-container\">\n\t\t\t\t\t\t\t<p>En Sealand Le\u00f3n creemos que la verdadera magia de la Navidad est\u00e1 en compartir.<br \/>Por eso, esta Ping\u00fcinavidad te invitamos a ser parte de una causa muy especial: dona un juguete nuevo o en buen estado y ayuda a que m\u00e1s ni\u00f1os vivan la alegr\u00eda de estas fechas.<\/p><p><b style=\"color: #fbf21a;\"><strong>Como agradecimiento por tu generosidad, recibir\u00e1s un 15% de descuento en la compra de 1 a 5 boletos de Expedici\u00f3n General,<\/strong><\/b> para que tambi\u00e9n disfrutes una aventura inolvidable entre tiburones, ping\u00fcinos, rayas y muchas especies m\u00e1s.<\/p><p><strong>Cada juguete que dones llegar\u00e1 a las manos de ni\u00f1os que m\u00e1s lo necesitan, llevando contigo un mensaje de esperanza y alegr\u00eda a la asociaci\u00f3n Comienzos A.C<\/strong><br \/>Porque cuando compartimos, la ping\u00fcinavidad brilla m\u00e1s fuerte.<\/p><p>Ven, dona y vive una Ping\u00fcinavidad llena de magia, vida y coraz\u00f3n.<\/p>\t\t\t\t\t\t<\/div>\n\t\t\t\t<\/div>\n\t\t\t\t<div class=\"elementor-element elementor-element-a86f132 elementor-widget__width-initial elementor-absolute elementor-hidden-mobile dce_masking-none elementor-widget elementor-widget-image\" data-id=\"a86f132\" data-element_type=\"widget\" data-settings=\"{&quot;_position&quot;:&quot;absolute&quot;}\" data-widget_type=\"image.default\">\n\t\t\t\t<div class=\"elementor-widget-container\">\n\t\t\t\t\t\t\t\t\t\t\t\t\t<img decoding=\"async\" width=\"182\" height=\"300\" src=\"https:\/\/www.sealand.com.mx\/leon\/wp-content\/uploads\/sites\/5\/2024\/11\/Pinguino-sealandleon-2-182x300.png\" class=\"attachment-medium size-medium wp-image-12805\" alt=\"\" srcset=\"https:\/\/www.sealand.com.mx\/leon\/wp-content\/uploads\/sites\/5\/2024\/11\/Pinguino-sealandleon-2-182x300.png 182w, https:\/\/www.sealand.com.mx\/leon\/wp-content\/uploads\/sites\/5\/2024\/11\/Pinguino-sealandleon-2-621x1024.png 621w, https:\/\/www.sealand.com.mx\/leon\/wp-content\/uploads\/sites\/5\/2024\/11\/Pinguino-sealandleon-2-768x1266.png 768w, https:\/\/www.sealand.com.mx\/leon\/wp-content\/uploads\/sites\/5\/2024\/11\/Pinguino-sealandleon-2.png 821w\" sizes=\"(max-width: 182px) 100vw, 182px\" \/>\t\t\t\t\t\t\t\t\t\t\t\t\t<\/div>\n\t\t\t\t<\/div>\n\t\t\t\t\t<\/div>\n\t\t<\/div>\n\t\t\t\t<div class=\"elementor-column elementor-col-50 elementor-inner-column elementor-element elementor-element-56ab7e6\" data-id=\"56ab7e6\" data-element_type=\"column\">\n\t\t\t<div class=\"elementor-widget-wrap elementor-element-populated\">\n\t\t\t\t\t\t<div class=\"elementor-element elementor-element-e3d3d83 elementor-widget elementor-widget-spacer\" data-id=\"e3d3d83\" data-element_type=\"widget\" data-widget_type=\"spacer.default\">\n\t\t\t\t<div class=\"elementor-widget-container\">\n\t\t\t\t\t<div class=\"elementor-spacer\">\n\t\t\t<div class=\"elementor-spacer-inner\"><\/div>\n\t\t<\/div>\n\t\t\t\t<\/div>\n\t\t\t\t<\/div>\n\t\t\t\t<div class=\"elementor-element elementor-element-2022bb5 elementor-arrows-position-inside elementor-widget elementor-widget-image-carousel\" data-id=\"2022bb5\" data-element_type=\"widget\" data-settings=\"{&quot;slides_to_show&quot;:&quot;1&quot;,&quot;navigation&quot;:&quot;arrows&quot;,&quot;autoplay&quot;:&quot;yes&quot;,&quot;pause_on_hover&quot;:&quot;yes&quot;,&quot;pause_on_interaction&quot;:&quot;yes&quot;,&quot;autoplay_speed&quot;:5000,&quot;infinite&quot;:&quot;yes&quot;,&quot;effect&quot;:&quot;slide&quot;,&quot;speed&quot;:500}\" data-widget_type=\"image-carousel.default\">\n\t\t\t\t<div class=\"elementor-widget-container\">\n\t\t\t\t\t<div class=\"elementor-image-carousel-wrapper swiper\" dir=\"ltr\">\n\t\t\t<div class=\"elementor-image-carousel swiper-wrapper\" aria-live=\"off\">\n\t\t\t\t\t\t\t\t<div class=\"swiper-slide\" role=\"group\" aria-roledescription=\"slide\" aria-label=\"1 de 5\"><figure class=\"swiper-slide-inner\"><img decoding=\"async\" class=\"swiper-slide-image\" src=\"https:\/\/www.sealand.com.mx\/leon\/wp-content\/uploads\/sites\/5\/2024\/11\/Pingui-barbijo-sealandleon.jpg\" alt=\"\" \/><\/figure><\/div><div class=\"swiper-slide\" role=\"group\" aria-roledescription=\"slide\" aria-label=\"2 de 5\"><figure class=\"swiper-slide-inner\"><img decoding=\"async\" class=\"swiper-slide-image\" src=\"https:\/\/www.sealand.com.mx\/leon\/wp-content\/uploads\/sites\/5\/2024\/11\/PINGUINAVIDAD-3.jpg\" alt=\"\" \/><\/figure><\/div><div class=\"swiper-slide\" role=\"group\" aria-roledescription=\"slide\" aria-label=\"3 de 5\"><figure class=\"swiper-slide-inner\"><img decoding=\"async\" class=\"swiper-slide-image\" src=\"https:\/\/www.sealand.com.mx\/leon\/wp-content\/uploads\/sites\/5\/2024\/11\/PASE-ANUAL-3.png\" alt=\"\" \/><\/figure><\/div><div class=\"swiper-slide\" role=\"group\" aria-roledescription=\"slide\" aria-label=\"4 de 5\"><figure class=\"swiper-slide-inner\"><img decoding=\"async\" class=\"swiper-slide-image\" src=\"https:\/\/www.sealand.com.mx\/leon\/wp-content\/uploads\/sites\/5\/2024\/11\/PINGUINAVIDAD-4.jpg\" alt=\"\" \/><\/figure><\/div><div class=\"swiper-slide\" role=\"group\" aria-roledescription=\"slide\" aria-label=\"5 de 5\"><figure class=\"swiper-slide-inner\"><img decoding=\"async\" class=\"swiper-slide-image\" src=\"https:\/\/www.sealand.com.mx\/leon\/wp-content\/uploads\/sites\/5\/2024\/11\/PINGUINAVIDAD-2.jpg\" alt=\"\" \/><\/figure><\/div>\t\t\t<\/div>\n\t\t\t\t\t\t\t\t\t\t\t\t<div class=\"elementor-swiper-button elementor-swiper-button-prev\" role=\"button\" tabindex=\"0\">\n\t\t\t\t\t\t<i aria-hidden=\"true\" class=\"eicon-chevron-left\"><\/i>\t\t\t\t\t<\/div>\n\t\t\t\t\t<div class=\"elementor-swiper-button elementor-swiper-button-next\" role=\"button\" tabindex=\"0\">\n\t\t\t\t\t\t<i aria-hidden=\"true\" class=\"eicon-chevron-right\"><\/i>\t\t\t\t\t<\/div>\n\t\t\t\t\n\t\t\t\t\t\t\t\t\t<\/div>\n\t\t\t\t<\/div>\n\t\t\t\t<\/div>\n\t\t\t\t\t<\/div>\n\t\t<\/div>\n\t\t\t\t\t<\/div>\n\t\t<\/section>\n\t\t\t\t<div class=\"elementor-element elementor-element-056fe00 elementor-widget elementor-widget-spacer\" data-id=\"056fe00\" data-element_type=\"widget\" data-widget_type=\"spacer.default\">\n\t\t\t\t<div class=\"elementor-widget-container\">\n\t\t\t\t\t<div class=\"elementor-spacer\">\n\t\t\t<div class=\"elementor-spacer-inner\"><\/div>\n\t\t<\/div>\n\t\t\t\t<\/div>\n\t\t\t\t<\/div>\n\t\t\t\t<section data-dce-background-color=\"#083363\" class=\"elementor-section elementor-inner-section elementor-element elementor-element-b13e1aa elementor-section-boxed elementor-section-height-default elementor-section-height-default\" data-id=\"b13e1aa\" data-element_type=\"section\" data-settings=\"{&quot;background_background&quot;:&quot;classic&quot;}\">\n\t\t\t\t\t\t<div class=\"elementor-container elementor-column-gap-no\">\n\t\t\t\t\t<div class=\"elementor-column elementor-col-100 elementor-inner-column elementor-element elementor-element-9a887a5\" data-id=\"9a887a5\" data-element_type=\"column\">\n\t\t\t<div class=\"elementor-widget-wrap elementor-element-populated\">\n\t\t\t\t\t\t<div class=\"elementor-element elementor-element-3989cc2 elementor-widget elementor-widget-spacer\" data-id=\"3989cc2\" data-element_type=\"widget\" data-widget_type=\"spacer.default\">\n\t\t\t\t<div class=\"elementor-widget-container\">\n\t\t\t\t\t<div class=\"elementor-spacer\">\n\t\t\t<div class=\"elementor-spacer-inner\"><\/div>\n\t\t<\/div>\n\t\t\t\t<\/div>\n\t\t\t\t<\/div>\n\t\t\t\t<div class=\"elementor-element elementor-element-9fdf007 elementor-widget elementor-widget-spacer\" data-id=\"9fdf007\" data-element_type=\"widget\" data-widget_type=\"spacer.default\">\n\t\t\t\t<div class=\"elementor-widget-container\">\n\t\t\t\t\t<div class=\"elementor-spacer\">\n\t\t\t<div class=\"elementor-spacer-inner\"><\/div>\n\t\t<\/div>\n\t\t\t\t<\/div>\n\t\t\t\t<\/div>\n\t\t\t\t<div class=\"elementor-element elementor-element-eb1419c elementor-widget elementor-widget-accordion\" data-id=\"eb1419c\" data-element_type=\"widget\" data-widget_type=\"accordion.default\">\n\t\t\t\t<div class=\"elementor-widget-container\">\n\t\t\t\t\t<div class=\"elementor-accordion\">\n\t\t\t\t\t\t\t<div class=\"elementor-accordion-item\">\n\t\t\t\t\t<div id=\"elementor-tab-title-2461\" class=\"elementor-tab-title\" data-tab=\"1\" role=\"button\" aria-controls=\"elementor-tab-content-2461\" aria-expanded=\"false\">\n\t\t\t\t\t\t\t\t\t\t\t\t\t<span class=\"elementor-accordion-icon elementor-accordion-icon-right\" aria-hidden=\"true\">\n\t\t\t\t\t\t\t\t\t\t\t\t\t\t\t<span class=\"elementor-accordion-icon-closed\"><i class=\"fas fa-plus\"><\/i><\/span>\n\t\t\t\t\t\t\t\t<span class=\"elementor-accordion-icon-opened\"><i class=\"fas fa-minus\"><\/i><\/span>\n\t\t\t\t\t\t\t\t\t\t\t\t\t\t<\/span>\n\t\t\t\t\t\t\t\t\t\t\t\t<a class=\"elementor-accordion-title\" tabindex=\"0\">T\u00e9rminos de uso<\/a>\n\t\t\t\t\t<\/div>\n\t\t\t\t\t<div id=\"elementor-tab-content-2461\" class=\"elementor-tab-content elementor-clearfix\" data-tab=\"1\" role=\"region\" aria-labelledby=\"elementor-tab-title-2461\"><p>1.- Campa\u00f1a de recolecci\u00f3n con vigencia del 18 de noviembre 2025 al 6 de enero del 2026, en la taquilla de Sealand Le\u00f3n. <br \/>2.- Se recibir\u00e1n s\u00f3lo juguetes nuevos o en buen estado, limpios, de preferencia en su caja original, que no usen bater\u00eda y sin envolver para poder clasificarlos de acuerdo a edades. <br \/>3.- Al entregar uno o m\u00e1s juguetes se aplicar\u00e1 un 15% de descuento en Expedici\u00f3n General en la compra de 1 a 5 boletos directo en taquilla. <br \/>3-Los juguetes recolectados ser\u00e1n donados a la asociaci\u00f3n de ni\u00f1os desamparados Comienzos AC.<\/p><\/div>\n\t\t\t\t<\/div>\n\t\t\t\t\t\t\t\t<\/div>\n\t\t\t\t<\/div>\n\t\t\t\t<\/div>\n\t\t\t\t<div class=\"elementor-element elementor-element-74a86a6 elementor-widget elementor-widget-spacer\" data-id=\"74a86a6\" data-element_type=\"widget\" data-widget_type=\"spacer.default\">\n\t\t\t\t<div class=\"elementor-widget-container\">\n\t\t\t\t\t<div class=\"elementor-spacer\">\n\t\t\t<div class=\"elementor-spacer-inner\"><\/div>\n\t\t<\/div>\n\t\t\t\t<\/div>\n\t\t\t\t<\/div>\n\t\t\t\t\t<\/div>\n\t\t<\/div>\n\t\t\t\t\t<\/div>\n\t\t<\/section>\n\t\t\t\t<section class=\"elementor-section elementor-inner-section elementor-element elementor-element-d888b28 elementor-section-boxed elementor-section-height-default elementor-section-height-default\" data-id=\"d888b28\" data-element_type=\"section\" data-settings=\"{&quot;background_background&quot;:&quot;classic&quot;}\">\n\t\t\t\t\t\t<div class=\"elementor-container elementor-column-gap-no\">\n\t\t\t\t\t<div class=\"elementor-column elementor-col-100 elementor-inner-column elementor-element elementor-element-bf4d311\" data-id=\"bf4d311\" data-element_type=\"column\">\n\t\t\t<div class=\"elementor-widget-wrap elementor-element-populated\">\n\t\t\t\t\t\t<div class=\"elementor-element elementor-element-e39ed16 elementor-widget elementor-widget-spacer\" data-id=\"e39ed16\" data-element_type=\"widget\" data-widget_type=\"spacer.default\">\n\t\t\t\t<div class=\"elementor-widget-container\">\n\t\t\t\t\t<div class=\"elementor-spacer\">\n\t\t\t<div class=\"elementor-spacer-inner\"><\/div>\n\t\t<\/div>\n\t\t\t\t<\/div>\n\t\t\t\t<\/div>\n\t\t\t\t<div class=\"elementor-element elementor-element-171addb elementor-widget elementor-widget-spacer\" data-id=\"171addb\" data-element_type=\"widget\" data-widget_type=\"spacer.default\">\n\t\t\t\t<div class=\"elementor-widget-container\">\n\t\t\t\t\t<div class=\"elementor-spacer\">\n\t\t\t<div class=\"elementor-spacer-inner\"><\/div>\n\t\t<\/div>\n\t\t\t\t<\/div>\n\t\t\t\t<\/div>\n\t\t\t\t\t<\/div>\n\t\t<\/div>\n\t\t\t\t\t<\/div>\n\t\t<\/section>\n\t\t\t\t\t<\/div>\n\t\t<\/div>\n\t\t\t\t\t<\/div>\n\t\t<\/section>\n\t\t\t\t<\/div>\n\t\t","protected":false},"excerpt":{"rendered":"<p>Esta Ping\u00fcinavidad,regala sonrisas y vive la magia en Sealand En Sealand Le\u00f3n creemos que la verdadera magia de la Navidad est\u00e1 en compartir. Por eso, esta Ping\u00fcinavidad te invitamos a ser parte de una causa muy especial: dona un juguete nuevo o en buen estado y ayuda a que m\u00e1s ni\u00f1os vivan la alegr\u00eda de [&hellip;]<\/p>\n","protected":false},"author":4,"featured_media":0,"parent":0,"menu_order":0,"comment_status":"closed","ping_status":"closed","template":"elementor_header_footer","meta":{"rank_math_lock_modified_date":false,"footnotes":""},"acf":[],"_links":{"self":[{"href":"https:\/\/www.sealand.com.mx\/leon\/wp-json\/wp\/v2\/pages\/8212"}],"collection":[{"href":"https:\/\/www.sealand.com.mx\/leon\/wp-json\/wp\/v2\/pages"}],"about":[{"href":"https:\/\/www.sealand.com.mx\/leon\/wp-json\/wp\/v2\/types\/page"}],"author":[{"embeddable":true,"href":"https:\/\/www.sealand.com.mx\/leon\/wp-json\/wp\/v2\/users\/4"}],"replies":[{"embeddable":true,"href":"https:\/\/www.sealand.com.mx\/leon\/wp-json\/wp\/v2\/comments?post=8212"}],"version-history":[{"count":144,"href":"https:\/\/www.sealand.com.mx\/leon\/wp-json\/wp\/v2\/pages\/8212\/revisions"}],"predecessor-version":[{"id":19106,"href":"https:\/\/www.sealand.com.mx\/leon\/wp-json\/wp\/v2\/pages\/8212\/revisions\/19106"}],"wp:attachment":[{"href":"https:\/\/www.sealand.com.mx\/leon\/wp-json\/wp\/v2\/media?parent=8212"}],"curies":[{"name":"wp","href":"https:\/\/api.w.org\/{rel}","templated":true}]}}