{"id":10951,"date":"2025-04-28T16:29:57","date_gmt":"2025-04-28T16:29:57","guid":{"rendered":"https:\/\/www.sealand.com.mx\/monterrey\/?page_id=10951"},"modified":"2026-04-02T19:25:56","modified_gmt":"2026-04-02T19:25:56","slug":"madrugador","status":"publish","type":"page","link":"https:\/\/www.sealand.com.mx\/monterrey\/madrugador\/","title":{"rendered":"Madrugador"},"content":{"rendered":"\t\t<div data-elementor-type=\"wp-page\" data-elementor-id=\"10951\" class=\"elementor elementor-10951\" data-elementor-post-type=\"page\">\n\t\t\t\t\t\t<section class=\"elementor-section elementor-top-section elementor-element elementor-element-2dcb95e elementor-section-full_width elementor-hidden-mobile elementor-section-height-default elementor-section-height-default\" data-id=\"2dcb95e\" data-element_type=\"section\">\n\t\t\t\t\t\t<div class=\"elementor-container elementor-column-gap-no\">\n\t\t\t\t\t<div class=\"elementor-column elementor-col-100 elementor-top-column elementor-element elementor-element-5729e6e\" data-id=\"5729e6e\" data-element_type=\"column\">\n\t\t\t<div class=\"elementor-widget-wrap elementor-element-populated\">\n\t\t\t\t\t\t<div class=\"elementor-element elementor-element-b7d0fd6 dce_masking-none elementor-widget elementor-widget-image\" data-id=\"b7d0fd6\" data-element_type=\"widget\" data-widget_type=\"image.default\">\n\t\t\t\t<div class=\"elementor-widget-container\">\n\t\t\t\t\t\t\t\t\t\t\t\t\t<img fetchpriority=\"high\" decoding=\"async\" width=\"1620\" height=\"628\" src=\"https:\/\/www.sealand.com.mx\/monterrey\/wp-content\/uploads\/sites\/7\/2026\/04\/PROMO-MADRUGADOR-SEALANDMONTERREY-ABRIL-DESK.webp\" class=\"attachment-full size-full wp-image-15693\" alt=\"\" srcset=\"https:\/\/www.sealand.com.mx\/monterrey\/wp-content\/uploads\/sites\/7\/2026\/04\/PROMO-MADRUGADOR-SEALANDMONTERREY-ABRIL-DESK.webp 1620w, https:\/\/www.sealand.com.mx\/monterrey\/wp-content\/uploads\/sites\/7\/2026\/04\/PROMO-MADRUGADOR-SEALANDMONTERREY-ABRIL-DESK-300x116.webp 300w, https:\/\/www.sealand.com.mx\/monterrey\/wp-content\/uploads\/sites\/7\/2026\/04\/PROMO-MADRUGADOR-SEALANDMONTERREY-ABRIL-DESK-1024x397.webp 1024w, https:\/\/www.sealand.com.mx\/monterrey\/wp-content\/uploads\/sites\/7\/2026\/04\/PROMO-MADRUGADOR-SEALANDMONTERREY-ABRIL-DESK-768x298.webp 768w, https:\/\/www.sealand.com.mx\/monterrey\/wp-content\/uploads\/sites\/7\/2026\/04\/PROMO-MADRUGADOR-SEALANDMONTERREY-ABRIL-DESK-1536x595.webp 1536w\" sizes=\"(max-width: 1620px) 100vw, 1620px\" \/>\t\t\t\t\t\t\t\t\t\t\t\t\t<\/div>\n\t\t\t\t<\/div>\n\t\t\t\t\t<\/div>\n\t\t<\/div>\n\t\t\t\t\t<\/div>\n\t\t<\/section>\n\t\t\t\t<section class=\"elementor-section elementor-top-section elementor-element elementor-element-b0abdb4 elementor-section-full_width elementor-section-stretched elementor-hidden-desktop elementor-hidden-tablet elementor-section-height-default elementor-section-height-default\" data-id=\"b0abdb4\" data-element_type=\"section\" data-settings=\"{&quot;stretch_section&quot;:&quot;section-stretched&quot;}\">\n\t\t\t\t\t\t<div class=\"elementor-container elementor-column-gap-no\">\n\t\t\t\t\t<div class=\"elementor-column elementor-col-100 elementor-top-column elementor-element elementor-element-f6473aa\" data-id=\"f6473aa\" data-element_type=\"column\">\n\t\t\t<div class=\"elementor-widget-wrap elementor-element-populated\">\n\t\t\t\t\t\t<div class=\"elementor-element elementor-element-4368dee dce_masking-none elementor-widget elementor-widget-image\" data-id=\"4368dee\" data-element_type=\"widget\" data-widget_type=\"image.default\">\n\t\t\t\t<div class=\"elementor-widget-container\">\n\t\t\t\t\t\t\t\t\t\t\t\t\t<img decoding=\"async\" width=\"428\" height=\"500\" src=\"https:\/\/www.sealand.com.mx\/monterrey\/wp-content\/uploads\/sites\/7\/2026\/04\/PROMO-MADRUGADOR-SEALANDMONTERREY-ABRIL-MOVIL.webp\" class=\"attachment-full size-full wp-image-15694\" alt=\"\" srcset=\"https:\/\/www.sealand.com.mx\/monterrey\/wp-content\/uploads\/sites\/7\/2026\/04\/PROMO-MADRUGADOR-SEALANDMONTERREY-ABRIL-MOVIL.webp 428w, https:\/\/www.sealand.com.mx\/monterrey\/wp-content\/uploads\/sites\/7\/2026\/04\/PROMO-MADRUGADOR-SEALANDMONTERREY-ABRIL-MOVIL-257x300.webp 257w\" sizes=\"(max-width: 428px) 100vw, 428px\" \/>\t\t\t\t\t\t\t\t\t\t\t\t\t<\/div>\n\t\t\t\t<\/div>\n\t\t\t\t\t<\/div>\n\t\t<\/div>\n\t\t\t\t\t<\/div>\n\t\t<\/section>\n\t\t<div data-dce-background-hover-color=\"#0538FF\" data-dce-background-overlay-color=\"#071B8B\" data-dce-background-image-url=\"https:\/\/www.sealand.com.mx\/monterrey\/wp-content\/uploads\/sites\/7\/2025\/04\/FONDO-PROMOCIONES-1-2.png\" class=\"elementor-element elementor-element-bd986fe e-con-full e-flex e-con e-parent\" data-id=\"bd986fe\" data-element_type=\"container\" data-settings=\"{&quot;background_background&quot;:&quot;classic&quot;}\">\n\t\t<div class=\"elementor-element elementor-element-d8bcdfe e-flex e-con-boxed e-con e-child\" data-id=\"d8bcdfe\" data-element_type=\"container\">\n\t\t\t\t\t<div class=\"e-con-inner\">\n\t\t<div class=\"elementor-element elementor-element-5b65ce7 e-con-full e-flex e-con e-child\" data-id=\"5b65ce7\" data-element_type=\"container\">\n\t\t\t\t<div class=\"elementor-element elementor-element-86e4f86 elementor-widget elementor-widget-heading\" data-id=\"86e4f86\" data-element_type=\"widget\" data-widget_type=\"heading.default\">\n\t\t\t\t<div class=\"elementor-widget-container\">\n\t\t\t<h1 class=\"elementor-heading-title elementor-size-default\">AL QUE MADRUGA... <br>UN PEZ LO AYUDA<\/h1>\t\t<\/div>\n\t\t\t\t<\/div>\n\t\t\t\t<div class=\"elementor-element elementor-element-3d79f71 elementor-widget elementor-widget-heading\" data-id=\"3d79f71\" data-element_type=\"widget\" data-widget_type=\"heading.default\">\n\t\t\t\t<div class=\"elementor-widget-container\">\n\t\t\t<h2 class=\"elementor-heading-title elementor-size-default\">OBTEN UN  2x1 EN EXPEDICI\u00d3N GENERAL <\/h2>\t\t<\/div>\n\t\t\t\t<\/div>\n\t\t\t\t<div class=\"elementor-element elementor-element-ceff46e elementor-widget elementor-widget-text-editor\" data-id=\"ceff46e\" data-element_type=\"widget\" data-widget_type=\"text-editor.default\">\n\t\t\t\t<div class=\"elementor-widget-container\">\n\t\t\t\t\t\t\t<p><strong>Comparte una acuarioventura con tus personas favoritas.<\/strong><br \/>Con nuestra <strong>Promo 2&#215;1 MADRUGADOR<\/strong>, en\u00a0 Expedici\u00f3n General. Vis\u00edtanos en un <strong>horario de 10 am a 12 del medio d\u00eda<\/strong> y conoce especies \u00fanicas:<\/p><p>Desde tiburones y rayas en el Tri\u00e1ngulo de las Bermudas, hasta cocodrilos y ajolotes en Amazonia, cada rinc\u00f3n est\u00e1 lleno de vida y sorpresas.<\/p><p><strong>Viaja a lo extraordinario:<\/strong> Juega con nieve real y desl\u00edzate en el mundo Polar, o admira los imponentes Mo\u00e1is en la Isla de Pascua.<\/p><p><strong>Celebra lo especial:<\/strong> Ya sea una cita rom\u00e1ntica o una salida con amigos, Sealand Monterrey es el lugar donde la diversi\u00f3n, el aprendizaje y la magia se encuentran.<\/p>\t\t\t\t\t\t<\/div>\n\t\t\t\t<\/div>\n\t\t\t\t<div class=\"elementor-element elementor-element-e567a45 elementor-position-left dce_masking-none elementor-vertical-align-top elementor-widget elementor-widget-image-box\" data-id=\"e567a45\" data-element_type=\"widget\" data-widget_type=\"image-box.default\">\n\t\t\t\t<div class=\"elementor-widget-container\">\n\t\t\t<div class=\"elementor-image-box-wrapper\"><figure class=\"elementor-image-box-img\"><img decoding=\"async\" width=\"41\" height=\"41\" src=\"https:\/\/www.sealand.com.mx\/monterrey\/wp-content\/uploads\/sites\/7\/2024\/12\/information_2139-fe0f.png\" class=\"attachment-full size-full wp-image-9474\" alt=\"\" \/><\/figure><div class=\"elementor-image-box-content\"><p class=\"elementor-image-box-description\"><b> Detalles de la promoci\u00f3n:<\/b>\n<ul style=\"color:#ffff\">\n    <li>Promoci\u00f3n v\u00e1lida del 06 al 30 de abril de 2026<\/li>\n<li>Promoci\u00f3n v\u00e1lida para uso de lunes a viernes de 10am a 12 del medio d\u00eda.<\/li>\n <li>Aplica \u00fanicamente para la Expedici\u00f3n General.<\/li>\n <li> Compra en l\u00ednea con al menos 24 horas de anticipaci\u00f3n.<\/li><\/p><\/div><\/div>\t\t<\/div>\n\t\t\t\t<\/div>\n\t\t\t\t<\/div>\n\t\t<div class=\"elementor-element elementor-element-fda5923 e-con-full e-flex e-con e-child\" data-id=\"fda5923\" data-element_type=\"container\">\n\t\t\t\t<div class=\"elementor-element elementor-element-e4401ee elementor-arrows-position-inside elementor-pagination-position-outside elementor-widget elementor-widget-image-carousel\" data-id=\"e4401ee\" data-element_type=\"widget\" data-settings=\"{&quot;slides_to_show&quot;:&quot;1&quot;,&quot;navigation&quot;:&quot;both&quot;,&quot;autoplay&quot;:&quot;yes&quot;,&quot;pause_on_hover&quot;:&quot;yes&quot;,&quot;pause_on_interaction&quot;:&quot;yes&quot;,&quot;autoplay_speed&quot;:5000,&quot;infinite&quot;:&quot;yes&quot;,&quot;effect&quot;:&quot;slide&quot;,&quot;speed&quot;:500}\" data-widget_type=\"image-carousel.default\">\n\t\t\t\t<div class=\"elementor-widget-container\">\n\t\t\t\t\t<div class=\"elementor-image-carousel-wrapper swiper\" dir=\"ltr\">\n\t\t\t<div class=\"elementor-image-carousel swiper-wrapper swiper-image-stretch\" aria-live=\"off\">\n\t\t\t\t\t\t\t\t<div class=\"swiper-slide\" role=\"group\" aria-roledescription=\"slide\" aria-label=\"1 de 5\"><figure class=\"swiper-slide-inner\"><img decoding=\"async\" class=\"swiper-slide-image\" src=\"https:\/\/www.sealand.com.mx\/monterrey\/wp-content\/uploads\/sites\/7\/2025\/04\/SL-GDL-3X2-GALLERY03.jpg\" alt=\"\" \/><\/figure><\/div><div class=\"swiper-slide\" role=\"group\" aria-roledescription=\"slide\" aria-label=\"2 de 5\"><figure class=\"swiper-slide-inner\"><img decoding=\"async\" class=\"swiper-slide-image\" src=\"https:\/\/www.sealand.com.mx\/monterrey\/wp-content\/uploads\/sites\/7\/2025\/04\/SL-GDL-3X2-GALLERY04.jpg\" alt=\"\" \/><\/figure><\/div><div class=\"swiper-slide\" role=\"group\" aria-roledescription=\"slide\" aria-label=\"3 de 5\"><figure class=\"swiper-slide-inner\"><img decoding=\"async\" class=\"swiper-slide-image\" src=\"https:\/\/www.sealand.com.mx\/monterrey\/wp-content\/uploads\/sites\/7\/2025\/04\/SL-GDL-3X2-GALLERY05.jpg\" alt=\"\" \/><\/figure><\/div><div class=\"swiper-slide\" role=\"group\" aria-roledescription=\"slide\" aria-label=\"4 de 5\"><figure class=\"swiper-slide-inner\"><img decoding=\"async\" class=\"swiper-slide-image\" src=\"https:\/\/www.sealand.com.mx\/monterrey\/wp-content\/uploads\/sites\/7\/2025\/04\/SL-GDL-3X2-GALLERY01.jpg\" alt=\"\" \/><\/figure><\/div><div class=\"swiper-slide\" role=\"group\" aria-roledescription=\"slide\" aria-label=\"5 de 5\"><figure class=\"swiper-slide-inner\"><img decoding=\"async\" class=\"swiper-slide-image\" src=\"https:\/\/www.sealand.com.mx\/monterrey\/wp-content\/uploads\/sites\/7\/2024\/11\/PINGUINO-GENTO-SEALANDMTY.jpg\" alt=\"\" \/><\/figure><\/div>\t\t\t<\/div>\n\t\t\t\t\t\t\t\t\t\t\t\t<div class=\"elementor-swiper-button elementor-swiper-button-prev\" role=\"button\" tabindex=\"0\">\n\t\t\t\t\t\t<i aria-hidden=\"true\" class=\"eicon-chevron-left\"><\/i>\t\t\t\t\t<\/div>\n\t\t\t\t\t<div class=\"elementor-swiper-button elementor-swiper-button-next\" role=\"button\" tabindex=\"0\">\n\t\t\t\t\t\t<i aria-hidden=\"true\" class=\"eicon-chevron-right\"><\/i>\t\t\t\t\t<\/div>\n\t\t\t\t\n\t\t\t\t\t\t\t\t\t<div class=\"swiper-pagination\"><\/div>\n\t\t\t\t\t\t\t\t\t<\/div>\n\t\t\t\t<\/div>\n\t\t\t\t<\/div>\n\t\t\t\t<\/div>\n\t\t\t\t\t<\/div>\n\t\t\t\t<\/div>\n\t\t<div data-dce-background-color=\"#0F084E\" class=\"elementor-element elementor-element-da4be18 e-flex e-con-boxed e-con e-child\" data-id=\"da4be18\" data-element_type=\"container\" data-settings=\"{&quot;background_background&quot;:&quot;classic&quot;}\">\n\t\t\t\t\t<div class=\"e-con-inner\">\n\t\t<div class=\"elementor-element elementor-element-524f3cd e-con-full e-flex e-con e-child\" data-id=\"524f3cd\" data-element_type=\"container\">\n\t\t\t\t<div class=\"elementor-element elementor-element-4b63d18 elementor-widget elementor-widget-heading\" data-id=\"4b63d18\" data-element_type=\"widget\" data-widget_type=\"heading.default\">\n\t\t\t\t<div class=\"elementor-widget-container\">\n\t\t\t<h2 class=\"elementor-heading-title elementor-size-default\">\ud83c\udf9f \u00a1Reserva ahora y vive la experiencia Sealand Monterrey!<\/h2>\t\t<\/div>\n\t\t\t\t<\/div>\n\t\t\t\t<div class=\"elementor-element elementor-element-c90bbfc elementor-widget elementor-widget-heading\" data-id=\"c90bbfc\" data-element_type=\"widget\" data-widget_type=\"heading.default\">\n\t\t\t\t<div class=\"elementor-widget-container\">\n\t\t\t<h2 class=\"elementor-heading-title elementor-size-default\">Compra en l\u00ednea con al menos 24 horas de anticipaci\u00f3n.<\/h2>\t\t<\/div>\n\t\t\t\t<\/div>\n\t\t\t\t<div class=\"elementor-element elementor-element-8a32752 elementor-widget elementor-widget-shortcode\" data-id=\"8a32752\" data-element_type=\"widget\" data-widget_type=\"shortcode.default\">\n\t\t\t\t<div class=\"elementor-widget-container\">\n\t\t\t\t\t<div class=\"elementor-shortcode\"><input type=\"hidden\" id=\"vmg_plugin_id\" value=\"14\">\n<input type=\"hidden\" id=\"vmg_plugin_url\" value=\"plugin.venturae.com.mx\">\n<div  id=\"pluginContainer\" class=\"container\"><\/div>\n<link href=\"https:\/\/cdnjs.cloudflare.com\/ajax\/libs\/font-awesome\/5.10.2\/css\/all.min.css\" rel=\"stylesheet\">\n<script src=\"https:\/\/ajax.googleapis.com\/ajax\/libs\/jquery\/3.7.1\/jquery.min.js\"><\/script>\n<script>\n\tjQuery(document).ready(function($){\n\t\tvar vmg_plugin_id = $('#vmg_plugin_id').val();\n\t\tvar vmg_plugin_url = $('#vmg_plugin_url').val();\n\n\t\t$.getScript( `https:\/\/${vmg_plugin_url}\/js\/pluginscripts.js`, function(jd) {\n\t\t\t\"use strict\";\n\t\t\t$.pluginUrl = `https:\/\/${vmg_plugin_url}\/requesterv2.php`;\n\t\t\tvar params = {\n\t\t\t\t\t\t\t\t\t\t\t\t'promocode': \"MAD3x2\",\n\t\t\t\t\t\t\t\t\t\t\t\t\t\t\t\t\t\t\t\t\t\t\t\t'vendedor_id': \"13627\",\n\t\t\t\t\t\t\t\t\t\t\t\t\t\t\t\t\t\t\t\t'plugin_id': \"14\",\n\t\t\t\t\t\t\t\t\t\t\t\t\t\t\t\t\t\t\t\t\t\t\t\t\t\t\t\t'user_language': \"es\",\n\t\t\t\t\t\t\t\t\t\t\t\t\t\t\t\t\n\t\t\t\t\n\t\t\t\t'plugin_id': vmg_plugin_id\n\t\t\t};\n\t\t\tconst urlParams = new URLSearchParams(window.location.search);\n\t\t\turlParams.forEach((value, key) => {\n\t\t\t\tparams[key] = value;\n\t\t\t});\n\t\t\t$.post($.pluginUrl,params,function(data, status){\n\t\t\t\tjQuery( \"#pluginContainer\" ).html(data);\n\t\t\t});\n\n\t\t});\n\n\t});\n<\/script><\/div>\n\t\t\t\t<\/div>\n\t\t\t\t<\/div>\n\t\t\t\t<\/div>\n\t\t\t\t\t<\/div>\n\t\t\t\t<\/div>\n\t\t<div class=\"elementor-element elementor-element-befc34c e-flex e-con-boxed e-con e-child\" data-id=\"befc34c\" data-element_type=\"container\">\n\t\t\t\t\t<div class=\"e-con-inner\">\n\t\t\t\t<div class=\"elementor-element elementor-element-e5dd419 elementor-widget elementor-widget-accordion\" data-id=\"e5dd419\" data-element_type=\"widget\" data-widget_type=\"accordion.default\">\n\t\t\t\t<div class=\"elementor-widget-container\">\n\t\t\t\t\t<div class=\"elementor-accordion\">\n\t\t\t\t\t\t\t<div class=\"elementor-accordion-item\">\n\t\t\t\t\t<div id=\"elementor-tab-title-2411\" class=\"elementor-tab-title\" data-tab=\"1\" role=\"button\" aria-controls=\"elementor-tab-content-2411\" aria-expanded=\"false\">\n\t\t\t\t\t\t\t\t\t\t\t\t\t<span class=\"elementor-accordion-icon elementor-accordion-icon-left\" aria-hidden=\"true\">\n\t\t\t\t\t\t\t\t\t\t\t\t\t\t\t<span class=\"elementor-accordion-icon-closed\"><i class=\"fas fa-plus\"><\/i><\/span>\n\t\t\t\t\t\t\t\t<span class=\"elementor-accordion-icon-opened\"><i class=\"fas fa-minus\"><\/i><\/span>\n\t\t\t\t\t\t\t\t\t\t\t\t\t\t<\/span>\n\t\t\t\t\t\t\t\t\t\t\t\t<a class=\"elementor-accordion-title\" tabindex=\"0\">T\u00c9RMINOS Y CONDICIONES<\/a>\n\t\t\t\t\t<\/div>\n\t\t\t\t\t<div id=\"elementor-tab-content-2411\" class=\"elementor-tab-content elementor-clearfix\" data-tab=\"1\" role=\"region\" aria-labelledby=\"elementor-tab-title-2411\"><ul><li>Promoci\u00f3n 3\u00d72 MADRUGADOR usando el c\u00f3digo 3X2MTY<\/li><li><strong>V\u00e1lido comprando con al menos 24 horas de anticipaci\u00f3n.<\/strong><\/li><li><strong>Vigencia del 06 al 30 de abril del 2026.<\/strong><\/li><li>V\u00e1lido para uso \u00fanicamente de Lunes a domingo a 10 am a 12 del medio d\u00eda.<\/li><li><strong>V\u00e1lido \u00fanicamente en Expedici\u00f3n General.<\/strong><\/li><li>No acumulable con otras promociones, descuentos de grupos de empresas, tours, escolares o convenios empresariales.<\/li><\/ul><\/div>\n\t\t\t\t<\/div>\n\t\t\t\t\t\t\t\t<\/div>\n\t\t\t\t<\/div>\n\t\t\t\t<\/div>\n\t\t\t\t\t<\/div>\n\t\t\t\t<\/div>\n\t\t\t\t<\/div>\n\t\t\t\t<\/div>\n\t\t","protected":false},"excerpt":{"rendered":"<p>AL QUE MADRUGA&#8230; UN PEZ LO AYUDA OBTEN UN 2&#215;1 EN EXPEDICI\u00d3N GENERAL Comparte una acuarioventura con tus personas favoritas.Con nuestra Promo 2&#215;1 MADRUGADOR, en\u00a0 Expedici\u00f3n General. Vis\u00edtanos en un horario de 10 am a 12 del medio d\u00eda y conoce especies \u00fanicas: Desde tiburones y rayas en el Tri\u00e1ngulo de las Bermudas, hasta cocodrilos [&hellip;]<\/p>\n","protected":false},"author":17,"featured_media":0,"parent":0,"menu_order":0,"comment_status":"closed","ping_status":"closed","template":"","meta":{"rank_math_lock_modified_date":false,"footnotes":""},"_links":{"self":[{"href":"https:\/\/www.sealand.com.mx\/monterrey\/wp-json\/wp\/v2\/pages\/10951"}],"collection":[{"href":"https:\/\/www.sealand.com.mx\/monterrey\/wp-json\/wp\/v2\/pages"}],"about":[{"href":"https:\/\/www.sealand.com.mx\/monterrey\/wp-json\/wp\/v2\/types\/page"}],"author":[{"embeddable":true,"href":"https:\/\/www.sealand.com.mx\/monterrey\/wp-json\/wp\/v2\/users\/17"}],"replies":[{"embeddable":true,"href":"https:\/\/www.sealand.com.mx\/monterrey\/wp-json\/wp\/v2\/comments?post=10951"}],"version-history":[{"count":75,"href":"https:\/\/www.sealand.com.mx\/monterrey\/wp-json\/wp\/v2\/pages\/10951\/revisions"}],"predecessor-version":[{"id":15699,"href":"https:\/\/www.sealand.com.mx\/monterrey\/wp-json\/wp\/v2\/pages\/10951\/revisions\/15699"}],"wp:attachment":[{"href":"https:\/\/www.sealand.com.mx\/monterrey\/wp-json\/wp\/v2\/media?parent=10951"}],"curies":[{"name":"wp","href":"https:\/\/api.w.org\/{rel}","templated":true}]}}