{"id":15463,"date":"2026-03-25T15:11:09","date_gmt":"2026-03-25T15:11:09","guid":{"rendered":"https:\/\/www.sealand.com.mx\/monterrey\/?page_id=15463"},"modified":"2026-03-25T16:15:32","modified_gmt":"2026-03-25T16:15:32","slug":"pase-tiburon","status":"publish","type":"page","link":"https:\/\/www.sealand.com.mx\/monterrey\/pase-tiburon\/","title":{"rendered":"PASE TIBURON"},"content":{"rendered":"\t\t<div data-elementor-type=\"wp-page\" data-elementor-id=\"15463\" class=\"elementor elementor-15463\" data-elementor-post-type=\"page\">\n\t\t\t\t\t\t<section class=\"elementor-section elementor-top-section elementor-element elementor-element-e9646ed elementor-section-full_width elementor-section-height-default elementor-section-height-default\" data-id=\"e9646ed\" data-element_type=\"section\">\n\t\t\t\t\t\t<div class=\"elementor-container elementor-column-gap-no\">\n\t\t\t\t\t<div class=\"elementor-column elementor-col-100 elementor-top-column elementor-element elementor-element-3cb7c2d\" data-id=\"3cb7c2d\" data-element_type=\"column\">\n\t\t\t<div class=\"elementor-widget-wrap elementor-element-populated\">\n\t\t\t\t\t\t<div class=\"elementor-element elementor-element-e6532ad elementor-hidden-mobile dce_masking-none elementor-widget elementor-widget-image\" data-id=\"e6532ad\" data-element_type=\"widget\" data-widget_type=\"image.default\">\n\t\t\t\t<div class=\"elementor-widget-container\">\n\t\t\t\t\t\t\t\t\t\t\t\t\t<img fetchpriority=\"high\" decoding=\"async\" width=\"1620\" height=\"628\" src=\"https:\/\/www.sealand.com.mx\/monterrey\/wp-content\/uploads\/sites\/7\/2026\/03\/PASE-TIBURON-SEALANDMONTERREY-DESK.jpg\" class=\"attachment-full size-full wp-image-15468\" alt=\"\" srcset=\"https:\/\/www.sealand.com.mx\/monterrey\/wp-content\/uploads\/sites\/7\/2026\/03\/PASE-TIBURON-SEALANDMONTERREY-DESK.jpg 1620w, https:\/\/www.sealand.com.mx\/monterrey\/wp-content\/uploads\/sites\/7\/2026\/03\/PASE-TIBURON-SEALANDMONTERREY-DESK-300x116.jpg 300w, https:\/\/www.sealand.com.mx\/monterrey\/wp-content\/uploads\/sites\/7\/2026\/03\/PASE-TIBURON-SEALANDMONTERREY-DESK-1024x397.jpg 1024w, https:\/\/www.sealand.com.mx\/monterrey\/wp-content\/uploads\/sites\/7\/2026\/03\/PASE-TIBURON-SEALANDMONTERREY-DESK-768x298.jpg 768w, https:\/\/www.sealand.com.mx\/monterrey\/wp-content\/uploads\/sites\/7\/2026\/03\/PASE-TIBURON-SEALANDMONTERREY-DESK-1536x595.jpg 1536w\" sizes=\"(max-width: 1620px) 100vw, 1620px\" \/>\t\t\t\t\t\t\t\t\t\t\t\t\t<\/div>\n\t\t\t\t<\/div>\n\t\t\t\t<div class=\"elementor-element elementor-element-6691e47 elementor-hidden-desktop elementor-hidden-tablet dce_masking-none elementor-widget elementor-widget-image\" data-id=\"6691e47\" data-element_type=\"widget\" data-widget_type=\"image.default\">\n\t\t\t\t<div class=\"elementor-widget-container\">\n\t\t\t\t\t\t\t\t\t\t\t\t\t<img decoding=\"async\" src=\"https:\/\/www.sealand.com.mx\/monterrey\/wp-content\/uploads\/sites\/7\/2026\/03\/PASE-TIBURON-SEALANDMONTERREY-PROMO.jpg\" title=\"\" alt=\"\" loading=\"lazy\" \/>\t\t\t\t\t\t\t\t\t\t\t\t\t<\/div>\n\t\t\t\t<\/div>\n\t\t\t\t\t<\/div>\n\t\t<\/div>\n\t\t\t\t\t<\/div>\n\t\t<\/section>\n\t\t\t\t<section data-dce-background-overlay-color=\"#053C9C\" data-dce-background-image-url=\"https:\/\/www.sealand.com.mx\/monterrey\/wp-content\/uploads\/sites\/7\/2026\/03\/FONDO-FAQS.png\" class=\"elementor-section elementor-top-section elementor-element elementor-element-f1ef525 elementor-section-stretched elementor-section-boxed elementor-section-height-default elementor-section-height-default\" data-id=\"f1ef525\" data-element_type=\"section\" data-settings=\"{&quot;stretch_section&quot;:&quot;section-stretched&quot;,&quot;background_background&quot;:&quot;classic&quot;}\">\n\t\t\t\t\t\t\t<div class=\"elementor-background-overlay\"><\/div>\n\t\t\t\t\t\t\t<div class=\"elementor-container elementor-column-gap-no\">\n\t\t\t\t\t<div class=\"elementor-column elementor-col-100 elementor-top-column elementor-element elementor-element-a66fc2e\" data-id=\"a66fc2e\" data-element_type=\"column\">\n\t\t\t<div class=\"elementor-widget-wrap elementor-element-populated\">\n\t\t\t\t\t\t<section class=\"elementor-section elementor-inner-section elementor-element elementor-element-eb1f367 elementor-section-boxed elementor-section-height-default elementor-section-height-default\" data-id=\"eb1f367\" data-element_type=\"section\">\n\t\t\t\t\t\t<div class=\"elementor-container elementor-column-gap-default\">\n\t\t\t\t\t<div class=\"elementor-column elementor-col-50 elementor-inner-column elementor-element elementor-element-8319e38\" data-id=\"8319e38\" data-element_type=\"column\">\n\t\t\t<div class=\"elementor-widget-wrap elementor-element-populated\">\n\t\t\t\t<div class=\"elementor-element elementor-element-63c2485 e-flex e-con-boxed e-con e-child\" data-id=\"63c2485\" data-element_type=\"container\">\n\t\t\t\t\t<div class=\"e-con-inner\">\n\t\t\t\t<div class=\"elementor-element elementor-element-8c849c9 elementor-widget elementor-widget-heading\" data-id=\"8c849c9\" data-element_type=\"widget\" data-widget_type=\"heading.default\">\n\t\t\t\t<div class=\"elementor-widget-container\">\n\t\t\t<h1 class=\"elementor-heading-title elementor-size-default\">VIVE LA EXPERIENCIA DE PASE TIBUR\u00d3N EN SEALAND<\/h1>\t\t<\/div>\n\t\t\t\t<\/div>\n\t\t\t\t<div class=\"elementor-element elementor-element-62a7187 elementor-widget elementor-widget-heading\" data-id=\"62a7187\" data-element_type=\"widget\" data-widget_type=\"heading.default\">\n\t\t\t\t<div class=\"elementor-widget-container\">\n\t\t\t<h2 class=\"elementor-heading-title elementor-size-default\">Todo por solo $349 MXN por persona<\/h2>\t\t<\/div>\n\t\t\t\t<\/div>\n\t\t\t\t<div class=\"elementor-element elementor-element-2615d12 elementor-widget elementor-widget-text-editor\" data-id=\"2615d12\" data-element_type=\"widget\" data-widget_type=\"text-editor.default\">\n\t\t\t\t<div class=\"elementor-widget-container\">\n\t\t\t\t\t\t\t<p class=\"p1\">Descubre el <b>Pase Tibur\u00f3n de Sealand Monterrey<\/b>, una experiencia creada para quienes buscan una aventura llena de emoci\u00f3n, aprendizaje y diversi\u00f3n para toda la familia.<\/p><p class=\"p1\">Con este pase especial podr\u00e1s explorar el acuario mientras te adentras en el fascinante mundo de uno de los depredadores m\u00e1s impresionantes del oc\u00e9ano.<\/p><p class=\"p1\"><b><span class=\"x1rg5ohu x16dsc37 x1c3i2sq x19la9d6 x1fc57z9 xexx8yu x1ccui7m x18d9i69 x18pi947 x6ikm8r x10wlt62 x19co3pv x11tp94h xw4jnvo x1qx5ct2 xfibh0p xiy17q3 x1xsqp64\"><span class=\"\">\ud83c\udf9f\ufe0f <\/span><\/span>Tu Pase Tibur\u00f3n incluye:<\/b><b><\/b><\/p><p class=\"p1\"><span class=\"s1\">\u2714<\/span> <b>Expedici\u00f3n General<\/b> para recorrer nuestros 4 mundos tem\u00e1ticos<br \/><span class=\"s1\">\u2714<\/span> <b>Experiencia de Realidad Virtual de Tiburones<\/b>, una aventura inmersiva \u00fanica en la ciudad<br \/><span class=\"s1\">\u2714<\/span> <b>Acceso a la exposici\u00f3n temporal \u201cTiburones: Los Reyes del Mar\u201d<\/b>, donde descubrir\u00e1s datos sorprendentes sobre estos incre\u00edbles habitantes del oc\u00e9ano<\/p><p><strong>\u2728 Disponible por tiempo limitado \u2728<\/strong><\/p>\t\t\t\t\t\t<\/div>\n\t\t\t\t<\/div>\n\t\t\t\t<div class=\"elementor-element elementor-element-ec2ae52 elementor-widget elementor-widget-heading\" data-id=\"ec2ae52\" data-element_type=\"widget\" data-widget_type=\"heading.default\">\n\t\t\t\t<div class=\"elementor-widget-container\">\n\t\t\t<h3 class=\"elementor-heading-title elementor-size-default\">Compra tu Pase Tiburon exclusivo en l\u00ednea y vive acuarioventura <\/h3>\t\t<\/div>\n\t\t\t\t<\/div>\n\t\t\t\t\t<\/div>\n\t\t\t\t<\/div>\n\t\t\t\t\t<\/div>\n\t\t<\/div>\n\t\t\t\t<div class=\"elementor-column elementor-col-50 elementor-inner-column elementor-element elementor-element-70b31b6\" data-id=\"70b31b6\" data-element_type=\"column\">\n\t\t\t<div class=\"elementor-widget-wrap elementor-element-populated\">\n\t\t\t\t\t\t<div class=\"elementor-element elementor-element-b50f92e elementor-arrows-position-inside elementor-widget elementor-widget-image-carousel\" data-id=\"b50f92e\" data-element_type=\"widget\" data-settings=\"{&quot;slides_to_show&quot;:&quot;1&quot;,&quot;navigation&quot;:&quot;arrows&quot;,&quot;autoplay&quot;:&quot;yes&quot;,&quot;pause_on_hover&quot;:&quot;yes&quot;,&quot;pause_on_interaction&quot;:&quot;yes&quot;,&quot;autoplay_speed&quot;:5000,&quot;infinite&quot;:&quot;yes&quot;,&quot;effect&quot;:&quot;slide&quot;,&quot;speed&quot;:500}\" data-widget_type=\"image-carousel.default\">\n\t\t\t\t<div class=\"elementor-widget-container\">\n\t\t\t\t\t<div class=\"elementor-image-carousel-wrapper swiper\" dir=\"ltr\">\n\t\t\t<div class=\"elementor-image-carousel swiper-wrapper\" aria-live=\"off\">\n\t\t\t\t\t\t\t\t<div class=\"swiper-slide\" role=\"group\" aria-roledescription=\"slide\" aria-label=\"1 de 5\"><figure class=\"swiper-slide-inner\"><img decoding=\"async\" class=\"swiper-slide-image\" src=\"https:\/\/www.sealand.com.mx\/monterrey\/wp-content\/uploads\/sites\/7\/2026\/03\/VR-COMBOSIRENAS-SEALANDGUADALAJARA.jpg\" alt=\"\" \/><\/figure><\/div><div class=\"swiper-slide\" role=\"group\" aria-roledescription=\"slide\" aria-label=\"2 de 5\"><figure class=\"swiper-slide-inner\"><img decoding=\"async\" class=\"swiper-slide-image\" src=\"https:\/\/www.sealand.com.mx\/monterrey\/wp-content\/uploads\/sites\/7\/2024\/12\/FAST-6.png\" alt=\"\" \/><\/figure><\/div><div class=\"swiper-slide\" role=\"group\" aria-roledescription=\"slide\" aria-label=\"3 de 5\"><figure class=\"swiper-slide-inner\"><img decoding=\"async\" class=\"swiper-slide-image\" src=\"https:\/\/www.sealand.com.mx\/monterrey\/wp-content\/uploads\/sites\/7\/2025\/11\/Diseno-sin-titulo-18.png\" alt=\"\" \/><\/figure><\/div><div class=\"swiper-slide\" role=\"group\" aria-roledescription=\"slide\" aria-label=\"4 de 5\"><figure class=\"swiper-slide-inner\"><img decoding=\"async\" class=\"swiper-slide-image\" src=\"https:\/\/www.sealand.com.mx\/monterrey\/wp-content\/uploads\/sites\/7\/2024\/12\/PINGUINAVIDAD-2.jpg\" alt=\"\" \/><\/figure><\/div><div class=\"swiper-slide\" role=\"group\" aria-roledescription=\"slide\" aria-label=\"5 de 5\"><figure class=\"swiper-slide-inner\"><img decoding=\"async\" class=\"swiper-slide-image\" src=\"https:\/\/www.sealand.com.mx\/monterrey\/wp-content\/uploads\/sites\/7\/2024\/12\/PINGUINAVIDAD-3.jpg\" alt=\"\" \/><\/figure><\/div>\t\t\t<\/div>\n\t\t\t\t\t\t\t\t\t\t\t\t<div class=\"elementor-swiper-button elementor-swiper-button-prev\" role=\"button\" tabindex=\"0\">\n\t\t\t\t\t\t<i aria-hidden=\"true\" class=\"eicon-chevron-left\"><\/i>\t\t\t\t\t<\/div>\n\t\t\t\t\t<div class=\"elementor-swiper-button elementor-swiper-button-next\" role=\"button\" tabindex=\"0\">\n\t\t\t\t\t\t<i aria-hidden=\"true\" class=\"eicon-chevron-right\"><\/i>\t\t\t\t\t<\/div>\n\t\t\t\t\n\t\t\t\t\t\t\t\t\t<\/div>\n\t\t\t\t<\/div>\n\t\t\t\t<\/div>\n\t\t\t\t\t<\/div>\n\t\t<\/div>\n\t\t\t\t\t<\/div>\n\t\t<\/section>\n\t\t\t\t<div class=\"elementor-element elementor-element-e1a4b1c elementor-widget elementor-widget-spacer\" data-id=\"e1a4b1c\" data-element_type=\"widget\" data-widget_type=\"spacer.default\">\n\t\t\t\t<div class=\"elementor-widget-container\">\n\t\t\t\t\t<div class=\"elementor-spacer\">\n\t\t\t<div class=\"elementor-spacer-inner\"><\/div>\n\t\t<\/div>\n\t\t\t\t<\/div>\n\t\t\t\t<\/div>\n\t\t\t\t\t<\/div>\n\t\t<\/div>\n\t\t\t\t\t<\/div>\n\t\t<\/section>\n\t\t<div data-dce-background-color=\"#163579\" class=\"elementor-element elementor-element-c1768a4 e-flex e-con-boxed e-con e-parent\" data-id=\"c1768a4\" data-element_type=\"container\" data-settings=\"{&quot;background_background&quot;:&quot;classic&quot;}\">\n\t\t\t\t\t<div class=\"e-con-inner\">\n\t\t\t\t<div class=\"elementor-element elementor-element-e6d2982 elementor-widget elementor-widget-spacer\" data-id=\"e6d2982\" data-element_type=\"widget\" data-widget_type=\"spacer.default\">\n\t\t\t\t<div class=\"elementor-widget-container\">\n\t\t\t\t\t<div class=\"elementor-spacer\">\n\t\t\t<div class=\"elementor-spacer-inner\"><\/div>\n\t\t<\/div>\n\t\t\t\t<\/div>\n\t\t\t\t<\/div>\n\t\t\t\t<div class=\"elementor-element elementor-element-14cb101 elementor-widget elementor-widget-heading\" data-id=\"14cb101\" data-element_type=\"widget\" data-widget_type=\"heading.default\">\n\t\t\t\t<div class=\"elementor-widget-container\">\n\t\t\t<h3 class=\"elementor-heading-title elementor-size-default\">Aprovecha el precio especial y asegura tu visita hoy mismo.<\/h3>\t\t<\/div>\n\t\t\t\t<\/div>\n\t\t\t\t<div class=\"elementor-element elementor-element-3f98120 elementor-widget elementor-widget-shortcode\" data-id=\"3f98120\" data-element_type=\"widget\" data-widget_type=\"shortcode.default\">\n\t\t\t\t<div class=\"elementor-widget-container\">\n\t\t\t\t\t<div class=\"elementor-shortcode\"><input type=\"hidden\" id=\"vmg_plugin_id\" value=\"14\">\n<input type=\"hidden\" id=\"vmg_plugin_url\" value=\"plugin.venturae.com.mx\">\n<div  id=\"pluginContainer\" class=\"container\"><\/div>\n<link href=\"https:\/\/cdnjs.cloudflare.com\/ajax\/libs\/font-awesome\/5.10.2\/css\/all.min.css\" rel=\"stylesheet\">\n<script src=\"https:\/\/ajax.googleapis.com\/ajax\/libs\/jquery\/3.7.1\/jquery.min.js\"><\/script>\n<script>\n\tjQuery(document).ready(function($){\n\t\tvar vmg_plugin_id = $('#vmg_plugin_id').val();\n\t\tvar vmg_plugin_url = $('#vmg_plugin_url').val();\n\n\t\t$.getScript( `https:\/\/${vmg_plugin_url}\/js\/pluginscripts.js`, function(jd) {\n\t\t\t\"use strict\";\n\t\t\t$.pluginUrl = `https:\/\/${vmg_plugin_url}\/requesterv2.php`;\n\t\t\tvar params = {\n\t\t\t\t\t\t\t\t\t\t\t\t\t\t\t\t\t\t\t\t\t\t\t\t\t\t\t\t\t\t\t\t\t\t\t\t\t\t\t\t'plugin_id': \"14\",\n\t\t\t\t\t\t\t\t\t\t\t\t\t\t\t\t'set_producto_id': \"-2755\",\n\t\t\t\t\t\t\t\t\t\t\t\t\t\t\t\t\t\t\t\t'user_language': \"es\",\n\t\t\t\t\t\t\t\t\t\t\t\t\t\t\t\t\n\t\t\t\t\n\t\t\t\t'plugin_id': vmg_plugin_id\n\t\t\t};\n\t\t\tconst urlParams = new URLSearchParams(window.location.search);\n\t\t\turlParams.forEach((value, key) => {\n\t\t\t\tparams[key] = value;\n\t\t\t});\n\t\t\t$.post($.pluginUrl,params,function(data, status){\n\t\t\t\tjQuery( \"#pluginContainer\" ).html(data);\n\t\t\t});\n\n\t\t});\n\n\t});\n<\/script><\/div>\n\t\t\t\t<\/div>\n\t\t\t\t<\/div>\n\t\t\t\t<div class=\"elementor-element elementor-element-39c649d elementor-widget elementor-widget-spacer\" data-id=\"39c649d\" data-element_type=\"widget\" data-widget_type=\"spacer.default\">\n\t\t\t\t<div class=\"elementor-widget-container\">\n\t\t\t\t\t<div class=\"elementor-spacer\">\n\t\t\t<div class=\"elementor-spacer-inner\"><\/div>\n\t\t<\/div>\n\t\t\t\t<\/div>\n\t\t\t\t<\/div>\n\t\t\t\t\t<\/div>\n\t\t\t\t<\/div>\n\t\t\t\t<section data-dce-background-overlay-color=\"#053C9C\" data-dce-background-image-url=\"https:\/\/www.sealand.com.mx\/monterrey\/wp-content\/uploads\/sites\/7\/2026\/03\/FONDO-FAQS.png\" class=\"elementor-section elementor-top-section elementor-element elementor-element-75a4cea elementor-section-stretched elementor-section-boxed elementor-section-height-default elementor-section-height-default\" data-id=\"75a4cea\" data-element_type=\"section\" data-settings=\"{&quot;stretch_section&quot;:&quot;section-stretched&quot;,&quot;background_background&quot;:&quot;classic&quot;}\">\n\t\t\t\t\t\t\t<div class=\"elementor-background-overlay\"><\/div>\n\t\t\t\t\t\t\t<div class=\"elementor-container elementor-column-gap-no\">\n\t\t\t\t\t<div class=\"elementor-column elementor-col-100 elementor-top-column elementor-element elementor-element-759c511\" data-id=\"759c511\" data-element_type=\"column\">\n\t\t\t<div class=\"elementor-widget-wrap elementor-element-populated\">\n\t\t\t\t\t\t<div class=\"elementor-element elementor-element-236eb9b elementor-widget elementor-widget-spacer\" data-id=\"236eb9b\" data-element_type=\"widget\" data-widget_type=\"spacer.default\">\n\t\t\t\t<div class=\"elementor-widget-container\">\n\t\t\t\t\t<div class=\"elementor-spacer\">\n\t\t\t<div class=\"elementor-spacer-inner\"><\/div>\n\t\t<\/div>\n\t\t\t\t<\/div>\n\t\t\t\t<\/div>\n\t\t\t\t<div class=\"elementor-element elementor-element-a436c00 elementor-widget elementor-widget-accordion\" data-id=\"a436c00\" data-element_type=\"widget\" data-widget_type=\"accordion.default\">\n\t\t\t\t<div class=\"elementor-widget-container\">\n\t\t\t\t\t<div class=\"elementor-accordion\">\n\t\t\t\t\t\t\t<div class=\"elementor-accordion-item\">\n\t\t\t\t\t<div id=\"elementor-tab-title-1721\" class=\"elementor-tab-title\" data-tab=\"1\" role=\"button\" aria-controls=\"elementor-tab-content-1721\" aria-expanded=\"false\">\n\t\t\t\t\t\t\t\t\t\t\t\t\t<span class=\"elementor-accordion-icon elementor-accordion-icon-right\" aria-hidden=\"true\">\n\t\t\t\t\t\t\t\t\t\t\t\t\t\t\t<span class=\"elementor-accordion-icon-closed\"><i class=\"fas fa-plus\"><\/i><\/span>\n\t\t\t\t\t\t\t\t<span class=\"elementor-accordion-icon-opened\"><i class=\"fas fa-minus\"><\/i><\/span>\n\t\t\t\t\t\t\t\t\t\t\t\t\t\t<\/span>\n\t\t\t\t\t\t\t\t\t\t\t\t<a class=\"elementor-accordion-title\" tabindex=\"0\">T\u00e9rminos de uso<\/a>\n\t\t\t\t\t<\/div>\n\t\t\t\t\t<div id=\"elementor-tab-content-1721\" class=\"elementor-tab-content elementor-clearfix\" data-tab=\"1\" role=\"region\" aria-labelledby=\"elementor-tab-title-1721\"><ul><li>Promoci\u00f3n v\u00e1lida al 31 de julio del 2026.<\/li><li>No acumulable con otras promociones, descuentos de grupos de empresas, tours, escolares o convenios empresariales.<\/li><li>V\u00e1lido solo con admisi\u00f3n general, no aplica con pase vip.<\/li><li>El uso de las atracciones est\u00e1 sujeto al tipo de expedici\u00f3n adquirido.<\/li><li>No aplica en eventos exclusivos.<\/li><li>Compra v\u00e1lida en linea o taquilla<\/li><li>Precios sujetos a cambios sin previo aviso.<\/li><\/ul><\/div>\n\t\t\t\t<\/div>\n\t\t\t\t\t\t\t\t<\/div>\n\t\t\t\t<\/div>\n\t\t\t\t<\/div>\n\t\t\t\t<div class=\"elementor-element elementor-element-558dcde elementor-widget elementor-widget-spacer\" data-id=\"558dcde\" data-element_type=\"widget\" data-widget_type=\"spacer.default\">\n\t\t\t\t<div class=\"elementor-widget-container\">\n\t\t\t\t\t<div class=\"elementor-spacer\">\n\t\t\t<div class=\"elementor-spacer-inner\"><\/div>\n\t\t<\/div>\n\t\t\t\t<\/div>\n\t\t\t\t<\/div>\n\t\t\t\t\t<\/div>\n\t\t<\/div>\n\t\t\t\t\t<\/div>\n\t\t<\/section>\n\t\t\t\t<\/div>\n\t\t","protected":false},"excerpt":{"rendered":"<p>VIVE LA EXPERIENCIA DE PASE TIBUR\u00d3N EN SEALAND Todo por solo $349 MXN por persona Descubre el Pase Tibur\u00f3n de Sealand Monterrey, una experiencia creada para quienes buscan una aventura llena de emoci\u00f3n, aprendizaje y diversi\u00f3n para toda la familia. Con este pase especial podr\u00e1s explorar el acuario mientras te adentras en el fascinante mundo [&hellip;]<\/p>\n","protected":false},"author":4,"featured_media":15468,"parent":0,"menu_order":0,"comment_status":"closed","ping_status":"closed","template":"","meta":{"rank_math_lock_modified_date":false,"footnotes":""},"_links":{"self":[{"href":"https:\/\/www.sealand.com.mx\/monterrey\/wp-json\/wp\/v2\/pages\/15463"}],"collection":[{"href":"https:\/\/www.sealand.com.mx\/monterrey\/wp-json\/wp\/v2\/pages"}],"about":[{"href":"https:\/\/www.sealand.com.mx\/monterrey\/wp-json\/wp\/v2\/types\/page"}],"author":[{"embeddable":true,"href":"https:\/\/www.sealand.com.mx\/monterrey\/wp-json\/wp\/v2\/users\/4"}],"replies":[{"embeddable":true,"href":"https:\/\/www.sealand.com.mx\/monterrey\/wp-json\/wp\/v2\/comments?post=15463"}],"version-history":[{"count":13,"href":"https:\/\/www.sealand.com.mx\/monterrey\/wp-json\/wp\/v2\/pages\/15463\/revisions"}],"predecessor-version":[{"id":15482,"href":"https:\/\/www.sealand.com.mx\/monterrey\/wp-json\/wp\/v2\/pages\/15463\/revisions\/15482"}],"wp:featuredmedia":[{"embeddable":true,"href":"https:\/\/www.sealand.com.mx\/monterrey\/wp-json\/wp\/v2\/media\/15468"}],"wp:attachment":[{"href":"https:\/\/www.sealand.com.mx\/monterrey\/wp-json\/wp\/v2\/media?parent=15463"}],"curies":[{"name":"wp","href":"https:\/\/api.w.org\/{rel}","templated":true}]}}