{"id":15559,"date":"2026-03-27T17:25:17","date_gmt":"2026-03-27T17:25:17","guid":{"rendered":"https:\/\/www.sealand.com.mx\/monterrey\/?page_id=15559"},"modified":"2026-03-27T18:17:40","modified_gmt":"2026-03-27T18:17:40","slug":"sirenas","status":"publish","type":"page","link":"https:\/\/www.sealand.com.mx\/monterrey\/sirenas\/","title":{"rendered":"SIRENAS"},"content":{"rendered":"\t\t<div data-elementor-type=\"wp-page\" data-elementor-id=\"15559\" class=\"elementor elementor-15559\" data-elementor-post-type=\"page\">\n\t\t\t\t\t\t<section class=\"elementor-section elementor-top-section elementor-element elementor-element-1708500 elementor-section-full_width elementor-section-height-default elementor-section-height-default\" data-id=\"1708500\" data-element_type=\"section\">\n\t\t\t\t\t\t<div class=\"elementor-container elementor-column-gap-no\">\n\t\t\t\t\t<div class=\"elementor-column elementor-col-100 elementor-top-column elementor-element elementor-element-a801f04\" data-id=\"a801f04\" data-element_type=\"column\">\n\t\t\t<div class=\"elementor-widget-wrap elementor-element-populated\">\n\t\t\t\t\t\t<div class=\"elementor-element elementor-element-560fa59 elementor-hidden-mobile dce_masking-none elementor-widget elementor-widget-image\" data-id=\"560fa59\" data-element_type=\"widget\" data-widget_type=\"image.default\">\n\t\t\t\t<div class=\"elementor-widget-container\">\n\t\t\t\t\t\t\t\t\t\t\t\t\t<img fetchpriority=\"high\" decoding=\"async\" width=\"1628\" height=\"628\" src=\"https:\/\/www.sealand.com.mx\/monterrey\/wp-content\/uploads\/sites\/7\/2026\/03\/SIRENAS-VACACIONES-SEALANDMONTERREY-DESK.jpg\" class=\"attachment-full size-full wp-image-15571\" alt=\"\" srcset=\"https:\/\/www.sealand.com.mx\/monterrey\/wp-content\/uploads\/sites\/7\/2026\/03\/SIRENAS-VACACIONES-SEALANDMONTERREY-DESK.jpg 1628w, https:\/\/www.sealand.com.mx\/monterrey\/wp-content\/uploads\/sites\/7\/2026\/03\/SIRENAS-VACACIONES-SEALANDMONTERREY-DESK-300x116.jpg 300w, https:\/\/www.sealand.com.mx\/monterrey\/wp-content\/uploads\/sites\/7\/2026\/03\/SIRENAS-VACACIONES-SEALANDMONTERREY-DESK-1024x395.jpg 1024w, https:\/\/www.sealand.com.mx\/monterrey\/wp-content\/uploads\/sites\/7\/2026\/03\/SIRENAS-VACACIONES-SEALANDMONTERREY-DESK-768x296.jpg 768w, https:\/\/www.sealand.com.mx\/monterrey\/wp-content\/uploads\/sites\/7\/2026\/03\/SIRENAS-VACACIONES-SEALANDMONTERREY-DESK-1536x593.jpg 1536w\" sizes=\"(max-width: 1628px) 100vw, 1628px\" \/>\t\t\t\t\t\t\t\t\t\t\t\t\t<\/div>\n\t\t\t\t<\/div>\n\t\t\t\t<div class=\"elementor-element elementor-element-66c40c6 elementor-hidden-desktop elementor-hidden-tablet dce_masking-none elementor-widget elementor-widget-image\" data-id=\"66c40c6\" data-element_type=\"widget\" data-widget_type=\"image.default\">\n\t\t\t\t<div class=\"elementor-widget-container\">\n\t\t\t\t\t\t\t\t\t\t\t\t\t<img decoding=\"async\" width=\"428\" height=\"500\" src=\"https:\/\/www.sealand.com.mx\/monterrey\/wp-content\/uploads\/sites\/7\/2026\/03\/SIRENAS-VACACIONES-SEALANDMONTERREY-MOVIL.jpg\" class=\"attachment-full size-full wp-image-15572\" alt=\"\" srcset=\"https:\/\/www.sealand.com.mx\/monterrey\/wp-content\/uploads\/sites\/7\/2026\/03\/SIRENAS-VACACIONES-SEALANDMONTERREY-MOVIL.jpg 428w, https:\/\/www.sealand.com.mx\/monterrey\/wp-content\/uploads\/sites\/7\/2026\/03\/SIRENAS-VACACIONES-SEALANDMONTERREY-MOVIL-257x300.jpg 257w\" sizes=\"(max-width: 428px) 100vw, 428px\" \/>\t\t\t\t\t\t\t\t\t\t\t\t\t<\/div>\n\t\t\t\t<\/div>\n\t\t\t\t\t<\/div>\n\t\t<\/div>\n\t\t\t\t\t<\/div>\n\t\t<\/section>\n\t\t<div data-dce-background-overlay-color=\"#00176F\" data-dce-background-image-url=\"https:\/\/www.sealand.com.mx\/monterrey\/wp-content\/uploads\/sites\/7\/2026\/03\/FONDO-SIRENA-sealand.jpg\" class=\"elementor-element elementor-element-6452fb2 e-flex e-con-boxed e-con e-parent\" data-id=\"6452fb2\" data-element_type=\"container\" data-settings=\"{&quot;background_background&quot;:&quot;classic&quot;}\">\n\t\t\t\t\t<div class=\"e-con-inner\">\n\t\t\t\t<div class=\"elementor-element elementor-element-caa65ce elementor-widget elementor-widget-spacer\" data-id=\"caa65ce\" data-element_type=\"widget\" data-widget_type=\"spacer.default\">\n\t\t\t\t<div class=\"elementor-widget-container\">\n\t\t\t\t\t<div class=\"elementor-spacer\">\n\t\t\t<div class=\"elementor-spacer-inner\"><\/div>\n\t\t<\/div>\n\t\t\t\t<\/div>\n\t\t\t\t<\/div>\n\t\t\t\t<div class=\"elementor-element elementor-element-98753a5 elementor-widget elementor-widget-heading\" data-id=\"98753a5\" data-element_type=\"widget\" data-widget_type=\"heading.default\">\n\t\t\t\t<div class=\"elementor-widget-container\">\n\t\t\t<h1 class=\"elementor-heading-title elementor-size-default\"> \u00a1SIRENAS EN EL TRI\u00c1NGULO DE LAS BERMUDAS!<\/h1>\t\t<\/div>\n\t\t\t\t<\/div>\n\t\t\t\t<div class=\"elementor-element elementor-element-7ad7680 elementor-widget elementor-widget-heading\" data-id=\"7ad7680\" data-element_type=\"widget\" data-widget_type=\"heading.default\">\n\t\t\t\t<div class=\"elementor-widget-container\">\n\t\t\t<h2 class=\"elementor-heading-title elementor-size-default\">Un misterio emerge de las profundidades de Sealand monterrey<\/h2>\t\t<\/div>\n\t\t\t\t<\/div>\n\t\t\t\t<div class=\"elementor-element elementor-element-9744ee6 elementor-widget elementor-widget-text-editor\" data-id=\"9744ee6\" data-element_type=\"widget\" data-widget_type=\"text-editor.default\">\n\t\t\t\t<div class=\"elementor-widget-container\">\n\t\t\t\t\t\t\t<p>Las corrientes de Sealand Monterrey est\u00e1n cambiando y traen consigo ecos de una traves\u00eda m\u00e1gica que est\u00e1 por comenzar. El horizonte del acuario se llenar\u00e1 con el encanto hipn\u00f3tico de las sirenas que, hasta ahora, solo habitaban en los cuentos del oc\u00e9ano.<\/p><p data-start=\"276\" data-end=\"492\">Prep\u00e1rate para una experiencia inmersiva donde los cantos m\u00e1gicos y la belleza del mundo marino cobrar\u00e1n vida frente a tus ojos en un despliegue de fantas\u00eda que te har\u00e1 sentir dentro de una verdadera leyenda del mar.<\/p><p data-start=\"494\" data-end=\"594\">\u00a1Mant\u00e9n la mirada en el agua, porque las sirenas han elegido nuestro puerto para compartir su magia!<\/p><p><strong><b style=\"color: #17f3f0;\">Reserva ahora y s\u00e9 parte de esta acuarioventura, por \u00fanicas fechas \u00a1Incluido en tu Acceso General o VIP!<\/b><\/strong><\/p>\t\t\t\t\t\t<\/div>\n\t\t\t\t<\/div>\n\t\t\t\t<div class=\"elementor-element elementor-element-64ada6d elementor-widget elementor-widget-heading\" data-id=\"64ada6d\" data-element_type=\"widget\" data-widget_type=\"heading.default\">\n\t\t\t\t<div class=\"elementor-widget-container\">\n\t\t\t<h3 class=\"elementor-heading-title elementor-size-default\">CONSULTA D\u00cdAS Y HORARIOS EN T\u00c9RMINOS Y CONDICIONES.<\/h3>\t\t<\/div>\n\t\t\t\t<\/div>\n\t\t\t\t<div class=\"elementor-element elementor-element-c97c53f elementor-arrows-position-outside elementor-pagination-position-outside elementor-widget elementor-widget-image-carousel\" data-id=\"c97c53f\" data-element_type=\"widget\" data-settings=\"{&quot;navigation&quot;:&quot;both&quot;,&quot;autoplay&quot;:&quot;yes&quot;,&quot;pause_on_hover&quot;:&quot;yes&quot;,&quot;pause_on_interaction&quot;:&quot;yes&quot;,&quot;autoplay_speed&quot;:5000,&quot;infinite&quot;:&quot;yes&quot;,&quot;speed&quot;:500,&quot;image_spacing_custom&quot;:{&quot;unit&quot;:&quot;px&quot;,&quot;size&quot;:20,&quot;sizes&quot;:[]},&quot;image_spacing_custom_tablet&quot;:{&quot;unit&quot;:&quot;px&quot;,&quot;size&quot;:&quot;&quot;,&quot;sizes&quot;:[]},&quot;image_spacing_custom_mobile&quot;:{&quot;unit&quot;:&quot;px&quot;,&quot;size&quot;:&quot;&quot;,&quot;sizes&quot;:[]}}\" data-widget_type=\"image-carousel.default\">\n\t\t\t\t<div class=\"elementor-widget-container\">\n\t\t\t\t\t<div class=\"elementor-image-carousel-wrapper swiper\" dir=\"ltr\">\n\t\t\t<div class=\"elementor-image-carousel swiper-wrapper\" aria-live=\"off\">\n\t\t\t\t\t\t\t\t<div class=\"swiper-slide\" role=\"group\" aria-roledescription=\"slide\" aria-label=\"1 de 7\"><figure class=\"swiper-slide-inner\"><img decoding=\"async\" class=\"swiper-slide-image\" src=\"https:\/\/www.sealand.com.mx\/monterrey\/wp-content\/uploads\/sites\/7\/2026\/01\/PASE-ANUAL-3.png\" alt=\"\" \/><\/figure><\/div><div class=\"swiper-slide\" role=\"group\" aria-roledescription=\"slide\" aria-label=\"2 de 7\"><figure class=\"swiper-slide-inner\"><img decoding=\"async\" class=\"swiper-slide-image\" src=\"https:\/\/www.sealand.com.mx\/monterrey\/wp-content\/uploads\/sites\/7\/2026\/03\/sirenas.jpg\" alt=\"\" \/><\/figure><\/div><div class=\"swiper-slide\" role=\"group\" aria-roledescription=\"slide\" aria-label=\"3 de 7\"><figure class=\"swiper-slide-inner\"><img decoding=\"async\" class=\"swiper-slide-image\" src=\"https:\/\/www.sealand.com.mx\/monterrey\/wp-content\/uploads\/sites\/7\/2025\/08\/PINGUINO-GENTOO-SEALANDMTY.jpg\" alt=\"\" \/><\/figure><\/div><div class=\"swiper-slide\" role=\"group\" aria-roledescription=\"slide\" aria-label=\"4 de 7\"><figure class=\"swiper-slide-inner\"><img decoding=\"async\" class=\"swiper-slide-image\" src=\"https:\/\/www.sealand.com.mx\/monterrey\/wp-content\/uploads\/sites\/7\/2026\/03\/VERANO-SEALANDGDL-25.jpg\" alt=\"\" \/><\/figure><\/div><div class=\"swiper-slide\" role=\"group\" aria-roledescription=\"slide\" aria-label=\"5 de 7\"><figure class=\"swiper-slide-inner\"><img decoding=\"async\" class=\"swiper-slide-image\" src=\"https:\/\/www.sealand.com.mx\/monterrey\/wp-content\/uploads\/sites\/7\/2026\/01\/TICKET-1.png\" alt=\"\" \/><\/figure><\/div><div class=\"swiper-slide\" role=\"group\" aria-roledescription=\"slide\" aria-label=\"6 de 7\"><figure class=\"swiper-slide-inner\"><img decoding=\"async\" class=\"swiper-slide-image\" src=\"https:\/\/www.sealand.com.mx\/monterrey\/wp-content\/uploads\/sites\/7\/2026\/01\/PASE-GNRAL1.png\" alt=\"\" \/><\/figure><\/div><div class=\"swiper-slide\" role=\"group\" aria-roledescription=\"slide\" aria-label=\"7 de 7\"><figure class=\"swiper-slide-inner\"><img decoding=\"async\" class=\"swiper-slide-image\" src=\"https:\/\/www.sealand.com.mx\/monterrey\/wp-content\/uploads\/sites\/7\/2026\/01\/PASE-GNRAL2.png\" alt=\"\" \/><\/figure><\/div>\t\t\t<\/div>\n\t\t\t\t\t\t\t\t\t\t\t\t<div class=\"elementor-swiper-button elementor-swiper-button-prev\" role=\"button\" tabindex=\"0\">\n\t\t\t\t\t\t<i aria-hidden=\"true\" class=\"eicon-chevron-left\"><\/i>\t\t\t\t\t<\/div>\n\t\t\t\t\t<div class=\"elementor-swiper-button elementor-swiper-button-next\" role=\"button\" tabindex=\"0\">\n\t\t\t\t\t\t<i aria-hidden=\"true\" class=\"eicon-chevron-right\"><\/i>\t\t\t\t\t<\/div>\n\t\t\t\t\n\t\t\t\t\t\t\t\t\t<div class=\"swiper-pagination\"><\/div>\n\t\t\t\t\t\t\t\t\t<\/div>\n\t\t\t\t<\/div>\n\t\t\t\t<\/div>\n\t\t\t\t<div class=\"elementor-element elementor-element-dedc950 elementor-widget elementor-widget-spacer\" data-id=\"dedc950\" data-element_type=\"widget\" data-widget_type=\"spacer.default\">\n\t\t\t\t<div class=\"elementor-widget-container\">\n\t\t\t\t\t<div class=\"elementor-spacer\">\n\t\t\t<div class=\"elementor-spacer-inner\"><\/div>\n\t\t<\/div>\n\t\t\t\t<\/div>\n\t\t\t\t<\/div>\n\t\t\t\t\t<\/div>\n\t\t\t\t<\/div>\n\t\t<div data-dce-background-color=\"#1F408B\" class=\"elementor-element elementor-element-b3eba69 e-flex e-con-boxed e-con e-parent\" data-id=\"b3eba69\" data-element_type=\"container\" data-settings=\"{&quot;background_background&quot;:&quot;classic&quot;}\">\n\t\t\t\t\t<div class=\"e-con-inner\">\n\t\t\t\t<div class=\"elementor-element elementor-element-a4cb808 elementor-widget elementor-widget-spacer\" data-id=\"a4cb808\" data-element_type=\"widget\" data-widget_type=\"spacer.default\">\n\t\t\t\t<div class=\"elementor-widget-container\">\n\t\t\t\t\t<div class=\"elementor-spacer\">\n\t\t\t<div class=\"elementor-spacer-inner\"><\/div>\n\t\t<\/div>\n\t\t\t\t<\/div>\n\t\t\t\t<\/div>\n\t\t\t\t<div class=\"elementor-element elementor-element-73a8aaf elementor-widget elementor-widget-heading\" data-id=\"73a8aaf\" data-element_type=\"widget\" data-widget_type=\"heading.default\">\n\t\t\t\t<div class=\"elementor-widget-container\">\n\t\t\t<h2 class=\"elementor-heading-title elementor-size-default\">\u00a1No dejes que te lo cuenten, ven y descubre el encanto de las profundidades, solo en Sealand Monterrey!<\/h2>\t\t<\/div>\n\t\t\t\t<\/div>\n\t\t\t\t<div class=\"elementor-element elementor-element-404a5ee elementor-widget elementor-widget-shortcode\" data-id=\"404a5ee\" data-element_type=\"widget\" data-widget_type=\"shortcode.default\">\n\t\t\t\t<div class=\"elementor-widget-container\">\n\t\t\t\t\t<div class=\"elementor-shortcode\"><input type=\"hidden\" id=\"vmg_plugin_id\" value=\"14\">\n<input type=\"hidden\" id=\"vmg_plugin_url\" value=\"plugin.venturae.com.mx\">\n<div  id=\"pluginContainer\" class=\"container\"><\/div>\n<link href=\"https:\/\/cdnjs.cloudflare.com\/ajax\/libs\/font-awesome\/5.10.2\/css\/all.min.css\" rel=\"stylesheet\">\n<script src=\"https:\/\/ajax.googleapis.com\/ajax\/libs\/jquery\/3.7.1\/jquery.min.js\"><\/script>\n<script>\n\tjQuery(document).ready(function($){\n\t\tvar vmg_plugin_id = $('#vmg_plugin_id').val();\n\t\tvar vmg_plugin_url = $('#vmg_plugin_url').val();\n\n\t\t$.getScript( `https:\/\/${vmg_plugin_url}\/js\/pluginscripts.js`, function(jd) {\n\t\t\t\"use strict\";\n\t\t\t$.pluginUrl = `https:\/\/${vmg_plugin_url}\/requesterv2.php`;\n\t\t\tvar params = {\n\t\t\t\t\t\t\t\t\t\t\t\t\t\t\t\t\t\t\t\t\t\t\t\t\t\t\t\t\t\t\t\t\t\t\t\t\t\t\t\t'plugin_id': \"14\",\n\t\t\t\t\t\t\t\t\t\t\t\t\t\t\t\t\t\t\t\t\t\t\t\t\t\t\t\t'user_language': \"es\",\n\t\t\t\t\t\t\t\t\t\t\t\t\t\t\t\t\n\t\t\t\t\n\t\t\t\t'plugin_id': vmg_plugin_id\n\t\t\t};\n\t\t\tconst urlParams = new URLSearchParams(window.location.search);\n\t\t\turlParams.forEach((value, key) => {\n\t\t\t\tparams[key] = value;\n\t\t\t});\n\t\t\t$.post($.pluginUrl,params,function(data, status){\n\t\t\t\tjQuery( \"#pluginContainer\" ).html(data);\n\t\t\t});\n\n\t\t});\n\n\t});\n<\/script><\/div>\n\t\t\t\t<\/div>\n\t\t\t\t<\/div>\n\t\t\t\t<div class=\"elementor-element elementor-element-8685098 elementor-widget elementor-widget-spacer\" data-id=\"8685098\" data-element_type=\"widget\" data-widget_type=\"spacer.default\">\n\t\t\t\t<div class=\"elementor-widget-container\">\n\t\t\t\t\t<div class=\"elementor-spacer\">\n\t\t\t<div class=\"elementor-spacer-inner\"><\/div>\n\t\t<\/div>\n\t\t\t\t<\/div>\n\t\t\t\t<\/div>\n\t\t\t\t\t<\/div>\n\t\t\t\t<\/div>\n\t\t\t\t<section data-dce-background-overlay-color=\"#00176F\" data-dce-background-image-url=\"https:\/\/www.sealand.com.mx\/monterrey\/wp-content\/uploads\/sites\/7\/2026\/03\/FONDO-SIRENA-sealand.jpg\" class=\"elementor-section elementor-top-section elementor-element elementor-element-71e5808 elementor-section-stretched elementor-section-boxed elementor-section-height-default elementor-section-height-default\" data-id=\"71e5808\" data-element_type=\"section\" data-settings=\"{&quot;stretch_section&quot;:&quot;section-stretched&quot;,&quot;background_background&quot;:&quot;classic&quot;}\">\n\t\t\t\t\t\t\t<div class=\"elementor-background-overlay\"><\/div>\n\t\t\t\t\t\t\t<div class=\"elementor-container elementor-column-gap-no\">\n\t\t\t\t\t<div class=\"elementor-column elementor-col-100 elementor-top-column elementor-element elementor-element-102c0b3\" data-id=\"102c0b3\" data-element_type=\"column\">\n\t\t\t<div class=\"elementor-widget-wrap elementor-element-populated\">\n\t\t\t\t\t\t<div class=\"elementor-element elementor-element-4e1cf35 elementor-widget elementor-widget-spacer\" data-id=\"4e1cf35\" data-element_type=\"widget\" data-widget_type=\"spacer.default\">\n\t\t\t\t<div class=\"elementor-widget-container\">\n\t\t\t\t\t<div class=\"elementor-spacer\">\n\t\t\t<div class=\"elementor-spacer-inner\"><\/div>\n\t\t<\/div>\n\t\t\t\t<\/div>\n\t\t\t\t<\/div>\n\t\t\t\t<div class=\"elementor-element elementor-element-442869f elementor-widget elementor-widget-accordion\" data-id=\"442869f\" data-element_type=\"widget\" data-widget_type=\"accordion.default\">\n\t\t\t\t<div class=\"elementor-widget-container\">\n\t\t\t\t\t<div class=\"elementor-accordion\">\n\t\t\t\t\t\t\t<div class=\"elementor-accordion-item\">\n\t\t\t\t\t<div id=\"elementor-tab-title-7141\" class=\"elementor-tab-title\" data-tab=\"1\" role=\"button\" aria-controls=\"elementor-tab-content-7141\" aria-expanded=\"false\">\n\t\t\t\t\t\t\t\t\t\t\t\t\t<span class=\"elementor-accordion-icon elementor-accordion-icon-right\" aria-hidden=\"true\">\n\t\t\t\t\t\t\t\t\t\t\t\t\t\t\t<span class=\"elementor-accordion-icon-closed\"><i class=\"fas fa-plus\"><\/i><\/span>\n\t\t\t\t\t\t\t\t<span class=\"elementor-accordion-icon-opened\"><i class=\"fas fa-minus\"><\/i><\/span>\n\t\t\t\t\t\t\t\t\t\t\t\t\t\t<\/span>\n\t\t\t\t\t\t\t\t\t\t\t\t<a class=\"elementor-accordion-title\" tabindex=\"0\">Horarios<\/a>\n\t\t\t\t\t<\/div>\n\t\t\t\t\t<div id=\"elementor-tab-content-7141\" class=\"elementor-tab-content elementor-clearfix\" data-tab=\"1\" role=\"region\" aria-labelledby=\"elementor-tab-title-7141\"><ul><li>Viernes 12:30pm\u00a0<\/li><li>S\u00e1bados y domingos 11:30am y 15:30pm.<\/li><\/ul><\/div>\n\t\t\t\t<\/div>\n\t\t\t\t\t\t\t<div class=\"elementor-accordion-item\">\n\t\t\t\t\t<div id=\"elementor-tab-title-7142\" class=\"elementor-tab-title\" data-tab=\"2\" role=\"button\" aria-controls=\"elementor-tab-content-7142\" aria-expanded=\"false\">\n\t\t\t\t\t\t\t\t\t\t\t\t\t<span class=\"elementor-accordion-icon elementor-accordion-icon-right\" aria-hidden=\"true\">\n\t\t\t\t\t\t\t\t\t\t\t\t\t\t\t<span class=\"elementor-accordion-icon-closed\"><i class=\"fas fa-plus\"><\/i><\/span>\n\t\t\t\t\t\t\t\t<span class=\"elementor-accordion-icon-opened\"><i class=\"fas fa-minus\"><\/i><\/span>\n\t\t\t\t\t\t\t\t\t\t\t\t\t\t<\/span>\n\t\t\t\t\t\t\t\t\t\t\t\t<a class=\"elementor-accordion-title\" tabindex=\"0\">T\u00e9rminos de uso<\/a>\n\t\t\t\t\t<\/div>\n\t\t\t\t\t<div id=\"elementor-tab-content-7142\" class=\"elementor-tab-content elementor-clearfix\" data-tab=\"2\" role=\"region\" aria-labelledby=\"elementor-tab-title-7142\"><ul><li><strong>Fechas de presentaci\u00f3n:<\/strong><br \/><strong>27 al 31 de Marzo y 1 al 12 de Abril de 2026.<\/strong><\/li><li>V\u00e1lida en los accesos Expedici\u00f3n general y Expedici\u00f3n VIP dependiendo del horario seleccionado.<\/li><li>El uso de las atracciones est\u00e1 sujeto al tipo de expedici\u00f3n adquirido.<\/li><li>No aplica en eventos exclusivos, visitas escolares o grupos programados.<\/li><li>Ni\u00f1os menores de 3 a\u00f1os no pagan entrada y se los otorgan los beneficios \u00fanicamente de una entrada general.<\/li><li>En la compra de tu accesos no hay cambios ni modificaciones una vez seleccionada la fecha de tu visita.<\/li><li>El boleto electr\u00f3nico llegar\u00e1 al correo indicado en la reserva.<\/li><li>En ocasiones podr\u00eda llegar en spam o carpeta de no deseados.<\/li><li>El boleto s\u00f3lo es v\u00e1lido el d\u00eda de tu compra.<\/li><\/ul><\/div>\n\t\t\t\t<\/div>\n\t\t\t\t\t\t\t\t<\/div>\n\t\t\t\t<\/div>\n\t\t\t\t<\/div>\n\t\t\t\t<div class=\"elementor-element elementor-element-7b2a9df elementor-widget elementor-widget-spacer\" data-id=\"7b2a9df\" data-element_type=\"widget\" data-widget_type=\"spacer.default\">\n\t\t\t\t<div class=\"elementor-widget-container\">\n\t\t\t\t\t<div class=\"elementor-spacer\">\n\t\t\t<div class=\"elementor-spacer-inner\"><\/div>\n\t\t<\/div>\n\t\t\t\t<\/div>\n\t\t\t\t<\/div>\n\t\t\t\t\t<\/div>\n\t\t<\/div>\n\t\t\t\t\t<\/div>\n\t\t<\/section>\n\t\t\t\t<\/div>\n\t\t","protected":false},"excerpt":{"rendered":"<p>\u00a1SIRENAS EN EL TRI\u00c1NGULO DE LAS BERMUDAS! Un misterio emerge de las profundidades de Sealand monterrey Las corrientes de Sealand Monterrey est\u00e1n cambiando y traen consigo ecos de una traves\u00eda m\u00e1gica que est\u00e1 por comenzar. El horizonte del acuario se llenar\u00e1 con el encanto hipn\u00f3tico de las sirenas que, hasta ahora, solo habitaban en los [&hellip;]<\/p>\n","protected":false},"author":4,"featured_media":0,"parent":0,"menu_order":0,"comment_status":"closed","ping_status":"closed","template":"","meta":{"rank_math_lock_modified_date":false,"footnotes":""},"_links":{"self":[{"href":"https:\/\/www.sealand.com.mx\/monterrey\/wp-json\/wp\/v2\/pages\/15559"}],"collection":[{"href":"https:\/\/www.sealand.com.mx\/monterrey\/wp-json\/wp\/v2\/pages"}],"about":[{"href":"https:\/\/www.sealand.com.mx\/monterrey\/wp-json\/wp\/v2\/types\/page"}],"author":[{"embeddable":true,"href":"https:\/\/www.sealand.com.mx\/monterrey\/wp-json\/wp\/v2\/users\/4"}],"replies":[{"embeddable":true,"href":"https:\/\/www.sealand.com.mx\/monterrey\/wp-json\/wp\/v2\/comments?post=15559"}],"version-history":[{"count":13,"href":"https:\/\/www.sealand.com.mx\/monterrey\/wp-json\/wp\/v2\/pages\/15559\/revisions"}],"predecessor-version":[{"id":15587,"href":"https:\/\/www.sealand.com.mx\/monterrey\/wp-json\/wp\/v2\/pages\/15559\/revisions\/15587"}],"wp:attachment":[{"href":"https:\/\/www.sealand.com.mx\/monterrey\/wp-json\/wp\/v2\/media?parent=15559"}],"curies":[{"name":"wp","href":"https:\/\/api.w.org\/{rel}","templated":true}]}}