{"id":15897,"date":"2026-05-04T15:01:02","date_gmt":"2026-05-04T15:01:02","guid":{"rendered":"https:\/\/www.sealand.com.mx\/monterrey\/?page_id=15897"},"modified":"2026-05-07T20:32:45","modified_gmt":"2026-05-07T20:32:45","slug":"promo-mama","status":"publish","type":"page","link":"https:\/\/www.sealand.com.mx\/monterrey\/promo-mama\/","title":{"rendered":"Promo Mam\u00e1"},"content":{"rendered":"\t\t<div data-elementor-type=\"wp-page\" data-elementor-id=\"15897\" class=\"elementor elementor-15897\" data-elementor-post-type=\"page\">\n\t\t\t\t\t\t<section class=\"elementor-section elementor-top-section elementor-element elementor-element-570fc7d elementor-section-full_width elementor-section-height-default elementor-section-height-default\" data-id=\"570fc7d\" data-element_type=\"section\">\n\t\t\t\t\t\t<div class=\"elementor-container elementor-column-gap-no\">\n\t\t\t\t\t<div class=\"elementor-column elementor-col-100 elementor-top-column elementor-element elementor-element-1ac2a24\" data-id=\"1ac2a24\" data-element_type=\"column\">\n\t\t\t<div class=\"elementor-widget-wrap elementor-element-populated\">\n\t\t\t\t\t\t<div class=\"elementor-element elementor-element-4f80190 elementor-hidden-mobile dce_masking-none elementor-widget elementor-widget-image\" data-id=\"4f80190\" data-element_type=\"widget\" data-widget_type=\"image.default\">\n\t\t\t\t<div class=\"elementor-widget-container\">\n\t\t\t\t\t\t\t\t\t\t\t\t\t<img fetchpriority=\"high\" decoding=\"async\" width=\"1628\" height=\"500\" src=\"https:\/\/www.sealand.com.mx\/monterrey\/wp-content\/uploads\/sites\/7\/2026\/05\/BANNER-DESKTOP.jpg\" class=\"attachment-full size-full wp-image-15950\" alt=\"\" srcset=\"https:\/\/www.sealand.com.mx\/monterrey\/wp-content\/uploads\/sites\/7\/2026\/05\/BANNER-DESKTOP.jpg 1628w, https:\/\/www.sealand.com.mx\/monterrey\/wp-content\/uploads\/sites\/7\/2026\/05\/BANNER-DESKTOP-300x92.jpg 300w, https:\/\/www.sealand.com.mx\/monterrey\/wp-content\/uploads\/sites\/7\/2026\/05\/BANNER-DESKTOP-1024x314.jpg 1024w, https:\/\/www.sealand.com.mx\/monterrey\/wp-content\/uploads\/sites\/7\/2026\/05\/BANNER-DESKTOP-768x236.jpg 768w, https:\/\/www.sealand.com.mx\/monterrey\/wp-content\/uploads\/sites\/7\/2026\/05\/BANNER-DESKTOP-1536x472.jpg 1536w\" sizes=\"(max-width: 1628px) 100vw, 1628px\" \/>\t\t\t\t\t\t\t\t\t\t\t\t\t<\/div>\n\t\t\t\t<\/div>\n\t\t\t\t<div class=\"elementor-element elementor-element-9db074e elementor-hidden-desktop elementor-hidden-tablet dce_masking-none elementor-widget elementor-widget-image\" data-id=\"9db074e\" data-element_type=\"widget\" data-widget_type=\"image.default\">\n\t\t\t\t<div class=\"elementor-widget-container\">\n\t\t\t\t\t\t\t\t\t\t\t\t\t<img decoding=\"async\" width=\"428\" height=\"500\" src=\"https:\/\/www.sealand.com.mx\/monterrey\/wp-content\/uploads\/sites\/7\/2026\/05\/BANNER-MOVIL.jpg\" class=\"attachment-full size-full wp-image-15951\" alt=\"\" srcset=\"https:\/\/www.sealand.com.mx\/monterrey\/wp-content\/uploads\/sites\/7\/2026\/05\/BANNER-MOVIL.jpg 428w, https:\/\/www.sealand.com.mx\/monterrey\/wp-content\/uploads\/sites\/7\/2026\/05\/BANNER-MOVIL-257x300.jpg 257w\" sizes=\"(max-width: 428px) 100vw, 428px\" \/>\t\t\t\t\t\t\t\t\t\t\t\t\t<\/div>\n\t\t\t\t<\/div>\n\t\t\t\t\t<\/div>\n\t\t<\/div>\n\t\t\t\t\t<\/div>\n\t\t<\/section>\n\t\t\t\t<section data-dce-background-overlay-color=\"#03329B\" data-dce-background-image-url=\"https:\/\/www.sealand.com.mx\/monterrey\/wp-content\/uploads\/sites\/7\/2024\/08\/FONDO-PROMOCIONES.png\" class=\"elementor-section elementor-top-section elementor-element elementor-element-f6ee358 elementor-section-full_width elementor-section-stretched elementor-section-height-default elementor-section-height-default\" data-id=\"f6ee358\" data-element_type=\"section\" data-settings=\"{&quot;stretch_section&quot;:&quot;section-stretched&quot;,&quot;background_background&quot;:&quot;classic&quot;}\">\n\t\t\t\t\t\t\t<div class=\"elementor-background-overlay\"><\/div>\n\t\t\t\t\t\t\t<div class=\"elementor-container elementor-column-gap-no\">\n\t\t\t\t\t<div class=\"elementor-column elementor-col-100 elementor-top-column elementor-element elementor-element-bdb1511\" data-id=\"bdb1511\" data-element_type=\"column\">\n\t\t\t<div class=\"elementor-widget-wrap elementor-element-populated\">\n\t\t\t\t\t\t<section class=\"elementor-section elementor-inner-section elementor-element elementor-element-dd46482 elementor-section-boxed elementor-section-height-default elementor-section-height-default\" data-id=\"dd46482\" data-element_type=\"section\">\n\t\t\t\t\t\t<div class=\"elementor-container elementor-column-gap-default\">\n\t\t\t\t\t<div class=\"elementor-column elementor-col-50 elementor-inner-column elementor-element elementor-element-567c84e\" data-id=\"567c84e\" data-element_type=\"column\">\n\t\t\t<div class=\"elementor-widget-wrap elementor-element-populated\">\n\t\t\t\t<div class=\"elementor-element elementor-element-7ef6d80 e-flex e-con-boxed e-con e-child\" data-id=\"7ef6d80\" data-element_type=\"container\">\n\t\t\t\t\t<div class=\"e-con-inner\">\n\t\t\t\t<div class=\"elementor-element elementor-element-2a47620 elementor-widget elementor-widget-heading\" data-id=\"2a47620\" data-element_type=\"widget\" data-widget_type=\"heading.default\">\n\t\t\t\t<div class=\"elementor-widget-container\">\n\t\t\t<h1 class=\"elementor-heading-title elementor-size-default\">Sealand tiene una sorpresa para Mam\u00e1<\/h1>\t\t<\/div>\n\t\t\t\t<\/div>\n\t\t\t\t<div class=\"elementor-element elementor-element-9c3dec6 elementor-widget elementor-widget-text-editor\" data-id=\"9c3dec6\" data-element_type=\"widget\" data-widget_type=\"text-editor.default\">\n\t\t\t\t<div class=\"elementor-widget-container\">\n\t\t\t\t\t\t\t<p>Todo el mes de mayo trae a mam\u00e1 a divertirse en un recorrido \u00fanico por mundos sorprendentes y conociendo m\u00e1s de 300 especies como ping\u00fcinos, tiburones, medusas y muchos m\u00e1s.<\/p><p>Del<strong> 07 al 12 de mayo<\/strong>, adquiere una entrada general y <strong>mam\u00e1 entra GRATIS<\/strong>.\u00a0<\/p>\t\t\t\t\t\t<\/div>\n\t\t\t\t<\/div>\n\t\t\t\t<div class=\"elementor-element elementor-element-e920652 elementor-widget elementor-widget-heading\" data-id=\"e920652\" data-element_type=\"widget\" data-widget_type=\"heading.default\">\n\t\t\t\t<div class=\"elementor-widget-container\">\n\t\t\t<h2 class=\"elementor-heading-title elementor-size-default\">\u00bfQu\u00e9 vas a disfrutar?<\/h2>\t\t<\/div>\n\t\t\t\t<\/div>\n\t\t\t\t<div class=\"elementor-element elementor-element-1d5447e elementor-widget elementor-widget-heading\" data-id=\"1d5447e\" data-element_type=\"widget\" data-widget_type=\"heading.default\">\n\t\t\t\t<div class=\"elementor-widget-container\">\n\t\t\t<h2 class=\"elementor-heading-title elementor-size-default\">Con tu boleto tienes acceso a un d\u00eda lleno de diversi\u00f3n.<\/h2>\t\t<\/div>\n\t\t\t\t<\/div>\n\t\t\t\t<div class=\"elementor-element elementor-element-0a968fb elementor-position-left dce_masking-none elementor-vertical-align-top elementor-widget elementor-widget-image-box\" data-id=\"0a968fb\" data-element_type=\"widget\" data-widget_type=\"image-box.default\">\n\t\t\t\t<div class=\"elementor-widget-container\">\n\t\t\t<div class=\"elementor-image-box-wrapper\"><figure class=\"elementor-image-box-img\"><img decoding=\"async\" width=\"39\" height=\"28\" src=\"https:\/\/www.sealand.com.mx\/monterrey\/wp-content\/uploads\/sites\/7\/2024\/12\/ENTRADA-VIP.png\" class=\"attachment-full size-full wp-image-9472\" alt=\"\" \/><\/figure><div class=\"elementor-image-box-content\"><p class=\"elementor-image-box-description\"><b> Promo Mam\u00e1 incluye:<\/b>\n<ul style=\"color:#ffff\">\n    <li>Exhibici\u00f3n de especies\n<\/li>\n    <li>Puentes A\u00e9reos<\/li>\n    <li>Arenero Poco Poco<\/li>\n    <li>Snow Play (nieve real) <\/li>\n    <li>Tobog\u00e1n Cold Quest <\/li><\/p><\/div><\/div>\t\t<\/div>\n\t\t\t\t<\/div>\n\t\t\t\t<div class=\"elementor-element elementor-element-4b85ef7 elementor-position-left dce_masking-none elementor-vertical-align-top elementor-widget elementor-widget-image-box\" data-id=\"4b85ef7\" data-element_type=\"widget\" data-widget_type=\"image-box.default\">\n\t\t\t\t<div class=\"elementor-widget-container\">\n\t\t\t<div class=\"elementor-image-box-wrapper\"><figure class=\"elementor-image-box-img\"><img loading=\"lazy\" decoding=\"async\" width=\"41\" height=\"41\" src=\"https:\/\/www.sealand.com.mx\/monterrey\/wp-content\/uploads\/sites\/7\/2024\/12\/information_2139-fe0f.png\" class=\"attachment-full size-full wp-image-9474\" alt=\"\" \/><\/figure><div class=\"elementor-image-box-content\"><p class=\"elementor-image-box-description\"><b> Importante:<\/b>\n<ul style=\"color:#ffff\">\n  <li>V\u00e1lido solo en taquilla del 7 al 12 de mayo 2026<\/li>\n  <li>V\u00e1lido en la compra de la expedici\u00f3n de 1 o m\u00e1s ni\u00f1os, mam\u00e1 entra gratis<\/li>\n  <li>Ni\u00f1os menores de 3 a\u00f1os no pagan entrada<\/li>\n  <li>Ni\u00f1os y adultos entran al mismo precio<\/li>\n  <li>Esta promoci\u00f3n solo aplica para Expedici\u00f3n General, no aplica para otros pases <\/li>\n  <li>Esta promoci\u00f3n no es acumulable con otras promociones, descuentos, grupos escolares, grupos empresariales, tours, etc<\/li><\/p><\/div><\/div>\t\t<\/div>\n\t\t\t\t<\/div>\n\t\t\t\t\t<\/div>\n\t\t\t\t<\/div>\n\t\t\t\t\t<\/div>\n\t\t<\/div>\n\t\t\t\t<div class=\"elementor-column elementor-col-50 elementor-inner-column elementor-element elementor-element-7c5c9cb\" data-id=\"7c5c9cb\" data-element_type=\"column\">\n\t\t\t<div class=\"elementor-widget-wrap elementor-element-populated\">\n\t\t\t\t\t\t<div class=\"elementor-element elementor-element-31c2fa0 elementor-arrows-position-inside elementor-widget elementor-widget-image-carousel\" data-id=\"31c2fa0\" data-element_type=\"widget\" data-settings=\"{&quot;slides_to_show&quot;:&quot;1&quot;,&quot;navigation&quot;:&quot;arrows&quot;,&quot;autoplay&quot;:&quot;yes&quot;,&quot;pause_on_hover&quot;:&quot;yes&quot;,&quot;pause_on_interaction&quot;:&quot;yes&quot;,&quot;autoplay_speed&quot;:5000,&quot;infinite&quot;:&quot;yes&quot;,&quot;effect&quot;:&quot;slide&quot;,&quot;speed&quot;:500}\" data-widget_type=\"image-carousel.default\">\n\t\t\t\t<div class=\"elementor-widget-container\">\n\t\t\t\t\t<div class=\"elementor-image-carousel-wrapper swiper\" dir=\"ltr\">\n\t\t\t<div class=\"elementor-image-carousel swiper-wrapper\" aria-live=\"off\">\n\t\t\t\t\t\t\t\t<div class=\"swiper-slide\" role=\"group\" aria-roledescription=\"slide\" aria-label=\"1 de 5\"><figure class=\"swiper-slide-inner\"><img decoding=\"async\" class=\"swiper-slide-image\" src=\"https:\/\/www.sealand.com.mx\/monterrey\/wp-content\/uploads\/sites\/7\/2024\/10\/GALERIA-5-PROMO.png\" alt=\"\" \/><\/figure><\/div><div class=\"swiper-slide\" role=\"group\" aria-roledescription=\"slide\" aria-label=\"2 de 5\"><figure class=\"swiper-slide-inner\"><img decoding=\"async\" class=\"swiper-slide-image\" src=\"https:\/\/www.sealand.com.mx\/monterrey\/wp-content\/uploads\/sites\/7\/2024\/10\/GALERIA-4-PROMO.png\" alt=\"\" \/><\/figure><\/div><div class=\"swiper-slide\" role=\"group\" aria-roledescription=\"slide\" aria-label=\"3 de 5\"><figure class=\"swiper-slide-inner\"><img decoding=\"async\" class=\"swiper-slide-image\" src=\"https:\/\/www.sealand.com.mx\/monterrey\/wp-content\/uploads\/sites\/7\/2024\/10\/GALERIA-3-PROMO.png\" alt=\"\" \/><\/figure><\/div><div class=\"swiper-slide\" role=\"group\" aria-roledescription=\"slide\" aria-label=\"4 de 5\"><figure class=\"swiper-slide-inner\"><img decoding=\"async\" class=\"swiper-slide-image\" src=\"https:\/\/www.sealand.com.mx\/monterrey\/wp-content\/uploads\/sites\/7\/2024\/10\/GALERIA-2-PROMO.png\" alt=\"\" \/><\/figure><\/div><div class=\"swiper-slide\" role=\"group\" aria-roledescription=\"slide\" aria-label=\"5 de 5\"><figure class=\"swiper-slide-inner\"><img decoding=\"async\" class=\"swiper-slide-image\" src=\"https:\/\/www.sealand.com.mx\/monterrey\/wp-content\/uploads\/sites\/7\/2024\/10\/GALERIA-1-PROMO.png\" alt=\"\" \/><\/figure><\/div>\t\t\t<\/div>\n\t\t\t\t\t\t\t\t\t\t\t\t<div class=\"elementor-swiper-button elementor-swiper-button-prev\" role=\"button\" tabindex=\"0\">\n\t\t\t\t\t\t<i aria-hidden=\"true\" class=\"eicon-chevron-left\"><\/i>\t\t\t\t\t<\/div>\n\t\t\t\t\t<div class=\"elementor-swiper-button elementor-swiper-button-next\" role=\"button\" tabindex=\"0\">\n\t\t\t\t\t\t<i aria-hidden=\"true\" class=\"eicon-chevron-right\"><\/i>\t\t\t\t\t<\/div>\n\t\t\t\t\n\t\t\t\t\t\t\t\t\t<\/div>\n\t\t\t\t<\/div>\n\t\t\t\t<\/div>\n\t\t\t\t\t<\/div>\n\t\t<\/div>\n\t\t\t\t\t<\/div>\n\t\t<\/section>\n\t\t\t\t<section data-dce-background-color=\"#063263\" class=\"elementor-section elementor-inner-section elementor-element elementor-element-a0585a2 elementor-section-full_width elementor-section-height-default elementor-section-height-default\" data-id=\"a0585a2\" data-element_type=\"section\" data-settings=\"{&quot;background_background&quot;:&quot;classic&quot;}\">\n\t\t\t\t\t\t<div class=\"elementor-container elementor-column-gap-no\">\n\t\t\t\t\t<div class=\"elementor-column elementor-col-100 elementor-inner-column elementor-element elementor-element-a2c5b29\" data-id=\"a2c5b29\" data-element_type=\"column\">\n\t\t\t<div class=\"elementor-widget-wrap elementor-element-populated\">\n\t\t\t\t\t\t<div class=\"elementor-element elementor-element-7e69d8f elementor-widget elementor-widget-spacer\" data-id=\"7e69d8f\" data-element_type=\"widget\" data-widget_type=\"spacer.default\">\n\t\t\t\t<div class=\"elementor-widget-container\">\n\t\t\t\t\t<div class=\"elementor-spacer\">\n\t\t\t<div class=\"elementor-spacer-inner\"><\/div>\n\t\t<\/div>\n\t\t\t\t<\/div>\n\t\t\t\t<\/div>\n\t\t\t\t<div class=\"elementor-element elementor-element-b5aac64 elementor-widget elementor-widget-heading\" data-id=\"b5aac64\" data-element_type=\"widget\" data-widget_type=\"heading.default\">\n\t\t\t\t<div class=\"elementor-widget-container\">\n\t\t\t<h3 class=\"elementor-heading-title elementor-size-default\">Promoci\u00f3n v\u00e1lida de lunes a domingo <\/h3>\t\t<\/div>\n\t\t\t\t<\/div>\n\t\t\t\t<div class=\"elementor-element elementor-element-d28b502 elementor-widget elementor-widget-shortcode\" data-id=\"d28b502\" data-element_type=\"widget\" data-widget_type=\"shortcode.default\">\n\t\t\t\t<div class=\"elementor-widget-container\">\n\t\t\t\t\t<div class=\"elementor-shortcode\"><input type=\"hidden\" id=\"vmg_plugin_id\" value=\"14\">\n<input type=\"hidden\" id=\"vmg_plugin_url\" value=\"plugin.venturae.com.mx\">\n<div  id=\"pluginContainer\" class=\"container\"><\/div>\n<link href=\"https:\/\/cdnjs.cloudflare.com\/ajax\/libs\/font-awesome\/5.10.2\/css\/all.min.css\" rel=\"stylesheet\">\n<script src=\"https:\/\/ajax.googleapis.com\/ajax\/libs\/jquery\/3.7.1\/jquery.min.js\"><\/script>\n<script>\n\tjQuery(document).ready(function($){\n\t\tvar vmg_plugin_id = $('#vmg_plugin_id').val();\n\t\tvar vmg_plugin_url = $('#vmg_plugin_url').val();\n\n\t\t$.getScript( `https:\/\/${vmg_plugin_url}\/js\/pluginscripts.js`, function(jd) {\n\t\t\t\"use strict\";\n\t\t\t$.pluginUrl = `https:\/\/${vmg_plugin_url}\/requesterv2.php`;\n\t\t\tvar params = {\n\t\t\t\t\t\t\t\t\t\t\t\t\t\t\t\t\t\t\t\t\t\t\t\t\t\t\t\t'vendedor_id': \"13401\",\n\t\t\t\t\t\t\t\t\t\t\t\t'pax_min': \"4\",\n\t\t\t\t\t\t\t\t\t\t\t\t\t\t\t\t'plugin_id': \"14\",\n\t\t\t\t\t\t\t\t\t\t\t\t\t\t\t\t'set_producto_id': \"-2301\",\n\t\t\t\t\t\t\t\t\t\t\t\t\t\t\t\t\t\t\t\t'user_language': \"es\",\n\t\t\t\t\t\t\t\t\t\t\t\t\t\t\t\t\n\t\t\t\t\n\t\t\t\t'plugin_id': vmg_plugin_id\n\t\t\t};\n\t\t\tconst urlParams = new URLSearchParams(window.location.search);\n\t\t\turlParams.forEach((value, key) => {\n\t\t\t\tparams[key] = value;\n\t\t\t});\n\t\t\t$.post($.pluginUrl,params,function(data, status){\n\t\t\t\tjQuery( \"#pluginContainer\" ).html(data);\n\t\t\t});\n\n\t\t});\n\n\t});\n<\/script><\/div>\n\t\t\t\t<\/div>\n\t\t\t\t<\/div>\n\t\t\t\t<div class=\"elementor-element elementor-element-f1bb818 elementor-widget elementor-widget-spacer\" data-id=\"f1bb818\" data-element_type=\"widget\" data-widget_type=\"spacer.default\">\n\t\t\t\t<div class=\"elementor-widget-container\">\n\t\t\t\t\t<div class=\"elementor-spacer\">\n\t\t\t<div class=\"elementor-spacer-inner\"><\/div>\n\t\t<\/div>\n\t\t\t\t<\/div>\n\t\t\t\t<\/div>\n\t\t\t\t\t<\/div>\n\t\t<\/div>\n\t\t\t\t\t<\/div>\n\t\t<\/section>\n\t\t\t\t\t<\/div>\n\t\t<\/div>\n\t\t\t\t\t<\/div>\n\t\t<\/section>\n\t\t\t\t<\/div>\n\t\t","protected":false},"excerpt":{"rendered":"<p>Sealand tiene una sorpresa para Mam\u00e1 Todo el mes de mayo trae a mam\u00e1 a divertirse en un recorrido \u00fanico por mundos sorprendentes y conociendo m\u00e1s de 300 especies como ping\u00fcinos, tiburones, medusas y muchos m\u00e1s. Del 07 al 12 de mayo, adquiere una entrada general y mam\u00e1 entra GRATIS.\u00a0 \u00bfQu\u00e9 vas a disfrutar? Con [&hellip;]<\/p>\n","protected":false},"author":4,"featured_media":0,"parent":0,"menu_order":0,"comment_status":"closed","ping_status":"closed","template":"elementor_header_footer","meta":{"rank_math_lock_modified_date":false,"footnotes":""},"_links":{"self":[{"href":"https:\/\/www.sealand.com.mx\/monterrey\/wp-json\/wp\/v2\/pages\/15897"}],"collection":[{"href":"https:\/\/www.sealand.com.mx\/monterrey\/wp-json\/wp\/v2\/pages"}],"about":[{"href":"https:\/\/www.sealand.com.mx\/monterrey\/wp-json\/wp\/v2\/types\/page"}],"author":[{"embeddable":true,"href":"https:\/\/www.sealand.com.mx\/monterrey\/wp-json\/wp\/v2\/users\/4"}],"replies":[{"embeddable":true,"href":"https:\/\/www.sealand.com.mx\/monterrey\/wp-json\/wp\/v2\/comments?post=15897"}],"version-history":[{"count":30,"href":"https:\/\/www.sealand.com.mx\/monterrey\/wp-json\/wp\/v2\/pages\/15897\/revisions"}],"predecessor-version":[{"id":15972,"href":"https:\/\/www.sealand.com.mx\/monterrey\/wp-json\/wp\/v2\/pages\/15897\/revisions\/15972"}],"wp:attachment":[{"href":"https:\/\/www.sealand.com.mx\/monterrey\/wp-json\/wp\/v2\/media?parent=15897"}],"curies":[{"name":"wp","href":"https:\/\/api.w.org\/{rel}","templated":true}]}}