{"id":6852,"date":"2024-07-20T16:16:36","date_gmt":"2024-07-20T16:16:36","guid":{"rendered":"https:\/\/www.sealand.com.mx\/monterrey\/?page_id=6852"},"modified":"2026-04-13T20:32:56","modified_gmt":"2026-04-13T20:32:56","slug":"preguntas-frecuentes","status":"publish","type":"page","link":"https:\/\/www.sealand.com.mx\/monterrey\/preguntas-frecuentes\/","title":{"rendered":"PREGUNTAS FRECUENTES"},"content":{"rendered":"\t\t<div data-elementor-type=\"wp-page\" data-elementor-id=\"6852\" class=\"elementor elementor-6852\" data-elementor-post-type=\"page\">\n\t\t\t\t\t\t<section data-dce-background-overlay-color=\"#02187E\" data-dce-background-image-url=\"https:\/\/www.sealand.com.mx\/monterrey\/wp-content\/uploads\/sites\/7\/2024\/07\/FONDO-FAQS-2.png\" class=\"elementor-section elementor-top-section elementor-element elementor-element-7b351ee9 elementor-section-boxed elementor-section-height-default elementor-section-height-default\" data-id=\"7b351ee9\" data-element_type=\"section\" id=\"faqs\" data-settings=\"{&quot;background_background&quot;:&quot;classic&quot;}\">\n\t\t\t\t\t\t\t<div class=\"elementor-background-overlay\"><\/div>\n\t\t\t\t\t\t\t<div class=\"elementor-container elementor-column-gap-default\">\n\t\t\t\t\t<div class=\"elementor-column elementor-col-100 elementor-top-column elementor-element elementor-element-744f4d6a\" data-id=\"744f4d6a\" data-element_type=\"column\">\n\t\t\t<div class=\"elementor-widget-wrap elementor-element-populated\">\n\t\t\t\t\t\t<div class=\"elementor-element elementor-element-ea478d7 elementor-widget elementor-widget-spacer\" data-id=\"ea478d7\" data-element_type=\"widget\" data-widget_type=\"spacer.default\">\n\t\t\t\t<div class=\"elementor-widget-container\">\n\t\t\t\t\t<div class=\"elementor-spacer\">\n\t\t\t<div class=\"elementor-spacer-inner\"><\/div>\n\t\t<\/div>\n\t\t\t\t<\/div>\n\t\t\t\t<\/div>\n\t\t\t\t<div class=\"elementor-element elementor-element-37898472 elementor-widget elementor-widget-helpie-faq-dynamic-add\" data-id=\"37898472\" data-element_type=\"widget\" data-widget_type=\"helpie-faq-dynamic-add.default\">\n\t\t\t\t<div class=\"elementor-widget-container\">\n\t\t\t<section id='' class='helpie-faq accordions faq-toggle ' data-collection='' data-pagination='0' data-search='0' data-pagination-enabled='0'><h2 class=\"collection-title\">PREGUNTAS FRECUENTES<\/h2><form class=\"search\" onSubmit=\"return false;\"><div class=\"search__wrapper\"><input type=\"text\" class=\"search__input\" placeholder=\"Busca en nuestras preguntas\"><span class=\"search__icon\"><svg class=\"svg-icon--search\" role=\"img\" xmlns=\"http:\/\/www.w3.org\/2000\/svg\" viewBox=\"0 0 22 22\">\r\n                        <g fill=\"none\" stroke=\"#171717\">\r\n                            <path stroke-linecap=\"square\" stroke-width=\"2\" d=\"M18.5 18.3l-5.4-5.4\"\/>\r\n                            <circle cx=\"8\" cy=\"8\" r=\"7\" stroke-width=\"2\"\/>\r\n                        <\/g>\r\n                    <\/svg><\/span><\/div><div class=\"search__message\"><\/div><\/form><article class=\"accordion \"><div class='helpie-faq-row'><div class='helpie-faq-col helpie-faq-col-12' ><li class=\"accordion__item \"><div class=\"accordion__header \" data-id=\"post-0\" data-item=\"hfaq-post-0\" style=\"background:transparent;\" data-tags=\"\"><div class=\"accordion__title\">Acerca de Sealand<\/div><\/div><div class=\"accordion__body\" style=\"background:transparent;\"><ul><li><strong>\u00bfD\u00f3nde se encuentra Sealand Monterrey?<\/strong><\/li><\/ul><p><a style=\"color: #00fff6;\" href=\"https:\/\/maps.app.goo.gl\/u8X92woTTVpstyVx7\" target=\"_blank\" rel=\"noopener\">Centro comercial Galer\u00edas Valle Oriente<\/a><\/p><ul><li style=\"font-weight: 400;\" aria-level=\"1\"><strong>\u00bfCu\u00e1les son los horarios de operaci\u00f3n?<\/strong><\/li><\/ul><p class=\"p2\"><strong>Lunes a Viernes: 10.00 AM a 6.00 PM,<\/strong> cierre de instalaciones una vez que el \u00faltimo aventurero sale.<strong><br \/>S\u00e1bado y Domingo: 11.00 AM a 7.00 PM<\/strong>, cierre de instalaciones una vez que el \u00faltimo aventurero sale.<\/p><ul><li><strong>\u00bfEl acuario est\u00e1 abierto los d\u00edas festivos?<\/strong><\/li><\/ul><p class=\"p2\">Si, Sealand est\u00e1 abierto los 365 d\u00edas del a\u00f1o.<\/p><ul><li><strong>\u00bfCu\u00e1ntas zonas tiene Sealand?<\/strong><\/li><\/ul><p class=\"p2\">4 zonas tematizadas (Tri\u00e1ngulo de las Bermudas, Isla de Pascua, Amazonia y Polar)<\/p><\/div><\/li><li class=\"accordion__item \"><div class=\"accordion__header \" data-id=\"post-0\" data-item=\"hfaq-post-0\" style=\"background:transparent;\" data-tags=\"\"><div class=\"accordion__title\">Entradas y Reservas<\/div><\/div><div class=\"accordion__body\" style=\"background:transparent;\"><ul><li style=\"font-weight: 400;\" aria-level=\"1\"><strong>\u00bfC\u00f3mo puedo comprar entradas?<\/strong><\/li><\/ul><p><span style=\"font-weight: 400;\">A trav\u00e9s de nuestra p\u00e1gina WEB o bien, directamente en taquilla de Sealand Monterrey<\/span><\/p><ul><li><strong>\u00bfCu\u00e1ntos pases existen y qu\u00e9 incluyen?\u00a0<\/strong><\/li><\/ul><p class=\"p2\">Existen 4 Expediciones que puedes adquirir.<\/p><p class=\"p2\"><b>1.-Expedici\u00f3n General: <\/b><b><\/b><\/p><p class=\"p2\">Exhibici\u00f3n de Especies + Puentes A\u00e9reos + Arenero Poco Poco + Snow play (nieve) + Tobog\u00e1n Cold Quest.<\/p><p class=\"p2\"><b>2.- Expedici\u00f3n General + Interacci\u00f3n con Ping\u00fcinos: <\/b><b><\/b><\/p><p class=\"p2\">Exhibici\u00f3n de Especies + Puentes A\u00e9reos + Arenero Poco Poco + Snow play (nieve) + Tobog\u00e1n Cold Quest + Interacci\u00f3n con Ping\u00fcinos<\/p><p class=\"p2\"><b>3.-Expedici\u00f3n VIP ( Expedici\u00f3n recomendada para ni\u00f1os mayores de 6 a\u00f1os): <\/b><\/p><p class=\"p1\">Exhibici\u00f3n de Especies + Puentes A\u00e9reos + Arenero Poco Poco + Snow play (nieve) + Tobog\u00e1n Cold Quest + Drag\u00f3n Negro VR + Laser Scape (laberinto l\u00e1ser) + Palomitas Medianas + Refresco de la familia Coca Cola.<\/p><p class=\"p1\"><b>4.- Expedici\u00f3n VIP + Interacci\u00f3n con Ping\u00fcinos: <\/b><b><\/b><\/p><p class=\"p1\">Exhibici\u00f3n de Especies + Puentes A\u00e9reos + Arenero Poco Poco + Snow play (nieve) + Tobog\u00e1n Cold Quest + Drag\u00f3n Negro VR + Laser Scape (laberinto l\u00e1ser) + Palomitas Medianas + Refresco de la familia Coca Cola + Interacci\u00f3n con Ping\u00fcinos.<\/p><ul><li><strong>\u00bfTienen precios diferentes de adulto y ni\u00f1o ?<\/strong><\/li><\/ul><p class=\"p1\">Adultos y Ni\u00f1os pagan el mismo precio. Nuestros Exploradores menores de 3 a\u00f1os de edad no pagan entrada al acuario; <b>Menores de 3 a\u00f1os no pueden ingresar a la interacci\u00f3n con ping\u00fcinos hasta los 4 a\u00f1os cumplidos. <\/b><\/p><ul><li><strong>\u00bfHay descuento de INAPAM o PCD?<\/strong><\/li><\/ul><p class=\"p1\">Ofrecemos un descuento del 12% sobre expedici\u00f3n general para INAPAM y para personas con discapacidad tiene un descuento de 25% sobre expedici\u00f3n general y ser\u00e1 v\u00e1lido solo en taquilla.<\/p><ul><li class=\"p2\"><strong>\u00bfHay descuento para estudiantes?<\/strong><\/li><\/ul><p class=\"p3\">Ofrecemos un descuento del 20% sobre la expedici\u00f3n general para estudiantes que presenten su Credencial de estudiante directamente en Taquilla.<\/p><ul><li><strong>\u00bfHay tarifa especial para grupos o escuelas?<\/strong><\/li><\/ul><p class=\"p1\">Si, depende del tama\u00f1o del grupo, puedes pedir informaci\u00f3n en l\u00ednea y un asesor te contactar\u00e1<\/p><ul><li class=\"p2\"><strong>\u00bfPuedo hacer mi Fiesta en Sealand?<\/strong><\/li><\/ul><p class=\"p3\">Si, contamos con espacios donde podr\u00e1s festejar tu cumplea\u00f1os a lo grande, puedes pedir informaci\u00f3n en l\u00ednea y un asesor te contactar\u00e1.<\/p><ul><li class=\"p2\"><strong>\u00bfEn Sealand puedo realizar eventos empresariales?<\/strong><\/li><\/ul><p class=\"p3\">Si, contamos con amplios espacios donde podr\u00e1s armar tu evento a la medida, puedes pedir informaci\u00f3n en l\u00ednea y un asesor te contactar\u00e1.<\/p><ul><li class=\"p2\"><strong>\u00bfCuenta Sealand con Cenas Rom\u00e1nticas o Pedidas de Mano?<\/strong><\/li><\/ul><p class=\"p1\">Si, contamos con eventos especiales para Pedidas de Mano, Pedidas de Noviazgos, Revelaci\u00f3n de Sexo, Cenas especiales de Cumplea\u00f1os, Cenas Rom\u00e1nticas, puedes pedir informaci\u00f3n en l\u00ednea y un asesor te contactar\u00e1.<\/p><ul><li class=\"p2\"><strong>\u00bfHay descuento o beneficio al comprar en l\u00ednea?<\/strong><\/li><\/ul><p class=\"p2\">Contamos con precios din\u00e1micos y promociones para toda la familia que puedes revisar en nuestro apartado de Promociones.<\/p><ul><li class=\"p2\"><strong>\u00bfEs necesario reservar con anticipaci\u00f3n?<\/strong><\/li><\/ul><p class=\"p3\">De preferencia para asegurar tu lugar y el horario de tu elecci\u00f3n deber\u00e1s reservar tu visita previa.<\/p><ul><li class=\"p2\"><strong>\u00bfQu\u00e9 duraci\u00f3n tiene el recorrido?<\/strong><\/li><\/ul><p class=\"p3\">La expedici\u00f3n dura aproximadamente 60 minutos, pero la experiencia puede durar m\u00e1s dependiendo del ritmo que lleve tu grupo. Tenemos espacios de permanencia libre como el \u00e1rea de nieve real, los puentes a\u00e9reos, aqu\u00ed podr\u00e1s permanecer en la aventura el tiempo que desees. Los menores de 12 a\u00f1os deber\u00e1n estar siempre con supervisi\u00f3n de alg\u00fan adulto.<\/p><ul><li class=\"p2\"><strong>\u00bfQu\u00e9 actividades tienen restricciones de edad?<\/strong><\/li><\/ul><p class=\"p1\">As\u00ed es, algunas de nuestras actividades cuentan con una restricci\u00f3n de edad<\/p><p class=\"p1\">- Drag\u00f3n Negro a partir de los 5 a\u00f1os de edad<\/p><p class=\"p1\">- Alimento a Rayas a partir de los 5 a\u00f1os de edad.<\/p><p class=\"p1\">- Alimento a Tortugas a partir de los 5 a\u00f1os de edad.<\/p><p class=\"p1\">- Alimento a Kois a partir de los 5 a\u00f1os de edad.<\/p><p class=\"p1\">- Laser Scape a partir de los 5 a\u00f1os de edad<\/p><p class=\"p1\">- Cold Quest a partir de los 4 a\u00f1os de edad, ni\u00f1os ingresan solos a la atracci\u00f3n. No se permiten m\u00e1s de 2 personas por dona en la atracci\u00f3n, es recomendable por seguridad ingresar solo con calzado cerrado.<\/p><p class=\"p1\">- Interacci\u00f3n con Ping\u00fcinos: Por seguridad menores de 4 a\u00f1os, no podr\u00e1n ingresar bajo ninguna circunstancia a la interacci\u00f3n con ping\u00fcinos, Nuestros aventureros mayores de 4 a\u00f1os hasta los 12 a\u00f1os, podr\u00e1n entrar a interacci\u00f3n con ping\u00fcinos acompa\u00f1ado de un adulto, ambos con boleto pagado. <b>Para <\/b><b>comprobar la edad de los menores se puede llegar a solicitar el CURP correspondiente. <\/b><b><\/b><\/p><\/div><\/li><li class=\"accordion__item \"><div class=\"accordion__header \" data-id=\"post-0\" data-item=\"hfaq-post-0\" style=\"background:transparent;\" data-tags=\"\"><div class=\"accordion__title\">Instalaciones y Servicios<\/div><\/div><div class=\"accordion__body\" style=\"background:transparent;\"><ul><li><p class=\"p2\"><strong>\u00bfSe puede ingresar con alimentos o bebidas?<\/strong><\/p><p class=\"p3\">No se puede ingresar con bebidas, ni alimentos pero no se preocupen dentro de Sealand Monterrey podr\u00e1s encontrar snacks como refrescos, palomitas, nieve, ICEE, Nachos y mucho m\u00e1s en nuestra \u00e1rea destinada para alimentos.<\/p><p class=\"p4\"><strong>\u25cf \u00bfHay estacionamiento y qu\u00e9 costo tiene?<\/strong><\/p><p class=\"p3\">Si, el estacionamiento de Galer\u00edas Valle Oriente tiene 2 accesos sobre la Av. L\u00e1zaro C\u00e1rdenas y 1 por la parte posterior sobre la Av. Fundadores.<\/p><p class=\"p4\"><strong>\u25cf \u00bfSealand ofrece visitas guiadas?<\/strong><\/p><p class=\"p3\">Si, contamos con personal capacitado que podr\u00e1 guiarte durante todo el recorrido.<\/p><p class=\"p4\"><strong>\u25cf \u00bfSealand cuenta con ba\u00f1os dentro de las instalaciones?<\/strong><\/p><p class=\"p3\">Si, contamos con 2 ba\u00f1os familiares y sanitarios para damas y caballeros que cuentan con un cambiador para mayor facilidad para los padres de familia.<\/p><\/li><\/ul><\/div><\/li><li class=\"accordion__item \"><div class=\"accordion__header \" data-id=\"post-0\" data-item=\"hfaq-post-0\" style=\"background:transparent;\" data-tags=\"\"><div class=\"accordion__title\">Accesibilidad y Servicios Especiales<\/div><\/div><div class=\"accordion__body\" style=\"background:transparent;\"><ul><li><p class=\"p2\"><strong>\u00bfLas instalaciones de Sealand Monterrey son accesibles para personas con discapacidades?<\/strong><\/p><p class=\"p3\">\u00a1As\u00ed es! En Sealand contamos con rampas y accesos que permiten la movilidad en silla de ruedas para que todos nuestros aventureros puedan disfrutar de nuestro recorrido.<\/p><p class=\"p4\"><strong>\u25cf \u00bfOfrecen alquiler de sillas de ruedas o cochecitos de beb\u00e9?<\/strong><\/p><p class=\"p3\">No contamos con renta de sillas de ruedas o cochecitos para beb\u00e9s, pero nuestras instalaciones est\u00e1n preparadas para que todos puedan ingresar.<\/p><\/li><\/ul><\/div><\/li><li class=\"accordion__item \"><div class=\"accordion__header \" data-id=\"post-0\" data-item=\"hfaq-post-0\" style=\"background:transparent;\" data-tags=\"\"><div class=\"accordion__title\">Especies<\/div><\/div><div class=\"accordion__body\" style=\"background:transparent;\"><ul><li class=\"p2\"><strong>\u00a0\u00bfQu\u00e9 tipo de especies podr\u00e9 encontrar en Sealand Monterrey?<\/strong><\/li><\/ul><p class=\"p3\">Contaremos con una amplia variedad de ejemplares tales como Ping\u00fcinos Gentoo, Tibur\u00f3n gata, Tortugas, Tibur\u00f3n lim\u00f3n, Ajolotes, Serpientes y muchas m\u00e1s!<\/p><ul><li class=\"p2\"><strong>\u00bfCu\u00e1les son las especies m\u00e1s destacadas que habitar\u00e1n en Sealand?<\/strong><\/li><\/ul><p class=\"p3\">Ping\u00fcinos Gentoo, Tibur\u00f3n gata, Tortugas, Tibur\u00f3n lim\u00f3n, Tortuga Sulcata, Pira\u00f1as y Rayas Latigo.<\/p><ul><li class=\"p2\"><strong>\u00bfC\u00f3mo se garantizar\u00e1 el bienestar de los animales bajo cuidado profesional?<\/strong><\/li><\/ul><p class=\"p3\">Equipo de especialistas trabajando 24 horas, asegurando que cuentan con las condiciones necesarias.<\/p><ul><li class=\"p2\"><strong>\u00bfQu\u00e9 medidas se tomaron para recrear el entorno natural de las especies dentro de Sealand?<\/strong><\/li><\/ul><p class=\"p3\">Literatura que nos habla del entorno en el que viven y las cualidades f\u00edsico-qu\u00edmicas con las que deben contar.<\/p><ul><li class=\"p4\"><strong>\u00bfCu\u00e1l es el papel de Sealand Monterrey en la conservaci\u00f3n y preservaci\u00f3n de las especies en peligro de extinci\u00f3n?<\/strong><\/li><\/ul><p class=\"p3\">Promover el cuidado del medio, protecci\u00f3n, capacitaci\u00f3n a nuestros visitantes en la importancia del mismo. Creando esquemas de reproducci\u00f3n compatibles con el ambiente.<\/p><ul><li class=\"p4\"><strong>\u00bfHabr\u00e1 ping\u00fcinos?<\/strong><\/li><\/ul><p class=\"p3\">Si, puedes encontrar en Exhibici\u00f3n Ping\u00fcinos Gentoo y contamos con paquetes que Incluye Interactuar con ellos.<\/p><\/div><\/li><li class=\"accordion__item \"><div class=\"accordion__header \" data-id=\"post-0\" data-item=\"hfaq-post-0\" style=\"background:transparent;\" data-tags=\"\"><div class=\"accordion__title\">Interacci\u00f3n con ping\u00fcinos<\/div><\/div><div class=\"accordion__body\" style=\"background:transparent;\"><ul><li class=\"p2\"><strong>\u00bfA partir de los cuantos a\u00f1os pueden pasar con ping\u00fcinos?<\/strong><\/li><\/ul><p class=\"p3\">Nuestros aventureros mayores de 4 a\u00f1os, podr\u00e1n entrar a interacci\u00f3n con ping\u00fcinos acompa\u00f1ado de un adulto, ambos con boleto pagado. <b>Para comprobar la edad de los menores se puede llegar a solicitar el CURP correspondiente. <\/b><\/p><ul><li class=\"p3\"><b><\/b><strong>\u00bfA partir de cu\u00e1ntos a\u00f1os pueden ingresar solos con ping\u00fcinos?<\/strong><\/li><\/ul><p class=\"p1\">Nuestros aventureros mayores de 12 a\u00f1os, podr\u00e1n entrar a interacci\u00f3n con ping\u00fcinos solos, siempre y cuando un adulto firme una responsiva por el menor, antes de ingresar a la interacci\u00f3n. Personas mayores de edad firman sus propias responsivas. En caso de acudir en familia se firmar\u00e1 una responsiva por familia.<\/p><ul><li class=\"p2\"><strong>\u00a0\u00bfPuedo ingresar con tel\u00e9fono celular?<\/strong><\/li><\/ul><p class=\"p1\">No, nuestro celular al ser un objeto que llevamos a todos lados, puede ser un f\u00e1cil conductor de virus y bacterias que podr\u00edan da\u00f1ar a la especie, es por esto que no est\u00e1 permitido ingresar con tel\u00e9fonos celulares o c\u00e1maras profesionales. Adem\u00e1s que, al emitir ruidos puede llegar a alterar, asustar o estresar a la especie.<\/p><ul><li class=\"p2\"><strong>\u00bfPuedo ingresar con objetos personales?<\/strong><\/li><\/ul><p class=\"p3\">No, contamos con lockers dentro de nuestra sala de inducci\u00f3n donde podr\u00e1s dejar tu bolsa u objetos personales para que puedas disfrutar al m\u00e1ximo tu experiencia.<\/p><ul><li class=\"p3\"><strong>\u00bfQu\u00e9 tipo de ropa debo llevar?<\/strong><\/li><\/ul><p class=\"p3\">La vestimenta es importante para tu interacci\u00f3n, considerar\u00e1 que har\u00e1 un poco de fr\u00edo, pero no te preocupes, contamos con chamarras previamente sanitizadas que te brindaremos para tu comodidad, no olvides traer zapato cerrado y c\u00f3modo.<\/p><ul><li class=\"p4\"><strong>\u00bfHay tolerancia de tiempo para la interacci\u00f3n con ping\u00fcinos?<\/strong><\/li><\/ul><p class=\"p3\">Te recomendamos llegar 10 minutos antes de tu interacci\u00f3n con ping\u00fcinos ya que los horarios est\u00e1n establecidos y son por cupo limitado. Se tendr\u00e1 un tiempo de tolerancia de 5 minutos despu\u00e9s de la hora establecida de la interacci\u00f3n.<\/p><ul><li class=\"p2\"><strong>\u00bfQue pasa si no llegue a mi interacci\u00f3n con ping\u00fcinos?<\/strong><\/li><\/ul><p class=\"p3\">No te preocupes, buscaremos un nuevo horario disponible para que vivas esta gran experiencia, pide hablar con alguno de nuestros encargados para que te puedan ayudar a reagendar tu interacci\u00f3n con ping\u00fcinos dependiendo de la disponibilidad.<\/p><ul><li class=\"p4\"><strong>\u00bfPersonas con Autismo o Asperger pueden ingresar a la interacci\u00f3n con Ping\u00fcinos?<\/strong><\/li><\/ul><p class=\"p1\">S\u00ed, pueden entrar siempre y cuando sigan las medidas de bioseguridad y de comportamiento requerido dentro de la sala. No gritar, no hacer movimientos bruscos, mantener un nivel de voz bajo. De no seguir las indicaciones, por seguridad de la especie, tendremos que pedir a toda persona que no acate las medidas de comportamiento que se retire.<\/p><\/div><\/li><li class=\"accordion__item \"><div class=\"accordion__header \" data-id=\"post-0\" data-item=\"hfaq-post-0\" style=\"background:transparent;\" data-tags=\"\"><div class=\"accordion__title\">Informaci\u00f3n General<\/div><\/div><div class=\"accordion__body\" style=\"background:transparent;\"><ul><li class=\"p2\"><strong>\u00bfQu\u00e9 art\u00edculos no pueden ingresar al acuario?<\/strong><\/li><\/ul><p class=\"p3\">En Sealand no se permite el acceso con armas u objetos punzo-cortantes.<\/p><ul><li class=\"p4\"><strong>\u00bfSe puede acceder en silla de ruedas?<\/strong><\/li><\/ul><p class=\"p3\">\u00a1As\u00ed es! En Sealand contamos con rampas y accesos que permiten la movilidad en silla de ruedas para que todos nuestros aventureros puedan disfrutar de nuestro recorrido.<\/p><ul><li class=\"p4\"><strong>\u00bfSe puede ingresar con carriolas?<\/strong><\/li><\/ul><p class=\"p3\">S\u00ed, pueden ingresar a Sealand las carriolas sencillas. Por seguridad y para mantener los pasillos despejados no podr\u00e1n ingresar con carriolas dobles.<\/p><ul><li class=\"p4\"><strong>\u00bfTienen o se necesitan lockers?<\/strong><\/li><\/ul><p class=\"p3\">En Sealand no contamos con \u00e1rea de lockers, por lo que recomendamos venir lo m\u00e1s c\u00f3modos posible para poder disfrutar al m\u00e1ximo de nuestro recorrido.<\/p><ul><li class=\"p3\"><strong>\u00bfSe pueden ingresar c\u00e1maras fotogr\u00e1ficas o de video?<\/strong><\/li><\/ul><p class=\"p3\">\u00a1S\u00ed!, Sealand cuenta con paisajes \u00fanicos para la toma de fotograf\u00edas y videos. El uso del flash est\u00e1 prohibido por la seguridad de nuestras especies.<\/p><p class=\"p1\"><b>En el caso de la interacci\u00f3n con ping\u00fcinos NO se permite ingresar con ning\u00fan dispositivo electr\u00f3nico<\/b>, accesorios como joyer\u00eda, relojes y brazaletes deber\u00e1n permanecer en resguardo en la sala de inducci\u00f3n.<\/p><ul><li class=\"p2\"><strong>\u00bfPueden ingresar mujeres embarazadas?<\/strong><\/li><\/ul><p class=\"p3\">\u00a1S\u00ed! Nuestro recorrido a bordo del Submarino Sealand puede recibir a mujeres embarazadas. Para actividades como: Laser Scape, Cold Quest y Drag\u00f3n Negro recomendamos que siga las indicaciones de su m\u00e9dico.<\/p><ul><li class=\"p2\"><strong>\u00bfA partir de qu\u00e9 edad se puede acceder?<\/strong><\/li><\/ul><p class=\"p3\">Todos los tripulantes son bienvenidos, los adolescentes a partir de 12 a\u00f1os pueden ingresar a nuestras instalaciones sin la compa\u00f1\u00eda de un adulto.<\/p><ul><li class=\"p4\"><strong>\u00bfA partir de cu\u00e1ntos a\u00f1os se paga entrada?<\/strong><\/li><\/ul><p class=\"p3\">Nuestros exploradores menores de 3 a\u00f1os no pagan la expedici\u00f3n. (3 a\u00f1os cumplidos o m\u00e1s, pagan acceso)<\/p><ul><li class=\"p4\"><strong>\u00bfA partir de cu\u00e1ntos a\u00f1os se puede ingresar a la Interacci\u00f3n con ping\u00fcinos?<\/strong><\/li><\/ul><p class=\"p3\">Nuestros aventureros mayores de 4 a\u00f1os, podr\u00e1n entrar a interacci\u00f3n con ping\u00fcinos acompa\u00f1ado de un adulto, ambos con boleto pagado. <b>Para comprobar la edad de los menores se puede llegar a solicitar el CURP correspondiente. <\/b><b><\/b><\/p><ul><li class=\"p4\"><strong>\u00bfHay una tienda de regalos en el acuario?<\/strong><\/li><\/ul><p class=\"p3\">Si, contaremos con una boutique donde podr\u00e1s comprar tu souvenir de preferencia y llevarte un lindo recuerdo de tu visita.<\/p><ul><li class=\"p2\"><strong>\u00bfSe puede ingresar con mascotas?<\/strong><\/li><\/ul><p class=\"p3\">No, por seguridad de nuestras especies de exhibici\u00f3n.<\/p><ul><li class=\"p4\"><strong>\u00bfQu\u00e9 tipo de vestimenta es recomendable?<\/strong><\/li><\/ul><p class=\"p3\">Para aventurarnos en un recorrido fant\u00e1stico, necesitaremos ropa y zapatos cerrados y c\u00f3modos para vivir al 100% nuestra experiencia.<\/p><ul><li class=\"p4\"><strong>\u00bfEs necesario usar cubrebocas?<\/strong><\/li><\/ul><p class=\"p3\">Nuestros protocolos van de acuerdo al lineamiento del gobierno del estado.<\/p><ul><li class=\"p4\"><strong>\u00bfQu\u00e9 actividades se recomiendan para ni\u00f1os menores de 6 a\u00f1os?<\/strong><\/li><\/ul><p class=\"p3\">Todo el recorrido es apto para menores de 6 a\u00f1os, recomendamos tambi\u00e9n las actividades: Arenero Poco Poco, Snow Play, son actividades sin igual que disfrutar\u00e1n much\u00edsimo!<\/p><\/div><\/li><li class=\"accordion__item \"><div class=\"accordion__header \" data-id=\"post-0\" data-item=\"hfaq-post-0\" style=\"background:transparent;\" data-tags=\"\"><div class=\"accordion__title\">Pagos<\/div><\/div><div class=\"accordion__body\" style=\"background:transparent;\"><ul><li><p class=\"p2\"><strong>\u00bfAceptan tarjetas de cr\u00e9dito\/AMEX?<\/strong><\/p><p class=\"p3\">Aceptamos VISA, MasterCard, American Express.<\/p><\/li><li><p class=\"p2\"><strong>\u00bfSe puede pagar en efectivo?<\/strong><\/p><p class=\"p3\">Si, directamente en taquilla y en l\u00ednea. Por el momento no aceptamos pago en D\u00f3lares o cualquier otra moneda que no sea Moneda Nacional MXN.<\/p><\/li><\/ul><\/div><\/li><li class=\"accordion__item \"><div class=\"accordion__header \" data-id=\"post-0\" data-item=\"hfaq-post-0\" style=\"background:transparent;\" data-tags=\"\"><div class=\"accordion__title\">Cambios y Cancelaciones<\/div><\/div><div class=\"accordion__body\" style=\"background:transparent;\"><ul><li><p class=\"p2\"><strong>\u00bfCu\u00e1les son sus pol\u00edticas de cambios y cancelaci\u00f3n?<\/strong><\/p><p class=\"p3\">No hay cancelaciones, pero puedes reprogramar tu visita comunic\u00e1ndote directamente con nuestros asesores v\u00eda WhatsApp al 81 1042 2687 te ayudar\u00e1n siempre para recibirte en el submarino Sealand.<\/p><\/li><\/ul><\/div><\/li><\/div><\/div><\/article><\/section>\t\t<\/div>\n\t\t\t\t<\/div>\n\t\t\t\t<div class=\"elementor-element elementor-element-21e23671 elementor-widget elementor-widget-spacer\" data-id=\"21e23671\" data-element_type=\"widget\" data-widget_type=\"spacer.default\">\n\t\t\t\t<div class=\"elementor-widget-container\">\n\t\t\t\t\t<div class=\"elementor-spacer\">\n\t\t\t<div class=\"elementor-spacer-inner\"><\/div>\n\t\t<\/div>\n\t\t\t\t<\/div>\n\t\t\t\t<\/div>\n\t\t\t\t\t<\/div>\n\t\t<\/div>\n\t\t\t\t\t<\/div>\n\t\t<\/section>\n\t\t\t\t<\/div>\n\t\t","protected":false},"excerpt":{"rendered":"<p>PREGUNTAS FRECUENTES Acerca de Sealand \u00bfD\u00f3nde se encuentra Sealand Monterrey? Centro comercial Galer\u00edas Valle Oriente \u00bfCu\u00e1les son los horarios de operaci\u00f3n? Lunes a Viernes: 10.00 AM a 6.00 PM, cierre de instalaciones una vez que el \u00faltimo aventurero sale.S\u00e1bado y Domingo: 11.00 AM a 7.00 PM, cierre de instalaciones una vez que el \u00faltimo aventurero [&hellip;]<\/p>\n","protected":false},"author":4,"featured_media":0,"parent":0,"menu_order":0,"comment_status":"closed","ping_status":"closed","template":"","meta":{"rank_math_lock_modified_date":false,"footnotes":""},"_links":{"self":[{"href":"https:\/\/www.sealand.com.mx\/monterrey\/wp-json\/wp\/v2\/pages\/6852"}],"collection":[{"href":"https:\/\/www.sealand.com.mx\/monterrey\/wp-json\/wp\/v2\/pages"}],"about":[{"href":"https:\/\/www.sealand.com.mx\/monterrey\/wp-json\/wp\/v2\/types\/page"}],"author":[{"embeddable":true,"href":"https:\/\/www.sealand.com.mx\/monterrey\/wp-json\/wp\/v2\/users\/4"}],"replies":[{"embeddable":true,"href":"https:\/\/www.sealand.com.mx\/monterrey\/wp-json\/wp\/v2\/comments?post=6852"}],"version-history":[{"count":109,"href":"https:\/\/www.sealand.com.mx\/monterrey\/wp-json\/wp\/v2\/pages\/6852\/revisions"}],"predecessor-version":[{"id":15768,"href":"https:\/\/www.sealand.com.mx\/monterrey\/wp-json\/wp\/v2\/pages\/6852\/revisions\/15768"}],"wp:attachment":[{"href":"https:\/\/www.sealand.com.mx\/monterrey\/wp-json\/wp\/v2\/media?parent=6852"}],"curies":[{"name":"wp","href":"https:\/\/api.w.org\/{rel}","templated":true}]}}